{"id":6996,"date":"2023-10-23T12:27:06","date_gmt":"2023-10-23T10:27:06","guid":{"rendered":"https:\/\/www.migliormenu.it\/gustabacco\/prodotto\/import-placeholder-for-18893\/"},"modified":"2023-10-23T12:27:45","modified_gmt":"2023-10-23T10:27:45","slug":"champagne-brut-aoc-grande-cuvee-171eme-edition-krug-astucciato","status":"publish","type":"product","link":"https:\/\/www.migliormenu.it\/gustabacco\/prodotto\/champagne-brut-aoc-grande-cuvee-171eme-edition-krug-astucciato\/","title":{"rendered":"Champagne Brut AOC Grande Cuv\u00e9e 171\u00e8me \u00c9dition Krug Astucciato"},"content":{"rendered":"<p><span style=\"color: #000000\">Krug Grande Cuv\u00e9e \u00e8 nata dal sogno di un uomo, Joseph Krug, di creare il migliore Champagne possibile, anno dopo anno, indipendentemente dalle variazioni climatiche. Dal 1843, la Maison Krug rende omaggio al suo sogno con una nuova \u00c9dition di Krug Grande Cuv\u00e9e: l\u2019espressione pi\u00f9 generosa dello Champagne.<\/span><\/p>\n<p><span style=\"color: #000000\">Per creare questa Edizione di Krug Grande Cuv\u00e9e, la Chef de Caves ha cercato di accentuare le variegate ed eleganti espressioni aromatiche dell\u2019anno con vini di riserva da diversi appezzamenti e da 11 annate diverse. La cura dedicata ai vigneti e l\u2019attenzione riservata da Krug alle propriet\u00e0 uniche di ciascun terreno hanno permesso di ottenere la grande espressivit\u00e0 di questa Edizione di Krug Grande Cuv\u00e9e.<\/span><br \/>\n<span style=\"color: #000000\">In totale, i vini di riserva dell\u2019ampia collezione della Maison costituiscono il 42% dell\u2019assemblaggio definitivo, un contributo che apporta l\u2019ampiezza e la rotondit\u00e0 irrinunciabili per ogni edizione di Krug Grande Cuv\u00e9e.<\/span><br \/>\n<span style=\"color: #000000\">La composizione finale di questa bottiglia di Krug Grande Cuv\u00e9e \u00e8 45% Pinot Noir, 37% Chardonnay e 18% Meunier.<\/span><\/p>\n<p><span style=\"color: #000000\"><strong>NOTE DI DEGUSTAZIONE<\/strong><br \/>\nColore dorato, bollicine fini e vivaci, un\u2019autentica promessa di piacere.<br \/>\nAromi di fiori appena sbocciati, frutta matura e secca, marzapane, pan pepato e agrumi.<br \/>\nNote grigliate e sapori di pasta di mandole, mela cotogna, limone, limoncello e frutta secca.<\/span><\/p>\n<p><span style=\"color: #000000\">Krug Grande Cuv\u00e9e 171a Edizione si presta a una moltitudine di abbinamenti culinari, dai pi\u00f9 semplici ai pi\u00f9 ricercati, dal parmigiano stagionato al rombo al tartufo.<br \/>\nQuesto Champagne pu\u00f2 essere scelto come aperitivo, accompagnato da prosciutto di Jabugo e Comt\u00e9 stagionato oppure in abbinamento a ostriche, scampi grigliati, pietanze indiane o marocchine, nonch\u00e9 dolci come carrot cake, tarte tatin o cheese cake.<\/span><\/p>\n","protected":false},"excerpt":{"rendered":"<table border=\"1\" cellspacing=\"1\" cellpadding=\"1\">\n<tbody>\n<tr>\n<td><span style=\"color: #000000\"><strong>NOME COMPLETO<\/strong><\/span><\/td>\n<td><span style=\"color: #000000\">Champagne Brut AOC Grande Cuv\u00e9e 171\u00e8me \u00c9dition Krug<\/span><\/td>\n<\/tr>\n<tr>\n<td><span style=\"color: #000000\"><strong>DENOMINAZIONE<\/strong><\/span><\/td>\n<td><span style=\"color: #000000\">Champagne AOC<\/span><\/td>\n<\/tr>\n<tr>\n<td><span style=\"color: #000000\"><strong>ANNATA<\/strong><\/span><\/td>\n<td><span style=\"color: #000000\">2015<\/span><\/td>\n<\/tr>\n<tr>\n<td><span style=\"color: #000000\"><strong>TIPOLOGIA<\/strong><\/span><\/td>\n<td><span style=\"color: #000000\">Champagne<\/span><\/td>\n<\/tr>\n<tr>\n<td><span style=\"color: #000000\"><strong>PAESE<\/strong><\/span><\/td>\n<td><span style=\"color: #000000\">Francia<\/span><\/td>\n<\/tr>\n<tr>\n<td><span style=\"color: #000000\"><strong>REGIONE<\/strong><\/span><\/td>\n<td><span style=\"color: #000000\">Champagne<\/span><\/td>\n<\/tr>\n<tr>\n<td><span style=\"color: #000000\"><strong>VITIGNO<\/strong><\/span><\/td>\n<td><span style=\"color: #000000\">Pinot Noir 45%, Chardonnay 37%, Pinot Meunier 18%<\/span><\/td>\n<\/tr>\n<tr>\n<td><strong><span style=\"color: #000000\">AFFINAMENTO<\/span><\/strong><\/td>\n<td><span style=\"color: #000000\">84 mesi sui lieviti<\/span><\/td>\n<\/tr>\n<tr>\n<td><span style=\"color: #000000\"><strong>FORMATO<\/strong><\/span><\/td>\n<td><span style=\"color: #000000\">0,75 L<\/span><\/td>\n<\/tr>\n<tr>\n<td><span style=\"color: #000000\"><strong>AROMI<\/strong><\/span><\/td>\n<td><span style=\"color: #000000\">Fiori, frutta matura e secca, marzapane, pan pepato, agrumi<\/span><\/td>\n<\/tr>\n<tr>\n<td><span style=\"color: #000000\"><strong>ABBINAMENTO<\/strong><\/span><\/td>\n<td><span style=\"color: #000000\">Aperitivi, pesce, sushi, molluschi, crostacei, formaggi<\/span><\/td>\n<\/tr>\n<tr>\n<td><span style=\"color: #000000\"><strong>VOL ALCOLICO<\/strong><\/span><\/td>\n<td><span style=\"color: #000000\">12 %<\/span><\/td>\n<\/tr>\n<tr>\n<td><span style=\"color: #000000\"><strong>TEMPERATURA<\/strong><\/span><\/td>\n<td><span style=\"color: #000000\">9 &#8211; 12 \u00b0C<\/span><\/td>\n<\/tr>\n<tr>\n<td><span style=\"color: #000000\"><strong>SOLFITI<\/strong><\/span><\/td>\n<td><span style=\"color: #000000\">Contiene Solfiti<\/span><\/td>\n<\/tr>\n<\/tbody>\n<\/table>\n","protected":false},"featured_media":7034,"comment_status":"open","ping_status":"closed","template":"","meta":[],"yoast_head":"<!-- This site is optimized with the Yoast SEO plugin v15.7 - https:\/\/yoast.com\/wordpress\/plugins\/seo\/ -->\n<title>Champagne Brut AOC Grande Cuv\u00e9e 171\u00e8me \u00c9dition Krug Astucciato - Gustabacco - Menu Online<\/title>\n<meta name=\"robots\" content=\"index, follow, max-snippet:-1, max-image-preview:large, max-video-preview:-1\" \/>\n<link rel=\"canonical\" href=\"https:\/\/www.migliormenu.it\/gustabacco\/prodotto\/champagne-brut-aoc-grande-cuvee-171eme-edition-krug-astucciato\/\" \/>\n<meta property=\"og:locale\" content=\"it_IT\" \/>\n<meta property=\"og:type\" content=\"article\" \/>\n<meta property=\"og:title\" content=\"Champagne Brut AOC Grande Cuv\u00e9e 171\u00e8me \u00c9dition Krug Astucciato - Gustabacco - Menu Online\" \/>\n<meta property=\"og:description\" content=\"NOME COMPLETO Champagne Brut AOC Grande Cuv\u00e9e 171\u00e8me \u00c9dition Krug   DENOMINAZIONE Champagne AOC   ANNATA 2015   TIPOLOGIA Champagne   PAESE Francia   REGIONE Champagne   VITIGNO Pinot Noir 45%, Chardonnay 37%, Pinot Meunier 18%   AFFINAMENTO 84 mesi sui lieviti   FORMATO 0,75 L   AROMI Fiori, frutta matura e secca, marzapane, pan pepato, agrumi   ABBINAMENTO Aperitivi, pesce, sushi, molluschi, crostacei, formaggi   VOL ALCOLICO 12 %   TEMPERATURA 9 - 12 \u00b0C   SOLFITI Contiene Solfiti\" \/>\n<meta property=\"og:url\" content=\"https:\/\/www.migliormenu.it\/gustabacco\/prodotto\/champagne-brut-aoc-grande-cuvee-171eme-edition-krug-astucciato\/\" \/>\n<meta property=\"og:site_name\" content=\"Gustabacco - Menu Online\" \/>\n<meta property=\"article:modified_time\" content=\"2023-10-23T10:27:45+00:00\" \/>\n<meta name=\"twitter:card\" content=\"summary_large_image\" \/>\n<meta name=\"twitter:label1\" content=\"Tempo di lettura stimato\">\n\t<meta name=\"twitter:data1\" content=\"1 minuto\">\n<script type=\"application\/ld+json\" class=\"yoast-schema-graph\">{\"@context\":\"https:\/\/schema.org\",\"@graph\":[{\"@type\":\"WebSite\",\"@id\":\"https:\/\/www.migliormenu.it\/gustabacco\/#website\",\"url\":\"https:\/\/www.migliormenu.it\/gustabacco\/\",\"name\":\"Gustabacco - Menu Online\",\"description\":\"Coffee, Food e Drink\",\"potentialAction\":[{\"@type\":\"SearchAction\",\"target\":\"https:\/\/www.migliormenu.it\/gustabacco\/?s={search_term_string}\",\"query-input\":\"required name=search_term_string\"}],\"inLanguage\":\"it-IT\"},{\"@type\":\"ImageObject\",\"@id\":\"https:\/\/www.migliormenu.it\/gustabacco\/prodotto\/champagne-brut-aoc-grande-cuvee-171eme-edition-krug-astucciato\/#primaryimage\",\"inLanguage\":\"it-IT\",\"url\":\"https:\/\/www.migliormenu.it\/gustabacco\/wp-content\/uploads\/2023\/10\/3416.jpg\",\"width\":1180,\"height\":1180},{\"@type\":\"WebPage\",\"@id\":\"https:\/\/www.migliormenu.it\/gustabacco\/prodotto\/champagne-brut-aoc-grande-cuvee-171eme-edition-krug-astucciato\/#webpage\",\"url\":\"https:\/\/www.migliormenu.it\/gustabacco\/prodotto\/champagne-brut-aoc-grande-cuvee-171eme-edition-krug-astucciato\/\",\"name\":\"Champagne Brut AOC Grande Cuv\\u00e9e 171\\u00e8me \\u00c9dition Krug Astucciato - Gustabacco - Menu Online\",\"isPartOf\":{\"@id\":\"https:\/\/www.migliormenu.it\/gustabacco\/#website\"},\"primaryImageOfPage\":{\"@id\":\"https:\/\/www.migliormenu.it\/gustabacco\/prodotto\/champagne-brut-aoc-grande-cuvee-171eme-edition-krug-astucciato\/#primaryimage\"},\"datePublished\":\"2023-10-23T10:27:06+00:00\",\"dateModified\":\"2023-10-23T10:27:45+00:00\",\"inLanguage\":\"it-IT\",\"potentialAction\":[{\"@type\":\"ReadAction\",\"target\":[\"https:\/\/www.migliormenu.it\/gustabacco\/prodotto\/champagne-brut-aoc-grande-cuvee-171eme-edition-krug-astucciato\/\"]}]}]}<\/script>\n<!-- \/ Yoast SEO plugin. -->","_links":{"self":[{"href":"https:\/\/www.migliormenu.it\/gustabacco\/wp-json\/wp\/v2\/product\/6996"}],"collection":[{"href":"https:\/\/www.migliormenu.it\/gustabacco\/wp-json\/wp\/v2\/product"}],"about":[{"href":"https:\/\/www.migliormenu.it\/gustabacco\/wp-json\/wp\/v2\/types\/product"}],"replies":[{"embeddable":true,"href":"https:\/\/www.migliormenu.it\/gustabacco\/wp-json\/wp\/v2\/comments?post=6996"}],"wp:featuredmedia":[{"embeddable":true,"href":"https:\/\/www.migliormenu.it\/gustabacco\/wp-json\/wp\/v2\/media\/7034"}],"wp:attachment":[{"href":"https:\/\/www.migliormenu.it\/gustabacco\/wp-json\/wp\/v2\/media?parent=6996"}],"curies":[{"name":"wp","href":"https:\/\/api.w.org\/{rel}","templated":true}]}}