{"id":6972,"date":"2023-10-23T12:26:44","date_gmt":"2023-10-23T10:26:44","guid":{"rendered":"https:\/\/www.migliormenu.it\/gustabacco\/prodotto\/import-placeholder-for-18815\/"},"modified":"2023-10-23T12:27:23","modified_gmt":"2023-10-23T10:27:23","slug":"penisola-sorrentina-dop-gragnano-2022-antiche-radici","status":"publish","type":"product","link":"https:\/\/www.migliormenu.it\/gustabacco\/prodotto\/penisola-sorrentina-dop-gragnano-2022-antiche-radici\/","title":{"rendered":"Penisola Sorrentina DOP Gragnano 2022 Antiche Radici"},"content":{"rendered":"<p><span style=\"color:#000000\">Il vino Gragnano \u00e8 tra i vini pi\u00f9 importanti della Campania, nonch\u00e9, il rappresentante della cultura napoletana. Un vino che ha fatto la storia per il suo gusto e per la sua semplicit\u00e0, talmente importante da essere citato da Tot\u00f2 nel film &ldquo;Miseria e nobilt\u00e0&rdquo;, con la celebre frase &ldquo;Assicurati che sia Gragnano. Tu lo assaggi, se \u00e8 frizzante, lo pigli, senn\u00f2, desisti!&rdquo;. Il Gragnano viene prodotto nella sottozona DOP della Penisola Sorrentina, e nei comuni di Gragnano, Pimonte, Casola di Napoli, Caprile e parte della zona di Castellammare di Stabia.<\/p>\n<p><strong>NOTE DI DEGUSTAZIONE<\/strong><br \/>\nVino caratterizzato da un color rubino luminoso impreziosito da una spuma vivace. Presenta un profumo vinoso e campestre ed un sapore fresco e inebriante.<\/span><\/p>\n","protected":false},"excerpt":{"rendered":"<table border=\"1\" cellpadding=\"1\" cellspacing=\"1\">\n<tbody>\n<tr>\n<td><span style=\"color:#000000\"><strong>NOME COMPLETO<\/strong><\/span><\/td>\n<td><span style=\"color:#000000\">Penisola Sorrentina Gragnano DOP 2022 Antiche Radici<\/span><\/td>\n<\/tr>\n<tr>\n<td><span style=\"color:#000000\"><strong>DENOMINAZIONE<\/strong><\/span><\/td>\n<td><span style=\"color:#000000\">Gragnano DOP<\/span><\/td>\n<\/tr>\n<tr>\n<td><span style=\"color:#000000\"><strong>ANNATA<\/strong><\/span><\/td>\n<td><span style=\"color:#000000\">2022<\/span><\/td>\n<\/tr>\n<tr>\n<td><span style=\"color:#000000\"><strong>TIPOLOGIA<\/strong><\/span><\/td>\n<td><span style=\"color:#000000\">Rosso frizzante<\/span><\/td>\n<\/tr>\n<tr>\n<td><span style=\"color:#000000\"><strong>PAESE<\/strong><\/span><\/td>\n<td><span style=\"color:#000000\">Italia<\/span><\/td>\n<\/tr>\n<tr>\n<td><span style=\"color:#000000\"><strong>REGIONE<\/strong><\/span><\/td>\n<td><span style=\"color:#000000\">Campania<\/span><\/td>\n<\/tr>\n<tr>\n<td><span style=\"color:#000000\"><strong>VITIGNO<\/strong><\/span><\/td>\n<td><span style=\"color:#000000\">Aglianico 40%, Piedirosso 40%, Sciascinoso 20%<\/span><\/td>\n<\/tr>\n<tr>\n<td><span style=\"color:#000000\"><strong>FORMATO<\/strong><\/span><\/td>\n<td><span style=\"color:#000000\">0,75 L<\/span><\/td>\n<\/tr>\n<tr>\n<td><span style=\"color:#000000\"><strong>ABBINAMENTO<\/strong><\/span><\/td>\n<td><span style=\"color:#000000\">Carni, arrosti, pizza<\/span><\/td>\n<\/tr>\n<tr>\n<td><span style=\"color:#000000\"><strong>VOL ALCOLICO<\/strong><\/span><\/td>\n<td><span style=\"color:#000000\">12 %<\/span><\/td>\n<\/tr>\n<tr>\n<td><span style=\"color:#000000\"><strong>TEMPERATURA<\/strong><\/span><\/td>\n<td><span style=\"color:#000000\">10 &#8211; 12 &deg;C<\/span><\/td>\n<\/tr>\n<tr>\n<td><span style=\"color:#000000\"><strong>SOLFITI<\/strong><\/span><\/td>\n<td><span style=\"color:#000000\">Contiene Solfiti<\/span><\/td>\n<\/tr>\n<\/tbody>\n<\/table>\n","protected":false},"featured_media":7010,"comment_status":"open","ping_status":"closed","template":"","meta":[],"yoast_head":"<!-- This site is optimized with the Yoast SEO plugin v15.7 - https:\/\/yoast.com\/wordpress\/plugins\/seo\/ -->\n<title>Penisola Sorrentina DOP Gragnano 2022 Antiche Radici - Gustabacco - Menu Online<\/title>\n<meta name=\"robots\" content=\"index, follow, max-snippet:-1, max-image-preview:large, max-video-preview:-1\" \/>\n<link rel=\"canonical\" href=\"https:\/\/www.migliormenu.it\/gustabacco\/prodotto\/penisola-sorrentina-dop-gragnano-2022-antiche-radici\/\" \/>\n<meta property=\"og:locale\" content=\"it_IT\" \/>\n<meta property=\"og:type\" content=\"article\" \/>\n<meta property=\"og:title\" content=\"Penisola Sorrentina DOP Gragnano 2022 Antiche Radici - Gustabacco - Menu Online\" \/>\n<meta property=\"og:description\" content=\"NOME COMPLETO  Penisola Sorrentina Gragnano DOP 2022 Antiche Radici     DENOMINAZIONE  Gragnano DOP     ANNATA  2022     TIPOLOGIA  Rosso frizzante     PAESE  Italia     REGIONE  Campania     VITIGNO  Aglianico 40%, Piedirosso 40%, Sciascinoso 20%     FORMATO  0,75 L     ABBINAMENTO  Carni, arrosti, pizza     VOL ALCOLICO  12 %     TEMPERATURA  10 - 12 &deg;C     SOLFITI  Contiene Solfiti\" \/>\n<meta property=\"og:url\" content=\"https:\/\/www.migliormenu.it\/gustabacco\/prodotto\/penisola-sorrentina-dop-gragnano-2022-antiche-radici\/\" \/>\n<meta property=\"og:site_name\" content=\"Gustabacco - Menu Online\" \/>\n<meta property=\"article:modified_time\" content=\"2023-10-23T10:27:23+00:00\" \/>\n<meta name=\"twitter:card\" content=\"summary_large_image\" \/>\n<meta name=\"twitter:label1\" content=\"Tempo di lettura stimato\">\n\t<meta name=\"twitter:data1\" content=\"1 minuto\">\n<script type=\"application\/ld+json\" class=\"yoast-schema-graph\">{\"@context\":\"https:\/\/schema.org\",\"@graph\":[{\"@type\":\"WebSite\",\"@id\":\"https:\/\/www.migliormenu.it\/gustabacco\/#website\",\"url\":\"https:\/\/www.migliormenu.it\/gustabacco\/\",\"name\":\"Gustabacco - Menu Online\",\"description\":\"Coffee, Food e Drink\",\"potentialAction\":[{\"@type\":\"SearchAction\",\"target\":\"https:\/\/www.migliormenu.it\/gustabacco\/?s={search_term_string}\",\"query-input\":\"required name=search_term_string\"}],\"inLanguage\":\"it-IT\"},{\"@type\":\"ImageObject\",\"@id\":\"https:\/\/www.migliormenu.it\/gustabacco\/prodotto\/penisola-sorrentina-dop-gragnano-2022-antiche-radici\/#primaryimage\",\"inLanguage\":\"it-IT\",\"url\":\"https:\/\/www.migliormenu.it\/gustabacco\/wp-content\/uploads\/2023\/10\/3392.jpg\",\"width\":1180,\"height\":1180},{\"@type\":\"WebPage\",\"@id\":\"https:\/\/www.migliormenu.it\/gustabacco\/prodotto\/penisola-sorrentina-dop-gragnano-2022-antiche-radici\/#webpage\",\"url\":\"https:\/\/www.migliormenu.it\/gustabacco\/prodotto\/penisola-sorrentina-dop-gragnano-2022-antiche-radici\/\",\"name\":\"Penisola Sorrentina DOP Gragnano 2022 Antiche Radici - Gustabacco - Menu Online\",\"isPartOf\":{\"@id\":\"https:\/\/www.migliormenu.it\/gustabacco\/#website\"},\"primaryImageOfPage\":{\"@id\":\"https:\/\/www.migliormenu.it\/gustabacco\/prodotto\/penisola-sorrentina-dop-gragnano-2022-antiche-radici\/#primaryimage\"},\"datePublished\":\"2023-10-23T10:26:44+00:00\",\"dateModified\":\"2023-10-23T10:27:23+00:00\",\"inLanguage\":\"it-IT\",\"potentialAction\":[{\"@type\":\"ReadAction\",\"target\":[\"https:\/\/www.migliormenu.it\/gustabacco\/prodotto\/penisola-sorrentina-dop-gragnano-2022-antiche-radici\/\"]}]}]}<\/script>\n<!-- \/ Yoast SEO plugin. -->","_links":{"self":[{"href":"https:\/\/www.migliormenu.it\/gustabacco\/wp-json\/wp\/v2\/product\/6972"}],"collection":[{"href":"https:\/\/www.migliormenu.it\/gustabacco\/wp-json\/wp\/v2\/product"}],"about":[{"href":"https:\/\/www.migliormenu.it\/gustabacco\/wp-json\/wp\/v2\/types\/product"}],"replies":[{"embeddable":true,"href":"https:\/\/www.migliormenu.it\/gustabacco\/wp-json\/wp\/v2\/comments?post=6972"}],"wp:featuredmedia":[{"embeddable":true,"href":"https:\/\/www.migliormenu.it\/gustabacco\/wp-json\/wp\/v2\/media\/7010"}],"wp:attachment":[{"href":"https:\/\/www.migliormenu.it\/gustabacco\/wp-json\/wp\/v2\/media?parent=6972"}],"curies":[{"name":"wp","href":"https:\/\/api.w.org\/{rel}","templated":true}]}}