{"id":6971,"date":"2023-10-23T12:26:44","date_gmt":"2023-10-23T10:26:44","guid":{"rendered":"https:\/\/www.migliormenu.it\/gustabacco\/prodotto\/import-placeholder-for-18808\/"},"modified":"2023-10-23T12:27:22","modified_gmt":"2023-10-23T10:27:22","slug":"fiano-di-avellino-docg-exultet-2022-quintodecimo-magnum-astuccio-in-legno","status":"publish","type":"product","link":"https:\/\/www.migliormenu.it\/gustabacco\/prodotto\/fiano-di-avellino-docg-exultet-2022-quintodecimo-magnum-astuccio-in-legno\/","title":{"rendered":"Fiano Di Avellino DOCG Exultet 2022 Quintodecimo Magnum Astuccio in Legno"},"content":{"rendered":"<p><span style=\"color:#000000\">Il grande vino \u00e8 una fusione perfetta tra scienza e poesia, tra il misurabile e l&rsquo;imponderabile. \u00c8 essenzialmente bello. \u00c8 un&rsquo;opera d&rsquo;arte. Una sorta di trasfigurazione della materia prima. Esso nasce dal mosto come una statua nasce dalla pietra e chi realizza un grande vino, \u00e8 colui che scava nella pietra, avendo gi\u00e0 in mente il risultato finale. Una cantina esemplare, realt\u00e0 che negli anni ha dimostrato quanto di buono sia possibile realizzare nel cuore dell&rsquo;Irpinia con il Fiano di Avellino, il Greco di Tufo, il Taurasi. Non \u00e8 un caso: Luigi e la moglie Laura seguono da vicino ogni fase del processo produttivo, in particolare entrambi non possono fare a meno di avere una particolare attenzione per tutto ci\u00f2 che avviene in vigna, splendidi appezzamenti curati come giardini. \u00c8 l\u00ec che nascono i loro vini, bianchi e rossi di straordinario valore, espressioni del terroir come pochi altri in zona. Eleganti e longevi, vini che hanno trovato quell&rsquo;armonia che caratterizza solo i pi\u00f9 grandi. Vini tutti da provare.<\/span><\/p>\n","protected":false},"excerpt":{"rendered":"<table border=\"1\" cellpadding=\"1\" cellspacing=\"1\">\n<tbody>\n<tr>\n<td><span style=\"color:#000000\"><strong>NOME COMPLETO<\/strong><\/span><\/td>\n<td><span style=\"color:#000000\">Fiano Di Avellino DOCG Exultet 2022 Quintodecimo<\/span><\/td>\n<\/tr>\n<tr>\n<td><span style=\"color:#000000\"><strong>DENOMINAZIONE<\/strong><\/span><\/td>\n<td><span style=\"color:#000000\">Fiano di Avellino DOCG<\/span><\/td>\n<\/tr>\n<tr>\n<td><span style=\"color:#000000\"><strong>ANNATA<\/strong><\/span><\/td>\n<td><span style=\"color:#000000\">2022<\/span><\/td>\n<\/tr>\n<tr>\n<td><span style=\"color:#000000\"><strong>TIPOLOGIA<\/strong><\/span><\/td>\n<td><span style=\"color:#000000\">Bianco fermo<\/span><\/td>\n<\/tr>\n<tr>\n<td><span style=\"color:#000000\"><strong>PAESE<\/strong><\/span><\/td>\n<td><span style=\"color:#000000\">Italia<\/span><\/td>\n<\/tr>\n<tr>\n<td><span style=\"color:#000000\"><strong>REGIONE<\/strong><\/span><\/td>\n<td><span style=\"color:#000000\">Campania<\/span><\/td>\n<\/tr>\n<tr>\n<td><span style=\"color:#000000\"><strong>VITIGNO<\/strong><\/span><\/td>\n<td><span style=\"color:#000000\">Fiano 100%<\/span><\/td>\n<\/tr>\n<tr>\n<td><span style=\"color:#000000\"><strong>FORMATO<\/strong><\/span><\/td>\n<td><span style=\"color:#000000\">1,5 L<\/span><\/td>\n<\/tr>\n<tr>\n<td><span style=\"color:#000000\"><strong>AROMI<\/strong><\/span><\/td>\n<td><span style=\"color:#000000\">Tiglio, acacia, timo<\/span><\/td>\n<\/tr>\n<tr>\n<td><span style=\"color:#000000\"><strong>ABBINAMENTO<\/strong><\/span><\/td>\n<td><span style=\"color:#000000\">Primi piatti, pesce, piatti vegetariani<\/span><\/td>\n<\/tr>\n<tr>\n<td><span style=\"color:#000000\"><strong>VOL ALCOLICO<\/strong><\/span><\/td>\n<td><span style=\"color:#000000\">14 %<\/span><\/td>\n<\/tr>\n<tr>\n<td><span style=\"color:#000000\"><strong>TEMPERATURA<\/strong><\/span><\/td>\n<td><span style=\"color:#000000\">8 &#8211; 10 &deg;C<\/span><\/td>\n<\/tr>\n<tr>\n<td><span style=\"color:#000000\"><strong>SOLFITI<\/strong><\/span><\/td>\n<td><span style=\"color:#000000\">Contiene solfiti<\/span><\/td>\n<\/tr>\n<\/tbody>\n<\/table>\n","protected":false},"featured_media":7009,"comment_status":"open","ping_status":"closed","template":"","meta":[],"yoast_head":"<!-- This site is optimized with the Yoast SEO plugin v15.7 - https:\/\/yoast.com\/wordpress\/plugins\/seo\/ -->\n<title>Fiano Di Avellino DOCG Exultet 2022 Quintodecimo Magnum Astuccio in Legno - Gustabacco - Menu Online<\/title>\n<meta name=\"robots\" content=\"index, follow, max-snippet:-1, max-image-preview:large, max-video-preview:-1\" \/>\n<link rel=\"canonical\" href=\"https:\/\/www.migliormenu.it\/gustabacco\/prodotto\/fiano-di-avellino-docg-exultet-2022-quintodecimo-magnum-astuccio-in-legno\/\" \/>\n<meta property=\"og:locale\" content=\"it_IT\" \/>\n<meta property=\"og:type\" content=\"article\" \/>\n<meta property=\"og:title\" content=\"Fiano Di Avellino DOCG Exultet 2022 Quintodecimo Magnum Astuccio in Legno - Gustabacco - Menu Online\" \/>\n<meta property=\"og:description\" content=\"NOME COMPLETO  Fiano Di Avellino DOCG Exultet 2022 Quintodecimo     DENOMINAZIONE  Fiano di Avellino DOCG     ANNATA  2022     TIPOLOGIA  Bianco fermo     PAESE  Italia     REGIONE  Campania     VITIGNO  Fiano 100%     FORMATO  1,5 L     AROMI  Tiglio, acacia, timo     ABBINAMENTO  Primi piatti, pesce, piatti vegetariani     VOL ALCOLICO  14 %     TEMPERATURA  8 - 10 &deg;C     SOLFITI  Contiene solfiti\" \/>\n<meta property=\"og:url\" content=\"https:\/\/www.migliormenu.it\/gustabacco\/prodotto\/fiano-di-avellino-docg-exultet-2022-quintodecimo-magnum-astuccio-in-legno\/\" \/>\n<meta property=\"og:site_name\" content=\"Gustabacco - Menu Online\" \/>\n<meta property=\"article:modified_time\" content=\"2023-10-23T10:27:22+00:00\" \/>\n<meta name=\"twitter:card\" content=\"summary_large_image\" \/>\n<meta name=\"twitter:label1\" content=\"Tempo di lettura stimato\">\n\t<meta name=\"twitter:data1\" content=\"1 minuto\">\n<script type=\"application\/ld+json\" class=\"yoast-schema-graph\">{\"@context\":\"https:\/\/schema.org\",\"@graph\":[{\"@type\":\"WebSite\",\"@id\":\"https:\/\/www.migliormenu.it\/gustabacco\/#website\",\"url\":\"https:\/\/www.migliormenu.it\/gustabacco\/\",\"name\":\"Gustabacco - Menu Online\",\"description\":\"Coffee, Food e Drink\",\"potentialAction\":[{\"@type\":\"SearchAction\",\"target\":\"https:\/\/www.migliormenu.it\/gustabacco\/?s={search_term_string}\",\"query-input\":\"required name=search_term_string\"}],\"inLanguage\":\"it-IT\"},{\"@type\":\"ImageObject\",\"@id\":\"https:\/\/www.migliormenu.it\/gustabacco\/prodotto\/fiano-di-avellino-docg-exultet-2022-quintodecimo-magnum-astuccio-in-legno\/#primaryimage\",\"inLanguage\":\"it-IT\",\"url\":\"https:\/\/www.migliormenu.it\/gustabacco\/wp-content\/uploads\/2023\/10\/3391.jpg\",\"width\":1180,\"height\":1180},{\"@type\":\"WebPage\",\"@id\":\"https:\/\/www.migliormenu.it\/gustabacco\/prodotto\/fiano-di-avellino-docg-exultet-2022-quintodecimo-magnum-astuccio-in-legno\/#webpage\",\"url\":\"https:\/\/www.migliormenu.it\/gustabacco\/prodotto\/fiano-di-avellino-docg-exultet-2022-quintodecimo-magnum-astuccio-in-legno\/\",\"name\":\"Fiano Di Avellino DOCG Exultet 2022 Quintodecimo Magnum Astuccio in Legno - Gustabacco - Menu Online\",\"isPartOf\":{\"@id\":\"https:\/\/www.migliormenu.it\/gustabacco\/#website\"},\"primaryImageOfPage\":{\"@id\":\"https:\/\/www.migliormenu.it\/gustabacco\/prodotto\/fiano-di-avellino-docg-exultet-2022-quintodecimo-magnum-astuccio-in-legno\/#primaryimage\"},\"datePublished\":\"2023-10-23T10:26:44+00:00\",\"dateModified\":\"2023-10-23T10:27:22+00:00\",\"inLanguage\":\"it-IT\",\"potentialAction\":[{\"@type\":\"ReadAction\",\"target\":[\"https:\/\/www.migliormenu.it\/gustabacco\/prodotto\/fiano-di-avellino-docg-exultet-2022-quintodecimo-magnum-astuccio-in-legno\/\"]}]}]}<\/script>\n<!-- \/ Yoast SEO plugin. -->","_links":{"self":[{"href":"https:\/\/www.migliormenu.it\/gustabacco\/wp-json\/wp\/v2\/product\/6971"}],"collection":[{"href":"https:\/\/www.migliormenu.it\/gustabacco\/wp-json\/wp\/v2\/product"}],"about":[{"href":"https:\/\/www.migliormenu.it\/gustabacco\/wp-json\/wp\/v2\/types\/product"}],"replies":[{"embeddable":true,"href":"https:\/\/www.migliormenu.it\/gustabacco\/wp-json\/wp\/v2\/comments?post=6971"}],"wp:featuredmedia":[{"embeddable":true,"href":"https:\/\/www.migliormenu.it\/gustabacco\/wp-json\/wp\/v2\/media\/7009"}],"wp:attachment":[{"href":"https:\/\/www.migliormenu.it\/gustabacco\/wp-json\/wp\/v2\/media?parent=6971"}],"curies":[{"name":"wp","href":"https:\/\/api.w.org\/{rel}","templated":true}]}}