{"id":6852,"date":"2023-10-23T12:24:50","date_gmt":"2023-10-23T10:24:50","guid":{"rendered":"https:\/\/www.migliormenu.it\/gustabacco\/prodotto\/import-placeholder-for-18597\/"},"modified":"2023-10-23T12:25:26","modified_gmt":"2023-10-23T10:25:26","slug":"chianti-classico-docg-villa-antinori-riserva-2020-marchesi-antinori-magnum-astuccio-in-legno","status":"publish","type":"product","link":"https:\/\/www.migliormenu.it\/gustabacco\/prodotto\/chianti-classico-docg-villa-antinori-riserva-2020-marchesi-antinori-magnum-astuccio-in-legno\/","title":{"rendered":"Chianti Classico DOCG Villa Antinori Riserva 2020 Marchesi Antinori Magnum Astuccio in Legno"},"content":{"rendered":"<p><span style=\"color:#000000\">Il Chianti Classico Villa Antinori Riserva dei Marchesi Antinori, rappresenta un&rsquo;etichetta storica ed un vino dalla lunga tradizione per la famiglia Antinori.<\/span><\/p>\n<p><span style=\"color:#000000\">\u00c8 prodotto principalmente da uve Sangiovese e da uve Cabernet Sauvignon, raccolte e selezionate manualmente fra la fine di settembre e l&#039;inizio di ottobre. Successivamente le uve sono state diraspate e pigiate in modo soffice. Dopo una fermentazione alcolica veloce del vino, la macerazione \u00e8 avvenuta per circa 12 giorni. Il blend realizzato al termine della fermentazione malolattica \u00e8 stato affinato in legno fino. L&#039;affinamento del vino \u00e8 avvenuto in botti di rovere e in barrique di primo e secondo passaggio prima di essere imbottigliato.<\/p>\n<p><strong>NOTE DI DEGUSTAZIONE<\/strong><br \/>\nIl Chianti Classico Villa Antinori Riserva \u00e8 caratterizzato da un colore rosso rubino intenso. Al naso si apre con un bouquet elegante di frutti rossi maturi come il ribes, il lampone e la ciliegia, arricchito da delicati sentori di cannella e canditi. Al palato risulta armonico, rotondo e piacevolmente acido. I tannini morbidi lo rendono molto piacevole sul finale.<\/span><\/p>\n<p><span style=\"color:#000000\">Perfetto da abbinare a tutte le pietanze a base di carne rossa e funghi, \u00e8 ideale da servire con formaggi stagionati.<\/span><\/p>\n","protected":false},"excerpt":{"rendered":"<table border=\"1\" cellpadding=\"1\" cellspacing=\"1\" style=\"height: 150%\">\n<tbody>\n<tr>\n<td><span style=\"color:#000000\"><strong>NOME COMPLETO<\/strong><\/span><\/td>\n<td><span style=\"color:#000000\">Chianti Classico DOCG Villa Antinori Riserva 2020 Marchesi Antinori<\/span><\/td>\n<\/tr>\n<tr>\n<td><span style=\"color:#000000\"><strong>DENOMINAZIONE<\/strong><\/span><\/td>\n<td><span style=\"color:#000000\">Chianti Classico DOCG<\/span><\/td>\n<\/tr>\n<tr>\n<td><span style=\"color:#000000\"><strong>ANNATA<\/strong><\/span><\/td>\n<td><span style=\"color:#000000\">2022<\/span><\/td>\n<\/tr>\n<tr>\n<td><span style=\"color:#000000\"><strong>TIPOLOGIA<\/strong><\/span><\/td>\n<td><span style=\"color:#000000\">Rosso Secco<\/span><\/td>\n<\/tr>\n<tr>\n<td><span style=\"color:#000000\"><strong>PAESE<\/strong><\/span><\/td>\n<td><span style=\"color:#000000\">Italia<\/span><\/td>\n<\/tr>\n<tr>\n<td><span style=\"color:#000000\"><strong>REGIONE<\/strong><\/span><\/td>\n<td><span style=\"color:#000000\">Toscana<\/span><\/td>\n<\/tr>\n<tr>\n<td><span style=\"color:#000000\"><strong>VITIGNO<\/strong><\/span><\/td>\n<td><span style=\"color:#000000\">Sangiovese 90%, Cabernete Sauvignon 10%<\/span><\/td>\n<\/tr>\n<tr>\n<td><span style=\"color:#000000\"><strong>AFFINAMENTO<\/strong><\/span><\/td>\n<td><span style=\"color:#000000\">Barrique<\/span><\/td>\n<\/tr>\n<tr>\n<td><span style=\"color:#000000\"><strong>FORMATO<\/strong><\/span><\/td>\n<td><span style=\"color:#000000\">1,5 L<\/span><\/td>\n<\/tr>\n<tr>\n<td><span style=\"color:#000000\"><strong>AROMI<\/strong><\/span><\/td>\n<td><span style=\"color:#000000\">Ribes, lampone, ciliegia, cannella, canditi<\/span><\/td>\n<\/tr>\n<tr>\n<td><span style=\"color:#000000\"><strong>ABBINAMENTO<\/strong><\/span><\/td>\n<td><span style=\"color:#000000\">Primi piatti, carni, formaggi<\/span><\/td>\n<\/tr>\n<tr>\n<td><span style=\"color:#000000\"><strong>VOL ALCOLICO<\/strong><\/span><\/td>\n<td><span style=\"color:#000000\">14 %<\/span><\/td>\n<\/tr>\n<tr>\n<td><span style=\"color:#000000\"><strong>TEMPERATURA<\/strong><\/span><\/td>\n<td><span style=\"color:#000000\">16 &#8211; 18 &deg;C<\/span><\/td>\n<\/tr>\n<tr>\n<td><span style=\"color:#000000\"><strong>SOLFITI<\/strong><\/span><\/td>\n<td><span style=\"color:#000000\">Contiene solfiti<\/span><\/td>\n<\/tr>\n<\/tbody>\n<\/table>\n<p>&nbsp;<\/p>\n","protected":false},"featured_media":6890,"comment_status":"open","ping_status":"closed","template":"","meta":[],"yoast_head":"<!-- This site is optimized with the Yoast SEO plugin v15.7 - https:\/\/yoast.com\/wordpress\/plugins\/seo\/ -->\n<title>Chianti Classico DOCG Villa Antinori Riserva 2020 Marchesi Antinori Magnum Astuccio in Legno - Gustabacco - Menu Online<\/title>\n<meta name=\"robots\" content=\"index, follow, max-snippet:-1, max-image-preview:large, max-video-preview:-1\" \/>\n<link rel=\"canonical\" href=\"https:\/\/www.migliormenu.it\/gustabacco\/prodotto\/chianti-classico-docg-villa-antinori-riserva-2020-marchesi-antinori-magnum-astuccio-in-legno\/\" \/>\n<meta property=\"og:locale\" content=\"it_IT\" \/>\n<meta property=\"og:type\" content=\"article\" \/>\n<meta property=\"og:title\" content=\"Chianti Classico DOCG Villa Antinori Riserva 2020 Marchesi Antinori Magnum Astuccio in Legno - Gustabacco - Menu Online\" \/>\n<meta property=\"og:description\" content=\"NOME COMPLETO  Chianti Classico DOCG Villa Antinori Riserva 2020 Marchesi Antinori     DENOMINAZIONE  Chianti Classico DOCG     ANNATA  2022     TIPOLOGIA  Rosso Secco     PAESE  Italia     REGIONE  Toscana     VITIGNO  Sangiovese 90%, Cabernete Sauvignon 10%     AFFINAMENTO  Barrique     FORMATO  1,5 L     AROMI  Ribes, lampone, ciliegia, cannella, canditi     ABBINAMENTO  Primi piatti, carni, formaggi     VOL ALCOLICO  14 %     TEMPERATURA  16 - 18 &deg;C     SOLFITI  Contiene solfiti    &nbsp;\" \/>\n<meta property=\"og:url\" content=\"https:\/\/www.migliormenu.it\/gustabacco\/prodotto\/chianti-classico-docg-villa-antinori-riserva-2020-marchesi-antinori-magnum-astuccio-in-legno\/\" \/>\n<meta property=\"og:site_name\" content=\"Gustabacco - Menu Online\" \/>\n<meta property=\"article:modified_time\" content=\"2023-10-23T10:25:26+00:00\" \/>\n<meta name=\"twitter:card\" content=\"summary_large_image\" \/>\n<meta name=\"twitter:label1\" content=\"Tempo di lettura stimato\">\n\t<meta name=\"twitter:data1\" content=\"1 minuto\">\n<script type=\"application\/ld+json\" class=\"yoast-schema-graph\">{\"@context\":\"https:\/\/schema.org\",\"@graph\":[{\"@type\":\"WebSite\",\"@id\":\"https:\/\/www.migliormenu.it\/gustabacco\/#website\",\"url\":\"https:\/\/www.migliormenu.it\/gustabacco\/\",\"name\":\"Gustabacco - Menu Online\",\"description\":\"Coffee, Food e Drink\",\"potentialAction\":[{\"@type\":\"SearchAction\",\"target\":\"https:\/\/www.migliormenu.it\/gustabacco\/?s={search_term_string}\",\"query-input\":\"required name=search_term_string\"}],\"inLanguage\":\"it-IT\"},{\"@type\":\"ImageObject\",\"@id\":\"https:\/\/www.migliormenu.it\/gustabacco\/prodotto\/chianti-classico-docg-villa-antinori-riserva-2020-marchesi-antinori-magnum-astuccio-in-legno\/#primaryimage\",\"inLanguage\":\"it-IT\",\"url\":\"https:\/\/www.migliormenu.it\/gustabacco\/wp-content\/uploads\/2023\/10\/3313.jpg\",\"width\":1180,\"height\":1180},{\"@type\":\"WebPage\",\"@id\":\"https:\/\/www.migliormenu.it\/gustabacco\/prodotto\/chianti-classico-docg-villa-antinori-riserva-2020-marchesi-antinori-magnum-astuccio-in-legno\/#webpage\",\"url\":\"https:\/\/www.migliormenu.it\/gustabacco\/prodotto\/chianti-classico-docg-villa-antinori-riserva-2020-marchesi-antinori-magnum-astuccio-in-legno\/\",\"name\":\"Chianti Classico DOCG Villa Antinori Riserva 2020 Marchesi Antinori Magnum Astuccio in Legno - Gustabacco - Menu Online\",\"isPartOf\":{\"@id\":\"https:\/\/www.migliormenu.it\/gustabacco\/#website\"},\"primaryImageOfPage\":{\"@id\":\"https:\/\/www.migliormenu.it\/gustabacco\/prodotto\/chianti-classico-docg-villa-antinori-riserva-2020-marchesi-antinori-magnum-astuccio-in-legno\/#primaryimage\"},\"datePublished\":\"2023-10-23T10:24:50+00:00\",\"dateModified\":\"2023-10-23T10:25:26+00:00\",\"inLanguage\":\"it-IT\",\"potentialAction\":[{\"@type\":\"ReadAction\",\"target\":[\"https:\/\/www.migliormenu.it\/gustabacco\/prodotto\/chianti-classico-docg-villa-antinori-riserva-2020-marchesi-antinori-magnum-astuccio-in-legno\/\"]}]}]}<\/script>\n<!-- \/ Yoast SEO plugin. -->","_links":{"self":[{"href":"https:\/\/www.migliormenu.it\/gustabacco\/wp-json\/wp\/v2\/product\/6852"}],"collection":[{"href":"https:\/\/www.migliormenu.it\/gustabacco\/wp-json\/wp\/v2\/product"}],"about":[{"href":"https:\/\/www.migliormenu.it\/gustabacco\/wp-json\/wp\/v2\/types\/product"}],"replies":[{"embeddable":true,"href":"https:\/\/www.migliormenu.it\/gustabacco\/wp-json\/wp\/v2\/comments?post=6852"}],"wp:featuredmedia":[{"embeddable":true,"href":"https:\/\/www.migliormenu.it\/gustabacco\/wp-json\/wp\/v2\/media\/6890"}],"wp:attachment":[{"href":"https:\/\/www.migliormenu.it\/gustabacco\/wp-json\/wp\/v2\/media?parent=6852"}],"curies":[{"name":"wp","href":"https:\/\/api.w.org\/{rel}","templated":true}]}}