{"id":6423,"date":"2023-10-23T12:20:06","date_gmt":"2023-10-23T10:20:06","guid":{"rendered":"https:\/\/www.migliormenu.it\/gustabacco\/prodotto\/import-placeholder-for-3760\/"},"modified":"2023-10-23T12:20:12","modified_gmt":"2023-10-23T10:20:12","slug":"grappa-ben-rye-donnafugata-astucciata","status":"publish","type":"product","link":"https:\/\/www.migliormenu.it\/gustabacco\/prodotto\/grappa-ben-rye-donnafugata-astucciata\/","title":{"rendered":"Grappa Ben Ry\u00e9 Donnafugata Astucciata"},"content":{"rendered":"<p><span style=\"color:#000000\">La Grappa &ldquo;Ben Ry\u00e9&rdquo; di Donnafugata, \u00e8 ottenuta dalle vinacce del &ldquo;Ben Ry\u00e9&rdquo;, da straordinarie uve di zibibbo coltivate sull&rsquo;isola di Pantelleria, nella Sicilia Sud-Occidentale.<br \/>\nLe vinacce, ancora ricche di aromi e sapori, vengono immediatamente sottoposte a distillazione in alambicco discontinuo a bagnomaria, per preservarne ed esprimere al meglio il ricco bagaglio olfattivo e aromatico , caratteristico di queste uve.<br \/>\nDopo la distillazione la grappa viene posta in piccoli caratelli di rovere per affinare, raggiungendo cos\u00ec livelli altissimi di qualit\u00e0 e piacevolezza gusto-olfattiva.<br \/>\nMorbido e versatile si sposa con la pasticceria secca ma anche con formaggi stagionati e piccanti, ed \u00e8 ottimo per la meditazione o per un dopocena in relax.<\/p>\n<p><strong>NOTE DI DEGUSTAZIONE<\/strong><br \/>\nDistillato dai riflessi dorati, con caratteristica nota agrumata che si apre in mille sfaccettature di frutta fresca e candita (cedro, pesca, albicocca e frutta esotica) che si fondono con un delicato profumo di vaniglia.<\/span><\/p>\n","protected":false},"excerpt":{"rendered":"<table border=\"1\" cellpadding=\"1\" cellspacing=\"1\">\n<tbody>\n<tr>\n<td><span style=\"color:#000000\"><strong>NOME COMPLETO<\/strong><\/span><\/td>\n<td><span style=\"color:#000000\">Grappa Ben Rye Donnafugata<\/span><\/td>\n<\/tr>\n<tr>\n<td><span style=\"color:#000000\"><strong>TIPOLOGIA<\/strong><\/span><\/td>\n<td><span style=\"color:#000000\">Grappa<\/span><\/td>\n<\/tr>\n<tr>\n<td><span style=\"color:#000000\"><strong>PAESE<\/strong><\/span><\/td>\n<td><span style=\"color:#000000\">Italia<\/span><\/td>\n<\/tr>\n<tr>\n<td><strong><span style=\"color:#000000\">AFFINAMENTO<\/span><\/strong><\/td>\n<td><span style=\"color:#000000\">In barriques di rovere<\/span><\/td>\n<\/tr>\n<tr>\n<td><span style=\"color:#000000\"><strong>FORMATO<\/strong><\/span><\/td>\n<td><span style=\"color:#000000\">0,5 L<\/span><\/td>\n<\/tr>\n<tr>\n<td><span style=\"color:#000000\"><strong>AROMI<\/strong><\/span><\/td>\n<td><span style=\"color:#000000\">Agrumi, frutta fresca e candita, vaniglia<\/span><\/td>\n<\/tr>\n<tr>\n<td><span style=\"color:#000000\"><strong>VOL ALCOLICO<\/strong><\/span><\/td>\n<td><span style=\"color:#000000\">42 %<\/span><\/td>\n<\/tr>\n<tr>\n<td><span style=\"color:#000000\"><strong>TEMPERATURA<\/strong><\/span><\/td>\n<td><span style=\"color:#000000\">14 &#8211; 16 &deg;C<\/span><\/td>\n<\/tr>\n<tr>\n<td><span style=\"color:#000000\"><strong>SOLFITI<\/strong><\/span><\/td>\n<td><span style=\"color:#000000\">Contiene Solfiti<\/span><\/td>\n<\/tr>\n<\/tbody>\n<\/table>\n","protected":false},"featured_media":6431,"comment_status":"open","ping_status":"closed","template":"","meta":[],"yoast_head":"<!-- This site is optimized with the Yoast SEO plugin v15.7 - https:\/\/yoast.com\/wordpress\/plugins\/seo\/ -->\n<title>Grappa Ben Ry\u00e9 Donnafugata Astucciata - Gustabacco - Menu Online<\/title>\n<meta name=\"robots\" content=\"index, follow, max-snippet:-1, max-image-preview:large, max-video-preview:-1\" \/>\n<link rel=\"canonical\" href=\"https:\/\/www.migliormenu.it\/gustabacco\/prodotto\/grappa-ben-rye-donnafugata-astucciata\/\" \/>\n<meta property=\"og:locale\" content=\"it_IT\" \/>\n<meta property=\"og:type\" content=\"article\" \/>\n<meta property=\"og:title\" content=\"Grappa Ben Ry\u00e9 Donnafugata Astucciata - Gustabacco - Menu Online\" \/>\n<meta property=\"og:description\" content=\"NOME COMPLETO  Grappa Ben Rye Donnafugata     TIPOLOGIA  Grappa     PAESE  Italia     AFFINAMENTO  In barriques di rovere     FORMATO  0,5 L     AROMI  Agrumi, frutta fresca e candita, vaniglia     VOL ALCOLICO  42 %     TEMPERATURA  14 - 16 &deg;C     SOLFITI  Contiene Solfiti\" \/>\n<meta property=\"og:url\" content=\"https:\/\/www.migliormenu.it\/gustabacco\/prodotto\/grappa-ben-rye-donnafugata-astucciata\/\" \/>\n<meta property=\"og:site_name\" content=\"Gustabacco - Menu Online\" \/>\n<meta property=\"article:modified_time\" content=\"2023-10-23T10:20:12+00:00\" \/>\n<meta name=\"twitter:card\" content=\"summary_large_image\" \/>\n<meta name=\"twitter:label1\" content=\"Tempo di lettura stimato\">\n\t<meta name=\"twitter:data1\" content=\"1 minuto\">\n<script type=\"application\/ld+json\" class=\"yoast-schema-graph\">{\"@context\":\"https:\/\/schema.org\",\"@graph\":[{\"@type\":\"WebSite\",\"@id\":\"https:\/\/www.migliormenu.it\/gustabacco\/#website\",\"url\":\"https:\/\/www.migliormenu.it\/gustabacco\/\",\"name\":\"Gustabacco - Menu Online\",\"description\":\"Coffee, Food e Drink\",\"potentialAction\":[{\"@type\":\"SearchAction\",\"target\":\"https:\/\/www.migliormenu.it\/gustabacco\/?s={search_term_string}\",\"query-input\":\"required name=search_term_string\"}],\"inLanguage\":\"it-IT\"},{\"@type\":\"ImageObject\",\"@id\":\"https:\/\/www.migliormenu.it\/gustabacco\/prodotto\/grappa-ben-rye-donnafugata-astucciata\/#primaryimage\",\"inLanguage\":\"it-IT\",\"url\":\"https:\/\/www.migliormenu.it\/gustabacco\/wp-content\/uploads\/2023\/10\/3424.jpg\",\"width\":1180,\"height\":1180},{\"@type\":\"WebPage\",\"@id\":\"https:\/\/www.migliormenu.it\/gustabacco\/prodotto\/grappa-ben-rye-donnafugata-astucciata\/#webpage\",\"url\":\"https:\/\/www.migliormenu.it\/gustabacco\/prodotto\/grappa-ben-rye-donnafugata-astucciata\/\",\"name\":\"Grappa Ben Ry\\u00e9 Donnafugata Astucciata - Gustabacco - Menu Online\",\"isPartOf\":{\"@id\":\"https:\/\/www.migliormenu.it\/gustabacco\/#website\"},\"primaryImageOfPage\":{\"@id\":\"https:\/\/www.migliormenu.it\/gustabacco\/prodotto\/grappa-ben-rye-donnafugata-astucciata\/#primaryimage\"},\"datePublished\":\"2023-10-23T10:20:06+00:00\",\"dateModified\":\"2023-10-23T10:20:12+00:00\",\"inLanguage\":\"it-IT\",\"potentialAction\":[{\"@type\":\"ReadAction\",\"target\":[\"https:\/\/www.migliormenu.it\/gustabacco\/prodotto\/grappa-ben-rye-donnafugata-astucciata\/\"]}]}]}<\/script>\n<!-- \/ Yoast SEO plugin. -->","_links":{"self":[{"href":"https:\/\/www.migliormenu.it\/gustabacco\/wp-json\/wp\/v2\/product\/6423"}],"collection":[{"href":"https:\/\/www.migliormenu.it\/gustabacco\/wp-json\/wp\/v2\/product"}],"about":[{"href":"https:\/\/www.migliormenu.it\/gustabacco\/wp-json\/wp\/v2\/types\/product"}],"replies":[{"embeddable":true,"href":"https:\/\/www.migliormenu.it\/gustabacco\/wp-json\/wp\/v2\/comments?post=6423"}],"wp:featuredmedia":[{"embeddable":true,"href":"https:\/\/www.migliormenu.it\/gustabacco\/wp-json\/wp\/v2\/media\/6431"}],"wp:attachment":[{"href":"https:\/\/www.migliormenu.it\/gustabacco\/wp-json\/wp\/v2\/media?parent=6423"}],"curies":[{"name":"wp","href":"https:\/\/api.w.org\/{rel}","templated":true}]}}