{"id":6378,"date":"2023-04-14T11:30:28","date_gmt":"2023-04-14T09:30:28","guid":{"rendered":"https:\/\/www.migliormenu.it\/gustabacco\/prodotto\/import-placeholder-for-17793\/"},"modified":"2023-04-14T11:30:35","modified_gmt":"2023-04-14T09:30:35","slug":"trento-doc-metodo-classico-perle-brut-2016-ferrari","status":"publish","type":"product","link":"https:\/\/www.migliormenu.it\/gustabacco\/prodotto\/trento-doc-metodo-classico-perle-brut-2016-ferrari\/","title":{"rendered":"Trento Doc Metodo Classico Perl\u00e8 Brut 2016 Ferrari"},"content":{"rendered":"<p>Ferrari Perl\u00e8 Brut metodo classico della Riserva F.lli Ferrari. Ferrari Perl\u00e8 nasce nei vigneti del Trentino, prodotto da uve chardonnay 100%, raggiunge una gradazione alcolica pari al 12,5%.&nbsp; Vino spumante la cui maturazione sui lieviti dura ben 5 anni prima di un&rsquo;ulteriore sosta in bottiglia. Caratterizzato da un colore giallo intenso con riflessi dorati, dal perlage finissimo e persistente. Uno spumante perfetto per antipasti, affettati e primi piatti,in abbinamento a piatti a base di pesce, sushi, crostacei, carni bianche e formaggi freschi.<\/p>\n","protected":false},"excerpt":{"rendered":"<p><span class=\"editable\"><strong>Anno<\/strong>&nbsp;:<\/span> 2016<\/p>\n<p><span class=\"editable\"><strong>Alcol<\/strong>&nbsp;:<\/span>&nbsp;12.5%<\/p>\n<p><span class=\"editable\"><strong>Formato<\/strong>&nbsp;:<\/span>&nbsp;750ml<\/p>\n<p><span class=\"editable\"><strong>Cantina<\/strong>&nbsp;:<\/span>&nbsp;<a href=\"https:\/\/www.gustabacco.it\/cantina\/ferrari-f-lli-lunelli\/\" rel=\"tag\">Ferrari F.lli Lunelli<\/a><\/p>\n<p><span class=\"editable\"><strong>Denominazione<\/strong>&nbsp;:<\/span> Trento DOC<\/p>\n<p><span class=\"editable\"><strong>Vitigni<\/strong>&nbsp;:<\/span> 100%&nbsp;chardonnay<\/p>\n<p><span class=\"editable\"><strong>Abbinamenti consigliati<\/strong>&nbsp;: Antipasti, affettati e primi piatti a base di pesce, sushi, crostacei, carni bianche e formaggi freschi.<\/span><\/p>\n<p><span class=\"editable\"><strong>Temperatura di servizio consigliata<\/strong>&nbsp;:<\/span>&nbsp;10&deg;-12&deg;C<\/p>\n","protected":false},"featured_media":4565,"comment_status":"open","ping_status":"closed","template":"","meta":[],"yoast_head":"<!-- This site is optimized with the Yoast SEO plugin v15.7 - https:\/\/yoast.com\/wordpress\/plugins\/seo\/ -->\n<title>Trento Doc Metodo Classico Perl\u00e8 Brut 2016 Ferrari - Gustabacco - Menu Online<\/title>\n<meta name=\"robots\" content=\"index, follow, max-snippet:-1, max-image-preview:large, max-video-preview:-1\" \/>\n<link rel=\"canonical\" href=\"https:\/\/www.migliormenu.it\/gustabacco\/prodotto\/trento-doc-metodo-classico-perle-brut-2016-ferrari\/\" \/>\n<meta property=\"og:locale\" content=\"it_IT\" \/>\n<meta property=\"og:type\" content=\"article\" \/>\n<meta property=\"og:title\" content=\"Trento Doc Metodo Classico Perl\u00e8 Brut 2016 Ferrari - Gustabacco - Menu Online\" \/>\n<meta property=\"og:description\" content=\"Anno&nbsp;: 2016 Alcol&nbsp;:&nbsp;12.5% Formato&nbsp;:&nbsp;750ml Cantina&nbsp;:&nbsp;Ferrari F.lli Lunelli Denominazione&nbsp;: Trento DOC Vitigni&nbsp;: 100%&nbsp;chardonnay Abbinamenti consigliati&nbsp;: Antipasti, affettati e primi piatti a base di pesce, sushi, crostacei, carni bianche e formaggi freschi. Temperatura di servizio consigliata&nbsp;:&nbsp;10&deg;-12&deg;C\" \/>\n<meta property=\"og:url\" content=\"https:\/\/www.migliormenu.it\/gustabacco\/prodotto\/trento-doc-metodo-classico-perle-brut-2016-ferrari\/\" \/>\n<meta property=\"og:site_name\" content=\"Gustabacco - Menu Online\" \/>\n<meta property=\"article:modified_time\" content=\"2023-04-14T09:30:35+00:00\" \/>\n<meta name=\"twitter:card\" content=\"summary_large_image\" \/>\n<script type=\"application\/ld+json\" class=\"yoast-schema-graph\">{\"@context\":\"https:\/\/schema.org\",\"@graph\":[{\"@type\":\"WebSite\",\"@id\":\"https:\/\/www.migliormenu.it\/gustabacco\/#website\",\"url\":\"https:\/\/www.migliormenu.it\/gustabacco\/\",\"name\":\"Gustabacco - Menu Online\",\"description\":\"Coffee, Food e Drink\",\"potentialAction\":[{\"@type\":\"SearchAction\",\"target\":\"https:\/\/www.migliormenu.it\/gustabacco\/?s={search_term_string}\",\"query-input\":\"required name=search_term_string\"}],\"inLanguage\":\"it-IT\"},{\"@type\":\"ImageObject\",\"@id\":\"https:\/\/www.migliormenu.it\/gustabacco\/prodotto\/trento-doc-metodo-classico-perle-brut-2016-ferrari\/#primaryimage\",\"inLanguage\":\"it-IT\",\"url\":\"https:\/\/www.migliormenu.it\/gustabacco\/wp-content\/uploads\/2023\/04\/3110.jpg\",\"width\":1000,\"height\":1000},{\"@type\":\"WebPage\",\"@id\":\"https:\/\/www.migliormenu.it\/gustabacco\/prodotto\/trento-doc-metodo-classico-perle-brut-2016-ferrari\/#webpage\",\"url\":\"https:\/\/www.migliormenu.it\/gustabacco\/prodotto\/trento-doc-metodo-classico-perle-brut-2016-ferrari\/\",\"name\":\"Trento Doc Metodo Classico Perl\\u00e8 Brut 2016 Ferrari - Gustabacco - Menu Online\",\"isPartOf\":{\"@id\":\"https:\/\/www.migliormenu.it\/gustabacco\/#website\"},\"primaryImageOfPage\":{\"@id\":\"https:\/\/www.migliormenu.it\/gustabacco\/prodotto\/trento-doc-metodo-classico-perle-brut-2016-ferrari\/#primaryimage\"},\"datePublished\":\"2023-04-14T09:30:28+00:00\",\"dateModified\":\"2023-04-14T09:30:35+00:00\",\"inLanguage\":\"it-IT\",\"potentialAction\":[{\"@type\":\"ReadAction\",\"target\":[\"https:\/\/www.migliormenu.it\/gustabacco\/prodotto\/trento-doc-metodo-classico-perle-brut-2016-ferrari\/\"]}]}]}<\/script>\n<!-- \/ Yoast SEO plugin. -->","_links":{"self":[{"href":"https:\/\/www.migliormenu.it\/gustabacco\/wp-json\/wp\/v2\/product\/6378"}],"collection":[{"href":"https:\/\/www.migliormenu.it\/gustabacco\/wp-json\/wp\/v2\/product"}],"about":[{"href":"https:\/\/www.migliormenu.it\/gustabacco\/wp-json\/wp\/v2\/types\/product"}],"replies":[{"embeddable":true,"href":"https:\/\/www.migliormenu.it\/gustabacco\/wp-json\/wp\/v2\/comments?post=6378"}],"wp:featuredmedia":[{"embeddable":true,"href":"https:\/\/www.migliormenu.it\/gustabacco\/wp-json\/wp\/v2\/media\/4565"}],"wp:attachment":[{"href":"https:\/\/www.migliormenu.it\/gustabacco\/wp-json\/wp\/v2\/media?parent=6378"}],"curies":[{"name":"wp","href":"https:\/\/api.w.org\/{rel}","templated":true}]}}