{"id":6376,"date":"2023-04-14T11:30:28","date_gmt":"2023-04-14T09:30:28","guid":{"rendered":"https:\/\/www.migliormenu.it\/gustabacco\/prodotto\/import-placeholder-for-17779\/"},"modified":"2023-04-14T11:30:34","modified_gmt":"2023-04-14T09:30:34","slug":"spumante-metodo-classico-brut-rose-darapri","status":"publish","type":"product","link":"https:\/\/www.migliormenu.it\/gustabacco\/prodotto\/spumante-metodo-classico-brut-rose-darapri\/","title":{"rendered":"Spumante Metodo Classico Brut Ros\u00e8 D&#8217;Arapr\u00ec"},"content":{"rendered":"<p>Il Brut Ros\u00e9 \u00e8 uno spumante fragrante e fresco, capace di sprigionare tutte le caratteristiche delle magnifiche terre della Puglia. D&rsquo;Arapr\u00ec nasce dall&rsquo;amicizia e dalla passione comune per il vino e i vitigni autoctoni del Tavoliere di tre soci fondatori: Girolamo D&rsquo;Amico, Louis Rapini e Ulrico Priore e dal desiderio di produrre, anche al sud, spumanti Metodo Classico di grande eleganza e finezza.<\/p>\n","protected":false},"excerpt":{"rendered":"<table border=\"1\" cellpadding=\"1\" cellspacing=\"1\" style=\"height: 400px\">\n<tbody>\n<tr>\n<td><span style=\"color:#000000\"><strong>NOME COMPLETO<\/strong><\/span><\/td>\n<td><font color=\"#000000\">Spumante Metodo Classico Brut Ros\u00e8 D&#039;Arapr\u00ec<\/font><\/td>\n<\/tr>\n<tr>\n<td><span style=\"color:#000000\"><strong>DENOMINAZIONE<\/strong><\/span><\/td>\n<td><span style=\"color:#000000\">VSQ<\/span><\/td>\n<\/tr>\n<tr>\n<td><span style=\"color:#000000\"><strong>TIPOLOGIA<\/strong><\/span><\/td>\n<td><span style=\"color:#000000\">Spumante<\/span><\/td>\n<\/tr>\n<tr>\n<td><span style=\"color:#000000\"><strong>PAESE<\/strong><\/span><\/td>\n<td><span style=\"color:#000000\">Italia<\/span><\/td>\n<\/tr>\n<tr>\n<td><span style=\"color:#000000\"><strong>REGIONE<\/strong><\/span><\/td>\n<td><span style=\"color:#000000\">Puglia<\/span><\/td>\n<\/tr>\n<tr>\n<td><span style=\"color:#000000\"><strong>VITIGNO<\/strong><\/span><\/td>\n<td><font color=\"#000000\">Montepuliciano, Pinot Nero<\/font><\/td>\n<\/tr>\n<tr>\n<td><span style=\"color:#000000\"><strong>AFFINAMENTO<\/strong><\/span><\/td>\n<td><span style=\"color:#000000\">24 mesi sui lieviti<\/span><\/td>\n<\/tr>\n<tr>\n<td><span style=\"color:#000000\"><strong>FORMATO<\/strong><\/span><\/td>\n<td><span style=\"color:#000000\">0,75 L<\/span><\/td>\n<\/tr>\n<tr>\n<td><span style=\"color:#000000\"><strong>AROMI<\/strong><\/span><\/td>\n<td><span style=\"color:#000000\">Fiori, crosta di pane, tostatura, frutta matura<\/span><\/td>\n<\/tr>\n<tr>\n<td><span style=\"color:#000000\"><strong>ABBINAMENTO<\/strong><\/span><\/td>\n<td><font color=\"#000000\">Aperitivi, antipasti, pesce, formaggi<\/font><\/td>\n<\/tr>\n<tr>\n<td><span style=\"color:#000000\"><strong>VOL ALCOLICO<\/strong><\/span><\/td>\n<td><span style=\"color:#000000\">13 %<\/span><\/td>\n<\/tr>\n<tr>\n<td><span style=\"color:#000000\"><strong>TEMPERATURA<\/strong><\/span><\/td>\n<td><span style=\"color:#000000\">6 &#8211; 8 &deg;C<\/span><\/td>\n<\/tr>\n<tr>\n<td><span style=\"color:#000000\"><strong>SOLFITI<\/strong><\/span><\/td>\n<td><span style=\"color:#000000\">Contiene Solfiti<\/span><\/td>\n<\/tr>\n<\/tbody>\n<\/table>\n","protected":false},"featured_media":4563,"comment_status":"open","ping_status":"closed","template":"","meta":[],"yoast_head":"<!-- This site is optimized with the Yoast SEO plugin v15.7 - https:\/\/yoast.com\/wordpress\/plugins\/seo\/ -->\n<title>Spumante Metodo Classico Brut Ros\u00e8 D&#039;Arapr\u00ec - Gustabacco - Menu Online<\/title>\n<meta name=\"robots\" content=\"index, follow, max-snippet:-1, max-image-preview:large, max-video-preview:-1\" \/>\n<link rel=\"canonical\" href=\"https:\/\/www.migliormenu.it\/gustabacco\/prodotto\/spumante-metodo-classico-brut-rose-darapri\/\" \/>\n<meta property=\"og:locale\" content=\"it_IT\" \/>\n<meta property=\"og:type\" content=\"article\" \/>\n<meta property=\"og:title\" content=\"Spumante Metodo Classico Brut Ros\u00e8 D&#039;Arapr\u00ec - Gustabacco - Menu Online\" \/>\n<meta property=\"og:description\" content=\"NOME COMPLETO  Spumante Metodo Classico Brut Ros\u00e8 D&#039;Arapr\u00ec     DENOMINAZIONE  VSQ     TIPOLOGIA  Spumante     PAESE  Italia     REGIONE  Puglia     VITIGNO  Montepuliciano, Pinot Nero     AFFINAMENTO  24 mesi sui lieviti     FORMATO  0,75 L     AROMI  Fiori, crosta di pane, tostatura, frutta matura     ABBINAMENTO  Aperitivi, antipasti, pesce, formaggi     VOL ALCOLICO  13 %     TEMPERATURA  6 - 8 &deg;C     SOLFITI  Contiene Solfiti\" \/>\n<meta property=\"og:url\" content=\"https:\/\/www.migliormenu.it\/gustabacco\/prodotto\/spumante-metodo-classico-brut-rose-darapri\/\" \/>\n<meta property=\"og:site_name\" content=\"Gustabacco - Menu Online\" \/>\n<meta property=\"article:modified_time\" content=\"2023-04-14T09:30:34+00:00\" \/>\n<meta name=\"twitter:card\" content=\"summary_large_image\" \/>\n<script type=\"application\/ld+json\" class=\"yoast-schema-graph\">{\"@context\":\"https:\/\/schema.org\",\"@graph\":[{\"@type\":\"WebSite\",\"@id\":\"https:\/\/www.migliormenu.it\/gustabacco\/#website\",\"url\":\"https:\/\/www.migliormenu.it\/gustabacco\/\",\"name\":\"Gustabacco - Menu Online\",\"description\":\"Coffee, Food e Drink\",\"potentialAction\":[{\"@type\":\"SearchAction\",\"target\":\"https:\/\/www.migliormenu.it\/gustabacco\/?s={search_term_string}\",\"query-input\":\"required name=search_term_string\"}],\"inLanguage\":\"it-IT\"},{\"@type\":\"ImageObject\",\"@id\":\"https:\/\/www.migliormenu.it\/gustabacco\/prodotto\/spumante-metodo-classico-brut-rose-darapri\/#primaryimage\",\"inLanguage\":\"it-IT\",\"url\":\"https:\/\/www.migliormenu.it\/gustabacco\/wp-content\/uploads\/2023\/04\/3106.jpg\",\"width\":1180,\"height\":1180},{\"@type\":\"WebPage\",\"@id\":\"https:\/\/www.migliormenu.it\/gustabacco\/prodotto\/spumante-metodo-classico-brut-rose-darapri\/#webpage\",\"url\":\"https:\/\/www.migliormenu.it\/gustabacco\/prodotto\/spumante-metodo-classico-brut-rose-darapri\/\",\"name\":\"Spumante Metodo Classico Brut Ros\\u00e8 D'Arapr\\u00ec - Gustabacco - Menu Online\",\"isPartOf\":{\"@id\":\"https:\/\/www.migliormenu.it\/gustabacco\/#website\"},\"primaryImageOfPage\":{\"@id\":\"https:\/\/www.migliormenu.it\/gustabacco\/prodotto\/spumante-metodo-classico-brut-rose-darapri\/#primaryimage\"},\"datePublished\":\"2023-04-14T09:30:28+00:00\",\"dateModified\":\"2023-04-14T09:30:34+00:00\",\"inLanguage\":\"it-IT\",\"potentialAction\":[{\"@type\":\"ReadAction\",\"target\":[\"https:\/\/www.migliormenu.it\/gustabacco\/prodotto\/spumante-metodo-classico-brut-rose-darapri\/\"]}]}]}<\/script>\n<!-- \/ Yoast SEO plugin. -->","_links":{"self":[{"href":"https:\/\/www.migliormenu.it\/gustabacco\/wp-json\/wp\/v2\/product\/6376"}],"collection":[{"href":"https:\/\/www.migliormenu.it\/gustabacco\/wp-json\/wp\/v2\/product"}],"about":[{"href":"https:\/\/www.migliormenu.it\/gustabacco\/wp-json\/wp\/v2\/types\/product"}],"replies":[{"embeddable":true,"href":"https:\/\/www.migliormenu.it\/gustabacco\/wp-json\/wp\/v2\/comments?post=6376"}],"wp:featuredmedia":[{"embeddable":true,"href":"https:\/\/www.migliormenu.it\/gustabacco\/wp-json\/wp\/v2\/media\/4563"}],"wp:attachment":[{"href":"https:\/\/www.migliormenu.it\/gustabacco\/wp-json\/wp\/v2\/media?parent=6376"}],"curies":[{"name":"wp","href":"https:\/\/api.w.org\/{rel}","templated":true}]}}