{"id":6354,"date":"2023-04-14T11:30:07","date_gmt":"2023-04-14T09:30:07","guid":{"rendered":"https:\/\/www.migliormenu.it\/gustabacco\/prodotto\/import-placeholder-for-17263\/"},"modified":"2023-04-14T11:30:21","modified_gmt":"2023-04-14T09:30:21","slug":"champagne-brut-aoc-vintage-2012-dom-perignon-astucciato","status":"publish","type":"product","link":"https:\/\/www.migliormenu.it\/gustabacco\/prodotto\/champagne-brut-aoc-vintage-2012-dom-perignon-astucciato\/","title":{"rendered":"Champagne Brut AOC Vintage 2012 Dom Perignon Astucciato"},"content":{"rendered":"<p><strong>L&#039;ARMONIA PERFETTA<\/strong><br \/>\nDom P\u00e9rignon crea solo Champagne Millesimati, elaborati dalle migliori uve selezionate in una singola annata.<br \/>\nNon smette di reinventarsi, per interpretare sempre al meglio il carattere esclusivo di ogni stagione. Rifiuta i compromessi, rinunciando alla creazione del Millesimato quando la vendemmia non \u00e8 all&rsquo;altezza.<br \/>\nDopo un&rsquo;elaborazione di almeno otto anni, il vino raggiunge un equilibrio perfetto, la pi\u00f9 bella promessa della Maison. Questo \u00e8 Dom P\u00e9rignon Vintage, la Pl\u00e9nitude dell&rsquo;Armonia.<\/p>\n<p><strong>L&#039;ANNATA<\/strong><br \/>\nL&rsquo;imprevedibilit\u00e0 delle stagioni del 2012, la loro autorit\u00e0 e la loro generosit\u00e0, hanno composto un paesaggio olfattivo singolare, di una variet\u00e0 straordinaria. Un&rsquo;ineguagliabile ricchezza e diversit\u00e0 dei frutti: nel 2012, ogni vitigno, ogni regione, ogni villaggio, ogni appezzamento di terreno ha raggiunto il culmine delle proprie potenzialit\u00e0, dando origine a un millesimo che coniuga tutte le polarit\u00e0.<br \/>\nIn un connubio di intensit\u00e0, tensioni contenute e contrasti estremi, l&rsquo;assemblaggio di Dom P\u00e9rignon Vintage 2012 rivela una struttura singolare, vibrante al ritmo di un&rsquo;energia controllata, incanalata dalle note acide e amare, che irrompe e risplende. Un&rsquo;armonia esplosiva.<\/p>\n<p><strong>IL NASO<\/strong><br \/>\nIl naso \u00e8 completo e volubile, un intreccio di fiori e frutti, seguito dall&rsquo;unione di note vegetali e minerali. Il bouquet \u00e8 tattile, un invito discreto a seguire la scia cipriata dei fiori bianchi, contornata dalla dolcezza dell&rsquo;albicocca e della mirabella, per poi approdare alla freschezza del rabarbaro e della menta, fino alla mineralit\u00e0 della cenere. Pepe bianco.<\/p>\n<p><strong>IL PALATO<\/strong><br \/>\n\u00c8 l&rsquo;energia a dominare il palato. Dopo una piacevole apertura, il vino si fa rapidamente vibrante per poi letteralmente esplodere. L&rsquo;effervescenza dilaga, la sensazione \u00e8 tonica. Il finale, che converge su note acide e amare, si restringe e si fa penetrante, lasciando la sua impronta, contraddistinta da zenzero, tabacco e aromi tostati.<\/p>\n","protected":false},"excerpt":{"rendered":"<table border=\"1\" cellpadding=\"1\" cellspacing=\"1\" style=\"height: 500px\">\n<tbody>\n<tr>\n<td><span style=\"color:#000000\"><strong>NOME COMPLETO<\/strong><\/span><\/td>\n<td><font color=\"#000000\">Champagne Brut AOC Vintage 2012 Dom Perignon<\/font><\/td>\n<\/tr>\n<tr>\n<td><span style=\"color:#000000\"><strong>DENOMINAZIONE<\/strong><\/span><\/td>\n<td><span style=\"color:#000000\">Champagne AOC<\/span><\/td>\n<\/tr>\n<tr>\n<td><span style=\"color:#000000\"><strong>ANNATA<\/strong><\/span><\/td>\n<td><span style=\"color:#000000\">2012<\/span><\/td>\n<\/tr>\n<tr>\n<td><span style=\"color:#000000\"><strong>TIPOLOGIA<\/strong><\/span><\/td>\n<td><span style=\"color:#000000\">Champagne<\/span><\/td>\n<\/tr>\n<tr>\n<td><span style=\"color:#000000\"><strong>PAESE<\/strong><\/span><\/td>\n<td><span style=\"color:#000000\">Francia<\/span><\/td>\n<\/tr>\n<tr>\n<td><span style=\"color:#000000\"><strong>REGIONE<\/strong><\/span><\/td>\n<td><span style=\"color:#000000\">Champagne<\/span><\/td>\n<\/tr>\n<tr>\n<td><span style=\"color:#000000\"><strong>VITIGNO<\/strong><\/span><\/td>\n<td><font color=\"#000000\">Chardonnay, Pinot Nero<\/font><\/td>\n<\/tr>\n<tr>\n<td><span style=\"color:#000000\"><strong>AFFINAMENTO<\/strong><\/span><\/td>\n<td><font color=\"#000000\">72 mesi sui lieviti<\/font><\/td>\n<\/tr>\n<tr>\n<td><span style=\"color:#000000\"><strong>FORMATO<\/strong><\/span><\/td>\n<td><span style=\"color:#000000\">0,75 L<\/span><\/td>\n<\/tr>\n<tr>\n<td><span style=\"color:#000000\"><strong>AROMI<\/strong><\/span><\/td>\n<td><span style=\"color:#000000\">Cacao, frutta a polpa bianca, mandorla<\/span><\/td>\n<\/tr>\n<tr>\n<td><span style=\"color:#000000\"><strong>ABBINAMENTO<\/strong><\/span><\/td>\n<td><font color=\"#000000\">Pesce, crudi di pesce, frutti di mare, crostacei, carni bianche, carni<\/font><\/td>\n<\/tr>\n<tr>\n<td><span style=\"color:#000000\"><strong>VOL ALCOLICO<\/strong><\/span><\/td>\n<td><span style=\"color:#000000\">12,5 %<\/span><\/td>\n<\/tr>\n<tr>\n<td><span style=\"color:#000000\"><strong>TEMPERATURA<\/strong><\/span><\/td>\n<td><span style=\"color:#000000\">8 &#8211; 10 &deg;C<\/span><\/td>\n<\/tr>\n<tr>\n<td><span style=\"color:#000000\"><strong>SOLFITI<\/strong><\/span><\/td>\n<td><span style=\"color:#000000\">Contiene Solfiti<\/span><\/td>\n<\/tr>\n<\/tbody>\n<\/table>\n<p>&nbsp;<\/p>\n","protected":false},"featured_media":4368,"comment_status":"open","ping_status":"closed","template":"","meta":[],"yoast_head":"<!-- This site is optimized with the Yoast SEO plugin v15.7 - https:\/\/yoast.com\/wordpress\/plugins\/seo\/ -->\n<title>Champagne Brut AOC Vintage 2012 Dom Perignon Astucciato - Gustabacco - Menu Online<\/title>\n<meta name=\"robots\" content=\"index, follow, max-snippet:-1, max-image-preview:large, max-video-preview:-1\" \/>\n<link rel=\"canonical\" href=\"https:\/\/www.migliormenu.it\/gustabacco\/prodotto\/champagne-brut-aoc-vintage-2012-dom-perignon-astucciato\/\" \/>\n<meta property=\"og:locale\" content=\"it_IT\" \/>\n<meta property=\"og:type\" content=\"article\" \/>\n<meta property=\"og:title\" content=\"Champagne Brut AOC Vintage 2012 Dom Perignon Astucciato - Gustabacco - Menu Online\" \/>\n<meta property=\"og:description\" content=\"NOME COMPLETO  Champagne Brut AOC Vintage 2012 Dom Perignon     DENOMINAZIONE  Champagne AOC     ANNATA  2012     TIPOLOGIA  Champagne     PAESE  Francia     REGIONE  Champagne     VITIGNO  Chardonnay, Pinot Nero     AFFINAMENTO  72 mesi sui lieviti     FORMATO  0,75 L     AROMI  Cacao, frutta a polpa bianca, mandorla     ABBINAMENTO  Pesce, crudi di pesce, frutti di mare, crostacei, carni bianche, carni     VOL ALCOLICO  12,5 %     TEMPERATURA  8 - 10 &deg;C     SOLFITI  Contiene Solfiti    &nbsp;\" \/>\n<meta property=\"og:url\" content=\"https:\/\/www.migliormenu.it\/gustabacco\/prodotto\/champagne-brut-aoc-vintage-2012-dom-perignon-astucciato\/\" \/>\n<meta property=\"og:site_name\" content=\"Gustabacco - Menu Online\" \/>\n<meta property=\"article:modified_time\" content=\"2023-04-14T09:30:21+00:00\" \/>\n<meta name=\"twitter:card\" content=\"summary_large_image\" \/>\n<meta name=\"twitter:label1\" content=\"Tempo di lettura stimato\">\n\t<meta name=\"twitter:data1\" content=\"2 minuti\">\n<script type=\"application\/ld+json\" class=\"yoast-schema-graph\">{\"@context\":\"https:\/\/schema.org\",\"@graph\":[{\"@type\":\"WebSite\",\"@id\":\"https:\/\/www.migliormenu.it\/gustabacco\/#website\",\"url\":\"https:\/\/www.migliormenu.it\/gustabacco\/\",\"name\":\"Gustabacco - Menu Online\",\"description\":\"Coffee, Food e Drink\",\"potentialAction\":[{\"@type\":\"SearchAction\",\"target\":\"https:\/\/www.migliormenu.it\/gustabacco\/?s={search_term_string}\",\"query-input\":\"required name=search_term_string\"}],\"inLanguage\":\"it-IT\"},{\"@type\":\"ImageObject\",\"@id\":\"https:\/\/www.migliormenu.it\/gustabacco\/prodotto\/champagne-brut-aoc-vintage-2012-dom-perignon-astucciato\/#primaryimage\",\"inLanguage\":\"it-IT\",\"url\":\"https:\/\/www.migliormenu.it\/gustabacco\/wp-content\/uploads\/2023\/04\/2930.jpg\",\"width\":1180,\"height\":1180},{\"@type\":\"WebPage\",\"@id\":\"https:\/\/www.migliormenu.it\/gustabacco\/prodotto\/champagne-brut-aoc-vintage-2012-dom-perignon-astucciato\/#webpage\",\"url\":\"https:\/\/www.migliormenu.it\/gustabacco\/prodotto\/champagne-brut-aoc-vintage-2012-dom-perignon-astucciato\/\",\"name\":\"Champagne Brut AOC Vintage 2012 Dom Perignon Astucciato - Gustabacco - Menu Online\",\"isPartOf\":{\"@id\":\"https:\/\/www.migliormenu.it\/gustabacco\/#website\"},\"primaryImageOfPage\":{\"@id\":\"https:\/\/www.migliormenu.it\/gustabacco\/prodotto\/champagne-brut-aoc-vintage-2012-dom-perignon-astucciato\/#primaryimage\"},\"datePublished\":\"2023-04-14T09:30:07+00:00\",\"dateModified\":\"2023-04-14T09:30:21+00:00\",\"inLanguage\":\"it-IT\",\"potentialAction\":[{\"@type\":\"ReadAction\",\"target\":[\"https:\/\/www.migliormenu.it\/gustabacco\/prodotto\/champagne-brut-aoc-vintage-2012-dom-perignon-astucciato\/\"]}]}]}<\/script>\n<!-- \/ Yoast SEO plugin. -->","_links":{"self":[{"href":"https:\/\/www.migliormenu.it\/gustabacco\/wp-json\/wp\/v2\/product\/6354"}],"collection":[{"href":"https:\/\/www.migliormenu.it\/gustabacco\/wp-json\/wp\/v2\/product"}],"about":[{"href":"https:\/\/www.migliormenu.it\/gustabacco\/wp-json\/wp\/v2\/types\/product"}],"replies":[{"embeddable":true,"href":"https:\/\/www.migliormenu.it\/gustabacco\/wp-json\/wp\/v2\/comments?post=6354"}],"wp:featuredmedia":[{"embeddable":true,"href":"https:\/\/www.migliormenu.it\/gustabacco\/wp-json\/wp\/v2\/media\/4368"}],"wp:attachment":[{"href":"https:\/\/www.migliormenu.it\/gustabacco\/wp-json\/wp\/v2\/media?parent=6354"}],"curies":[{"name":"wp","href":"https:\/\/api.w.org\/{rel}","templated":true}]}}