{"id":6341,"date":"2023-04-14T11:30:04","date_gmt":"2023-04-14T09:30:04","guid":{"rendered":"https:\/\/www.migliormenu.it\/gustabacco\/prodotto\/import-placeholder-for-16983\/"},"modified":"2023-04-14T11:30:14","modified_gmt":"2023-04-14T09:30:14","slug":"champagne-noir-expression-benoit-cocteaux","status":"publish","type":"product","link":"https:\/\/www.migliormenu.it\/gustabacco\/prodotto\/champagne-noir-expression-benoit-cocteaux\/","title":{"rendered":"Champagne Noir Expression Benoit Cocteaux"},"content":{"rendered":"<p>Noir Expression \u00e8 il mix perfetto tra due terroir: due delle nostre vigne pi\u00f9 vecchie ci donano Pinot Noir e Pinot Meunier in piccole quantit\u00e0, ma di grande personalit\u00e0.<\/p>\n<p><strong>NOTE GUSTATIVE<\/strong><br \/>\nGiallo dorato, al naso note di frutta matura con sfumature di frutta secca e spezie. Sorso ricco e raffinato.<\/p>\n<p><strong>ABBINAMENTI<\/strong><br \/>\nBranzino tenero al limone o medaglioni di rana pescatrice insaporiti allo zenzero.<\/p>\n<p>&nbsp;<\/p>\n","protected":false},"excerpt":{"rendered":"<table border=\"0\" cellpadding=\"0\" cellspacing=\"0\" style=\"width:680px\" width=\"680\">\n<tbody>\n<tr>\n<td style=\"width:151px;height:22px\">\n<p><strong>NOME COMPLETO<\/strong><\/p>\n<\/td>\n<td style=\"width:530px;height:22px\">\n<p>Champagne Noir Expression Benoit Cocteaux<\/p>\n<\/td>\n<\/tr>\n<tr>\n<td style=\"width:151px;height:22px\">\n<p><strong>DENOMINAZIONE<\/strong><\/p>\n<\/td>\n<td style=\"width:530px;height:22px\">\n<p>Champagne AOP<\/p>\n<\/td>\n<\/tr>\n<tr>\n<td style=\"width:151px;height:22px\">\n<p><strong>ANNATA<\/strong><\/p>\n<\/td>\n<td style=\"width:530px;height:22px\">\n<p>NV<\/p>\n<\/td>\n<\/tr>\n<tr>\n<td style=\"width:151px;height:22px\">\n<p><strong>TIPOLOGIA<\/strong><\/p>\n<\/td>\n<td style=\"width:530px;height:22px\">\n<p>Champagne<\/p>\n<\/td>\n<\/tr>\n<tr>\n<td style=\"width:151px;height:22px\">\n<p><strong>PAESE<\/strong><\/p>\n<\/td>\n<td style=\"width:530px;height:22px\">\n<p>Francia<\/p>\n<\/td>\n<\/tr>\n<tr>\n<td style=\"width:151px;height:22px\">\n<p><strong>REGIONE<\/strong><\/p>\n<\/td>\n<td style=\"width:530px;height:22px\">\n<p>Grand Est<\/p>\n<\/td>\n<\/tr>\n<tr>\n<td style=\"width:151px;height:22px\">\n<p><strong>VITIGNO<\/strong><\/p>\n<\/td>\n<td style=\"width:530px;height:22px\">\n<p>Pinot Noir 85%, Pinot Meunier&nbsp;15%<\/p>\n<\/td>\n<\/tr>\n<tr>\n<td style=\"width:151px;height:22px\">\n<p><strong>AFFINAMENTO<\/strong><\/p>\n<\/td>\n<td style=\"width:530px;height:22px\">\n<p>24 mesi sui lieviti; 3 mesi in bottiglia<\/p>\n<\/td>\n<\/tr>\n<tr>\n<td style=\"width:151px;height:22px\">\n<p><strong>FORMATO<\/strong><\/p>\n<\/td>\n<td style=\"width:530px;height:22px\">\n<p>0,75 L<\/p>\n<\/td>\n<\/tr>\n<tr>\n<td style=\"width:151px;height:22px\">\n<p><strong>AROMI<\/strong><\/p>\n<\/td>\n<td style=\"width:530px;height:22px\">\n<p>Frutta matura, frutta secca, spezie<\/p>\n<\/td>\n<\/tr>\n<tr>\n<td style=\"width:151px;height:22px\">\n<p><strong>ABBINAMENTO<\/strong><\/p>\n<\/td>\n<td style=\"width:530px;height:22px\">\n<p>Pesce<\/p>\n<\/td>\n<\/tr>\n<tr>\n<td style=\"width:151px;height:22px\">\n<p><strong>GRADO ALCOLICO<\/strong><\/p>\n<\/td>\n<td style=\"width:530px;height:22px\">\n<p>12 %<\/p>\n<\/td>\n<\/tr>\n<tr>\n<td style=\"width:151px;height:22px\">\n<p><strong>TEMPERATURA<\/strong><\/p>\n<\/td>\n<td style=\"width:530px;height:22px\">\n<p>8 &ndash; 10 &deg;C<\/p>\n<\/td>\n<\/tr>\n<tr>\n<td style=\"width:151px;height:22px\">\n<p><strong>SOLFITI<\/strong><\/p>\n<\/td>\n<td style=\"width:530px;height:22px\">\n<p>Contiene solfiti<\/p>\n<\/td>\n<\/tr>\n<\/tbody>\n<\/table>\n","protected":false},"featured_media":6366,"comment_status":"open","ping_status":"closed","template":"","meta":[],"yoast_head":"<!-- This site is optimized with the Yoast SEO plugin v15.7 - https:\/\/yoast.com\/wordpress\/plugins\/seo\/ -->\n<title>Champagne Noir Expression Benoit Cocteaux - Gustabacco - Menu Online<\/title>\n<meta name=\"robots\" content=\"index, follow, max-snippet:-1, max-image-preview:large, max-video-preview:-1\" \/>\n<link rel=\"canonical\" href=\"https:\/\/www.migliormenu.it\/gustabacco\/prodotto\/champagne-noir-expression-benoit-cocteaux\/\" \/>\n<meta property=\"og:locale\" content=\"it_IT\" \/>\n<meta property=\"og:type\" content=\"article\" \/>\n<meta property=\"og:title\" content=\"Champagne Noir Expression Benoit Cocteaux - Gustabacco - Menu Online\" \/>\n<meta property=\"og:description\" content=\"NOME COMPLETO      Champagne Noir Expression Benoit Cocteaux         DENOMINAZIONE      Champagne AOP         ANNATA      NV         TIPOLOGIA      Champagne         PAESE      Francia         REGIONE      Grand Est         VITIGNO      Pinot Noir 85%, Pinot Meunier&nbsp;15%         AFFINAMENTO      24 mesi sui lieviti; 3 mesi in bottiglia         FORMATO      0,75 L         AROMI      Frutta matura, frutta secca, spezie         ABBINAMENTO      Pesce         GRADO ALCOLICO      12 %         TEMPERATURA      8 &ndash; 10 &deg;C         SOLFITI      Contiene solfiti\" \/>\n<meta property=\"og:url\" content=\"https:\/\/www.migliormenu.it\/gustabacco\/prodotto\/champagne-noir-expression-benoit-cocteaux\/\" \/>\n<meta property=\"og:site_name\" content=\"Gustabacco - Menu Online\" \/>\n<meta property=\"article:modified_time\" content=\"2023-04-14T09:30:14+00:00\" \/>\n<meta name=\"twitter:card\" content=\"summary_large_image\" \/>\n<script type=\"application\/ld+json\" class=\"yoast-schema-graph\">{\"@context\":\"https:\/\/schema.org\",\"@graph\":[{\"@type\":\"WebSite\",\"@id\":\"https:\/\/www.migliormenu.it\/gustabacco\/#website\",\"url\":\"https:\/\/www.migliormenu.it\/gustabacco\/\",\"name\":\"Gustabacco - Menu Online\",\"description\":\"Coffee, Food e Drink\",\"potentialAction\":[{\"@type\":\"SearchAction\",\"target\":\"https:\/\/www.migliormenu.it\/gustabacco\/?s={search_term_string}\",\"query-input\":\"required name=search_term_string\"}],\"inLanguage\":\"it-IT\"},{\"@type\":\"ImageObject\",\"@id\":\"https:\/\/www.migliormenu.it\/gustabacco\/prodotto\/champagne-noir-expression-benoit-cocteaux\/#primaryimage\",\"inLanguage\":\"it-IT\",\"url\":\"https:\/\/www.migliormenu.it\/gustabacco\/wp-content\/uploads\/2023\/04\/2830.jpg\",\"width\":1180,\"height\":1180},{\"@type\":\"WebPage\",\"@id\":\"https:\/\/www.migliormenu.it\/gustabacco\/prodotto\/champagne-noir-expression-benoit-cocteaux\/#webpage\",\"url\":\"https:\/\/www.migliormenu.it\/gustabacco\/prodotto\/champagne-noir-expression-benoit-cocteaux\/\",\"name\":\"Champagne Noir Expression Benoit Cocteaux - Gustabacco - Menu Online\",\"isPartOf\":{\"@id\":\"https:\/\/www.migliormenu.it\/gustabacco\/#website\"},\"primaryImageOfPage\":{\"@id\":\"https:\/\/www.migliormenu.it\/gustabacco\/prodotto\/champagne-noir-expression-benoit-cocteaux\/#primaryimage\"},\"datePublished\":\"2023-04-14T09:30:04+00:00\",\"dateModified\":\"2023-04-14T09:30:14+00:00\",\"inLanguage\":\"it-IT\",\"potentialAction\":[{\"@type\":\"ReadAction\",\"target\":[\"https:\/\/www.migliormenu.it\/gustabacco\/prodotto\/champagne-noir-expression-benoit-cocteaux\/\"]}]}]}<\/script>\n<!-- \/ Yoast SEO plugin. -->","_links":{"self":[{"href":"https:\/\/www.migliormenu.it\/gustabacco\/wp-json\/wp\/v2\/product\/6341"}],"collection":[{"href":"https:\/\/www.migliormenu.it\/gustabacco\/wp-json\/wp\/v2\/product"}],"about":[{"href":"https:\/\/www.migliormenu.it\/gustabacco\/wp-json\/wp\/v2\/types\/product"}],"replies":[{"embeddable":true,"href":"https:\/\/www.migliormenu.it\/gustabacco\/wp-json\/wp\/v2\/comments?post=6341"}],"wp:featuredmedia":[{"embeddable":true,"href":"https:\/\/www.migliormenu.it\/gustabacco\/wp-json\/wp\/v2\/media\/6366"}],"wp:attachment":[{"href":"https:\/\/www.migliormenu.it\/gustabacco\/wp-json\/wp\/v2\/media?parent=6341"}],"curies":[{"name":"wp","href":"https:\/\/api.w.org\/{rel}","templated":true}]}}