{"id":6288,"date":"2023-04-14T11:29:24","date_gmt":"2023-04-14T09:29:24","guid":{"rendered":"https:\/\/www.migliormenu.it\/gustabacco\/prodotto\/import-placeholder-for-16127\/"},"modified":"2023-04-14T11:29:33","modified_gmt":"2023-04-14T09:29:33","slug":"champagne-h-giraud-ay-grand-cru-fut-de-chene-ast-in-legno","status":"publish","type":"product","link":"https:\/\/www.migliormenu.it\/gustabacco\/prodotto\/champagne-h-giraud-ay-grand-cru-fut-de-chene-ast-in-legno\/","title":{"rendered":"Champagne H.Giraud Ay Grand Cru Fut De Chene Ast In Legno"},"content":{"rendered":"<p>Questa cuv\u00e9e multi annata \u00e8 incredibilmente complessa e ricca: merito del terreni dell&#039;A\u00ff Grand Cru ma anche dei 12 mesi di invecchiamento in botti di quercia. Al naso si presenta ricco ed elegante, l&#039;attacco rotondo si fa via via pi\u00f9 setoso anche grazie a una buona salinit\u00e0 e alla componente minerale. Uno champagne da intenditori firmato Henri Giraud.<\/p>\n","protected":false},"excerpt":{"rendered":"<p>Tipologia: Champagne Brut<\/p>\n<p>Vitigno: 70% Pinot noir, 30% Chardonnay<\/p>\n<p>All&rsquo;occhio: Colore dorato, sfumato con bei riflessi rosa<\/p>\n<p>Al naso: Un naso complesso e gourmet, con una bella intensit\u00e0. aromi di pera e ciliegia candita<\/p>\n<p>In bocca: Un attacco morbido, un&rsquo;effervescenza sciolta, poi il corpo si impone, grasso e pieno. un insieme ricco, pieno, ampio.. seducente!<\/p>\n<p>Temperatura di servizio: 12&deg;C<\/p>\n<p>Abbinamenti: Aperitivo, Carni bianche, Cucina etnica<\/p>\n","protected":false},"featured_media":3870,"comment_status":"open","ping_status":"closed","template":"","meta":[],"yoast_head":"<!-- This site is optimized with the Yoast SEO plugin v15.7 - https:\/\/yoast.com\/wordpress\/plugins\/seo\/ -->\n<title>Champagne H.Giraud Ay Grand Cru Fut De Chene Ast In Legno - Gustabacco - Menu Online<\/title>\n<meta name=\"robots\" content=\"index, follow, max-snippet:-1, max-image-preview:large, max-video-preview:-1\" \/>\n<link rel=\"canonical\" href=\"https:\/\/www.migliormenu.it\/gustabacco\/prodotto\/champagne-h-giraud-ay-grand-cru-fut-de-chene-ast-in-legno\/\" \/>\n<meta property=\"og:locale\" content=\"it_IT\" \/>\n<meta property=\"og:type\" content=\"article\" \/>\n<meta property=\"og:title\" content=\"Champagne H.Giraud Ay Grand Cru Fut De Chene Ast In Legno - Gustabacco - Menu Online\" \/>\n<meta property=\"og:description\" content=\"Tipologia: Champagne Brut Vitigno: 70% Pinot noir, 30% Chardonnay All&rsquo;occhio: Colore dorato, sfumato con bei riflessi rosa Al naso: Un naso complesso e gourmet, con una bella intensit\u00e0. aromi di pera e ciliegia candita In bocca: Un attacco morbido, un&rsquo;effervescenza sciolta, poi il corpo si impone, grasso e pieno. un insieme ricco, pieno, ampio.. seducente! Temperatura di servizio: 12&deg;C Abbinamenti: Aperitivo, Carni bianche, Cucina etnica\" \/>\n<meta property=\"og:url\" content=\"https:\/\/www.migliormenu.it\/gustabacco\/prodotto\/champagne-h-giraud-ay-grand-cru-fut-de-chene-ast-in-legno\/\" \/>\n<meta property=\"og:site_name\" content=\"Gustabacco - Menu Online\" \/>\n<meta property=\"article:modified_time\" content=\"2023-04-14T09:29:33+00:00\" \/>\n<meta name=\"twitter:card\" content=\"summary_large_image\" \/>\n<script type=\"application\/ld+json\" class=\"yoast-schema-graph\">{\"@context\":\"https:\/\/schema.org\",\"@graph\":[{\"@type\":\"WebSite\",\"@id\":\"https:\/\/www.migliormenu.it\/gustabacco\/#website\",\"url\":\"https:\/\/www.migliormenu.it\/gustabacco\/\",\"name\":\"Gustabacco - Menu Online\",\"description\":\"Coffee, Food e Drink\",\"potentialAction\":[{\"@type\":\"SearchAction\",\"target\":\"https:\/\/www.migliormenu.it\/gustabacco\/?s={search_term_string}\",\"query-input\":\"required name=search_term_string\"}],\"inLanguage\":\"it-IT\"},{\"@type\":\"ImageObject\",\"@id\":\"https:\/\/www.migliormenu.it\/gustabacco\/prodotto\/champagne-h-giraud-ay-grand-cru-fut-de-chene-ast-in-legno\/#primaryimage\",\"inLanguage\":\"it-IT\",\"url\":\"https:\/\/www.migliormenu.it\/gustabacco\/wp-content\/uploads\/2023\/04\/New-Project-20-2.jpg\",\"width\":1180,\"height\":1180},{\"@type\":\"WebPage\",\"@id\":\"https:\/\/www.migliormenu.it\/gustabacco\/prodotto\/champagne-h-giraud-ay-grand-cru-fut-de-chene-ast-in-legno\/#webpage\",\"url\":\"https:\/\/www.migliormenu.it\/gustabacco\/prodotto\/champagne-h-giraud-ay-grand-cru-fut-de-chene-ast-in-legno\/\",\"name\":\"Champagne H.Giraud Ay Grand Cru Fut De Chene Ast In Legno - Gustabacco - Menu Online\",\"isPartOf\":{\"@id\":\"https:\/\/www.migliormenu.it\/gustabacco\/#website\"},\"primaryImageOfPage\":{\"@id\":\"https:\/\/www.migliormenu.it\/gustabacco\/prodotto\/champagne-h-giraud-ay-grand-cru-fut-de-chene-ast-in-legno\/#primaryimage\"},\"datePublished\":\"2023-04-14T09:29:24+00:00\",\"dateModified\":\"2023-04-14T09:29:33+00:00\",\"inLanguage\":\"it-IT\",\"potentialAction\":[{\"@type\":\"ReadAction\",\"target\":[\"https:\/\/www.migliormenu.it\/gustabacco\/prodotto\/champagne-h-giraud-ay-grand-cru-fut-de-chene-ast-in-legno\/\"]}]}]}<\/script>\n<!-- \/ Yoast SEO plugin. -->","_links":{"self":[{"href":"https:\/\/www.migliormenu.it\/gustabacco\/wp-json\/wp\/v2\/product\/6288"}],"collection":[{"href":"https:\/\/www.migliormenu.it\/gustabacco\/wp-json\/wp\/v2\/product"}],"about":[{"href":"https:\/\/www.migliormenu.it\/gustabacco\/wp-json\/wp\/v2\/types\/product"}],"replies":[{"embeddable":true,"href":"https:\/\/www.migliormenu.it\/gustabacco\/wp-json\/wp\/v2\/comments?post=6288"}],"wp:featuredmedia":[{"embeddable":true,"href":"https:\/\/www.migliormenu.it\/gustabacco\/wp-json\/wp\/v2\/media\/3870"}],"wp:attachment":[{"href":"https:\/\/www.migliormenu.it\/gustabacco\/wp-json\/wp\/v2\/media?parent=6288"}],"curies":[{"name":"wp","href":"https:\/\/api.w.org\/{rel}","templated":true}]}}