{"id":6266,"date":"2023-04-14T11:29:11","date_gmt":"2023-04-14T09:29:11","guid":{"rendered":"https:\/\/www.migliormenu.it\/gustabacco\/prodotto\/import-placeholder-for-15480\/"},"modified":"2023-04-14T11:29:21","modified_gmt":"2023-04-14T09:29:21","slug":"morel-brut-reserve-champagne-75cl","status":"publish","type":"product","link":"https:\/\/www.migliormenu.it\/gustabacco\/prodotto\/morel-brut-reserve-champagne-75cl\/","title":{"rendered":"Morel Brut Reserve Champagne 75cl"},"content":{"rendered":"<p>Il &#8220;terroir&#8221; unico di Les Riceys si trova nel sud della Champagne C\u00f4te des Bar. Amanti del Pinot Nero da moltissimo tempo ( pi\u00f9 di 5 generazioni !!), produciamo i nostri vini per garantirvi originalit\u00e0, eleganza e raffinatezza . Da oltre 5 generazioni la tradizione e la passione della nostra azienda a conduzione familiare garantisce raffinatezza di qualit\u00e0 e rispetto per l&#039;ambiente . Tutto questo lavoro viene svolto in collaborazione con la natura alla ricerca di migliorare la biodiversit\u00e0 nei nostri vigneti. Siamo certificati ad Alto Valore Ambientale: tutti i nostri vigneti sono ricoperti di erba naturale e prediligiamo lavorazioni meccaniche e metodi naturali .<\/p>\n","protected":false},"excerpt":{"rendered":"<p>Nazione: Francia<\/p>\n<p>Provenienza: Champagne<\/p>\n<p>Alcol: 12%<\/p>\n<p>Denominazione : Champagne AOC<\/p>\n<p>Vitigno: 90% Pinot Noir, 10% Chardonnay<\/p>\n<p>Tipologia: Champagne brut, Blanc de Noirs<\/p>\n<p>Formato: 75cl<\/p>\n<p>Dosaggio: Brut<\/p>\n","protected":false},"featured_media":3699,"comment_status":"open","ping_status":"closed","template":"","meta":[],"yoast_head":"<!-- This site is optimized with the Yoast SEO plugin v15.7 - https:\/\/yoast.com\/wordpress\/plugins\/seo\/ -->\n<title>Morel Brut Reserve Champagne 75cl - Gustabacco - Menu Online<\/title>\n<meta name=\"robots\" content=\"index, follow, max-snippet:-1, max-image-preview:large, max-video-preview:-1\" \/>\n<link rel=\"canonical\" href=\"https:\/\/www.migliormenu.it\/gustabacco\/prodotto\/morel-brut-reserve-champagne-75cl\/\" \/>\n<meta property=\"og:locale\" content=\"it_IT\" \/>\n<meta property=\"og:type\" content=\"article\" \/>\n<meta property=\"og:title\" content=\"Morel Brut Reserve Champagne 75cl - Gustabacco - Menu Online\" \/>\n<meta property=\"og:description\" content=\"Nazione: Francia Provenienza: Champagne Alcol: 12% Denominazione : Champagne AOC Vitigno: 90% Pinot Noir, 10% Chardonnay Tipologia: Champagne brut, Blanc de Noirs Formato: 75cl Dosaggio: Brut\" \/>\n<meta property=\"og:url\" content=\"https:\/\/www.migliormenu.it\/gustabacco\/prodotto\/morel-brut-reserve-champagne-75cl\/\" \/>\n<meta property=\"og:site_name\" content=\"Gustabacco - Menu Online\" \/>\n<meta property=\"article:modified_time\" content=\"2023-04-14T09:29:21+00:00\" \/>\n<meta name=\"twitter:card\" content=\"summary_large_image\" \/>\n<meta name=\"twitter:label1\" content=\"Tempo di lettura stimato\">\n\t<meta name=\"twitter:data1\" content=\"1 minuto\">\n<script type=\"application\/ld+json\" class=\"yoast-schema-graph\">{\"@context\":\"https:\/\/schema.org\",\"@graph\":[{\"@type\":\"WebSite\",\"@id\":\"https:\/\/www.migliormenu.it\/gustabacco\/#website\",\"url\":\"https:\/\/www.migliormenu.it\/gustabacco\/\",\"name\":\"Gustabacco - Menu Online\",\"description\":\"Coffee, Food e Drink\",\"potentialAction\":[{\"@type\":\"SearchAction\",\"target\":\"https:\/\/www.migliormenu.it\/gustabacco\/?s={search_term_string}\",\"query-input\":\"required name=search_term_string\"}],\"inLanguage\":\"it-IT\"},{\"@type\":\"ImageObject\",\"@id\":\"https:\/\/www.migliormenu.it\/gustabacco\/prodotto\/morel-brut-reserve-champagne-75cl\/#primaryimage\",\"inLanguage\":\"it-IT\",\"url\":\"https:\/\/www.migliormenu.it\/gustabacco\/wp-content\/uploads\/2023\/04\/New-Project-16-2.jpg\",\"width\":1180,\"height\":1180},{\"@type\":\"WebPage\",\"@id\":\"https:\/\/www.migliormenu.it\/gustabacco\/prodotto\/morel-brut-reserve-champagne-75cl\/#webpage\",\"url\":\"https:\/\/www.migliormenu.it\/gustabacco\/prodotto\/morel-brut-reserve-champagne-75cl\/\",\"name\":\"Morel Brut Reserve Champagne 75cl - Gustabacco - Menu Online\",\"isPartOf\":{\"@id\":\"https:\/\/www.migliormenu.it\/gustabacco\/#website\"},\"primaryImageOfPage\":{\"@id\":\"https:\/\/www.migliormenu.it\/gustabacco\/prodotto\/morel-brut-reserve-champagne-75cl\/#primaryimage\"},\"datePublished\":\"2023-04-14T09:29:11+00:00\",\"dateModified\":\"2023-04-14T09:29:21+00:00\",\"inLanguage\":\"it-IT\",\"potentialAction\":[{\"@type\":\"ReadAction\",\"target\":[\"https:\/\/www.migliormenu.it\/gustabacco\/prodotto\/morel-brut-reserve-champagne-75cl\/\"]}]}]}<\/script>\n<!-- \/ Yoast SEO plugin. -->","_links":{"self":[{"href":"https:\/\/www.migliormenu.it\/gustabacco\/wp-json\/wp\/v2\/product\/6266"}],"collection":[{"href":"https:\/\/www.migliormenu.it\/gustabacco\/wp-json\/wp\/v2\/product"}],"about":[{"href":"https:\/\/www.migliormenu.it\/gustabacco\/wp-json\/wp\/v2\/types\/product"}],"replies":[{"embeddable":true,"href":"https:\/\/www.migliormenu.it\/gustabacco\/wp-json\/wp\/v2\/comments?post=6266"}],"wp:featuredmedia":[{"embeddable":true,"href":"https:\/\/www.migliormenu.it\/gustabacco\/wp-json\/wp\/v2\/media\/3699"}],"wp:attachment":[{"href":"https:\/\/www.migliormenu.it\/gustabacco\/wp-json\/wp\/v2\/media?parent=6266"}],"curies":[{"name":"wp","href":"https:\/\/api.w.org\/{rel}","templated":true}]}}