{"id":6230,"date":"2023-04-14T11:28:48","date_gmt":"2023-04-14T09:28:48","guid":{"rendered":"https:\/\/www.migliormenu.it\/gustabacco\/prodotto\/import-placeholder-for-10881\/"},"modified":"2023-04-14T11:29:08","modified_gmt":"2023-04-14T09:29:08","slug":"armand-de-brignac-blanc-de-blancs","status":"publish","type":"product","link":"https:\/\/www.migliormenu.it\/gustabacco\/prodotto\/armand-de-brignac-blanc-de-blancs\/","title":{"rendered":"Armand De Brignac Blanc De Blancs"},"content":{"rendered":"<p>Gestita a conduzione familiare sin dal 1763 e da sempre simbolo di altissima qualit\u00e0, la Maison Cattier ha conosciuto una notoriet\u00e0 mondiale, anche oltre i confini del vino, quando il rapper e producer Jay-Z ha acquistato il suo brand di culto Armand de Brignac.<br \/>\nNel piccolo villaggio di Chigny-les-Roses situato tra Reims ed Epernay, Cattier coltiva i propri vigneti ricavandone uve pregiate, schiette e concentrate, da cui sono ottenuti Champagne altrettanto preziosi e prestigiosi, di assoluto livello qualitativo. Con una produzione media annua che raggiunge il milione di bottiglie &#8211; le quali vengono esportate in oltre settanta diversi paesi in tutto il mondo &#8211; la maison possiede attualmente circa trenta ettari vitati, tutti classificati Premier Cru.<br \/>\nTra i filari, le pratiche agronomiche adottate sono rispettose di ambiente ed ecosistema, mentre i locali di cantina, interrati per oltre trenta metri, garantiscono temperature e livelli di umidit\u00e0 costanti durante tutto l&rsquo;arco dell&rsquo;anno, cos\u00ec da creare le condizioni ideali e ottimali per l&rsquo;invecchiamento degli Champagne. Eccellenza, creativit\u00e0, spirito d&rsquo;impresa e rispetto: seguendo questi quattro capisaldi in particolare, la maison Cattier arriva a proporre una gamma di Champagne unica e ineguagliabile, tra cui gli Armand de Brignac, conosciuti anche come gli Champagne &ldquo;Ace of Spades&rdquo;, ovvero asso di picche. Ispirati alla celebre casa di moda Andr\u00e9 Courr\u00e8ges e distribuiti in bottiglie elegantemente decorate e ricoperte da una preziosa placcatura dorata, gli Champagne Armand de Brignac sono disponibili nelle versioni Brut, Brut Ros\u00e9 e Demi-Sec, e accompagnati da raffinate gift box, quasi a sottolineare l&rsquo;unicit\u00e0 e il prestigio delle bollicine targate Cattier.<br \/>\nA distanza di secoli, oggi a guidare la maison Cattier troviamo l&rsquo;undicesima generazione familiare, che significa know-how e savoir-faire tramandati di padre in figlio, nel segno di quella che \u00e8 la massima eccellenza delle pi\u00f9 celebri bollicine francesi, continuando a percorrere la stessa strada intrapresa in origine, fatta, per l&rsquo;appunto, di eccellenza, di creativit\u00e0, di spirito d&rsquo;impresa e di rispetto.<\/p>\n","protected":false},"excerpt":{"rendered":"<p>Annata: NV<\/p>\n<p>Denominazione: Champagne AOC<\/p>\n<p>Vitigni: chardonnay 100%<\/p>\n<p>Alcol: 12.5%<\/p>\n<p>Formato: 0.75l<\/p>\n<p>Allergeni: Solfiti<\/p>\n<p>Consumo ideale: 2015\/2025<\/p>\n<p>Temperatura di servizio: 8\/10 &deg;C<\/p>\n<p>Momento per degustarlo: Occasioni speciali<\/p>\n<p>Giudizio di Tannico: 95\/100<\/p>\n<p>Tipologia: Champagne e Spumante<\/p>\n","protected":false},"featured_media":3369,"comment_status":"open","ping_status":"closed","template":"","meta":[],"yoast_head":"<!-- This site is optimized with the Yoast SEO plugin v15.7 - https:\/\/yoast.com\/wordpress\/plugins\/seo\/ -->\n<title>Armand De Brignac Blanc De Blancs - Gustabacco - Menu Online<\/title>\n<meta name=\"robots\" content=\"index, follow, max-snippet:-1, max-image-preview:large, max-video-preview:-1\" \/>\n<link rel=\"canonical\" href=\"https:\/\/www.migliormenu.it\/gustabacco\/prodotto\/armand-de-brignac-blanc-de-blancs\/\" \/>\n<meta property=\"og:locale\" content=\"it_IT\" \/>\n<meta property=\"og:type\" content=\"article\" \/>\n<meta property=\"og:title\" content=\"Armand De Brignac Blanc De Blancs - Gustabacco - Menu Online\" \/>\n<meta property=\"og:description\" content=\"Annata: NV Denominazione: Champagne AOC Vitigni: chardonnay 100% Alcol: 12.5% Formato: 0.75l Allergeni: Solfiti Consumo ideale: 2015\/2025 Temperatura di servizio: 8\/10 &deg;C Momento per degustarlo: Occasioni speciali Giudizio di Tannico: 95\/100 Tipologia: Champagne e Spumante\" \/>\n<meta property=\"og:url\" content=\"https:\/\/www.migliormenu.it\/gustabacco\/prodotto\/armand-de-brignac-blanc-de-blancs\/\" \/>\n<meta property=\"og:site_name\" content=\"Gustabacco - Menu Online\" \/>\n<meta property=\"article:modified_time\" content=\"2023-04-14T09:29:08+00:00\" \/>\n<meta name=\"twitter:card\" content=\"summary_large_image\" \/>\n<meta name=\"twitter:label1\" content=\"Tempo di lettura stimato\">\n\t<meta name=\"twitter:data1\" content=\"2 minuti\">\n<script type=\"application\/ld+json\" class=\"yoast-schema-graph\">{\"@context\":\"https:\/\/schema.org\",\"@graph\":[{\"@type\":\"WebSite\",\"@id\":\"https:\/\/www.migliormenu.it\/gustabacco\/#website\",\"url\":\"https:\/\/www.migliormenu.it\/gustabacco\/\",\"name\":\"Gustabacco - Menu Online\",\"description\":\"Coffee, Food e Drink\",\"potentialAction\":[{\"@type\":\"SearchAction\",\"target\":\"https:\/\/www.migliormenu.it\/gustabacco\/?s={search_term_string}\",\"query-input\":\"required name=search_term_string\"}],\"inLanguage\":\"it-IT\"},{\"@type\":\"ImageObject\",\"@id\":\"https:\/\/www.migliormenu.it\/gustabacco\/prodotto\/armand-de-brignac-blanc-de-blancs\/#primaryimage\",\"inLanguage\":\"it-IT\",\"url\":\"https:\/\/www.migliormenu.it\/gustabacco\/wp-content\/uploads\/2023\/04\/New-Project.jpg\",\"width\":1180,\"height\":1180},{\"@type\":\"WebPage\",\"@id\":\"https:\/\/www.migliormenu.it\/gustabacco\/prodotto\/armand-de-brignac-blanc-de-blancs\/#webpage\",\"url\":\"https:\/\/www.migliormenu.it\/gustabacco\/prodotto\/armand-de-brignac-blanc-de-blancs\/\",\"name\":\"Armand De Brignac Blanc De Blancs - Gustabacco - Menu Online\",\"isPartOf\":{\"@id\":\"https:\/\/www.migliormenu.it\/gustabacco\/#website\"},\"primaryImageOfPage\":{\"@id\":\"https:\/\/www.migliormenu.it\/gustabacco\/prodotto\/armand-de-brignac-blanc-de-blancs\/#primaryimage\"},\"datePublished\":\"2023-04-14T09:28:48+00:00\",\"dateModified\":\"2023-04-14T09:29:08+00:00\",\"inLanguage\":\"it-IT\",\"potentialAction\":[{\"@type\":\"ReadAction\",\"target\":[\"https:\/\/www.migliormenu.it\/gustabacco\/prodotto\/armand-de-brignac-blanc-de-blancs\/\"]}]}]}<\/script>\n<!-- \/ Yoast SEO plugin. -->","_links":{"self":[{"href":"https:\/\/www.migliormenu.it\/gustabacco\/wp-json\/wp\/v2\/product\/6230"}],"collection":[{"href":"https:\/\/www.migliormenu.it\/gustabacco\/wp-json\/wp\/v2\/product"}],"about":[{"href":"https:\/\/www.migliormenu.it\/gustabacco\/wp-json\/wp\/v2\/types\/product"}],"replies":[{"embeddable":true,"href":"https:\/\/www.migliormenu.it\/gustabacco\/wp-json\/wp\/v2\/comments?post=6230"}],"wp:featuredmedia":[{"embeddable":true,"href":"https:\/\/www.migliormenu.it\/gustabacco\/wp-json\/wp\/v2\/media\/3369"}],"wp:attachment":[{"href":"https:\/\/www.migliormenu.it\/gustabacco\/wp-json\/wp\/v2\/media?parent=6230"}],"curies":[{"name":"wp","href":"https:\/\/api.w.org\/{rel}","templated":true}]}}