{"id":6221,"date":"2023-04-14T11:28:47","date_gmt":"2023-04-14T09:28:47","guid":{"rendered":"https:\/\/www.migliormenu.it\/gustabacco\/prodotto\/import-placeholder-for-10481\/"},"modified":"2023-04-14T11:29:03","modified_gmt":"2023-04-14T09:29:03","slug":"franciacorta-brut-rose-docg-marchese-antinori-tenuta-montenisa-astucciato","status":"publish","type":"product","link":"https:\/\/www.migliormenu.it\/gustabacco\/prodotto\/franciacorta-brut-rose-docg-marchese-antinori-tenuta-montenisa-astucciato\/","title":{"rendered":"Franciacorta Brut Ros\u00e9 DOCG Marchese Antinori Tenuta Montenisa (Astucciato)"},"content":{"rendered":"<p>Prodotto per la prima volta nel 2006, il Ros\u00e9 di Tenuta Montenisa \u00e8 Franciacorta che dimostra tutte le potenzialit\u00e0 del pinot nero. Uno spumante di grande energia e fascino, la cui permanenza sui lieviti si prolunga per 24 mesi, periodo di tempo minimo per trovare nel bicchiere quella meravigliosa sintesi tra note di crosta di pane tipiche della seconda fermentazione e sentori di piccoli frutti rossi tipici del varietale. Intenso, vibrante, ricco e dinamico, \u00e8 Franciacorta capace di stregare.<\/p>\n","protected":false},"excerpt":{"rendered":"<ul class=\"productPage__attributes\" id=\"product-attribute-specs-table\">\n<li><strong>Denominazione:&nbsp;<\/strong>Franciacorta DOCG<\/li>\n<li><strong>Vitigni:&nbsp;<\/strong>pinot nero 100%<\/li>\n<li><strong>Alcol:&nbsp;<\/strong>12.5%<\/li>\n<li><strong>Formato:&nbsp;<\/strong>0.75l<\/li>\n<li><strong>Temperatura di servizio:&nbsp;<\/strong>8\/10 &deg;C<\/li>\n<li><strong>Momento per degustarlo:&nbsp;<\/strong>Cena tra amici<\/li>\n<li><strong>Tipologia:&nbsp;<\/strong>Champagne e Spumante<\/li>\n<li><strong>Abbinamenti:&nbsp;<\/strong>Antipasti di terra, Primi di terra<\/li>\n<\/ul>\n","protected":false},"featured_media":3270,"comment_status":"open","ping_status":"closed","template":"","meta":[],"yoast_head":"<!-- This site is optimized with the Yoast SEO plugin v15.7 - https:\/\/yoast.com\/wordpress\/plugins\/seo\/ -->\n<title>Franciacorta Brut Ros\u00e9 DOCG Marchese Antinori Tenuta Montenisa (Astucciato) - Gustabacco - Menu Online<\/title>\n<meta name=\"robots\" content=\"index, follow, max-snippet:-1, max-image-preview:large, max-video-preview:-1\" \/>\n<link rel=\"canonical\" href=\"https:\/\/www.migliormenu.it\/gustabacco\/prodotto\/franciacorta-brut-rose-docg-marchese-antinori-tenuta-montenisa-astucciato\/\" \/>\n<meta property=\"og:locale\" content=\"it_IT\" \/>\n<meta property=\"og:type\" content=\"article\" \/>\n<meta property=\"og:title\" content=\"Franciacorta Brut Ros\u00e9 DOCG Marchese Antinori Tenuta Montenisa (Astucciato) - Gustabacco - Menu Online\" \/>\n<meta property=\"og:description\" content=\"Denominazione:&nbsp;Franciacorta DOCG Vitigni:&nbsp;pinot nero 100% Alcol:&nbsp;12.5% Formato:&nbsp;0.75l Temperatura di servizio:&nbsp;8\/10 &deg;C Momento per degustarlo:&nbsp;Cena tra amici Tipologia:&nbsp;Champagne e Spumante Abbinamenti:&nbsp;Antipasti di terra, Primi di terra\" \/>\n<meta property=\"og:url\" content=\"https:\/\/www.migliormenu.it\/gustabacco\/prodotto\/franciacorta-brut-rose-docg-marchese-antinori-tenuta-montenisa-astucciato\/\" \/>\n<meta property=\"og:site_name\" content=\"Gustabacco - Menu Online\" \/>\n<meta property=\"article:modified_time\" content=\"2023-04-14T09:29:03+00:00\" \/>\n<meta name=\"twitter:card\" content=\"summary_large_image\" \/>\n<script type=\"application\/ld+json\" class=\"yoast-schema-graph\">{\"@context\":\"https:\/\/schema.org\",\"@graph\":[{\"@type\":\"WebSite\",\"@id\":\"https:\/\/www.migliormenu.it\/gustabacco\/#website\",\"url\":\"https:\/\/www.migliormenu.it\/gustabacco\/\",\"name\":\"Gustabacco - Menu Online\",\"description\":\"Coffee, Food e Drink\",\"potentialAction\":[{\"@type\":\"SearchAction\",\"target\":\"https:\/\/www.migliormenu.it\/gustabacco\/?s={search_term_string}\",\"query-input\":\"required name=search_term_string\"}],\"inLanguage\":\"it-IT\"},{\"@type\":\"ImageObject\",\"@id\":\"https:\/\/www.migliormenu.it\/gustabacco\/prodotto\/franciacorta-brut-rose-docg-marchese-antinori-tenuta-montenisa-astucciato\/#primaryimage\",\"inLanguage\":\"it-IT\",\"url\":\"https:\/\/www.migliormenu.it\/gustabacco\/wp-content\/uploads\/2023\/04\/antinori-rose-astuccio.jpg\",\"width\":1180,\"height\":1180},{\"@type\":\"WebPage\",\"@id\":\"https:\/\/www.migliormenu.it\/gustabacco\/prodotto\/franciacorta-brut-rose-docg-marchese-antinori-tenuta-montenisa-astucciato\/#webpage\",\"url\":\"https:\/\/www.migliormenu.it\/gustabacco\/prodotto\/franciacorta-brut-rose-docg-marchese-antinori-tenuta-montenisa-astucciato\/\",\"name\":\"Franciacorta Brut Ros\\u00e9 DOCG Marchese Antinori Tenuta Montenisa (Astucciato) - Gustabacco - Menu Online\",\"isPartOf\":{\"@id\":\"https:\/\/www.migliormenu.it\/gustabacco\/#website\"},\"primaryImageOfPage\":{\"@id\":\"https:\/\/www.migliormenu.it\/gustabacco\/prodotto\/franciacorta-brut-rose-docg-marchese-antinori-tenuta-montenisa-astucciato\/#primaryimage\"},\"datePublished\":\"2023-04-14T09:28:47+00:00\",\"dateModified\":\"2023-04-14T09:29:03+00:00\",\"inLanguage\":\"it-IT\",\"potentialAction\":[{\"@type\":\"ReadAction\",\"target\":[\"https:\/\/www.migliormenu.it\/gustabacco\/prodotto\/franciacorta-brut-rose-docg-marchese-antinori-tenuta-montenisa-astucciato\/\"]}]}]}<\/script>\n<!-- \/ Yoast SEO plugin. -->","_links":{"self":[{"href":"https:\/\/www.migliormenu.it\/gustabacco\/wp-json\/wp\/v2\/product\/6221"}],"collection":[{"href":"https:\/\/www.migliormenu.it\/gustabacco\/wp-json\/wp\/v2\/product"}],"about":[{"href":"https:\/\/www.migliormenu.it\/gustabacco\/wp-json\/wp\/v2\/types\/product"}],"replies":[{"embeddable":true,"href":"https:\/\/www.migliormenu.it\/gustabacco\/wp-json\/wp\/v2\/comments?post=6221"}],"wp:featuredmedia":[{"embeddable":true,"href":"https:\/\/www.migliormenu.it\/gustabacco\/wp-json\/wp\/v2\/media\/3270"}],"wp:attachment":[{"href":"https:\/\/www.migliormenu.it\/gustabacco\/wp-json\/wp\/v2\/media?parent=6221"}],"curies":[{"name":"wp","href":"https:\/\/api.w.org\/{rel}","templated":true}]}}