{"id":6218,"date":"2023-04-14T11:28:46","date_gmt":"2023-04-14T09:28:46","guid":{"rendered":"https:\/\/www.migliormenu.it\/gustabacco\/prodotto\/import-placeholder-for-10475\/"},"modified":"2023-04-14T11:29:00","modified_gmt":"2023-04-14T09:29:00","slug":"cuvee-royale-franciacorta-brut-docg-marchese-antinori-tenuta-montenisa-astucciato","status":"publish","type":"product","link":"https:\/\/www.migliormenu.it\/gustabacco\/prodotto\/cuvee-royale-franciacorta-brut-docg-marchese-antinori-tenuta-montenisa-astucciato\/","title":{"rendered":"Cuv\u00e9e Royale Franciacorta Brut DOCG Marchese Antinori Tenuta Montenisa (Astucciato)"},"content":{"rendered":"<div class=\"w\">\n<section class=\"productPage__product-details\">\n<div class=\"productPage__description product-details\">\n<div class=\"lap-and-up__6\">\n<div class=\"toggle-block\">\n<p class=\"toggle-content\" data-toggle-content=\"product-details_perche_ci_piace\">La Cuv\u00e9e Royale di Montenisa \u00e8 il frutto di un sapiente taglio delle tre variet\u00e0 pi\u00f9 comuni della Franciacorta: chardonnay (in prevalenza), pinot nero e pinot bianco. Uno spumante di particolare piacevolezza, fresco e dinamico, il cui riposo sui lieviti si prolunga per ben 36 mesi: un periodo di tempo particolarmente significativo che la rende una delle cuv\u00e9e &ldquo;di ingresso&rdquo; pi\u00f9 interessanti della denominazione. Espressivo ed elegante, spicca per fragranza e per allungo.<\/p>\n<\/div>\n<\/div>\n<\/div>\n<\/section>\n<\/div>\n<section class=\"productSlider\">\n<div class=\"sectionHeader\">&nbsp;<\/div>\n<\/section>\n","protected":false},"excerpt":{"rendered":"<ul class=\"productPage__attributes\" id=\"product-attribute-specs-table\">\n<li><strong>Denominazione:&nbsp;<\/strong>Franciacorta DOCG<\/li>\n<li><strong>Vitigni:&nbsp;<\/strong>chardonnay 78%, pinot nero 12%, pinot bianco 10%<\/li>\n<li><strong>Alcol:&nbsp;<\/strong>12.5%<\/li>\n<li><strong>Formato:&nbsp;<\/strong>0.75l<\/li>\n<li><strong>Temperatura di servizio:&nbsp;<\/strong>8\/10 &deg;C<\/li>\n<li><strong>Momento per degustarlo:&nbsp;<\/strong>Cena tra amici<\/li>\n<li><strong>Tipologia:&nbsp;<\/strong>Champagne e Spumante<\/li>\n<li><strong>Abbinamenti:&nbsp;<\/strong>Antipasti di pesce, Piatti vegetariani, Primi di pesce<\/li>\n<\/ul>\n","protected":false},"featured_media":3269,"comment_status":"open","ping_status":"closed","template":"","meta":[],"yoast_head":"<!-- This site is optimized with the Yoast SEO plugin v15.7 - https:\/\/yoast.com\/wordpress\/plugins\/seo\/ -->\n<title>Cuv\u00e9e Royale Franciacorta Brut DOCG Marchese Antinori Tenuta Montenisa (Astucciato) - Gustabacco - Menu Online<\/title>\n<meta name=\"robots\" content=\"index, follow, max-snippet:-1, max-image-preview:large, max-video-preview:-1\" \/>\n<link rel=\"canonical\" href=\"https:\/\/www.migliormenu.it\/gustabacco\/prodotto\/cuvee-royale-franciacorta-brut-docg-marchese-antinori-tenuta-montenisa-astucciato\/\" \/>\n<meta property=\"og:locale\" content=\"it_IT\" \/>\n<meta property=\"og:type\" content=\"article\" \/>\n<meta property=\"og:title\" content=\"Cuv\u00e9e Royale Franciacorta Brut DOCG Marchese Antinori Tenuta Montenisa (Astucciato) - Gustabacco - Menu Online\" \/>\n<meta property=\"og:description\" content=\"Denominazione:&nbsp;Franciacorta DOCG Vitigni:&nbsp;chardonnay 78%, pinot nero 12%, pinot bianco 10% Alcol:&nbsp;12.5% Formato:&nbsp;0.75l Temperatura di servizio:&nbsp;8\/10 &deg;C Momento per degustarlo:&nbsp;Cena tra amici Tipologia:&nbsp;Champagne e Spumante Abbinamenti:&nbsp;Antipasti di pesce, Piatti vegetariani, Primi di pesce\" \/>\n<meta property=\"og:url\" content=\"https:\/\/www.migliormenu.it\/gustabacco\/prodotto\/cuvee-royale-franciacorta-brut-docg-marchese-antinori-tenuta-montenisa-astucciato\/\" \/>\n<meta property=\"og:site_name\" content=\"Gustabacco - Menu Online\" \/>\n<meta property=\"article:modified_time\" content=\"2023-04-14T09:29:00+00:00\" \/>\n<meta name=\"twitter:card\" content=\"summary_large_image\" \/>\n<script type=\"application\/ld+json\" class=\"yoast-schema-graph\">{\"@context\":\"https:\/\/schema.org\",\"@graph\":[{\"@type\":\"WebSite\",\"@id\":\"https:\/\/www.migliormenu.it\/gustabacco\/#website\",\"url\":\"https:\/\/www.migliormenu.it\/gustabacco\/\",\"name\":\"Gustabacco - Menu Online\",\"description\":\"Coffee, Food e Drink\",\"potentialAction\":[{\"@type\":\"SearchAction\",\"target\":\"https:\/\/www.migliormenu.it\/gustabacco\/?s={search_term_string}\",\"query-input\":\"required name=search_term_string\"}],\"inLanguage\":\"it-IT\"},{\"@type\":\"ImageObject\",\"@id\":\"https:\/\/www.migliormenu.it\/gustabacco\/prodotto\/cuvee-royale-franciacorta-brut-docg-marchese-antinori-tenuta-montenisa-astucciato\/#primaryimage\",\"inLanguage\":\"it-IT\",\"url\":\"https:\/\/www.migliormenu.it\/gustabacco\/wp-content\/uploads\/2023\/04\/cuvee-royale-astucciato.jpg\",\"width\":1180,\"height\":1180},{\"@type\":\"WebPage\",\"@id\":\"https:\/\/www.migliormenu.it\/gustabacco\/prodotto\/cuvee-royale-franciacorta-brut-docg-marchese-antinori-tenuta-montenisa-astucciato\/#webpage\",\"url\":\"https:\/\/www.migliormenu.it\/gustabacco\/prodotto\/cuvee-royale-franciacorta-brut-docg-marchese-antinori-tenuta-montenisa-astucciato\/\",\"name\":\"Cuv\\u00e9e Royale Franciacorta Brut DOCG Marchese Antinori Tenuta Montenisa (Astucciato) - Gustabacco - Menu Online\",\"isPartOf\":{\"@id\":\"https:\/\/www.migliormenu.it\/gustabacco\/#website\"},\"primaryImageOfPage\":{\"@id\":\"https:\/\/www.migliormenu.it\/gustabacco\/prodotto\/cuvee-royale-franciacorta-brut-docg-marchese-antinori-tenuta-montenisa-astucciato\/#primaryimage\"},\"datePublished\":\"2023-04-14T09:28:46+00:00\",\"dateModified\":\"2023-04-14T09:29:00+00:00\",\"inLanguage\":\"it-IT\",\"potentialAction\":[{\"@type\":\"ReadAction\",\"target\":[\"https:\/\/www.migliormenu.it\/gustabacco\/prodotto\/cuvee-royale-franciacorta-brut-docg-marchese-antinori-tenuta-montenisa-astucciato\/\"]}]}]}<\/script>\n<!-- \/ Yoast SEO plugin. -->","_links":{"self":[{"href":"https:\/\/www.migliormenu.it\/gustabacco\/wp-json\/wp\/v2\/product\/6218"}],"collection":[{"href":"https:\/\/www.migliormenu.it\/gustabacco\/wp-json\/wp\/v2\/product"}],"about":[{"href":"https:\/\/www.migliormenu.it\/gustabacco\/wp-json\/wp\/v2\/types\/product"}],"replies":[{"embeddable":true,"href":"https:\/\/www.migliormenu.it\/gustabacco\/wp-json\/wp\/v2\/comments?post=6218"}],"wp:featuredmedia":[{"embeddable":true,"href":"https:\/\/www.migliormenu.it\/gustabacco\/wp-json\/wp\/v2\/media\/3269"}],"wp:attachment":[{"href":"https:\/\/www.migliormenu.it\/gustabacco\/wp-json\/wp\/v2\/media?parent=6218"}],"curies":[{"name":"wp","href":"https:\/\/api.w.org\/{rel}","templated":true}]}}