{"id":6199,"date":"2023-04-14T11:28:25","date_gmt":"2023-04-14T09:28:25","guid":{"rendered":"https:\/\/www.migliormenu.it\/gustabacco\/prodotto\/import-placeholder-for-10123\/"},"modified":"2023-04-14T11:28:57","modified_gmt":"2023-04-14T09:28:57","slug":"champagne-brut-aoc-rose-alexandra-2004-laurent-perrier-cassetta-in-legno","status":"publish","type":"product","link":"https:\/\/www.migliormenu.it\/gustabacco\/prodotto\/champagne-brut-aoc-rose-alexandra-2004-laurent-perrier-cassetta-in-legno\/","title":{"rendered":"Champagne Brut AOC Ros\u00e8 Alexandra 2004 Laurent-Perrier Cassetta in Legno"},"content":{"rendered":"<div class=\"w\">\n<section class=\"productPage__product-details\">\n<div class=\"productPage__description product-details\">\n<div class=\"lap-and-up__6\">\n<div class=\"toggle-block\">\n<p>Questo champagne pu\u00f2 considerarsi a pieno titolo un inno all&rsquo;amore tra padre e figlia, quello tra&nbsp;<strong>Bernard de Nonancourt<\/strong> e sua figlia maggiore Alexandra. Cre\u00f2 questa cuv\u00e9e nel1987, in occasione del matrimonio di lei, per meglio celebrarla, ed il risultato fu eccezionale soprattutto perch\u00e9 era la prima volta che veniva prodotto un Ros\u00e9 Vintage e quindi segn\u00f2 l&rsquo;inizio di un nuovo corso per la produzione di&nbsp;<strong>cuv\u00e9e<\/strong>&nbsp;uniche e straordinarie. Ad oggi le figlie di Bernard, Alexandra e St\u00e9phanie, proseguono quanto iniziato dal padre, portando avanti l&rsquo;azienda con intraprendenza e dedizione, mantenendo altissimi gli standard che lui aveva tanto voluto. L&rsquo;amore continua.<\/p>\n<p>Oro rosa antico, al naso parla di peonia, violetta appassita e chiodi di garofano, anice stellato e cannella, crema e nocciola tostata, con una mineralit\u00e0 sullo sfondo che ricorda il gesso e la cipria. Sorso avvolgente, voluttuoso, cremoso nella sua complessit\u00e0, \u00e8 ricco nei rimandi olfattivi e perfettamente bilanciato tra la freschezza e la sapidit\u00e0. Grande lavoro sulle bollicine, veloci, vivaci, ancora giovani che promettono una lunga evoluzione<\/p>\n<\/div>\n<\/div>\n<\/div>\n<\/section>\n<\/div>\n<section class=\"productSlider\">\n<div class=\"sectionHeader\">&nbsp;<\/div>\n<\/section>\n","protected":false},"excerpt":{"rendered":"<ul class=\"productPage__attributes\" id=\"product-attribute-specs-table\">\n<li><strong>Denominazione:&nbsp;<\/strong>Champagne AOC<\/li>\n<li><strong>Vitigni: <\/strong>Chardonnay, Pinot Nero<\/li>\n<li><strong>Alcol:&nbsp;<\/strong>12%<\/li>\n<li><strong>Formato:&nbsp;<\/strong>0.75L In cassetta di legno<\/li>\n<li><strong>Temperatura di servizio: <\/strong>8\/10 &deg;C<\/li>\n<li><strong>Momento per degustarlo:&nbsp;<\/strong>Aperitivo<\/li>\n<li><strong>Tipologia:&nbsp;<\/strong>Champagne e Spumante<\/li>\n<li><strong>Abbinamenti: <\/strong>crostacei, capesante gratinate al burro, tartine al caviale<\/li>\n<\/ul>\n","protected":false},"featured_media":6240,"comment_status":"open","ping_status":"closed","template":"","meta":[],"yoast_head":"<!-- This site is optimized with the Yoast SEO plugin v15.7 - https:\/\/yoast.com\/wordpress\/plugins\/seo\/ -->\n<title>Champagne Brut AOC Ros\u00e8 Alexandra 2004 Laurent-Perrier Cassetta in Legno - Gustabacco - Menu Online<\/title>\n<meta name=\"robots\" content=\"index, follow, max-snippet:-1, max-image-preview:large, max-video-preview:-1\" \/>\n<link rel=\"canonical\" href=\"https:\/\/www.migliormenu.it\/gustabacco\/prodotto\/champagne-brut-aoc-rose-alexandra-2004-laurent-perrier-cassetta-in-legno\/\" \/>\n<meta property=\"og:locale\" content=\"it_IT\" \/>\n<meta property=\"og:type\" content=\"article\" \/>\n<meta property=\"og:title\" content=\"Champagne Brut AOC Ros\u00e8 Alexandra 2004 Laurent-Perrier Cassetta in Legno - Gustabacco - Menu Online\" \/>\n<meta property=\"og:description\" content=\"Denominazione:&nbsp;Champagne AOC Vitigni: Chardonnay, Pinot Nero Alcol:&nbsp;12% Formato:&nbsp;0.75L In cassetta di legno Temperatura di servizio: 8\/10 &deg;C Momento per degustarlo:&nbsp;Aperitivo Tipologia:&nbsp;Champagne e Spumante Abbinamenti: crostacei, capesante gratinate al burro, tartine al caviale\" \/>\n<meta property=\"og:url\" content=\"https:\/\/www.migliormenu.it\/gustabacco\/prodotto\/champagne-brut-aoc-rose-alexandra-2004-laurent-perrier-cassetta-in-legno\/\" \/>\n<meta property=\"og:site_name\" content=\"Gustabacco - Menu Online\" \/>\n<meta property=\"article:modified_time\" content=\"2023-04-14T09:28:57+00:00\" \/>\n<meta name=\"twitter:card\" content=\"summary_large_image\" \/>\n<meta name=\"twitter:label1\" content=\"Tempo di lettura stimato\">\n\t<meta name=\"twitter:data1\" content=\"1 minuto\">\n<script type=\"application\/ld+json\" class=\"yoast-schema-graph\">{\"@context\":\"https:\/\/schema.org\",\"@graph\":[{\"@type\":\"WebSite\",\"@id\":\"https:\/\/www.migliormenu.it\/gustabacco\/#website\",\"url\":\"https:\/\/www.migliormenu.it\/gustabacco\/\",\"name\":\"Gustabacco - Menu Online\",\"description\":\"Coffee, Food e Drink\",\"potentialAction\":[{\"@type\":\"SearchAction\",\"target\":\"https:\/\/www.migliormenu.it\/gustabacco\/?s={search_term_string}\",\"query-input\":\"required name=search_term_string\"}],\"inLanguage\":\"it-IT\"},{\"@type\":\"ImageObject\",\"@id\":\"https:\/\/www.migliormenu.it\/gustabacco\/prodotto\/champagne-brut-aoc-rose-alexandra-2004-laurent-perrier-cassetta-in-legno\/#primaryimage\",\"inLanguage\":\"it-IT\",\"url\":\"https:\/\/www.migliormenu.it\/gustabacco\/wp-content\/uploads\/2023\/04\/laurent-perrier-alexandra.jpg\",\"width\":1180,\"height\":1180},{\"@type\":\"WebPage\",\"@id\":\"https:\/\/www.migliormenu.it\/gustabacco\/prodotto\/champagne-brut-aoc-rose-alexandra-2004-laurent-perrier-cassetta-in-legno\/#webpage\",\"url\":\"https:\/\/www.migliormenu.it\/gustabacco\/prodotto\/champagne-brut-aoc-rose-alexandra-2004-laurent-perrier-cassetta-in-legno\/\",\"name\":\"Champagne Brut AOC Ros\\u00e8 Alexandra 2004 Laurent-Perrier Cassetta in Legno - Gustabacco - Menu Online\",\"isPartOf\":{\"@id\":\"https:\/\/www.migliormenu.it\/gustabacco\/#website\"},\"primaryImageOfPage\":{\"@id\":\"https:\/\/www.migliormenu.it\/gustabacco\/prodotto\/champagne-brut-aoc-rose-alexandra-2004-laurent-perrier-cassetta-in-legno\/#primaryimage\"},\"datePublished\":\"2023-04-14T09:28:25+00:00\",\"dateModified\":\"2023-04-14T09:28:57+00:00\",\"inLanguage\":\"it-IT\",\"potentialAction\":[{\"@type\":\"ReadAction\",\"target\":[\"https:\/\/www.migliormenu.it\/gustabacco\/prodotto\/champagne-brut-aoc-rose-alexandra-2004-laurent-perrier-cassetta-in-legno\/\"]}]}]}<\/script>\n<!-- \/ Yoast SEO plugin. -->","_links":{"self":[{"href":"https:\/\/www.migliormenu.it\/gustabacco\/wp-json\/wp\/v2\/product\/6199"}],"collection":[{"href":"https:\/\/www.migliormenu.it\/gustabacco\/wp-json\/wp\/v2\/product"}],"about":[{"href":"https:\/\/www.migliormenu.it\/gustabacco\/wp-json\/wp\/v2\/types\/product"}],"replies":[{"embeddable":true,"href":"https:\/\/www.migliormenu.it\/gustabacco\/wp-json\/wp\/v2\/comments?post=6199"}],"wp:featuredmedia":[{"embeddable":true,"href":"https:\/\/www.migliormenu.it\/gustabacco\/wp-json\/wp\/v2\/media\/6240"}],"wp:attachment":[{"href":"https:\/\/www.migliormenu.it\/gustabacco\/wp-json\/wp\/v2\/media?parent=6199"}],"curies":[{"name":"wp","href":"https:\/\/api.w.org\/{rel}","templated":true}]}}