{"id":6198,"date":"2023-04-14T11:28:25","date_gmt":"2023-04-14T09:28:25","guid":{"rendered":"https:\/\/www.migliormenu.it\/gustabacco\/prodotto\/import-placeholder-for-10120\/"},"modified":"2023-04-14T11:28:56","modified_gmt":"2023-04-14T09:28:56","slug":"champagne-brut-grand-siecle-n24-laurent-perrier-astucciato","status":"publish","type":"product","link":"https:\/\/www.migliormenu.it\/gustabacco\/prodotto\/champagne-brut-grand-siecle-n24-laurent-perrier-astucciato\/","title":{"rendered":"Champagne Brut Grand Si\u00e8cle N\u00b024 Laurent-Perrier Astucciato"},"content":{"rendered":"<div class=\"w\">\n<section class=\"productPage__product-details\">\n<div class=\"productPage__description product-details\">\n<div class=\"lap-and-up__6\">\n<div class=\"toggle-block\">\n<div class=\"w\">\n<section class=\"productPage__product-details\">\n<div class=\"productPage__description product-details\">\n<div class=\"lap-and-up__6\">\n<div class=\"toggle-block\">\n<p class=\"toggle-content\" data-toggle-content=\"product-details_perche_ci_piace\">Vinificato per la prima volta nel 1959, lo Champagne Brut &ldquo;Grand Si\u00e8cle&rdquo; &#8211; Laurent-Perrier combina raffinatezza, potenza ed equilibrio, nascendo da uve provenienti dai pi\u00f9 prestigiosi cru della regione. Riposa sui lieviti dai sette agli otto anni, e ricorda nel nome il XVII secolo, chiamato appunto &ldquo;Grand Si\u00e8cle&rdquo;, perch\u00e9 epoca in cui con la corte del Re Sole Luigi XIV fiorirono le arti e inizi\u00f2 a essere apprezzato il buon cibo. \u00c8 distribuito con una bottiglia elegante e dal collo lungo e snello, che ricorda i contenitori soffiati a bocca dai mastri vetrai nei quali era imbottigliato lo Champagne proprio per la corte reale francese.<br \/>\nNobile e distinto, \u00e8 il meglio del meglio.<\/p>\n<\/div>\n<\/div>\n<\/div>\n<\/section>\n<\/div>\n<section class=\"productSlider\">\n<div class=\"sectionHeader\">&nbsp;<\/div>\n<\/section>\n<\/div>\n<\/div>\n<\/div>\n<\/section>\n<\/div>\n<section class=\"productSlider\">\n<div class=\"sectionHeader\">&nbsp;<\/div>\n<\/section>\n","protected":false},"excerpt":{"rendered":"<ul class=\"productPage__attributes\" id=\"product-attribute-specs-table\">\n<li><strong>Denominazione:&nbsp;<\/strong>Champagne AOC<\/li>\n<li><strong>Vitigni:&nbsp;<\/strong>chardonnay 55%, pinot noir 45%<\/li>\n<li><strong>Alcol:&nbsp;<\/strong>12.5%<\/li>\n<li><strong>Formato:&nbsp;<\/strong>0.75l<\/li>\n<li><strong>Consumo ideale:&nbsp;<\/strong>2015\/2025<\/li>\n<li><strong>Temperatura di servizio:&nbsp;<\/strong>8\/10 &deg;C<\/li>\n<li><strong>Momento per degustarlo:&nbsp;<\/strong>Occasioni speciali<\/li>\n<li><strong>Tipologia:&nbsp;<\/strong>Champagne e Spumante<\/li>\n<li><strong>Abbinamenti:&nbsp;<\/strong>Crostacei, Molluschi, Secondi di pesce<\/li>\n<\/ul>\n<p><span style=\"text-decoration: underline\">Premi e Riconoscimenti:<\/span><\/p>\n<ul class=\"productItem__awards productItem__awards--large\">\n<li><strong>WINE ENTHUSIAST<\/strong>&nbsp;<em>97\/100<\/em><\/li>\n<li><strong>ANTONIO GALLONI<\/strong>&nbsp;<em>96\/100<\/em><\/li>\n<li><strong>DECANTER<\/strong>&nbsp;<em>96\/100<\/em><\/li>\n<\/ul>\n","protected":false},"featured_media":6239,"comment_status":"open","ping_status":"closed","template":"","meta":[],"yoast_head":"<!-- This site is optimized with the Yoast SEO plugin v15.7 - https:\/\/yoast.com\/wordpress\/plugins\/seo\/ -->\n<title>Champagne Brut Grand Si\u00e8cle N\u00b024 Laurent-Perrier Astucciato - Gustabacco - Menu Online<\/title>\n<meta name=\"robots\" content=\"index, follow, max-snippet:-1, max-image-preview:large, max-video-preview:-1\" \/>\n<link rel=\"canonical\" href=\"https:\/\/www.migliormenu.it\/gustabacco\/prodotto\/champagne-brut-grand-siecle-n24-laurent-perrier-astucciato\/\" \/>\n<meta property=\"og:locale\" content=\"it_IT\" \/>\n<meta property=\"og:type\" content=\"article\" \/>\n<meta property=\"og:title\" content=\"Champagne Brut Grand Si\u00e8cle N\u00b024 Laurent-Perrier Astucciato - Gustabacco - Menu Online\" \/>\n<meta property=\"og:description\" content=\"Denominazione:&nbsp;Champagne AOC Vitigni:&nbsp;chardonnay 55%, pinot noir 45% Alcol:&nbsp;12.5% Formato:&nbsp;0.75l Consumo ideale:&nbsp;2015\/2025 Temperatura di servizio:&nbsp;8\/10 &deg;C Momento per degustarlo:&nbsp;Occasioni speciali Tipologia:&nbsp;Champagne e Spumante Abbinamenti:&nbsp;Crostacei, Molluschi, Secondi di pesce  Premi e Riconoscimenti:  WINE ENTHUSIAST&nbsp;97\/100 ANTONIO GALLONI&nbsp;96\/100 DECANTER&nbsp;96\/100\" \/>\n<meta property=\"og:url\" content=\"https:\/\/www.migliormenu.it\/gustabacco\/prodotto\/champagne-brut-grand-siecle-n24-laurent-perrier-astucciato\/\" \/>\n<meta property=\"og:site_name\" content=\"Gustabacco - Menu Online\" \/>\n<meta property=\"article:modified_time\" content=\"2023-04-14T09:28:56+00:00\" \/>\n<meta name=\"twitter:card\" content=\"summary_large_image\" \/>\n<meta name=\"twitter:label1\" content=\"Tempo di lettura stimato\">\n\t<meta name=\"twitter:data1\" content=\"1 minuto\">\n<script type=\"application\/ld+json\" class=\"yoast-schema-graph\">{\"@context\":\"https:\/\/schema.org\",\"@graph\":[{\"@type\":\"WebSite\",\"@id\":\"https:\/\/www.migliormenu.it\/gustabacco\/#website\",\"url\":\"https:\/\/www.migliormenu.it\/gustabacco\/\",\"name\":\"Gustabacco - Menu Online\",\"description\":\"Coffee, Food e Drink\",\"potentialAction\":[{\"@type\":\"SearchAction\",\"target\":\"https:\/\/www.migliormenu.it\/gustabacco\/?s={search_term_string}\",\"query-input\":\"required name=search_term_string\"}],\"inLanguage\":\"it-IT\"},{\"@type\":\"ImageObject\",\"@id\":\"https:\/\/www.migliormenu.it\/gustabacco\/prodotto\/champagne-brut-grand-siecle-n24-laurent-perrier-astucciato\/#primaryimage\",\"inLanguage\":\"it-IT\",\"url\":\"https:\/\/www.migliormenu.it\/gustabacco\/wp-content\/uploads\/2023\/04\/2767.jpg\",\"width\":1180,\"height\":1180},{\"@type\":\"WebPage\",\"@id\":\"https:\/\/www.migliormenu.it\/gustabacco\/prodotto\/champagne-brut-grand-siecle-n24-laurent-perrier-astucciato\/#webpage\",\"url\":\"https:\/\/www.migliormenu.it\/gustabacco\/prodotto\/champagne-brut-grand-siecle-n24-laurent-perrier-astucciato\/\",\"name\":\"Champagne Brut Grand Si\\u00e8cle N\\u00b024 Laurent-Perrier Astucciato - Gustabacco - Menu Online\",\"isPartOf\":{\"@id\":\"https:\/\/www.migliormenu.it\/gustabacco\/#website\"},\"primaryImageOfPage\":{\"@id\":\"https:\/\/www.migliormenu.it\/gustabacco\/prodotto\/champagne-brut-grand-siecle-n24-laurent-perrier-astucciato\/#primaryimage\"},\"datePublished\":\"2023-04-14T09:28:25+00:00\",\"dateModified\":\"2023-04-14T09:28:56+00:00\",\"inLanguage\":\"it-IT\",\"potentialAction\":[{\"@type\":\"ReadAction\",\"target\":[\"https:\/\/www.migliormenu.it\/gustabacco\/prodotto\/champagne-brut-grand-siecle-n24-laurent-perrier-astucciato\/\"]}]}]}<\/script>\n<!-- \/ Yoast SEO plugin. -->","_links":{"self":[{"href":"https:\/\/www.migliormenu.it\/gustabacco\/wp-json\/wp\/v2\/product\/6198"}],"collection":[{"href":"https:\/\/www.migliormenu.it\/gustabacco\/wp-json\/wp\/v2\/product"}],"about":[{"href":"https:\/\/www.migliormenu.it\/gustabacco\/wp-json\/wp\/v2\/types\/product"}],"replies":[{"embeddable":true,"href":"https:\/\/www.migliormenu.it\/gustabacco\/wp-json\/wp\/v2\/comments?post=6198"}],"wp:featuredmedia":[{"embeddable":true,"href":"https:\/\/www.migliormenu.it\/gustabacco\/wp-json\/wp\/v2\/media\/6239"}],"wp:attachment":[{"href":"https:\/\/www.migliormenu.it\/gustabacco\/wp-json\/wp\/v2\/media?parent=6198"}],"curies":[{"name":"wp","href":"https:\/\/api.w.org\/{rel}","templated":true}]}}