{"id":6154,"date":"2023-04-14T11:28:00","date_gmt":"2023-04-14T09:28:00","guid":{"rendered":"https:\/\/www.migliormenu.it\/gustabacco\/prodotto\/import-placeholder-for-5415\/"},"modified":"2023-04-14T11:28:18","modified_gmt":"2023-04-14T09:28:18","slug":"champagne-extra-brut-premiere-cuvee-bruno-paillard-750ml","status":"publish","type":"product","link":"https:\/\/www.migliormenu.it\/gustabacco\/prodotto\/champagne-extra-brut-premiere-cuvee-bruno-paillard-750ml\/","title":{"rendered":"Champagne Extra Brut Premi\u00e8re Cuv\u00e9e Bruno Paillard 750ml"},"content":{"rendered":"<p><strong>Bruno Paillard<\/strong>, discendente da una famiglia di mediatori e vigneron, in Champagne da pi\u00f9 di tre secoli, crea nel 1981 la propria Maison; il suo principale intento \u00e8 quello di ottenere la quintessenza di ogni<strong> grande Cru della Champagne<\/strong> per poi creare, con l&#039;assemblaggio, un grande vino, in grado di distinguersi per eleganza e purezza.<\/p>\n<p>Oggi, quella di Bruno Paillard \u00e8 una Maison che si sviluppa su 32 ettari vitati, di cui 12 ricompresi all&rsquo;interno di zone classificate come <strong>Grand Crus<\/strong>. In cantina, inoltre, la permanenza sui lieviti \u00e8 lunga, da due a cinque volte superiore rispetto alla media, in funzione della tipologia della Cuv\u00e9e; tutti i vini sono <strong>Extra Brut,<\/strong> la data di sboccatura \u00e8 sempre scritta sulla contro-etichetta e lo stile \u00e8 sempre riconoscibilissimo, cos\u00ec come la purezza, la complessit\u00e0 e la mineralit\u00e0 dei prodotti a firma Bruno Paillard.<\/p>\n<p>Realt\u00e0 produttiva, ormai, pi\u00f9 che affermata, la Maison \u00e8 oggi totalmente indipendente ed \u00e8 gestita anche da Alice, figlia del fondatore; ogni anno, poi, d\u00e0 vita a numerose etichette, commercializzate in ben 30 diversi paesi del mondo, dall&rsquo;Europa all&rsquo;Asia, passando per il Nord America.<\/p>\n","protected":false},"excerpt":{"rendered":"<div class=\"w\">\n<section class=\"productPage__product-details\">\n<div class=\"productPage__description product-details\">\n<div class=\"lap-and-up__6\">\n<div class=\"toggle-block\">\n<div class=\"prodotto__descrizione__breve formatted-content\">\n<div class=\"prodotto__descrizione__breve formatted-content\">\n<p>Il<strong> Premi\u00e8re Cuv\u00e9e<\/strong> \u00e8 lo&nbsp;Champagne&nbsp;pi\u00f9 rappresentativo della maison Bruno Paillard, ottenuto da un blend delle tre uve tipiche del territorio raccolte e selezionate dai <strong>35 cru della regione<\/strong>. Il delicato profilo olfattivo profuma di agrumi, frutta bianca ed esotica con note di pasticceria. Il gusto \u00e8 soffice e vivace, pulito e di grande fascino, animato da un perlage di grana fine e di lunga persistenza<\/p>\n<\/div>\n<div class=\"prodotto__box-acquista\">\n<div class=\"grid prodotto__box-acquista__grid\">\n<div class=\"grid__item tab-11-12\">&nbsp;<\/div>\n<\/div>\n<\/div>\n<\/div>\n<\/div>\n<\/div>\n<\/div>\n<\/section>\n<\/div>\n<section class=\"productSlider\">\n<div class=\"sectionHeader\">\n<ul class=\"productPage__attributes\" id=\"product-attribute-specs-table\">\n<li><strong>Denominazione:&nbsp;<\/strong>Champagne AOC<\/li>\n<li><strong>Vitigni: <\/strong>Pinot Noir 45%, Chardonnay 33%, Pinot Meunier 22%<\/li>\n<li><strong>Alcol:&nbsp;<\/strong>12%<\/li>\n<li><strong>Formato:&nbsp;<\/strong>0.75l<\/li>\n<li><strong>Temperatura di servizio: <\/strong>8&deg;-10&deg;C<\/li>\n<li><strong>Tipologia:&nbsp;<\/strong>Champagne e Spumante<\/li>\n<li><strong>Abbinamenti:&nbsp;<\/strong>Antipasti di pesce, Crudit\u00e0 di pesce, Primi di pesce<\/li>\n<\/ul>\n<\/div>\n<\/section>\n","protected":false},"featured_media":6181,"comment_status":"open","ping_status":"closed","template":"","meta":[],"yoast_head":"<!-- This site is optimized with the Yoast SEO plugin v15.7 - https:\/\/yoast.com\/wordpress\/plugins\/seo\/ -->\n<title>Champagne Extra Brut Premi\u00e8re Cuv\u00e9e Bruno Paillard 750ml - Gustabacco - Menu Online<\/title>\n<meta name=\"robots\" content=\"index, follow, max-snippet:-1, max-image-preview:large, max-video-preview:-1\" \/>\n<link rel=\"canonical\" href=\"https:\/\/www.migliormenu.it\/gustabacco\/prodotto\/champagne-extra-brut-premiere-cuvee-bruno-paillard-750ml\/\" \/>\n<meta property=\"og:locale\" content=\"it_IT\" \/>\n<meta property=\"og:type\" content=\"article\" \/>\n<meta property=\"og:title\" content=\"Champagne Extra Brut Premi\u00e8re Cuv\u00e9e Bruno Paillard 750ml - Gustabacco - Menu Online\" \/>\n<meta property=\"og:description\" content=\"Il Premi\u00e8re Cuv\u00e9e \u00e8 lo&nbsp;Champagne&nbsp;pi\u00f9 rappresentativo della maison Bruno Paillard, ottenuto da un blend delle tre uve tipiche del territorio raccolte e selezionate dai 35 cru della regione. Il delicato profilo olfattivo profuma di agrumi, frutta bianca ed esotica con note di pasticceria. Il gusto \u00e8 soffice e vivace, pulito e di grande fascino, animato da un perlage di grana fine e di lunga persistenza   &nbsp;       Denominazione:&nbsp;Champagne AOC Vitigni: Pinot Noir 45%, Chardonnay 33%, Pinot Meunier 22% Alcol:&nbsp;12% Formato:&nbsp;0.75l Temperatura di servizio: 8&deg;-10&deg;C Tipologia:&nbsp;Champagne e Spumante Abbinamenti:&nbsp;Antipasti di pesce, Crudit\u00e0 di pesce, Primi di pesce\" \/>\n<meta property=\"og:url\" content=\"https:\/\/www.migliormenu.it\/gustabacco\/prodotto\/champagne-extra-brut-premiere-cuvee-bruno-paillard-750ml\/\" \/>\n<meta property=\"og:site_name\" content=\"Gustabacco - Menu Online\" \/>\n<meta property=\"article:modified_time\" content=\"2023-04-14T09:28:18+00:00\" \/>\n<meta name=\"twitter:card\" content=\"summary_large_image\" \/>\n<meta name=\"twitter:label1\" content=\"Tempo di lettura stimato\">\n\t<meta name=\"twitter:data1\" content=\"1 minuto\">\n<script type=\"application\/ld+json\" class=\"yoast-schema-graph\">{\"@context\":\"https:\/\/schema.org\",\"@graph\":[{\"@type\":\"WebSite\",\"@id\":\"https:\/\/www.migliormenu.it\/gustabacco\/#website\",\"url\":\"https:\/\/www.migliormenu.it\/gustabacco\/\",\"name\":\"Gustabacco - Menu Online\",\"description\":\"Coffee, Food e Drink\",\"potentialAction\":[{\"@type\":\"SearchAction\",\"target\":\"https:\/\/www.migliormenu.it\/gustabacco\/?s={search_term_string}\",\"query-input\":\"required name=search_term_string\"}],\"inLanguage\":\"it-IT\"},{\"@type\":\"ImageObject\",\"@id\":\"https:\/\/www.migliormenu.it\/gustabacco\/prodotto\/champagne-extra-brut-premiere-cuvee-bruno-paillard-750ml\/#primaryimage\",\"inLanguage\":\"it-IT\",\"url\":\"https:\/\/www.migliormenu.it\/gustabacco\/wp-content\/uploads\/2023\/04\/champange-bruno-paillard-premiere-cuvee.jpg\",\"width\":1180,\"height\":1180},{\"@type\":\"WebPage\",\"@id\":\"https:\/\/www.migliormenu.it\/gustabacco\/prodotto\/champagne-extra-brut-premiere-cuvee-bruno-paillard-750ml\/#webpage\",\"url\":\"https:\/\/www.migliormenu.it\/gustabacco\/prodotto\/champagne-extra-brut-premiere-cuvee-bruno-paillard-750ml\/\",\"name\":\"Champagne Extra Brut Premi\\u00e8re Cuv\\u00e9e Bruno Paillard 750ml - Gustabacco - Menu Online\",\"isPartOf\":{\"@id\":\"https:\/\/www.migliormenu.it\/gustabacco\/#website\"},\"primaryImageOfPage\":{\"@id\":\"https:\/\/www.migliormenu.it\/gustabacco\/prodotto\/champagne-extra-brut-premiere-cuvee-bruno-paillard-750ml\/#primaryimage\"},\"datePublished\":\"2023-04-14T09:28:00+00:00\",\"dateModified\":\"2023-04-14T09:28:18+00:00\",\"inLanguage\":\"it-IT\",\"potentialAction\":[{\"@type\":\"ReadAction\",\"target\":[\"https:\/\/www.migliormenu.it\/gustabacco\/prodotto\/champagne-extra-brut-premiere-cuvee-bruno-paillard-750ml\/\"]}]}]}<\/script>\n<!-- \/ Yoast SEO plugin. -->","_links":{"self":[{"href":"https:\/\/www.migliormenu.it\/gustabacco\/wp-json\/wp\/v2\/product\/6154"}],"collection":[{"href":"https:\/\/www.migliormenu.it\/gustabacco\/wp-json\/wp\/v2\/product"}],"about":[{"href":"https:\/\/www.migliormenu.it\/gustabacco\/wp-json\/wp\/v2\/types\/product"}],"replies":[{"embeddable":true,"href":"https:\/\/www.migliormenu.it\/gustabacco\/wp-json\/wp\/v2\/comments?post=6154"}],"wp:featuredmedia":[{"embeddable":true,"href":"https:\/\/www.migliormenu.it\/gustabacco\/wp-json\/wp\/v2\/media\/6181"}],"wp:attachment":[{"href":"https:\/\/www.migliormenu.it\/gustabacco\/wp-json\/wp\/v2\/media?parent=6154"}],"curies":[{"name":"wp","href":"https:\/\/api.w.org\/{rel}","templated":true}]}}