{"id":6132,"date":"2023-04-14T11:27:39","date_gmt":"2023-04-14T09:27:39","guid":{"rendered":"https:\/\/www.migliormenu.it\/gustabacco\/prodotto\/import-placeholder-for-5394\/"},"modified":"2023-04-14T11:28:09","modified_gmt":"2023-04-14T09:28:09","slug":"franciacorta-docg-extra-brut-cuvee-prestige-45-edizione-ca-del-bosco-astucciato","status":"publish","type":"product","link":"https:\/\/www.migliormenu.it\/gustabacco\/prodotto\/franciacorta-docg-extra-brut-cuvee-prestige-45-edizione-ca-del-bosco-astucciato\/","title":{"rendered":"Franciacorta DOCG Extra Brut Cuv\u00e8e Prestige 45\u00b0 Edizione C\u00e0 Del Bosco Astucciato"},"content":{"rendered":"<p>Nata nel 1976&nbsp;con il nome Franciacorta Pinot, rappresenta il nostro primo passo nel mondo dei Franciacorta. Nel 1991, con il nome Franciacorta Brut N.V., assume uno stile sempre pi\u00f9 riconoscibile e fedele al terroir. Nel 2005, dopo oltre 30 anni di ricerca e dedizione, diventa Cuv\u00e9e Prestige e acquisisce una sua Identit\u00e0 ben definita. Dopo una&nbsp;costante riduzione del dosaggio alla sboccatura&nbsp;atto ad esaltare le caratteristiche delle uve di provenienza, con la vendemmia 2017 si arricchisce dell&#039;attributo&nbsp;Edizione, per permettere di fissare nella memoria degustativa le diverse sfumature di ogni interpretazione.<\/p>\n","protected":false},"excerpt":{"rendered":"<table border=\"0\" cellpadding=\"0\" cellspacing=\"0\" style=\"width:680px\" width=\"680\">\n<tbody>\n<tr>\n<td style=\"width:151px;height:22px\">\n<p><strong>NOME COMPLETO<\/strong><\/p>\n<\/td>\n<td style=\"width:530px;height:22px\">\n<p>Franciacorta DOCG Extra Brut Cuv\u00e8e Prestige 45&deg; Edizione C\u00e0 Del Bosco<\/p>\n<\/td>\n<\/tr>\n<tr>\n<td style=\"width:151px;height:22px\">\n<p><strong>DENOMINAZIONE<\/strong><\/p>\n<\/td>\n<td style=\"width:530px;height:22px\">\n<p>Franciacorta DOCG<\/p>\n<\/td>\n<\/tr>\n<tr>\n<td style=\"width:151px;height:22px\">\n<p><strong>ANNATA<\/strong><\/p>\n<\/td>\n<td style=\"width:530px;height:22px\">\n<p>NV<\/p>\n<\/td>\n<\/tr>\n<tr>\n<td style=\"width:151px;height:22px\">\n<p><strong>TIPOLOGIA<\/strong><\/p>\n<\/td>\n<td style=\"width:530px;height:22px\">\n<p>Spumante<\/p>\n<\/td>\n<\/tr>\n<tr>\n<td style=\"width:151px;height:22px\">\n<p><strong>PAESE<\/strong><\/p>\n<\/td>\n<td style=\"width:530px;height:22px\">\n<p>Italia<\/p>\n<\/td>\n<\/tr>\n<tr>\n<td style=\"width:151px;height:22px\">\n<p><strong>REGIONE<\/strong><\/p>\n<\/td>\n<td style=\"width:530px;height:22px\">\n<p>Lombardia<\/p>\n<\/td>\n<\/tr>\n<tr>\n<td style=\"width:151px;height:22px\">\n<p><strong>VITIGNO<\/strong><\/p>\n<\/td>\n<td style=\"width:530px;height:22px\">\n<p>Chardonnay 82%, Pinot Nero 16.5%, Pinot Bianco 1.5%<\/p>\n<\/td>\n<\/tr>\n<tr>\n<td style=\"width:151px;height:22px\">\n<p><strong>AFFINAMENTO<\/strong><\/p>\n<\/td>\n<td style=\"width:530px;height:22px\">\n<p>25 mesi sui lieviti<\/p>\n<\/td>\n<\/tr>\n<tr>\n<td style=\"width:151px;height:22px\">\n<p><strong>FORMATO<\/strong><\/p>\n<\/td>\n<td style=\"width:530px;height:22px\">\n<p>0,75 L<\/p>\n<\/td>\n<\/tr>\n<tr>\n<td style=\"width:151px;height:22px\">\n<p><strong>AROMI<\/strong><\/p>\n<\/td>\n<td style=\"width:530px;height:22px\">\n<p>Frutta esotica, pesca, mela, agrumi, mandorle<\/p>\n<\/td>\n<\/tr>\n<tr>\n<td style=\"width:151px;height:22px\">\n<p><strong>ABBINAMENTO<\/strong><\/p>\n<\/td>\n<td style=\"width:530px;height:22px\">\n<p>Carpacci di pesce, crudi di pesce, sushi, aperitivi<\/p>\n<\/td>\n<\/tr>\n<tr>\n<td style=\"width:151px;height:22px\">\n<p><strong>GRADO ALCOLICO<\/strong><\/p>\n<\/td>\n<td style=\"width:530px;height:22px\">\n<p>12,5 %<\/p>\n<\/td>\n<\/tr>\n<tr>\n<td style=\"width:151px;height:22px\">\n<p><strong>TEMPERATURA<\/strong><\/p>\n<\/td>\n<td style=\"width:530px;height:22px\">\n<p>8 &ndash; 10 &deg;C<\/p>\n<\/td>\n<\/tr>\n<tr>\n<td style=\"width:151px;height:22px\">\n<p><strong>SOLFITI<\/strong><\/p>\n<\/td>\n<td style=\"width:530px;height:22px\">\n<p>Contiene solfiti<\/p>\n<\/td>\n<\/tr>\n<\/tbody>\n<\/table>\n","protected":false},"featured_media":3131,"comment_status":"open","ping_status":"closed","template":"","meta":[],"yoast_head":"<!-- This site is optimized with the Yoast SEO plugin v15.7 - https:\/\/yoast.com\/wordpress\/plugins\/seo\/ -->\n<title>Franciacorta DOCG Extra Brut Cuv\u00e8e Prestige 45\u00b0 Edizione C\u00e0 Del Bosco Astucciato - Gustabacco - Menu Online<\/title>\n<meta name=\"robots\" content=\"index, follow, max-snippet:-1, max-image-preview:large, max-video-preview:-1\" \/>\n<link rel=\"canonical\" href=\"https:\/\/www.migliormenu.it\/gustabacco\/prodotto\/franciacorta-docg-extra-brut-cuvee-prestige-45-edizione-ca-del-bosco-astucciato\/\" \/>\n<meta property=\"og:locale\" content=\"it_IT\" \/>\n<meta property=\"og:type\" content=\"article\" \/>\n<meta property=\"og:title\" content=\"Franciacorta DOCG Extra Brut Cuv\u00e8e Prestige 45\u00b0 Edizione C\u00e0 Del Bosco Astucciato - Gustabacco - Menu Online\" \/>\n<meta property=\"og:description\" content=\"NOME COMPLETO      Franciacorta DOCG Extra Brut Cuv\u00e8e Prestige 45&deg; Edizione C\u00e0 Del Bosco         DENOMINAZIONE      Franciacorta DOCG         ANNATA      NV         TIPOLOGIA      Spumante         PAESE      Italia         REGIONE      Lombardia         VITIGNO      Chardonnay 82%, Pinot Nero 16.5%, Pinot Bianco 1.5%         AFFINAMENTO      25 mesi sui lieviti         FORMATO      0,75 L         AROMI      Frutta esotica, pesca, mela, agrumi, mandorle         ABBINAMENTO      Carpacci di pesce, crudi di pesce, sushi, aperitivi         GRADO ALCOLICO      12,5 %         TEMPERATURA      8 &ndash; 10 &deg;C         SOLFITI      Contiene solfiti\" \/>\n<meta property=\"og:url\" content=\"https:\/\/www.migliormenu.it\/gustabacco\/prodotto\/franciacorta-docg-extra-brut-cuvee-prestige-45-edizione-ca-del-bosco-astucciato\/\" \/>\n<meta property=\"og:site_name\" content=\"Gustabacco - Menu Online\" \/>\n<meta property=\"article:modified_time\" content=\"2023-04-14T09:28:09+00:00\" \/>\n<meta name=\"twitter:card\" content=\"summary_large_image\" \/>\n<script type=\"application\/ld+json\" class=\"yoast-schema-graph\">{\"@context\":\"https:\/\/schema.org\",\"@graph\":[{\"@type\":\"WebSite\",\"@id\":\"https:\/\/www.migliormenu.it\/gustabacco\/#website\",\"url\":\"https:\/\/www.migliormenu.it\/gustabacco\/\",\"name\":\"Gustabacco - Menu Online\",\"description\":\"Coffee, Food e Drink\",\"potentialAction\":[{\"@type\":\"SearchAction\",\"target\":\"https:\/\/www.migliormenu.it\/gustabacco\/?s={search_term_string}\",\"query-input\":\"required name=search_term_string\"}],\"inLanguage\":\"it-IT\"},{\"@type\":\"ImageObject\",\"@id\":\"https:\/\/www.migliormenu.it\/gustabacco\/prodotto\/franciacorta-docg-extra-brut-cuvee-prestige-45-edizione-ca-del-bosco-astucciato\/#primaryimage\",\"inLanguage\":\"it-IT\",\"url\":\"https:\/\/www.migliormenu.it\/gustabacco\/wp-content\/uploads\/2023\/04\/2722.jpg\",\"width\":1180,\"height\":1180},{\"@type\":\"WebPage\",\"@id\":\"https:\/\/www.migliormenu.it\/gustabacco\/prodotto\/franciacorta-docg-extra-brut-cuvee-prestige-45-edizione-ca-del-bosco-astucciato\/#webpage\",\"url\":\"https:\/\/www.migliormenu.it\/gustabacco\/prodotto\/franciacorta-docg-extra-brut-cuvee-prestige-45-edizione-ca-del-bosco-astucciato\/\",\"name\":\"Franciacorta DOCG Extra Brut Cuv\\u00e8e Prestige 45\\u00b0 Edizione C\\u00e0 Del Bosco Astucciato - Gustabacco - Menu Online\",\"isPartOf\":{\"@id\":\"https:\/\/www.migliormenu.it\/gustabacco\/#website\"},\"primaryImageOfPage\":{\"@id\":\"https:\/\/www.migliormenu.it\/gustabacco\/prodotto\/franciacorta-docg-extra-brut-cuvee-prestige-45-edizione-ca-del-bosco-astucciato\/#primaryimage\"},\"datePublished\":\"2023-04-14T09:27:39+00:00\",\"dateModified\":\"2023-04-14T09:28:09+00:00\",\"inLanguage\":\"it-IT\",\"potentialAction\":[{\"@type\":\"ReadAction\",\"target\":[\"https:\/\/www.migliormenu.it\/gustabacco\/prodotto\/franciacorta-docg-extra-brut-cuvee-prestige-45-edizione-ca-del-bosco-astucciato\/\"]}]}]}<\/script>\n<!-- \/ Yoast SEO plugin. -->","_links":{"self":[{"href":"https:\/\/www.migliormenu.it\/gustabacco\/wp-json\/wp\/v2\/product\/6132"}],"collection":[{"href":"https:\/\/www.migliormenu.it\/gustabacco\/wp-json\/wp\/v2\/product"}],"about":[{"href":"https:\/\/www.migliormenu.it\/gustabacco\/wp-json\/wp\/v2\/types\/product"}],"replies":[{"embeddable":true,"href":"https:\/\/www.migliormenu.it\/gustabacco\/wp-json\/wp\/v2\/comments?post=6132"}],"wp:featuredmedia":[{"embeddable":true,"href":"https:\/\/www.migliormenu.it\/gustabacco\/wp-json\/wp\/v2\/media\/3131"}],"wp:attachment":[{"href":"https:\/\/www.migliormenu.it\/gustabacco\/wp-json\/wp\/v2\/media?parent=6132"}],"curies":[{"name":"wp","href":"https:\/\/api.w.org\/{rel}","templated":true}]}}