{"id":6128,"date":"2023-04-14T11:27:38","date_gmt":"2023-04-14T09:27:38","guid":{"rendered":"https:\/\/www.migliormenu.it\/gustabacco\/prodotto\/import-placeholder-for-5005\/"},"modified":"2023-04-14T11:28:06","modified_gmt":"2023-04-14T09:28:06","slug":"franciacorta-saten-docg-vintage-collection-2018-ca-del-bosco-astucciato","status":"publish","type":"product","link":"https:\/\/www.migliormenu.it\/gustabacco\/prodotto\/franciacorta-saten-docg-vintage-collection-2018-ca-del-bosco-astucciato\/","title":{"rendered":"Franciacorta Sat\u00e8n DOCG Vintage Collection 2018 Ca&#8217; Del Bosco Astucciato"},"content":{"rendered":"<h2>Ca&#039; Del Bosco<\/h2>\n<p>Ca&rsquo; del Bosco rappresenta indiscutibilmente un pilastro non solo del territorio della Franciacorta, ma di tutta la scena vitivinicola nazionale. Questa importantissima realt\u00e0 produttiva nasce a met\u00e0 degli anni &lsquo;60, quando Annamaria Clementi Zanella acquista nel comune di Erbusco, nel cuore della zona, una piccola casa dall&rsquo;omonimo nome, dotata di boschi e vigneti.<br \/>\nCa&rsquo; del Bosco \u00e8 oggi una realt\u00e0 pi\u00f9 che consolidata, che produce un&rsquo;ampia gamma di etichette, tra Franciacorta &ndash; &ldquo;Cuv\u00e9e Prestige&rdquo; e&rdquo;Cuv\u00e9e Annamaria Clementi&rdquo; in primis &ndash; e vini sia rossi che bianchi &ndash; tra gli ultimi nati spicca il Curtefranca &ldquo;Corte del Lupo&rdquo; a base di chardonnay &ndash;, alcuni anche di impressionante longevit\u00e0, perfettamente in grado di conquistare i palati pi\u00f9 esigenti di tutta Italia.<\/p>\n","protected":false},"excerpt":{"rendered":"<p>Nel pieno rispetto dei metodi produttivi del Metodo Classico, il Franciacorta Sat\u00e8n DOCG &ldquo;Vintage Collection&rdquo; \u00e8 il frutto di un&rsquo;accurata selezione delle uve di chardonnay e pinot bianco, lavorate secondo una sapiente vinificazione che avviene in piccole botti di rovere. Segue un lungo affinamento in bottiglia di ben 48 mesi. \u00c8 liscio, morbido e rotondo, e con il suo ventaglio di profumi al naso ricorda la seducente e incantevole sensualit\u00e0 femminile. E&rsquo; eccellente come aperitivo e delizioso come vino da conversazione.<\/p>\n<ul class=\"productPage__attributes\" id=\"product-attribute-specs-table\">\n<li><strong>Annata:&nbsp;<\/strong>2018<\/li>\n<li><strong>Denominazione:&nbsp;<\/strong>Franciacorta DOCG<\/li>\n<li><strong>Vitigni:&nbsp;<\/strong>chardonnay 85%, pinot bianco 15%<\/li>\n<li><strong>Alcol:&nbsp;<\/strong>12.5%<\/li>\n<li><strong>Formato:&nbsp;<\/strong>0.75l<\/li>\n<li><strong>Consumo ideale:&nbsp;<\/strong>2020\/2023<\/li>\n<li><strong>Temperatura di servizio:&nbsp;<\/strong>10\/12 &deg;C<\/li>\n<li><strong>Momento per degustarlo:&nbsp;<\/strong>Aperitivo<\/li>\n<li><strong>Tipologia:&nbsp;<\/strong>Champagne e Spumante<\/li>\n<li><strong>Abbinamenti:&nbsp;<\/strong>Antipasti di pesce, Crostacei, Molluschi, Primi di pesce, Salumi<\/li>\n<\/ul>\n","protected":false},"featured_media":6171,"comment_status":"open","ping_status":"closed","template":"","meta":[],"yoast_head":"<!-- This site is optimized with the Yoast SEO plugin v15.7 - https:\/\/yoast.com\/wordpress\/plugins\/seo\/ -->\n<title>Franciacorta Sat\u00e8n DOCG Vintage Collection 2018 Ca&#039; Del Bosco Astucciato - Gustabacco - Menu Online<\/title>\n<meta name=\"robots\" content=\"index, follow, max-snippet:-1, max-image-preview:large, max-video-preview:-1\" \/>\n<link rel=\"canonical\" href=\"https:\/\/www.migliormenu.it\/gustabacco\/prodotto\/franciacorta-saten-docg-vintage-collection-2018-ca-del-bosco-astucciato\/\" \/>\n<meta property=\"og:locale\" content=\"it_IT\" \/>\n<meta property=\"og:type\" content=\"article\" \/>\n<meta property=\"og:title\" content=\"Franciacorta Sat\u00e8n DOCG Vintage Collection 2018 Ca&#039; Del Bosco Astucciato - Gustabacco - Menu Online\" \/>\n<meta property=\"og:description\" content=\"Nel pieno rispetto dei metodi produttivi del Metodo Classico, il Franciacorta Sat\u00e8n DOCG &ldquo;Vintage Collection&rdquo; \u00e8 il frutto di un&rsquo;accurata selezione delle uve di chardonnay e pinot bianco, lavorate secondo una sapiente vinificazione che avviene in piccole botti di rovere. Segue un lungo affinamento in bottiglia di ben 48 mesi. \u00c8 liscio, morbido e rotondo, e con il suo ventaglio di profumi al naso ricorda la seducente e incantevole sensualit\u00e0 femminile. E&rsquo; eccellente come aperitivo e delizioso come vino da conversazione.  Annata:&nbsp;2018 Denominazione:&nbsp;Franciacorta DOCG Vitigni:&nbsp;chardonnay 85%, pinot bianco 15% Alcol:&nbsp;12.5% Formato:&nbsp;0.75l Consumo ideale:&nbsp;2020\/2023 Temperatura di servizio:&nbsp;10\/12 &deg;C Momento per degustarlo:&nbsp;Aperitivo Tipologia:&nbsp;Champagne e Spumante Abbinamenti:&nbsp;Antipasti di pesce, Crostacei, Molluschi, Primi di pesce, Salumi\" \/>\n<meta property=\"og:url\" content=\"https:\/\/www.migliormenu.it\/gustabacco\/prodotto\/franciacorta-saten-docg-vintage-collection-2018-ca-del-bosco-astucciato\/\" \/>\n<meta property=\"og:site_name\" content=\"Gustabacco - Menu Online\" \/>\n<meta property=\"article:modified_time\" content=\"2023-04-14T09:28:06+00:00\" \/>\n<meta name=\"twitter:card\" content=\"summary_large_image\" \/>\n<meta name=\"twitter:label1\" content=\"Tempo di lettura stimato\">\n\t<meta name=\"twitter:data1\" content=\"1 minuto\">\n<script type=\"application\/ld+json\" class=\"yoast-schema-graph\">{\"@context\":\"https:\/\/schema.org\",\"@graph\":[{\"@type\":\"WebSite\",\"@id\":\"https:\/\/www.migliormenu.it\/gustabacco\/#website\",\"url\":\"https:\/\/www.migliormenu.it\/gustabacco\/\",\"name\":\"Gustabacco - Menu Online\",\"description\":\"Coffee, Food e Drink\",\"potentialAction\":[{\"@type\":\"SearchAction\",\"target\":\"https:\/\/www.migliormenu.it\/gustabacco\/?s={search_term_string}\",\"query-input\":\"required name=search_term_string\"}],\"inLanguage\":\"it-IT\"},{\"@type\":\"ImageObject\",\"@id\":\"https:\/\/www.migliormenu.it\/gustabacco\/prodotto\/franciacorta-saten-docg-vintage-collection-2018-ca-del-bosco-astucciato\/#primaryimage\",\"inLanguage\":\"it-IT\",\"url\":\"https:\/\/www.migliormenu.it\/gustabacco\/wp-content\/uploads\/2023\/04\/2965.jpg\",\"width\":1080,\"height\":1080},{\"@type\":\"WebPage\",\"@id\":\"https:\/\/www.migliormenu.it\/gustabacco\/prodotto\/franciacorta-saten-docg-vintage-collection-2018-ca-del-bosco-astucciato\/#webpage\",\"url\":\"https:\/\/www.migliormenu.it\/gustabacco\/prodotto\/franciacorta-saten-docg-vintage-collection-2018-ca-del-bosco-astucciato\/\",\"name\":\"Franciacorta Sat\\u00e8n DOCG Vintage Collection 2018 Ca' Del Bosco Astucciato - Gustabacco - Menu Online\",\"isPartOf\":{\"@id\":\"https:\/\/www.migliormenu.it\/gustabacco\/#website\"},\"primaryImageOfPage\":{\"@id\":\"https:\/\/www.migliormenu.it\/gustabacco\/prodotto\/franciacorta-saten-docg-vintage-collection-2018-ca-del-bosco-astucciato\/#primaryimage\"},\"datePublished\":\"2023-04-14T09:27:38+00:00\",\"dateModified\":\"2023-04-14T09:28:06+00:00\",\"inLanguage\":\"it-IT\",\"potentialAction\":[{\"@type\":\"ReadAction\",\"target\":[\"https:\/\/www.migliormenu.it\/gustabacco\/prodotto\/franciacorta-saten-docg-vintage-collection-2018-ca-del-bosco-astucciato\/\"]}]}]}<\/script>\n<!-- \/ Yoast SEO plugin. -->","_links":{"self":[{"href":"https:\/\/www.migliormenu.it\/gustabacco\/wp-json\/wp\/v2\/product\/6128"}],"collection":[{"href":"https:\/\/www.migliormenu.it\/gustabacco\/wp-json\/wp\/v2\/product"}],"about":[{"href":"https:\/\/www.migliormenu.it\/gustabacco\/wp-json\/wp\/v2\/types\/product"}],"replies":[{"embeddable":true,"href":"https:\/\/www.migliormenu.it\/gustabacco\/wp-json\/wp\/v2\/comments?post=6128"}],"wp:featuredmedia":[{"embeddable":true,"href":"https:\/\/www.migliormenu.it\/gustabacco\/wp-json\/wp\/v2\/media\/6171"}],"wp:attachment":[{"href":"https:\/\/www.migliormenu.it\/gustabacco\/wp-json\/wp\/v2\/media?parent=6128"}],"curies":[{"name":"wp","href":"https:\/\/api.w.org\/{rel}","templated":true}]}}