{"id":6096,"date":"2023-04-14T11:27:16","date_gmt":"2023-04-14T09:27:16","guid":{"rendered":"https:\/\/www.migliormenu.it\/gustabacco\/prodotto\/import-placeholder-for-4200\/"},"modified":"2023-04-14T11:27:47","modified_gmt":"2023-04-14T09:27:47","slug":"franciacorta-brut-vintage-collection-ca-del-bosco-2016","status":"publish","type":"product","link":"https:\/\/www.migliormenu.it\/gustabacco\/prodotto\/franciacorta-brut-vintage-collection-ca-del-bosco-2016\/","title":{"rendered":"Franciacorta Brut &#8220;Vintage Collection&#8221; Ca&#8217; del Bosco 2016"},"content":{"rendered":"<h1>NOTE DI DEGUSTAZIONE<\/h1>\n<p>Alla vista si presenta con un bel colore giallo paglierino, leggermente tendente al dorato. Il perlage \u00e8 fine e persistente. Al naso si avvertono interessanti sentori che richiamano la frutta a guscio, impreziositi da tocchi di lieviti, pasticceria e leggeri accenni agli agrumi. In bocca \u00e8 di buon corpo, fasciante e ampio grazie a un sorso elegantemente sapido, il cui gusto si avverte anche nel finale.<\/p>\n<p>Ottimo con i menu di mare, \u00e8 assolutamente da provare con un trancio di ricciola al vapore.<\/p>\n<h1>DESCRIZIONE<\/h1>\n<p>L&rsquo;alfiere del territorio franciacortino \u00e8 sicuramente rappresentato da questo Brut &ldquo;Vintage Collection&rdquo;, capace come pochi altri prodotti di esaltare le peculiarit\u00e0 dell&rsquo;annata appena trascorsa in vigna. Il risultato dell&rsquo;amore tra uomo e terra si ritrova in questo Franciacorta DOCG firmato Ca&rsquo; del Bosco, dove il sorso \u00e8 sempre incisivo e adatto a essere degustato durante le serate pi\u00f9 formali. Le uve di chardonnay, pinot bianco e pinot nero vengono pigiate sofficemente, e i mosti dei vini base fermentano in piccoli botti di rovere. Dopo 7 mesi dalla vendemmia si procede all&rsquo;elaborazione della cuv\u00e9e e la rifermentazione avviene poi in bottiglia, dove il vino rimane a maturare sui lieviti per 48 mesi. Un&rsquo;etichetta speciale, in cui intensit\u00e0 e persistenza la fanno da padroni, regalandoci una bollicina lombarda di assoluta qualit\u00e0.<\/p>\n<h1>PRODUZIONE<\/h1>\n<p>Ca&rsquo; del Bosco rappresenta indiscutibilmente un pilastro non solo del territorio della Franciacorta, ma di tutta la scena vitivinicola nazionale. Questa importantissima realt\u00e0 produttiva nasce a met\u00e0 degli anni &lsquo;60, quando Annamaria Clementi Zanella acquista nel comune di Erbusco, nel cuore della zona, una piccola casa dall&rsquo;omonimo nome, dotata di boschi e vigneti.<br \/>\nIl percorso vitivinicolo dell&rsquo;azienda \u00e8 stato per\u00f2 avviato dal figlio di Annamaria, Maurizio Zanella, il quale ha saputo identificare ed esaltare le caratteristiche del territorio Franciacorta. Agli inizi degli anni &lsquo;70, Maurizio diventa il precursore della valorizzazione di quelle zone, trasformando la piccola casa &ldquo;ca&rsquo; del bosc&rdquo; in una delle pi\u00f9 moderne e produttive cantine d&rsquo;Italia. Da allora ogni azione \u00e8 dominata da un unico e fondamentale principio, che definisce l&rsquo;essenza della cantina: la ricerca dell&rsquo;eccellenza.<br \/>\nOggi Ca&rsquo; del Bosco si estende su oltre duecento ettari vitati tra vigneti di propriet\u00e0 e in affitto, dove ogni vitigno coltivato &ndash; non bisogna dimenticarsi che la cantina, oltre a dedicarsi alle bollicine produce anche vini bianchi e rossi &ndash; viene curato nei pi\u00f9 minimi dettagli. Le vigne, che oggi possono vantare in media quasi tutte pi\u00f9 di quarant&rsquo;anni d&rsquo;et\u00e0, in fase di vinificazione sono trattate separatamente, rispettando quindi le peculiarit\u00e0 di ogni singolo terroir. L&rsquo;assemblamento delle diverse parcelle avviene infatti solo dopo che \u00e8 terminata la fase di maturazione, cos\u00ec da avere ben chiara quale sia la massima espressione raggiunta da ciascun uva. Il territorio e le radici vengono prima di tutto, e proprio alla luce di questa intelligente filosofia tra i filari si utilizza un regime agronomico a basso impatto ambientale, con minime concimazioni solo di tipo organico.<br \/>\nCa&rsquo; del Bosco \u00e8 oggi una realt\u00e0 pi\u00f9 che consolidata, che produce un&rsquo;ampia gamma di etichette, tra Franciacorta &ndash; &ldquo;Cuv\u00e9e Prestige&rdquo; e&rdquo;Cuv\u00e9e Annamaria Clementi&rdquo; in primis &ndash; e vini sia rossi che bianchi &ndash; tra gli ultimi nati spicca il Curtefranca &ldquo;Corte del Lupo&rdquo; a base di chardonnay &ndash;, alcuni anche di impressionante longevit\u00e0, perfettamente in grado di conquistare i palati pi\u00f9 esigenti di tutta Italia.<\/p>\n","protected":false},"excerpt":{"rendered":"<p><strong>Annata:&nbsp;<\/strong>2016<\/p>\n<p><strong>Denominazione:&nbsp;<\/strong>Franciacorta DOCG<\/p>\n<p><strong>Vitigni:&nbsp;<\/strong>chardonnay 55%, pinot bianco 15%, pinot nero 30%<\/p>\n<p><strong>Gradazione Alcolica: <\/strong>12.5% Vol<\/p>\n<p><strong>Formato:&nbsp;<\/strong>0.75l<\/p>\n<p><strong>Consumo ideale:&nbsp;<\/strong>2019\/2023<\/p>\n<p><strong>Temperatura di servizio:&nbsp;<\/strong>10\/12 &deg;C<\/p>\n<p><strong>Momento per degustarlo:&nbsp;<\/strong>Per viziarsi<\/p>\n<p><strong>Tipologia:&nbsp;<\/strong>Champagne e Spumante<\/p>\n<p><strong>Abbinamenti:&nbsp;<\/strong>Primi di pesce, Secondi di pesce<\/p>\n<p><strong>Cantina:&nbsp;<\/strong>C\u00e0 Del Bosco<\/p>\n<p><strong>Regione:&nbsp;<\/strong>Lombardia<\/p>\n<p><strong>Temp. servizio:&nbsp;<\/strong>8\/10&deg;C<\/p>\n","protected":false},"featured_media":6143,"comment_status":"open","ping_status":"closed","template":"","meta":[],"yoast_head":"<!-- This site is optimized with the Yoast SEO plugin v15.7 - https:\/\/yoast.com\/wordpress\/plugins\/seo\/ -->\n<title>Franciacorta Brut &quot;Vintage Collection&quot; Ca&#039; del Bosco 2016 - Gustabacco - Menu Online<\/title>\n<meta name=\"robots\" content=\"index, follow, max-snippet:-1, max-image-preview:large, max-video-preview:-1\" \/>\n<link rel=\"canonical\" href=\"https:\/\/www.migliormenu.it\/gustabacco\/prodotto\/franciacorta-brut-vintage-collection-ca-del-bosco-2016\/\" \/>\n<meta property=\"og:locale\" content=\"it_IT\" \/>\n<meta property=\"og:type\" content=\"article\" \/>\n<meta property=\"og:title\" content=\"Franciacorta Brut &quot;Vintage Collection&quot; Ca&#039; del Bosco 2016 - Gustabacco - Menu Online\" \/>\n<meta property=\"og:description\" content=\"Annata:&nbsp;2016 Denominazione:&nbsp;Franciacorta DOCG Vitigni:&nbsp;chardonnay 55%, pinot bianco 15%, pinot nero 30% Gradazione Alcolica: 12.5% Vol Formato:&nbsp;0.75l Consumo ideale:&nbsp;2019\/2023 Temperatura di servizio:&nbsp;10\/12 &deg;C Momento per degustarlo:&nbsp;Per viziarsi Tipologia:&nbsp;Champagne e Spumante Abbinamenti:&nbsp;Primi di pesce, Secondi di pesce Cantina:&nbsp;C\u00e0 Del Bosco Regione:&nbsp;Lombardia Temp. servizio:&nbsp;8\/10&deg;C\" \/>\n<meta property=\"og:url\" content=\"https:\/\/www.migliormenu.it\/gustabacco\/prodotto\/franciacorta-brut-vintage-collection-ca-del-bosco-2016\/\" \/>\n<meta property=\"og:site_name\" content=\"Gustabacco - Menu Online\" \/>\n<meta property=\"article:modified_time\" content=\"2023-04-14T09:27:47+00:00\" \/>\n<meta name=\"twitter:card\" content=\"summary_large_image\" \/>\n<meta name=\"twitter:label1\" content=\"Tempo di lettura stimato\">\n\t<meta name=\"twitter:data1\" content=\"3 minuti\">\n<script type=\"application\/ld+json\" class=\"yoast-schema-graph\">{\"@context\":\"https:\/\/schema.org\",\"@graph\":[{\"@type\":\"WebSite\",\"@id\":\"https:\/\/www.migliormenu.it\/gustabacco\/#website\",\"url\":\"https:\/\/www.migliormenu.it\/gustabacco\/\",\"name\":\"Gustabacco - Menu Online\",\"description\":\"Coffee, Food e Drink\",\"potentialAction\":[{\"@type\":\"SearchAction\",\"target\":\"https:\/\/www.migliormenu.it\/gustabacco\/?s={search_term_string}\",\"query-input\":\"required name=search_term_string\"}],\"inLanguage\":\"it-IT\"},{\"@type\":\"ImageObject\",\"@id\":\"https:\/\/www.migliormenu.it\/gustabacco\/prodotto\/franciacorta-brut-vintage-collection-ca-del-bosco-2016\/#primaryimage\",\"inLanguage\":\"it-IT\",\"url\":\"https:\/\/www.migliormenu.it\/gustabacco\/wp-content\/uploads\/2023\/04\/d6a92ad4-b8f2-4c5b-97fc-40117bbc72ef.jpg\",\"width\":1009,\"height\":1009},{\"@type\":\"WebPage\",\"@id\":\"https:\/\/www.migliormenu.it\/gustabacco\/prodotto\/franciacorta-brut-vintage-collection-ca-del-bosco-2016\/#webpage\",\"url\":\"https:\/\/www.migliormenu.it\/gustabacco\/prodotto\/franciacorta-brut-vintage-collection-ca-del-bosco-2016\/\",\"name\":\"Franciacorta Brut \\\"Vintage Collection\\\" Ca' del Bosco 2016 - Gustabacco - Menu Online\",\"isPartOf\":{\"@id\":\"https:\/\/www.migliormenu.it\/gustabacco\/#website\"},\"primaryImageOfPage\":{\"@id\":\"https:\/\/www.migliormenu.it\/gustabacco\/prodotto\/franciacorta-brut-vintage-collection-ca-del-bosco-2016\/#primaryimage\"},\"datePublished\":\"2023-04-14T09:27:16+00:00\",\"dateModified\":\"2023-04-14T09:27:47+00:00\",\"inLanguage\":\"it-IT\",\"potentialAction\":[{\"@type\":\"ReadAction\",\"target\":[\"https:\/\/www.migliormenu.it\/gustabacco\/prodotto\/franciacorta-brut-vintage-collection-ca-del-bosco-2016\/\"]}]}]}<\/script>\n<!-- \/ Yoast SEO plugin. -->","_links":{"self":[{"href":"https:\/\/www.migliormenu.it\/gustabacco\/wp-json\/wp\/v2\/product\/6096"}],"collection":[{"href":"https:\/\/www.migliormenu.it\/gustabacco\/wp-json\/wp\/v2\/product"}],"about":[{"href":"https:\/\/www.migliormenu.it\/gustabacco\/wp-json\/wp\/v2\/types\/product"}],"replies":[{"embeddable":true,"href":"https:\/\/www.migliormenu.it\/gustabacco\/wp-json\/wp\/v2\/comments?post=6096"}],"wp:featuredmedia":[{"embeddable":true,"href":"https:\/\/www.migliormenu.it\/gustabacco\/wp-json\/wp\/v2\/media\/6143"}],"wp:attachment":[{"href":"https:\/\/www.migliormenu.it\/gustabacco\/wp-json\/wp\/v2\/media?parent=6096"}],"curies":[{"name":"wp","href":"https:\/\/api.w.org\/{rel}","templated":true}]}}