{"id":6086,"date":"2023-04-14T11:27:14","date_gmt":"2023-04-14T09:27:14","guid":{"rendered":"https:\/\/www.migliormenu.it\/gustabacco\/prodotto\/import-placeholder-for-4118\/"},"modified":"2023-04-14T11:27:27","modified_gmt":"2023-04-14T09:27:27","slug":"de-venoge-champagne-princes-blanc-de-noirs-brut-astucciato","status":"publish","type":"product","link":"https:\/\/www.migliormenu.it\/gustabacco\/prodotto\/de-venoge-champagne-princes-blanc-de-noirs-brut-astucciato\/","title":{"rendered":"De Venoge Champagne Princes Blanc De Noirs Brut (Astucciato)"},"content":{"rendered":"<h1>NOTE DI DEGUSTAZIONE<\/h1>\n<p>Il colore giallo pallido \u00e8 decorato con sontuosi riflessi verdi e argento, che annunciano una buona freschezza in bocca. Il naso \u00e8 di grande ricchezza aromatica. Molto fruttato, ha aromi di frutti rossi freschi (ribes nero) con una bella freschezza grazie ad una mineralit\u00e0 sottostante. Al palato \u00e8 caratterizzato da un&#039;elegante vinosit\u00e0 che non altera il suo gusto goloso.<\/p>\n<h1>DESCRIZIONE<\/h1>\n<p>Un grande Champagne Blanc de Noirs, 100% Pinot Nero, tutto in potenza, in vinosit\u00e0. Conservato per circa 5 anni nelle cantine di Venoge prima della distribuzione.<\/p>\n<h1>PRODUZIONE<\/h1>\n<h4>DE VENOGE<\/h4>\n<p>Situato in posizione idilliaca nella capitale dello Champagne, lungo la famosa Avenue de Champagne a \u00c9pernay, de Venoge \u00e8 un vero scrigno delle meraviglie. Con milioni di bottiglie di Champagne custodite nelle cantine calcaree sotto la Maison, de Venoge ospita inoltre una delle pi\u00f9 ricche collezioni di libri sul vino della zona. De Venoge \u00e8 da sempre sinonimo di nobilt\u00e0 e raffinatezza e ha una storia abbastanza singolare: la maison fu fondata nel 1837 dallo svizzero Henri-Marc de Venoge; i de Venoge sono una dinastia con origini antiche, risalente al XV secolo e proveniente dal luogo in cui il fiume Venoge si getta nel lago di Ginevra. Dal 1998, la maison fa parte del gruppo Boizel Chanoine Champagne. Oggi, i suoi vini sono distribuiti in&nbsp;<span class=\"collapse in\" id=\"s_moreproducer\">pi\u00f9 di 40 nazioni e ogni bottiglia segue i pi\u00f9 alti standard di qualit\u00e0, quali bassi dosaggi, utilizzo esclusivo di succhi di prima spremitura e un lungo periodo di affinamento. Champagne de Venoge produce una vasta gamma di Champagne di alta qualit\u00e0, con un eccellente rapporto qualit\u00e0-prezzo.<\/span><\/p>\n","protected":false},"excerpt":{"rendered":"<p><strong>Gradazione Alcolica:&nbsp;<\/strong>12% Vol<\/p>\n<p><strong>Formato:&nbsp;<\/strong>75cl<\/p>\n<p><strong>Regione: <\/strong>Champagne<\/p>\n<p><strong>Nazione:&nbsp;<\/strong>Francia<\/p>\n<p><strong>Vitigni:&nbsp;<\/strong>100% Pinot Nero<\/p>\n<p><strong>Distilleria:&nbsp;<\/strong>De Venoge<\/p>\n","protected":false},"featured_media":6112,"comment_status":"open","ping_status":"closed","template":"","meta":[],"yoast_head":"<!-- This site is optimized with the Yoast SEO plugin v15.7 - https:\/\/yoast.com\/wordpress\/plugins\/seo\/ -->\n<title>De Venoge Champagne Princes Blanc De Noirs Brut (Astucciato) - Gustabacco - Menu Online<\/title>\n<meta name=\"robots\" content=\"index, follow, max-snippet:-1, max-image-preview:large, max-video-preview:-1\" \/>\n<link rel=\"canonical\" href=\"https:\/\/www.migliormenu.it\/gustabacco\/prodotto\/de-venoge-champagne-princes-blanc-de-noirs-brut-astucciato\/\" \/>\n<meta property=\"og:locale\" content=\"it_IT\" \/>\n<meta property=\"og:type\" content=\"article\" \/>\n<meta property=\"og:title\" content=\"De Venoge Champagne Princes Blanc De Noirs Brut (Astucciato) - Gustabacco - Menu Online\" \/>\n<meta property=\"og:description\" content=\"Gradazione Alcolica:&nbsp;12% Vol Formato:&nbsp;75cl Regione: Champagne Nazione:&nbsp;Francia Vitigni:&nbsp;100% Pinot Nero Distilleria:&nbsp;De Venoge\" \/>\n<meta property=\"og:url\" content=\"https:\/\/www.migliormenu.it\/gustabacco\/prodotto\/de-venoge-champagne-princes-blanc-de-noirs-brut-astucciato\/\" \/>\n<meta property=\"og:site_name\" content=\"Gustabacco - Menu Online\" \/>\n<meta property=\"article:modified_time\" content=\"2023-04-14T09:27:27+00:00\" \/>\n<meta name=\"twitter:card\" content=\"summary_large_image\" \/>\n<meta name=\"twitter:label1\" content=\"Tempo di lettura stimato\">\n\t<meta name=\"twitter:data1\" content=\"1 minuto\">\n<script type=\"application\/ld+json\" class=\"yoast-schema-graph\">{\"@context\":\"https:\/\/schema.org\",\"@graph\":[{\"@type\":\"WebSite\",\"@id\":\"https:\/\/www.migliormenu.it\/gustabacco\/#website\",\"url\":\"https:\/\/www.migliormenu.it\/gustabacco\/\",\"name\":\"Gustabacco - Menu Online\",\"description\":\"Coffee, Food e Drink\",\"potentialAction\":[{\"@type\":\"SearchAction\",\"target\":\"https:\/\/www.migliormenu.it\/gustabacco\/?s={search_term_string}\",\"query-input\":\"required name=search_term_string\"}],\"inLanguage\":\"it-IT\"},{\"@type\":\"ImageObject\",\"@id\":\"https:\/\/www.migliormenu.it\/gustabacco\/prodotto\/de-venoge-champagne-princes-blanc-de-noirs-brut-astucciato\/#primaryimage\",\"inLanguage\":\"it-IT\",\"url\":\"https:\/\/www.migliormenu.it\/gustabacco\/wp-content\/uploads\/2023\/04\/2844-large_default.png\",\"width\":565,\"height\":737},{\"@type\":\"WebPage\",\"@id\":\"https:\/\/www.migliormenu.it\/gustabacco\/prodotto\/de-venoge-champagne-princes-blanc-de-noirs-brut-astucciato\/#webpage\",\"url\":\"https:\/\/www.migliormenu.it\/gustabacco\/prodotto\/de-venoge-champagne-princes-blanc-de-noirs-brut-astucciato\/\",\"name\":\"De Venoge Champagne Princes Blanc De Noirs Brut (Astucciato) - Gustabacco - Menu Online\",\"isPartOf\":{\"@id\":\"https:\/\/www.migliormenu.it\/gustabacco\/#website\"},\"primaryImageOfPage\":{\"@id\":\"https:\/\/www.migliormenu.it\/gustabacco\/prodotto\/de-venoge-champagne-princes-blanc-de-noirs-brut-astucciato\/#primaryimage\"},\"datePublished\":\"2023-04-14T09:27:14+00:00\",\"dateModified\":\"2023-04-14T09:27:27+00:00\",\"inLanguage\":\"it-IT\",\"potentialAction\":[{\"@type\":\"ReadAction\",\"target\":[\"https:\/\/www.migliormenu.it\/gustabacco\/prodotto\/de-venoge-champagne-princes-blanc-de-noirs-brut-astucciato\/\"]}]}]}<\/script>\n<!-- \/ Yoast SEO plugin. -->","_links":{"self":[{"href":"https:\/\/www.migliormenu.it\/gustabacco\/wp-json\/wp\/v2\/product\/6086"}],"collection":[{"href":"https:\/\/www.migliormenu.it\/gustabacco\/wp-json\/wp\/v2\/product"}],"about":[{"href":"https:\/\/www.migliormenu.it\/gustabacco\/wp-json\/wp\/v2\/types\/product"}],"replies":[{"embeddable":true,"href":"https:\/\/www.migliormenu.it\/gustabacco\/wp-json\/wp\/v2\/comments?post=6086"}],"wp:featuredmedia":[{"embeddable":true,"href":"https:\/\/www.migliormenu.it\/gustabacco\/wp-json\/wp\/v2\/media\/6112"}],"wp:attachment":[{"href":"https:\/\/www.migliormenu.it\/gustabacco\/wp-json\/wp\/v2\/media?parent=6086"}],"curies":[{"name":"wp","href":"https:\/\/api.w.org\/{rel}","templated":true}]}}