{"id":6085,"date":"2023-04-14T11:27:14","date_gmt":"2023-04-14T09:27:14","guid":{"rendered":"https:\/\/www.migliormenu.it\/gustabacco\/prodotto\/import-placeholder-for-4113\/"},"modified":"2023-04-14T11:27:26","modified_gmt":"2023-04-14T09:27:26","slug":"de-venoge-champagne-princes-blanc-de-blancs","status":"publish","type":"product","link":"https:\/\/www.migliormenu.it\/gustabacco\/prodotto\/de-venoge-champagne-princes-blanc-de-blancs\/","title":{"rendered":"De Venoge Champagne Princes Blanc De Blancs"},"content":{"rendered":"<h1>NOTE DI DEGUSTAZIONE<\/h1>\n<p>Perlage vivace e fine. Al naso mostra sottili note agrumate di limone e cedro, sullo sfondo di un tenue fiore di sambuco ed una complessit\u00e0 intricata di lievito e spunti iodati. La stessa eleganza si ritrova al gusto, dove persiste nel segno della freschezza.<\/p>\n<h1>DESCRIZIONE<\/h1>\n<p>Si tratta di un omaggio alla storia della Maison, al suo fondatore e alla dinastia d&rsquo;Orange. Lo Champagne&nbsp;Princes<em> de<\/em> Venoge&nbsp;Brut Blanc de Blancs ricalca le bottiglie create dal fondatore Joseph de Venoge e la sua forma si presenta con linee simili a quelle di un decanter.<\/p>\n<p>Le uve, 100% Chardonnay di cui il 30% proveniente da vini di riserva, sono state raccolte esclusivamente all&rsquo;interno di Grand Cru e Premier Cru di Mesnil sur Oger e Tr\u00e9pail. I 5 anni di sosta sui lieviti completano il percorso verso l&rsquo;eccellenza.<\/p>\n<h1>PRODUZIONE<\/h1>\n<h4>DE VENOGE<\/h4>\n<p>Situato in posizione idilliaca nella capitale dello Champagne, lungo la famosa Avenue de Champagne a \u00c9pernay, de Venoge \u00e8 un vero scrigno delle meraviglie. Con milioni di bottiglie di Champagne custodite nelle cantine calcaree sotto la Maison, de Venoge ospita inoltre una delle pi\u00f9 ricche collezioni di libri sul vino della zona. De Venoge \u00e8 da sempre sinonimo di nobilt\u00e0 e raffinatezza e ha una storia abbastanza singolare: la maison fu fondata nel 1837 dallo svizzero Henri-Marc de Venoge; i de Venoge sono una dinastia con origini antiche, risalente al XV secolo e proveniente dal luogo in cui il fiume Venoge si getta nel lago di Ginevra. Dal 1998, la maison fa parte del gruppo Boizel Chanoine Champagne. Oggi, i suoi vini sono distribuiti in&nbsp;<span class=\"collapse in\" id=\"s_moreproducer\">pi\u00f9 di 40 nazioni e ogni bottiglia segue i pi\u00f9 alti standard di qualit\u00e0, quali bassi dosaggi, utilizzo esclusivo di succhi di prima spremitura e un lungo periodo di affinamento. Champagne de Venoge produce una vasta gamma di Champagne di alta qualit\u00e0, con un eccellente rapporto qualit\u00e0-prezzo.<\/span><\/p>\n","protected":false},"excerpt":{"rendered":"<p><strong>Denominazione:&nbsp;<\/strong>Champagne<\/p>\n<p><strong>Gradazione Alcolica:&nbsp;<\/strong>12% Vol<\/p>\n<p><strong>Formato:&nbsp;<\/strong>75cl<\/p>\n<p><strong>Vitigno:&nbsp;<\/strong>100% Chardonnay<\/p>\n<p><strong>Regione:&nbsp;<\/strong>Champagne<\/p>\n<p><strong>Nazione:&nbsp;<\/strong>Francia<\/p>\n<p><strong>Temp. servizio:&nbsp;<\/strong>6\/8&deg;C<\/p>\n<p><strong>Affinamento:&nbsp;<\/strong>5 anni sui lieviti<\/p>\n<p><strong>Cantina:&nbsp;<\/strong>De Venoge<\/p>\n","protected":false},"featured_media":6111,"comment_status":"open","ping_status":"closed","template":"","meta":[],"yoast_head":"<!-- This site is optimized with the Yoast SEO plugin v15.7 - https:\/\/yoast.com\/wordpress\/plugins\/seo\/ -->\n<title>De Venoge Champagne Princes Blanc De Blancs - Gustabacco - Menu Online<\/title>\n<meta name=\"robots\" content=\"index, follow, max-snippet:-1, max-image-preview:large, max-video-preview:-1\" \/>\n<link rel=\"canonical\" href=\"https:\/\/www.migliormenu.it\/gustabacco\/prodotto\/de-venoge-champagne-princes-blanc-de-blancs\/\" \/>\n<meta property=\"og:locale\" content=\"it_IT\" \/>\n<meta property=\"og:type\" content=\"article\" \/>\n<meta property=\"og:title\" content=\"De Venoge Champagne Princes Blanc De Blancs - Gustabacco - Menu Online\" \/>\n<meta property=\"og:description\" content=\"Denominazione:&nbsp;Champagne Gradazione Alcolica:&nbsp;12% Vol Formato:&nbsp;75cl Vitigno:&nbsp;100% Chardonnay Regione:&nbsp;Champagne Nazione:&nbsp;Francia Temp. servizio:&nbsp;6\/8&deg;C Affinamento:&nbsp;5 anni sui lieviti Cantina:&nbsp;De Venoge\" \/>\n<meta property=\"og:url\" content=\"https:\/\/www.migliormenu.it\/gustabacco\/prodotto\/de-venoge-champagne-princes-blanc-de-blancs\/\" \/>\n<meta property=\"og:site_name\" content=\"Gustabacco - Menu Online\" \/>\n<meta property=\"article:modified_time\" content=\"2023-04-14T09:27:26+00:00\" \/>\n<meta name=\"twitter:card\" content=\"summary_large_image\" \/>\n<meta name=\"twitter:label1\" content=\"Tempo di lettura stimato\">\n\t<meta name=\"twitter:data1\" content=\"2 minuti\">\n<script type=\"application\/ld+json\" class=\"yoast-schema-graph\">{\"@context\":\"https:\/\/schema.org\",\"@graph\":[{\"@type\":\"WebSite\",\"@id\":\"https:\/\/www.migliormenu.it\/gustabacco\/#website\",\"url\":\"https:\/\/www.migliormenu.it\/gustabacco\/\",\"name\":\"Gustabacco - Menu Online\",\"description\":\"Coffee, Food e Drink\",\"potentialAction\":[{\"@type\":\"SearchAction\",\"target\":\"https:\/\/www.migliormenu.it\/gustabacco\/?s={search_term_string}\",\"query-input\":\"required name=search_term_string\"}],\"inLanguage\":\"it-IT\"},{\"@type\":\"ImageObject\",\"@id\":\"https:\/\/www.migliormenu.it\/gustabacco\/prodotto\/de-venoge-champagne-princes-blanc-de-blancs\/#primaryimage\",\"inLanguage\":\"it-IT\",\"url\":\"https:\/\/www.migliormenu.it\/gustabacco\/wp-content\/uploads\/2023\/04\/de-venoge-princes-blanc-de-blancs.jpg\",\"width\":800,\"height\":800},{\"@type\":\"WebPage\",\"@id\":\"https:\/\/www.migliormenu.it\/gustabacco\/prodotto\/de-venoge-champagne-princes-blanc-de-blancs\/#webpage\",\"url\":\"https:\/\/www.migliormenu.it\/gustabacco\/prodotto\/de-venoge-champagne-princes-blanc-de-blancs\/\",\"name\":\"De Venoge Champagne Princes Blanc De Blancs - Gustabacco - Menu Online\",\"isPartOf\":{\"@id\":\"https:\/\/www.migliormenu.it\/gustabacco\/#website\"},\"primaryImageOfPage\":{\"@id\":\"https:\/\/www.migliormenu.it\/gustabacco\/prodotto\/de-venoge-champagne-princes-blanc-de-blancs\/#primaryimage\"},\"datePublished\":\"2023-04-14T09:27:14+00:00\",\"dateModified\":\"2023-04-14T09:27:26+00:00\",\"inLanguage\":\"it-IT\",\"potentialAction\":[{\"@type\":\"ReadAction\",\"target\":[\"https:\/\/www.migliormenu.it\/gustabacco\/prodotto\/de-venoge-champagne-princes-blanc-de-blancs\/\"]}]}]}<\/script>\n<!-- \/ Yoast SEO plugin. -->","_links":{"self":[{"href":"https:\/\/www.migliormenu.it\/gustabacco\/wp-json\/wp\/v2\/product\/6085"}],"collection":[{"href":"https:\/\/www.migliormenu.it\/gustabacco\/wp-json\/wp\/v2\/product"}],"about":[{"href":"https:\/\/www.migliormenu.it\/gustabacco\/wp-json\/wp\/v2\/types\/product"}],"replies":[{"embeddable":true,"href":"https:\/\/www.migliormenu.it\/gustabacco\/wp-json\/wp\/v2\/comments?post=6085"}],"wp:featuredmedia":[{"embeddable":true,"href":"https:\/\/www.migliormenu.it\/gustabacco\/wp-json\/wp\/v2\/media\/6111"}],"wp:attachment":[{"href":"https:\/\/www.migliormenu.it\/gustabacco\/wp-json\/wp\/v2\/media?parent=6085"}],"curies":[{"name":"wp","href":"https:\/\/api.w.org\/{rel}","templated":true}]}}