{"id":6054,"date":"2023-04-14T11:26:52","date_gmt":"2023-04-14T09:26:52","guid":{"rendered":"https:\/\/www.migliormenu.it\/gustabacco\/prodotto\/import-placeholder-for-3860\/"},"modified":"2023-04-14T11:27:19","modified_gmt":"2023-04-14T09:27:19","slug":"alma-gran-cuvee-bellavista-franciacorta-brut-docg","status":"publish","type":"product","link":"https:\/\/www.migliormenu.it\/gustabacco\/prodotto\/alma-gran-cuvee-bellavista-franciacorta-brut-docg\/","title":{"rendered":"&#8220;Alma Gran Cuv\u00e9e&#8221; Bellavista Franciacorta Brut DOCG"},"content":{"rendered":"<h1>NOTE DI DEGUSTAZIONE<\/h1>\n<p>Giallo paglierino con riflessi verdognoli. Il perlage \u00e8 fine e continuo, con abbondante e persistente corona.Al naso il profumo \u00e8 ampio e abbraccia sfumature di frutta dolce e leggermente matura con sottili accenni di vegetali e vaniglia. In bocca \u00e8 sapido e completo, fresco e vibrante con un ritorno delle note percepite al naso. Il finale \u00e8 lungo, elegante e armonioso.<\/p>\n<p>Che lo si beva come aperitivo o durante il pasto sapr\u00e0 accompagnare bene numerose elaborazioni a base di pesce. Crostini a base di salmone affumicato o pasta al sugo di astice.<\/p>\n<h1>DESCRIZIONE<\/h1>\n<p>Alma Cuv\u00e9e nasce dalla sapiente unione di circa 60 delle 120 selezioni di vendemmia ottenute in cantina. Circa 100 selezioni provengono dalla medesima vendemmia e vengono individuate con estrema cura in 107 parcelle distribuite in 10 differenti Comuni della Franciacorta (&ldquo;assemblaggio orizzontale&rdquo;). A questo ampio patrimonio di varianti olfattive e gustative si aggiungono poi i profumi e i sapori di particolari &ldquo;vini di riserva&rdquo; provenienti da differenti vendemmie (&ldquo;assemblaggio verticale&rdquo;). Una cuv\u00e9e unica, che con la elegante complessit\u00e0 rappresenta l&rsquo;anima pi\u00f9 integra e spesso misteriosa della Franciacorta.<\/p>\n<h1>PRODUZIONE<\/h1>\n<p>Non c&rsquo;\u00e8 appassionato che nel nominare quelli che sono i pi\u00f9 grandi Franciacorta di sempre, non pensi immediatamente ad alcune delle bottiglie prodotte da una delle pi\u00f9 importanti &ldquo;maison&rdquo; del bresciano: Bellavista.<br \/>\nLa storia di questa importantissima cantina ha radici lontane: \u00e8 infatti nel 1977 che Vittorio Moretti decide di investire nelle campagne che circondano Erbusco, con l&rsquo;intenzione di produrre spumanti capaci di rivaleggiare, in qualit\u00e0, con i famosi Champagne francesi. Una visione che dal nulla \u00e8 diventata realt\u00e0, con la nascita di un tessuto produttivo probabilmente unico per dinamicit\u00e0 e per crescita qualitativa. Il nome della cantina deriva dalla collina su cui sorge, e da cui con lo sguardo si riesce a spaziare verso il Lago d&rsquo;Iseo, verso la Pianura Padana e verso le vicine Alpi: un luogo di rara bellezza. Oggi Bellavista raccoglie i frutti degli oltre cento appezzamenti sparsi a macchia di leopardo un po&rsquo; in tutto il territorio della denominazione, fonti di quella diversit\u00e0 geologica e climatica che sta alla base del successo di questa cantina, simbolo non solo della Franciacorta ma di tutta l&rsquo;Italia del vino.<br \/>\nLe bottiglie che ogni anno escono dallo stabilimento di Erbusco spiccano, tutte, per eleganza e per precisione stilistica, tanto da riuscire a essere immediatamente riconoscibili. Un vero e proprio &ldquo;stile Bellavista&rdquo;.<br \/>\nAttualmente la superficie vitata si avvicina ai duecento ettari, per una produzione che sfiora il milione e mezzo di bottiglie annue. Brut, Extra Brut, Sat\u00e8n, poi la Riserva Vittorio Moretti, il Nectar, l&rsquo;insuperabile Alma Gran Cuv\u00e9e e il fantastico Pas Oper\u00e9: tutte le etichette che vanno sotto il nome di &ldquo;Bellavista&rdquo; rappresentano ormai da anni un punto fermo e indiscusso per tutti gli amanti delle bollicine di Franciacorta. Spumanti, quelli che escono dalla cantina di Erbusco, simbolo indiscusso del pi\u00f9 alto Made in Italy, e sinonimo incontrastato di originalit\u00e0, qualit\u00e0 ed eccellenza.<\/p>\n","protected":false},"excerpt":{"rendered":"<p><strong>Annata:&nbsp;<\/strong>NV<\/p>\n<p><strong>Denominazione:&nbsp;<\/strong>Franciacorta DOCG<\/p>\n<p><strong>Vitigni:&nbsp;<\/strong>Pinot Nero 22%, Chardonnay 77%, Pinot Bianco 1%<\/p>\n<p><strong>Gradazione Alcolica: <\/strong>12.5% Vol<\/p>\n<p><strong>Formato: <\/strong>75 cl<\/p>\n<p><strong>Temperatura di servizio:&nbsp;<\/strong>8\/10 &deg;C<\/p>\n<p><strong>Momento per degustarlo:&nbsp;<\/strong>Aperitivo , Cena tra amici<\/p>\n<p><strong>Tipologia:&nbsp;<\/strong>Champagne e Spumante<\/p>\n","protected":false},"featured_media":6103,"comment_status":"open","ping_status":"closed","template":"","meta":[],"yoast_head":"<!-- This site is optimized with the Yoast SEO plugin v15.7 - https:\/\/yoast.com\/wordpress\/plugins\/seo\/ -->\n<title>&quot;Alma Gran Cuv\u00e9e&quot; Bellavista Franciacorta Brut DOCG - Gustabacco - Menu Online<\/title>\n<meta name=\"robots\" content=\"index, follow, max-snippet:-1, max-image-preview:large, max-video-preview:-1\" \/>\n<link rel=\"canonical\" href=\"https:\/\/www.migliormenu.it\/gustabacco\/prodotto\/alma-gran-cuvee-bellavista-franciacorta-brut-docg\/\" \/>\n<meta property=\"og:locale\" content=\"it_IT\" \/>\n<meta property=\"og:type\" content=\"article\" \/>\n<meta property=\"og:title\" content=\"&quot;Alma Gran Cuv\u00e9e&quot; Bellavista Franciacorta Brut DOCG - Gustabacco - Menu Online\" \/>\n<meta property=\"og:description\" content=\"Annata:&nbsp;NV Denominazione:&nbsp;Franciacorta DOCG Vitigni:&nbsp;Pinot Nero 22%, Chardonnay 77%, Pinot Bianco 1% Gradazione Alcolica: 12.5% Vol Formato: 75 cl Temperatura di servizio:&nbsp;8\/10 &deg;C Momento per degustarlo:&nbsp;Aperitivo , Cena tra amici Tipologia:&nbsp;Champagne e Spumante\" \/>\n<meta property=\"og:url\" content=\"https:\/\/www.migliormenu.it\/gustabacco\/prodotto\/alma-gran-cuvee-bellavista-franciacorta-brut-docg\/\" \/>\n<meta property=\"og:site_name\" content=\"Gustabacco - Menu Online\" \/>\n<meta property=\"article:modified_time\" content=\"2023-04-14T09:27:19+00:00\" \/>\n<meta name=\"twitter:card\" content=\"summary_large_image\" \/>\n<meta name=\"twitter:label1\" content=\"Tempo di lettura stimato\">\n\t<meta name=\"twitter:data1\" content=\"3 minuti\">\n<script type=\"application\/ld+json\" class=\"yoast-schema-graph\">{\"@context\":\"https:\/\/schema.org\",\"@graph\":[{\"@type\":\"WebSite\",\"@id\":\"https:\/\/www.migliormenu.it\/gustabacco\/#website\",\"url\":\"https:\/\/www.migliormenu.it\/gustabacco\/\",\"name\":\"Gustabacco - Menu Online\",\"description\":\"Coffee, Food e Drink\",\"potentialAction\":[{\"@type\":\"SearchAction\",\"target\":\"https:\/\/www.migliormenu.it\/gustabacco\/?s={search_term_string}\",\"query-input\":\"required name=search_term_string\"}],\"inLanguage\":\"it-IT\"},{\"@type\":\"ImageObject\",\"@id\":\"https:\/\/www.migliormenu.it\/gustabacco\/prodotto\/alma-gran-cuvee-bellavista-franciacorta-brut-docg\/#primaryimage\",\"inLanguage\":\"it-IT\",\"url\":\"https:\/\/www.migliormenu.it\/gustabacco\/wp-content\/uploads\/2023\/04\/308B-ALMA-BELLAVISTA-CUVEE-BRUT-FRANCIACORTA.jpg\",\"width\":1200,\"height\":1200},{\"@type\":\"WebPage\",\"@id\":\"https:\/\/www.migliormenu.it\/gustabacco\/prodotto\/alma-gran-cuvee-bellavista-franciacorta-brut-docg\/#webpage\",\"url\":\"https:\/\/www.migliormenu.it\/gustabacco\/prodotto\/alma-gran-cuvee-bellavista-franciacorta-brut-docg\/\",\"name\":\"\\\"Alma Gran Cuv\\u00e9e\\\" Bellavista Franciacorta Brut DOCG - Gustabacco - Menu Online\",\"isPartOf\":{\"@id\":\"https:\/\/www.migliormenu.it\/gustabacco\/#website\"},\"primaryImageOfPage\":{\"@id\":\"https:\/\/www.migliormenu.it\/gustabacco\/prodotto\/alma-gran-cuvee-bellavista-franciacorta-brut-docg\/#primaryimage\"},\"datePublished\":\"2023-04-14T09:26:52+00:00\",\"dateModified\":\"2023-04-14T09:27:19+00:00\",\"inLanguage\":\"it-IT\",\"potentialAction\":[{\"@type\":\"ReadAction\",\"target\":[\"https:\/\/www.migliormenu.it\/gustabacco\/prodotto\/alma-gran-cuvee-bellavista-franciacorta-brut-docg\/\"]}]}]}<\/script>\n<!-- \/ Yoast SEO plugin. -->","_links":{"self":[{"href":"https:\/\/www.migliormenu.it\/gustabacco\/wp-json\/wp\/v2\/product\/6054"}],"collection":[{"href":"https:\/\/www.migliormenu.it\/gustabacco\/wp-json\/wp\/v2\/product"}],"about":[{"href":"https:\/\/www.migliormenu.it\/gustabacco\/wp-json\/wp\/v2\/types\/product"}],"replies":[{"embeddable":true,"href":"https:\/\/www.migliormenu.it\/gustabacco\/wp-json\/wp\/v2\/comments?post=6054"}],"wp:featuredmedia":[{"embeddable":true,"href":"https:\/\/www.migliormenu.it\/gustabacco\/wp-json\/wp\/v2\/media\/6103"}],"wp:attachment":[{"href":"https:\/\/www.migliormenu.it\/gustabacco\/wp-json\/wp\/v2\/media?parent=6054"}],"curies":[{"name":"wp","href":"https:\/\/api.w.org\/{rel}","templated":true}]}}