{"id":6049,"date":"2023-04-14T11:26:52","date_gmt":"2023-04-14T09:26:52","guid":{"rendered":"https:\/\/www.migliormenu.it\/gustabacco\/prodotto\/import-placeholder-for-3523\/"},"modified":"2023-04-14T11:27:12","modified_gmt":"2023-04-14T09:27:12","slug":"champagne-extra-brut-depuis-1929-francis-orban","status":"publish","type":"product","link":"https:\/\/www.migliormenu.it\/gustabacco\/prodotto\/champagne-extra-brut-depuis-1929-francis-orban\/","title":{"rendered":"Champagne Extra Brut Depuis 1929 Francis Orban"},"content":{"rendered":"<div class=\"table__row\">\n<div class=\"grid\">\n<div class=\"grid__item width-7-12 desk-8-12\">\n<div class=\"table__row__element--txt\" style=\"text-align: justify\">Questo Champagne Extra Brut di Francis Orban \u00e8 un compagno ideale per un aperitivo raffinato o ad accompagnare a tutto pasto, per quella trama persistente e di corpo tipica del pinot meunier in purezza, che tra le mani di Francis Orban, giovane enologo di razza, perde i tratti grossolani e rustici del varietale, per assumere note pi\u00f9 fini. Paglierino tendente al dorato. Naso intenso e piacevole,dove vincono i profumi fruttati (pesca gialla) e la mineralit\u00e0 (nota iodata). In bocca \u00e8 elegante, con trama minerale e speziata che gli dona buona persistenza. \u00c8 perfetto per accompagnare a tutto pasto, dall&#039;antipasto ai secondi di carne, ma noi ve lo consigliamo con un intenso Risotto all&#039;Isola della Scala.<\/div>\n<\/div>\n<\/div>\n<\/div>\n","protected":false},"excerpt":{"rendered":"<p><span class=\"editable\"><strong>Alcol<\/strong>&nbsp;:<\/span> 12%<\/p>\n<p><span class=\"editable\"><strong>Formato<\/strong>&nbsp;:<\/span>&nbsp;750ml<\/p>\n<p><span class=\"editable\"><strong>Cantina<\/strong> :&nbsp;<a href=\"https:\/\/www.gustabacco.it\/cantina\/francis-orban\" rel=\"tag\">Francis Orban<\/a><\/span><\/p>\n<p><span class=\"editable\"><strong>Denominazione<\/strong>&nbsp;:<\/span> Champagne AOC<\/p>\n<p><span class=\"editable\"><strong>Vitigni<\/strong>&nbsp;:<\/span> Pinot Meunier 100%<\/p>\n<p><span class=\"editable\"><strong>Abbinamenti consigliati<\/strong> : Primi di carne, Primi di pesce, Secondi di pesce<\/span><\/p>\n<p><span class=\"editable\"><strong>Temperatura di servizio consigliata<\/strong>&nbsp;:<\/span> 10\/12 &deg;C<\/p>\n","protected":false},"featured_media":6076,"comment_status":"open","ping_status":"closed","template":"","meta":[],"yoast_head":"<!-- This site is optimized with the Yoast SEO plugin v15.7 - https:\/\/yoast.com\/wordpress\/plugins\/seo\/ -->\n<title>Champagne Extra Brut Depuis 1929 Francis Orban - Gustabacco - Menu Online<\/title>\n<meta name=\"robots\" content=\"index, follow, max-snippet:-1, max-image-preview:large, max-video-preview:-1\" \/>\n<link rel=\"canonical\" href=\"https:\/\/www.migliormenu.it\/gustabacco\/prodotto\/champagne-extra-brut-depuis-1929-francis-orban\/\" \/>\n<meta property=\"og:locale\" content=\"it_IT\" \/>\n<meta property=\"og:type\" content=\"article\" \/>\n<meta property=\"og:title\" content=\"Champagne Extra Brut Depuis 1929 Francis Orban - Gustabacco - Menu Online\" \/>\n<meta property=\"og:description\" content=\"Alcol&nbsp;: 12% Formato&nbsp;:&nbsp;750ml Cantina :&nbsp;Francis Orban Denominazione&nbsp;: Champagne AOC Vitigni&nbsp;: Pinot Meunier 100% Abbinamenti consigliati : Primi di carne, Primi di pesce, Secondi di pesce Temperatura di servizio consigliata&nbsp;: 10\/12 &deg;C\" \/>\n<meta property=\"og:url\" content=\"https:\/\/www.migliormenu.it\/gustabacco\/prodotto\/champagne-extra-brut-depuis-1929-francis-orban\/\" \/>\n<meta property=\"og:site_name\" content=\"Gustabacco - Menu Online\" \/>\n<meta property=\"article:modified_time\" content=\"2023-04-14T09:27:12+00:00\" \/>\n<meta name=\"twitter:card\" content=\"summary_large_image\" \/>\n<meta name=\"twitter:label1\" content=\"Tempo di lettura stimato\">\n\t<meta name=\"twitter:data1\" content=\"1 minuto\">\n<script type=\"application\/ld+json\" class=\"yoast-schema-graph\">{\"@context\":\"https:\/\/schema.org\",\"@graph\":[{\"@type\":\"WebSite\",\"@id\":\"https:\/\/www.migliormenu.it\/gustabacco\/#website\",\"url\":\"https:\/\/www.migliormenu.it\/gustabacco\/\",\"name\":\"Gustabacco - Menu Online\",\"description\":\"Coffee, Food e Drink\",\"potentialAction\":[{\"@type\":\"SearchAction\",\"target\":\"https:\/\/www.migliormenu.it\/gustabacco\/?s={search_term_string}\",\"query-input\":\"required name=search_term_string\"}],\"inLanguage\":\"it-IT\"},{\"@type\":\"ImageObject\",\"@id\":\"https:\/\/www.migliormenu.it\/gustabacco\/prodotto\/champagne-extra-brut-depuis-1929-francis-orban\/#primaryimage\",\"inLanguage\":\"it-IT\",\"url\":\"https:\/\/www.migliormenu.it\/gustabacco\/wp-content\/uploads\/2023\/04\/2689.jpg\",\"width\":1180,\"height\":1180},{\"@type\":\"WebPage\",\"@id\":\"https:\/\/www.migliormenu.it\/gustabacco\/prodotto\/champagne-extra-brut-depuis-1929-francis-orban\/#webpage\",\"url\":\"https:\/\/www.migliormenu.it\/gustabacco\/prodotto\/champagne-extra-brut-depuis-1929-francis-orban\/\",\"name\":\"Champagne Extra Brut Depuis 1929 Francis Orban - Gustabacco - Menu Online\",\"isPartOf\":{\"@id\":\"https:\/\/www.migliormenu.it\/gustabacco\/#website\"},\"primaryImageOfPage\":{\"@id\":\"https:\/\/www.migliormenu.it\/gustabacco\/prodotto\/champagne-extra-brut-depuis-1929-francis-orban\/#primaryimage\"},\"datePublished\":\"2023-04-14T09:26:52+00:00\",\"dateModified\":\"2023-04-14T09:27:12+00:00\",\"inLanguage\":\"it-IT\",\"potentialAction\":[{\"@type\":\"ReadAction\",\"target\":[\"https:\/\/www.migliormenu.it\/gustabacco\/prodotto\/champagne-extra-brut-depuis-1929-francis-orban\/\"]}]}]}<\/script>\n<!-- \/ Yoast SEO plugin. -->","_links":{"self":[{"href":"https:\/\/www.migliormenu.it\/gustabacco\/wp-json\/wp\/v2\/product\/6049"}],"collection":[{"href":"https:\/\/www.migliormenu.it\/gustabacco\/wp-json\/wp\/v2\/product"}],"about":[{"href":"https:\/\/www.migliormenu.it\/gustabacco\/wp-json\/wp\/v2\/types\/product"}],"replies":[{"embeddable":true,"href":"https:\/\/www.migliormenu.it\/gustabacco\/wp-json\/wp\/v2\/comments?post=6049"}],"wp:featuredmedia":[{"embeddable":true,"href":"https:\/\/www.migliormenu.it\/gustabacco\/wp-json\/wp\/v2\/media\/6076"}],"wp:attachment":[{"href":"https:\/\/www.migliormenu.it\/gustabacco\/wp-json\/wp\/v2\/media?parent=6049"}],"curies":[{"name":"wp","href":"https:\/\/api.w.org\/{rel}","templated":true}]}}