{"id":5973,"date":"2023-04-14T11:11:09","date_gmt":"2023-04-14T09:11:09","guid":{"rendered":"https:\/\/www.migliormenu.it\/gustabacco\/prodotto\/import-placeholder-for-17630\/"},"modified":"2023-04-14T11:11:14","modified_gmt":"2023-04-14T09:11:14","slug":"morellino-di-scansano-docg-vigna-benefizio-2021-cantina-vignaioli","status":"publish","type":"product","link":"https:\/\/www.migliormenu.it\/gustabacco\/prodotto\/morellino-di-scansano-docg-vigna-benefizio-2021-cantina-vignaioli\/","title":{"rendered":"Morellino di Scansano DOCG Vigna Benefizio 2021 Cantina Vignaioli"},"content":{"rendered":"<p><span style=\"color:#000000\">Il Vigna Benefizio Morellino di Scansano DOCG nasce in purezza da uve Sangiovese provenienti dai vigneti pi\u00f9 votati della Toscana e viene raccolto alla loro perfetta maturazione. Un Morellino di grande qualit\u00e0 che cresce nel cuore della Maremma con estrema cura e attenzione.<\/p>\n<p><strong>NOTE DI DEGUSTAZIONE<\/strong><br \/>\nRosso rubino pieno, luminoso. Al naso si susseguono i sentori di rose uniti alla confettura di frutti di bosco, le note di cacao e sottobosco si intrecciano agli accenti speziati e ancora una delicata balsamicit\u00e0 sul fondo. All&rsquo;assaggio \u00e8 rotondo, secco, dotato di buona struttura e un carattere definito dai tannini rotondi e da una piacevole sapidit\u00e0 in sottofondo. Ampio e lungo il finale coerente con l&rsquo;olfatto.<\/span><\/p>\n","protected":false},"excerpt":{"rendered":"<table border=\"1\" cellpadding=\"1\" cellspacing=\"1\" style=\"height: 150px\">\n<tbody>\n<tr>\n<td><span style=\"color:#000000\"><strong>NOME COMPLETO<\/strong><\/span><\/td>\n<td><span style=\"color:#000000\">Morellino di Scansano Vigna Benefizio 2021 Cantina Vignaioli del Morellino di Scansano<\/span><\/td>\n<\/tr>\n<tr>\n<td><span style=\"color:#000000\"><strong>DENOMINAZIONE<\/strong><\/span><\/td>\n<td><span style=\"color:#000000\">Morellino di Scansano DOCG<\/span><\/td>\n<\/tr>\n<tr>\n<td><span style=\"color:#000000\"><strong>ANNATA<\/strong><\/span><\/td>\n<td><span style=\"color:#000000\">2021<\/span><\/td>\n<\/tr>\n<tr>\n<td><span style=\"color:#000000\"><strong>TIPOLOGIA<\/strong><\/span><\/td>\n<td><span style=\"color:#000000\">Rosso<\/span><\/td>\n<\/tr>\n<tr>\n<td><span style=\"color:#000000\"><strong>PAESE<\/strong><\/span><\/td>\n<td><span style=\"color:#000000\">Italia<\/span><\/td>\n<\/tr>\n<tr>\n<td><span style=\"color:#000000\"><strong>REGIONE<\/strong><\/span><\/td>\n<td><span style=\"color:#000000\">Toscana<\/span><\/td>\n<\/tr>\n<tr>\n<td><span style=\"color:#000000\"><strong>VITIGNO<\/strong><\/span><\/td>\n<td><span style=\"color:#000000\">Sangiovese 100%<\/span><\/td>\n<\/tr>\n<tr>\n<td><span style=\"color:#000000\"><strong>AFFINAMENTO<\/strong><\/span><\/td>\n<td><span style=\"color:#000000\">6 mesi in barrique; 3 mesi in bottiglia<\/span><\/td>\n<\/tr>\n<tr>\n<td><span style=\"color:#000000\"><strong>FORMATO<\/strong><\/span><\/td>\n<td><span style=\"color:#000000\">0,75 L<\/span><\/td>\n<\/tr>\n<tr>\n<td><span style=\"color:#000000\"><strong>AROMI<\/strong><\/span><\/td>\n<td><span style=\"color:#000000\">Rose, confettura frutti di bosco, spezie<\/span><\/td>\n<\/tr>\n<tr>\n<td><span style=\"color:#000000\"><strong>ABBINAMENTO<\/strong><\/span><\/td>\n<td><span style=\"color:#000000\">Antipasti, primi di carne, carne, cacciagione, salumi, formaggi<\/span><\/td>\n<\/tr>\n<tr>\n<td><span style=\"color:#000000\"><strong>VOL ALCOLICO<\/strong><\/span><\/td>\n<td><span style=\"color:#000000\">13,5 %<\/span><\/td>\n<\/tr>\n<tr>\n<td><span style=\"color:#000000\"><strong>TEMPERATURA<\/strong><\/span><\/td>\n<td><span style=\"color:#000000\">16 &#8211; 18 &deg;C<\/span><\/td>\n<\/tr>\n<tr>\n<td><span style=\"color:#000000\"><strong>SOLFITI<\/strong><\/span><\/td>\n<td><span style=\"color:#000000\">Contiene Solfiti<\/span><\/td>\n<\/tr>\n<\/tbody>\n<\/table>\n","protected":false},"featured_media":4532,"comment_status":"open","ping_status":"closed","template":"","meta":[],"yoast_head":"<!-- This site is optimized with the Yoast SEO plugin v15.7 - https:\/\/yoast.com\/wordpress\/plugins\/seo\/ -->\n<title>Morellino di Scansano DOCG Vigna Benefizio 2021 Cantina Vignaioli - Gustabacco - Menu Online<\/title>\n<meta name=\"robots\" content=\"index, follow, max-snippet:-1, max-image-preview:large, max-video-preview:-1\" \/>\n<link rel=\"canonical\" href=\"https:\/\/www.migliormenu.it\/gustabacco\/prodotto\/morellino-di-scansano-docg-vigna-benefizio-2021-cantina-vignaioli\/\" \/>\n<meta property=\"og:locale\" content=\"it_IT\" \/>\n<meta property=\"og:type\" content=\"article\" \/>\n<meta property=\"og:title\" content=\"Morellino di Scansano DOCG Vigna Benefizio 2021 Cantina Vignaioli - Gustabacco - Menu Online\" \/>\n<meta property=\"og:description\" content=\"NOME COMPLETO  Morellino di Scansano Vigna Benefizio 2021 Cantina Vignaioli del Morellino di Scansano     DENOMINAZIONE  Morellino di Scansano DOCG     ANNATA  2021     TIPOLOGIA  Rosso     PAESE  Italia     REGIONE  Toscana     VITIGNO  Sangiovese 100%     AFFINAMENTO  6 mesi in barrique; 3 mesi in bottiglia     FORMATO  0,75 L     AROMI  Rose, confettura frutti di bosco, spezie     ABBINAMENTO  Antipasti, primi di carne, carne, cacciagione, salumi, formaggi     VOL ALCOLICO  13,5 %     TEMPERATURA  16 - 18 &deg;C     SOLFITI  Contiene Solfiti\" \/>\n<meta property=\"og:url\" content=\"https:\/\/www.migliormenu.it\/gustabacco\/prodotto\/morellino-di-scansano-docg-vigna-benefizio-2021-cantina-vignaioli\/\" \/>\n<meta property=\"og:site_name\" content=\"Gustabacco - Menu Online\" \/>\n<meta property=\"article:modified_time\" content=\"2023-04-14T09:11:14+00:00\" \/>\n<meta name=\"twitter:card\" content=\"summary_large_image\" \/>\n<meta name=\"twitter:label1\" content=\"Tempo di lettura stimato\">\n\t<meta name=\"twitter:data1\" content=\"1 minuto\">\n<script type=\"application\/ld+json\" class=\"yoast-schema-graph\">{\"@context\":\"https:\/\/schema.org\",\"@graph\":[{\"@type\":\"WebSite\",\"@id\":\"https:\/\/www.migliormenu.it\/gustabacco\/#website\",\"url\":\"https:\/\/www.migliormenu.it\/gustabacco\/\",\"name\":\"Gustabacco - Menu Online\",\"description\":\"Coffee, Food e Drink\",\"potentialAction\":[{\"@type\":\"SearchAction\",\"target\":\"https:\/\/www.migliormenu.it\/gustabacco\/?s={search_term_string}\",\"query-input\":\"required name=search_term_string\"}],\"inLanguage\":\"it-IT\"},{\"@type\":\"ImageObject\",\"@id\":\"https:\/\/www.migliormenu.it\/gustabacco\/prodotto\/morellino-di-scansano-docg-vigna-benefizio-2021-cantina-vignaioli\/#primaryimage\",\"inLanguage\":\"it-IT\",\"url\":\"https:\/\/www.migliormenu.it\/gustabacco\/wp-content\/uploads\/2023\/04\/3079.jpg\",\"width\":1180,\"height\":1180},{\"@type\":\"WebPage\",\"@id\":\"https:\/\/www.migliormenu.it\/gustabacco\/prodotto\/morellino-di-scansano-docg-vigna-benefizio-2021-cantina-vignaioli\/#webpage\",\"url\":\"https:\/\/www.migliormenu.it\/gustabacco\/prodotto\/morellino-di-scansano-docg-vigna-benefizio-2021-cantina-vignaioli\/\",\"name\":\"Morellino di Scansano DOCG Vigna Benefizio 2021 Cantina Vignaioli - Gustabacco - Menu Online\",\"isPartOf\":{\"@id\":\"https:\/\/www.migliormenu.it\/gustabacco\/#website\"},\"primaryImageOfPage\":{\"@id\":\"https:\/\/www.migliormenu.it\/gustabacco\/prodotto\/morellino-di-scansano-docg-vigna-benefizio-2021-cantina-vignaioli\/#primaryimage\"},\"datePublished\":\"2023-04-14T09:11:09+00:00\",\"dateModified\":\"2023-04-14T09:11:14+00:00\",\"inLanguage\":\"it-IT\",\"potentialAction\":[{\"@type\":\"ReadAction\",\"target\":[\"https:\/\/www.migliormenu.it\/gustabacco\/prodotto\/morellino-di-scansano-docg-vigna-benefizio-2021-cantina-vignaioli\/\"]}]}]}<\/script>\n<!-- \/ Yoast SEO plugin. -->","_links":{"self":[{"href":"https:\/\/www.migliormenu.it\/gustabacco\/wp-json\/wp\/v2\/product\/5973"}],"collection":[{"href":"https:\/\/www.migliormenu.it\/gustabacco\/wp-json\/wp\/v2\/product"}],"about":[{"href":"https:\/\/www.migliormenu.it\/gustabacco\/wp-json\/wp\/v2\/types\/product"}],"replies":[{"embeddable":true,"href":"https:\/\/www.migliormenu.it\/gustabacco\/wp-json\/wp\/v2\/comments?post=5973"}],"wp:featuredmedia":[{"embeddable":true,"href":"https:\/\/www.migliormenu.it\/gustabacco\/wp-json\/wp\/v2\/media\/4532"}],"wp:attachment":[{"href":"https:\/\/www.migliormenu.it\/gustabacco\/wp-json\/wp\/v2\/media?parent=5973"}],"curies":[{"name":"wp","href":"https:\/\/api.w.org\/{rel}","templated":true}]}}