{"id":5960,"date":"2023-04-14T11:10:53","date_gmt":"2023-04-14T09:10:53","guid":{"rendered":"https:\/\/www.migliormenu.it\/gustabacco\/prodotto\/import-placeholder-for-17554\/"},"modified":"2023-04-14T11:11:05","modified_gmt":"2023-04-14T09:11:05","slug":"dolcetto-dalba-doc-2021-prunotto","status":"publish","type":"product","link":"https:\/\/www.migliormenu.it\/gustabacco\/prodotto\/dolcetto-dalba-doc-2021-prunotto\/","title":{"rendered":"Dolcetto D\u2019Alba DOC 2021 Prunotto"},"content":{"rendered":"<p><strong>DATI STORICI<\/strong><br \/>\nIl Dolcetto, vino storico dell&rsquo;antica tradizione vinicola piemontese, incontra l&rsquo;affinamento in acciaio, per esaltare la fragranza e la vinosit\u00e0 del frutto, tipiche della variet\u00e0.<\/p>\n<p><strong>VINIFICAZIONE<\/strong><br \/>\nAll&rsquo;arrivo in cantina le uve sono state diraspate e pigiate. La macerazione \u00e8 decorsa in 6 giorni a una temperatura massima di 27-28 &deg;C. La fermentazione malolattica, conclusasi a met\u00e0 di dicembre, ha preceduto l&rsquo;affinamento avvenuto in serbatoi inox. Il Dolcetto \u00e8 stato imbottigliato in primavera.<\/p>\n<p><strong>NOTE DEGUSTATIVE<\/strong><br \/>\nIl vino si presenta di un colore rosso rubino vivace. Al naso \u00e8 vinoso, caratterizzato da note di fiori e frutta matura. Al palato \u00e8 pieno e armonico con un piacevole retrogusto di mandorla.<br \/>\n&nbsp;<\/p>\n","protected":false},"excerpt":{"rendered":"<table border=\"1\" cellpadding=\"1\" cellspacing=\"1\" style=\"height: 150px\">\n<tbody>\n<tr>\n<td><span style=\"color:#000000\"><strong>NOME COMPLETO<\/strong><\/span><\/td>\n<td><font color=\"#000000\">Dolcetto D&#039;alba DOC 2021 Prunotto<\/font><\/td>\n<\/tr>\n<tr>\n<td><span style=\"color:#000000\"><strong>DENOMINAZIONE<\/strong><\/span><\/td>\n<td><font color=\"#000000\">Dolcetto DOC<\/font><\/td>\n<\/tr>\n<tr>\n<td><span style=\"color:#000000\"><strong>ANNATA<\/strong><\/span><\/td>\n<td><span style=\"color:#000000\">2021<\/span><\/td>\n<\/tr>\n<tr>\n<td><span style=\"color:#000000\"><strong>TIPOLOGIA<\/strong><\/span><\/td>\n<td><span style=\"color:#000000\">Rosso<\/span><\/td>\n<\/tr>\n<tr>\n<td><span style=\"color:#000000\"><strong>PAESE<\/strong><\/span><\/td>\n<td><span style=\"color:#000000\">Italia<\/span><\/td>\n<\/tr>\n<tr>\n<td><span style=\"color:#000000\"><strong>REGIONE<\/strong><\/span><\/td>\n<td><span style=\"color:#000000\">Piemonte<\/span><\/td>\n<\/tr>\n<tr>\n<td><span style=\"color:#000000\"><strong>VITIGNO<\/strong><\/span><\/td>\n<td><font color=\"#000000\">Dolcetto 100%<\/font><\/td>\n<\/tr>\n<tr>\n<td><span style=\"color:#000000\"><strong>AFFINAMENTO<\/strong><\/span><\/td>\n<td><font color=\"#000000\">5 mesi in acciaio<\/font><\/td>\n<\/tr>\n<tr>\n<td><span style=\"color:#000000\"><strong>FORMATO<\/strong><\/span><\/td>\n<td><span style=\"color:#000000\">0,75 L<\/span><\/td>\n<\/tr>\n<tr>\n<td><span style=\"color:#000000\"><strong>AROMI<\/strong><\/span><\/td>\n<td><span style=\"color:#000000\">Fiori, frutta matura, mandorla<\/span><\/td>\n<\/tr>\n<tr>\n<td><span style=\"color:#000000\"><strong>ABBINAMENTO<\/strong><\/span><\/td>\n<td><span style=\"color:#000000\">Primi piatti, carni, salumi e affettati, formaggi<\/span><\/td>\n<\/tr>\n<tr>\n<td><span style=\"color:#000000\"><strong>VOL ALCOLICO<\/strong><\/span><\/td>\n<td><span style=\"color:#000000\">14 %<\/span><\/td>\n<\/tr>\n<tr>\n<td><span style=\"color:#000000\"><strong>TEMPERATURA<\/strong><\/span><\/td>\n<td><span style=\"color:#000000\">18 &#8211; 20 &deg;C<\/span><\/td>\n<\/tr>\n<tr>\n<td><span style=\"color:#000000\"><strong>SOLFITI<\/strong><\/span><\/td>\n<td><span style=\"color:#000000\">Contiene Solfiti<\/span><\/td>\n<\/tr>\n<\/tbody>\n<\/table>\n<p>&nbsp;<\/p>\n","protected":false},"featured_media":4498,"comment_status":"open","ping_status":"closed","template":"","meta":[],"yoast_head":"<!-- This site is optimized with the Yoast SEO plugin v15.7 - https:\/\/yoast.com\/wordpress\/plugins\/seo\/ -->\n<title>Dolcetto D\u2019Alba DOC 2021 Prunotto - Gustabacco - Menu Online<\/title>\n<meta name=\"robots\" content=\"index, follow, max-snippet:-1, max-image-preview:large, max-video-preview:-1\" \/>\n<link rel=\"canonical\" href=\"https:\/\/www.migliormenu.it\/gustabacco\/prodotto\/dolcetto-dalba-doc-2021-prunotto\/\" \/>\n<meta property=\"og:locale\" content=\"it_IT\" \/>\n<meta property=\"og:type\" content=\"article\" \/>\n<meta property=\"og:title\" content=\"Dolcetto D\u2019Alba DOC 2021 Prunotto - Gustabacco - Menu Online\" \/>\n<meta property=\"og:description\" content=\"NOME COMPLETO  Dolcetto D&#039;alba DOC 2021 Prunotto     DENOMINAZIONE  Dolcetto DOC     ANNATA  2021     TIPOLOGIA  Rosso     PAESE  Italia     REGIONE  Piemonte     VITIGNO  Dolcetto 100%     AFFINAMENTO  5 mesi in acciaio     FORMATO  0,75 L     AROMI  Fiori, frutta matura, mandorla     ABBINAMENTO  Primi piatti, carni, salumi e affettati, formaggi     VOL ALCOLICO  14 %     TEMPERATURA  18 - 20 &deg;C     SOLFITI  Contiene Solfiti    &nbsp;\" \/>\n<meta property=\"og:url\" content=\"https:\/\/www.migliormenu.it\/gustabacco\/prodotto\/dolcetto-dalba-doc-2021-prunotto\/\" \/>\n<meta property=\"og:site_name\" content=\"Gustabacco - Menu Online\" \/>\n<meta property=\"article:modified_time\" content=\"2023-04-14T09:11:05+00:00\" \/>\n<meta name=\"twitter:card\" content=\"summary_large_image\" \/>\n<meta name=\"twitter:label1\" content=\"Tempo di lettura stimato\">\n\t<meta name=\"twitter:data1\" content=\"1 minuto\">\n<script type=\"application\/ld+json\" class=\"yoast-schema-graph\">{\"@context\":\"https:\/\/schema.org\",\"@graph\":[{\"@type\":\"WebSite\",\"@id\":\"https:\/\/www.migliormenu.it\/gustabacco\/#website\",\"url\":\"https:\/\/www.migliormenu.it\/gustabacco\/\",\"name\":\"Gustabacco - Menu Online\",\"description\":\"Coffee, Food e Drink\",\"potentialAction\":[{\"@type\":\"SearchAction\",\"target\":\"https:\/\/www.migliormenu.it\/gustabacco\/?s={search_term_string}\",\"query-input\":\"required name=search_term_string\"}],\"inLanguage\":\"it-IT\"},{\"@type\":\"ImageObject\",\"@id\":\"https:\/\/www.migliormenu.it\/gustabacco\/prodotto\/dolcetto-dalba-doc-2021-prunotto\/#primaryimage\",\"inLanguage\":\"it-IT\",\"url\":\"https:\/\/www.migliormenu.it\/gustabacco\/wp-content\/uploads\/2023\/04\/3036.jpg\",\"width\":1180,\"height\":1180},{\"@type\":\"WebPage\",\"@id\":\"https:\/\/www.migliormenu.it\/gustabacco\/prodotto\/dolcetto-dalba-doc-2021-prunotto\/#webpage\",\"url\":\"https:\/\/www.migliormenu.it\/gustabacco\/prodotto\/dolcetto-dalba-doc-2021-prunotto\/\",\"name\":\"Dolcetto D\\u2019Alba DOC 2021 Prunotto - Gustabacco - Menu Online\",\"isPartOf\":{\"@id\":\"https:\/\/www.migliormenu.it\/gustabacco\/#website\"},\"primaryImageOfPage\":{\"@id\":\"https:\/\/www.migliormenu.it\/gustabacco\/prodotto\/dolcetto-dalba-doc-2021-prunotto\/#primaryimage\"},\"datePublished\":\"2023-04-14T09:10:53+00:00\",\"dateModified\":\"2023-04-14T09:11:05+00:00\",\"inLanguage\":\"it-IT\",\"potentialAction\":[{\"@type\":\"ReadAction\",\"target\":[\"https:\/\/www.migliormenu.it\/gustabacco\/prodotto\/dolcetto-dalba-doc-2021-prunotto\/\"]}]}]}<\/script>\n<!-- \/ Yoast SEO plugin. -->","_links":{"self":[{"href":"https:\/\/www.migliormenu.it\/gustabacco\/wp-json\/wp\/v2\/product\/5960"}],"collection":[{"href":"https:\/\/www.migliormenu.it\/gustabacco\/wp-json\/wp\/v2\/product"}],"about":[{"href":"https:\/\/www.migliormenu.it\/gustabacco\/wp-json\/wp\/v2\/types\/product"}],"replies":[{"embeddable":true,"href":"https:\/\/www.migliormenu.it\/gustabacco\/wp-json\/wp\/v2\/comments?post=5960"}],"wp:featuredmedia":[{"embeddable":true,"href":"https:\/\/www.migliormenu.it\/gustabacco\/wp-json\/wp\/v2\/media\/4498"}],"wp:attachment":[{"href":"https:\/\/www.migliormenu.it\/gustabacco\/wp-json\/wp\/v2\/media?parent=5960"}],"curies":[{"name":"wp","href":"https:\/\/api.w.org\/{rel}","templated":true}]}}