{"id":5914,"date":"2023-04-14T11:10:32","date_gmt":"2023-04-14T09:10:32","guid":{"rendered":"https:\/\/www.migliormenu.it\/gustabacco\/prodotto\/import-placeholder-for-17228\/"},"modified":"2024-08-31T12:27:15","modified_gmt":"2024-08-31T10:27:15","slug":"sangue-di-giuda-delloltrepo-pavese-costiolo-2021-conte-vistarino","status":"publish","type":"product","link":"https:\/\/www.migliormenu.it\/gustabacco\/prodotto\/sangue-di-giuda-delloltrepo-pavese-costiolo-2021-conte-vistarino\/","title":{"rendered":"Sangue di Giuda Dell&#8217;Oltrep\u00f2 Pavese Costiolo 2021 Conte Vistarino"},"content":{"rendered":"<p>Il Sangue di Giuda dell&#039;Oltrep\u00f2 Pavese&nbsp;Costiolo&nbsp;di Conte Vistarino nasce sulla sommit\u00e0 della collina Costiolo, nella Tenuta di Rocca de&#039; Giorgi, situata nell&#039;omonimo comune in provincia di Pavia.<\/p>\n<p>\u00c8 prodotto con uve Croatina, Uva Rara e Barbera, vendemmiate interamente a mano. La fermentazione avviene in vasche di acciaio inox a temperatura controllata e viene interrotta al raggiungimento del livello desiderato di residuo zuccherino.<\/p>\n<p>Presenta un colore rosso rubino intenso. Al naso si apre con un bouquet ricco e delicatamente aromatico su note floreali di rosa rossa e di violetta. Al palato risulta morbido ed elegante, amabile.<\/p>\n<p>Da servire come aperitivo rinfrescante, \u00e8 ideale come vino da dessert o come compagno delle portate a base di frutta, fragole e pesche in primis.<\/p>\n","protected":false},"excerpt":{"rendered":"<table border=\"1\" cellpadding=\"1\" cellspacing=\"1\" style=\"height: 500px\">\n<tbody>\n<tr>\n<td><b>NOME COMPLETO<\/b><\/td>\n<td>Sangue di Giuda Dell&#039;Oltrep\u00f2 Pavese DOC Costiolo 2021 Conte Vistarino<\/td>\n<\/tr>\n<tr>\n<td><b>DENOMINAZIONE<\/b><\/td>\n<td>Oltrep\u00f2 Pavese Doc<\/td>\n<\/tr>\n<tr>\n<td><strong>ANNATA<\/strong><\/td>\n<td>2021<\/td>\n<\/tr>\n<tr>\n<td><strong>TIPOLOGIA<\/strong><\/td>\n<td>Rosso Frizzante Dolce<\/td>\n<\/tr>\n<tr>\n<td><strong>PAESE<\/strong><\/td>\n<td>Italia<\/td>\n<\/tr>\n<tr>\n<td><strong>REGIONE<\/strong><\/td>\n<td>Lombardia<\/td>\n<\/tr>\n<tr>\n<td><strong>VITIGNO<\/strong><\/td>\n<td>Barbera, Croatina, Uva Rara<\/td>\n<\/tr>\n<tr>\n<td><strong>FORMATO<\/strong><\/td>\n<td>0,75 L<\/td>\n<\/tr>\n<tr>\n<td><strong>AROMI<\/strong><\/td>\n<td>Rosa, violetta<\/td>\n<\/tr>\n<tr>\n<td><strong>ABBINAMENTO<\/strong><\/td>\n<td>Aperitivi, dolci secchi, pasticceria<\/td>\n<\/tr>\n<tr>\n<td><b>VOL ALCOLICO<\/b><\/td>\n<td>7 %<\/td>\n<\/tr>\n<tr>\n<td><b>TEMPERATURA<\/b><\/td>\n<td>12 &#8211; 14 &deg;C<\/td>\n<\/tr>\n<tr>\n<td><strong>SOLFITI<\/strong><\/td>\n<td>Contiene Solfiti<\/td>\n<\/tr>\n<\/tbody>\n<\/table>\n<p>&nbsp;<\/p>\n","protected":false},"featured_media":4333,"comment_status":"open","ping_status":"closed","template":"","meta":[],"yoast_head":"<!-- This site is optimized with the Yoast SEO plugin v15.7 - https:\/\/yoast.com\/wordpress\/plugins\/seo\/ -->\n<title>Sangue di Giuda Dell&#039;Oltrep\u00f2 Pavese Costiolo 2021 Conte Vistarino - Gustabacco - Menu Online<\/title>\n<meta name=\"robots\" content=\"index, follow, max-snippet:-1, max-image-preview:large, max-video-preview:-1\" \/>\n<link rel=\"canonical\" href=\"https:\/\/www.migliormenu.it\/gustabacco\/prodotto\/sangue-di-giuda-delloltrepo-pavese-costiolo-2021-conte-vistarino\/\" \/>\n<meta property=\"og:locale\" content=\"it_IT\" \/>\n<meta property=\"og:type\" content=\"article\" \/>\n<meta property=\"og:title\" content=\"Sangue di Giuda Dell&#039;Oltrep\u00f2 Pavese Costiolo 2021 Conte Vistarino - Gustabacco - Menu Online\" \/>\n<meta property=\"og:description\" content=\"NOME COMPLETO  Sangue di Giuda Dell&#039;Oltrep\u00f2 Pavese DOC Costiolo 2021 Conte Vistarino     DENOMINAZIONE  Oltrep\u00f2 Pavese Doc     ANNATA  2021     TIPOLOGIA  Rosso Frizzante Dolce     PAESE  Italia     REGIONE  Lombardia     VITIGNO  Barbera, Croatina, Uva Rara     FORMATO  0,75 L     AROMI  Rosa, violetta     ABBINAMENTO  Aperitivi, dolci secchi, pasticceria     VOL ALCOLICO  7 %     TEMPERATURA  12 - 14 &deg;C     SOLFITI  Contiene Solfiti    &nbsp;\" \/>\n<meta property=\"og:url\" content=\"https:\/\/www.migliormenu.it\/gustabacco\/prodotto\/sangue-di-giuda-delloltrepo-pavese-costiolo-2021-conte-vistarino\/\" \/>\n<meta property=\"og:site_name\" content=\"Gustabacco - Menu Online\" \/>\n<meta property=\"article:modified_time\" content=\"2024-08-31T10:27:15+00:00\" \/>\n<meta property=\"og:image\" content=\"https:\/\/www.migliormenu.it\/gustabacco\/wp-content\/uploads\/2023\/04\/2908.jpg\" \/>\n\t<meta property=\"og:image:width\" content=\"1180\" \/>\n\t<meta property=\"og:image:height\" content=\"1180\" \/>\n<meta name=\"twitter:card\" content=\"summary_large_image\" \/>\n<meta name=\"twitter:label1\" content=\"Tempo di lettura stimato\">\n\t<meta name=\"twitter:data1\" content=\"1 minuto\">\n<script type=\"application\/ld+json\" class=\"yoast-schema-graph\">{\"@context\":\"https:\/\/schema.org\",\"@graph\":[{\"@type\":\"WebSite\",\"@id\":\"https:\/\/www.migliormenu.it\/gustabacco\/#website\",\"url\":\"https:\/\/www.migliormenu.it\/gustabacco\/\",\"name\":\"Gustabacco - Menu Online\",\"description\":\"Coffee, Food e Drink\",\"potentialAction\":[{\"@type\":\"SearchAction\",\"target\":\"https:\/\/www.migliormenu.it\/gustabacco\/?s={search_term_string}\",\"query-input\":\"required name=search_term_string\"}],\"inLanguage\":\"it-IT\"},{\"@type\":\"ImageObject\",\"@id\":\"https:\/\/www.migliormenu.it\/gustabacco\/prodotto\/sangue-di-giuda-delloltrepo-pavese-costiolo-2021-conte-vistarino\/#primaryimage\",\"inLanguage\":\"it-IT\",\"url\":\"https:\/\/www.migliormenu.it\/gustabacco\/wp-content\/uploads\/2023\/04\/2908.jpg\",\"width\":1180,\"height\":1180},{\"@type\":\"WebPage\",\"@id\":\"https:\/\/www.migliormenu.it\/gustabacco\/prodotto\/sangue-di-giuda-delloltrepo-pavese-costiolo-2021-conte-vistarino\/#webpage\",\"url\":\"https:\/\/www.migliormenu.it\/gustabacco\/prodotto\/sangue-di-giuda-delloltrepo-pavese-costiolo-2021-conte-vistarino\/\",\"name\":\"Sangue di Giuda Dell'Oltrep\\u00f2 Pavese Costiolo 2021 Conte Vistarino - Gustabacco - Menu Online\",\"isPartOf\":{\"@id\":\"https:\/\/www.migliormenu.it\/gustabacco\/#website\"},\"primaryImageOfPage\":{\"@id\":\"https:\/\/www.migliormenu.it\/gustabacco\/prodotto\/sangue-di-giuda-delloltrepo-pavese-costiolo-2021-conte-vistarino\/#primaryimage\"},\"datePublished\":\"2023-04-14T09:10:32+00:00\",\"dateModified\":\"2024-08-31T10:27:15+00:00\",\"inLanguage\":\"it-IT\",\"potentialAction\":[{\"@type\":\"ReadAction\",\"target\":[\"https:\/\/www.migliormenu.it\/gustabacco\/prodotto\/sangue-di-giuda-delloltrepo-pavese-costiolo-2021-conte-vistarino\/\"]}]}]}<\/script>\n<!-- \/ Yoast SEO plugin. -->","_links":{"self":[{"href":"https:\/\/www.migliormenu.it\/gustabacco\/wp-json\/wp\/v2\/product\/5914"}],"collection":[{"href":"https:\/\/www.migliormenu.it\/gustabacco\/wp-json\/wp\/v2\/product"}],"about":[{"href":"https:\/\/www.migliormenu.it\/gustabacco\/wp-json\/wp\/v2\/types\/product"}],"replies":[{"embeddable":true,"href":"https:\/\/www.migliormenu.it\/gustabacco\/wp-json\/wp\/v2\/comments?post=5914"}],"wp:featuredmedia":[{"embeddable":true,"href":"https:\/\/www.migliormenu.it\/gustabacco\/wp-json\/wp\/v2\/media\/4333"}],"wp:attachment":[{"href":"https:\/\/www.migliormenu.it\/gustabacco\/wp-json\/wp\/v2\/media?parent=5914"}],"curies":[{"name":"wp","href":"https:\/\/api.w.org\/{rel}","templated":true}]}}