{"id":5886,"date":"2023-04-14T11:10:10","date_gmt":"2023-04-14T09:10:10","guid":{"rendered":"https:\/\/www.migliormenu.it\/gustabacco\/prodotto\/import-placeholder-for-17045\/"},"modified":"2023-04-14T11:10:22","modified_gmt":"2023-04-14T09:10:22","slug":"barbera-dalba-doc-2020-fattoria-san-giuliano","status":"publish","type":"product","link":"https:\/\/www.migliormenu.it\/gustabacco\/prodotto\/barbera-dalba-doc-2020-fattoria-san-giuliano\/","title":{"rendered":"Barbera D&#8217;Alba Doc 2020 Fattoria San Giuliano"},"content":{"rendered":"<p>Il&nbsp;Barbera&nbsp;d&rsquo;Alba&nbsp;nasce nelle&nbsp;Langhe, vere e proprie&nbsp;&ldquo;lingue&rdquo; di terra che si estendono in un vivace gioco di profili, modulati dal mutare delle stagioni.<\/p>\n<p>Il vitigno&nbsp;Barbera&nbsp;rappresenta la fortuna del territorio di&nbsp;Langa&nbsp;e&nbsp;Roero, essendo in grado di produrre grandi vini da invecchiamento ed al contempo regalare emozioni nei vini pi\u00f9 giovani. Viene coltivato prevalentemente sui versanti collinari esposti a Sud&ndash;Ovest, con forma di&nbsp;allevamento&nbsp;a spalliera con&nbsp;potatura&nbsp;guyot.<\/p>\n<p>Il&nbsp;Barbera d&rsquo;Alba&nbsp;viene ottenuto dalla vinificazione in purezza di uve del vitigno&nbsp;Barbera, anche se in alcuni casi un piccolo assemblaggio con il&nbsp;Nebbiolo&nbsp;permette di smorzare la caratteristica acidit\u00e0 del vitigno.<\/p>\n<p>Il&nbsp;Barbera&nbsp;era considerato in passato un&nbsp;vino&nbsp;&ldquo;rustico&rdquo;, ma con il tempo \u00e8 cresciuto nella stima del pubblico perch\u00e9 si \u00e8 dimostrato capace di offrire, tramite appropriati processi di vinificazione, sia&nbsp;ottimi vini di pronta beva, sia&nbsp;vini di media longevit\u00e0 e buona struttura&nbsp;che resistono al tempo e confermano anche dopo molti anni i caratteri pi\u00f9 originali di una terra e di un vitigno di particolare prestigio.<\/p>\n","protected":false},"excerpt":{"rendered":"<p>Azienda vinicola Fattoria San Giuliano<\/p>\n<p>Uve Barbera<\/p>\n<p>Regione Italia \/ Piemonte \/ Barbera d&rsquo;Alba<\/p>\n<p>Stili vinicoli Barbera Italiana<\/p>\n<p>Allergeni Contiene solfiti<\/p>\n","protected":false},"featured_media":5907,"comment_status":"open","ping_status":"closed","template":"","meta":[],"yoast_head":"<!-- This site is optimized with the Yoast SEO plugin v15.7 - https:\/\/yoast.com\/wordpress\/plugins\/seo\/ -->\n<title>Barbera D&#039;Alba Doc 2020 Fattoria San Giuliano - Gustabacco - Menu Online<\/title>\n<meta name=\"robots\" content=\"index, follow, max-snippet:-1, max-image-preview:large, max-video-preview:-1\" \/>\n<link rel=\"canonical\" href=\"https:\/\/www.migliormenu.it\/gustabacco\/prodotto\/barbera-dalba-doc-2020-fattoria-san-giuliano\/\" \/>\n<meta property=\"og:locale\" content=\"it_IT\" \/>\n<meta property=\"og:type\" content=\"article\" \/>\n<meta property=\"og:title\" content=\"Barbera D&#039;Alba Doc 2020 Fattoria San Giuliano - Gustabacco - Menu Online\" \/>\n<meta property=\"og:description\" content=\"Azienda vinicola Fattoria San Giuliano Uve Barbera Regione Italia \/ Piemonte \/ Barbera d&rsquo;Alba Stili vinicoli Barbera Italiana Allergeni Contiene solfiti\" \/>\n<meta property=\"og:url\" content=\"https:\/\/www.migliormenu.it\/gustabacco\/prodotto\/barbera-dalba-doc-2020-fattoria-san-giuliano\/\" \/>\n<meta property=\"og:site_name\" content=\"Gustabacco - Menu Online\" \/>\n<meta property=\"article:modified_time\" content=\"2023-04-14T09:10:22+00:00\" \/>\n<meta name=\"twitter:card\" content=\"summary_large_image\" \/>\n<meta name=\"twitter:label1\" content=\"Tempo di lettura stimato\">\n\t<meta name=\"twitter:data1\" content=\"1 minuto\">\n<script type=\"application\/ld+json\" class=\"yoast-schema-graph\">{\"@context\":\"https:\/\/schema.org\",\"@graph\":[{\"@type\":\"WebSite\",\"@id\":\"https:\/\/www.migliormenu.it\/gustabacco\/#website\",\"url\":\"https:\/\/www.migliormenu.it\/gustabacco\/\",\"name\":\"Gustabacco - Menu Online\",\"description\":\"Coffee, Food e Drink\",\"potentialAction\":[{\"@type\":\"SearchAction\",\"target\":\"https:\/\/www.migliormenu.it\/gustabacco\/?s={search_term_string}\",\"query-input\":\"required name=search_term_string\"}],\"inLanguage\":\"it-IT\"},{\"@type\":\"ImageObject\",\"@id\":\"https:\/\/www.migliormenu.it\/gustabacco\/prodotto\/barbera-dalba-doc-2020-fattoria-san-giuliano\/#primaryimage\",\"inLanguage\":\"it-IT\",\"url\":\"https:\/\/www.migliormenu.it\/gustabacco\/wp-content\/uploads\/2023\/04\/2858.jpg\",\"width\":1180,\"height\":1180},{\"@type\":\"WebPage\",\"@id\":\"https:\/\/www.migliormenu.it\/gustabacco\/prodotto\/barbera-dalba-doc-2020-fattoria-san-giuliano\/#webpage\",\"url\":\"https:\/\/www.migliormenu.it\/gustabacco\/prodotto\/barbera-dalba-doc-2020-fattoria-san-giuliano\/\",\"name\":\"Barbera D'Alba Doc 2020 Fattoria San Giuliano - Gustabacco - Menu Online\",\"isPartOf\":{\"@id\":\"https:\/\/www.migliormenu.it\/gustabacco\/#website\"},\"primaryImageOfPage\":{\"@id\":\"https:\/\/www.migliormenu.it\/gustabacco\/prodotto\/barbera-dalba-doc-2020-fattoria-san-giuliano\/#primaryimage\"},\"datePublished\":\"2023-04-14T09:10:10+00:00\",\"dateModified\":\"2023-04-14T09:10:22+00:00\",\"inLanguage\":\"it-IT\",\"potentialAction\":[{\"@type\":\"ReadAction\",\"target\":[\"https:\/\/www.migliormenu.it\/gustabacco\/prodotto\/barbera-dalba-doc-2020-fattoria-san-giuliano\/\"]}]}]}<\/script>\n<!-- \/ Yoast SEO plugin. -->","_links":{"self":[{"href":"https:\/\/www.migliormenu.it\/gustabacco\/wp-json\/wp\/v2\/product\/5886"}],"collection":[{"href":"https:\/\/www.migliormenu.it\/gustabacco\/wp-json\/wp\/v2\/product"}],"about":[{"href":"https:\/\/www.migliormenu.it\/gustabacco\/wp-json\/wp\/v2\/types\/product"}],"replies":[{"embeddable":true,"href":"https:\/\/www.migliormenu.it\/gustabacco\/wp-json\/wp\/v2\/comments?post=5886"}],"wp:featuredmedia":[{"embeddable":true,"href":"https:\/\/www.migliormenu.it\/gustabacco\/wp-json\/wp\/v2\/media\/5907"}],"wp:attachment":[{"href":"https:\/\/www.migliormenu.it\/gustabacco\/wp-json\/wp\/v2\/media?parent=5886"}],"curies":[{"name":"wp","href":"https:\/\/api.w.org\/{rel}","templated":true}]}}