{"id":5797,"date":"2023-04-14T11:09:14","date_gmt":"2023-04-14T09:09:14","guid":{"rendered":"https:\/\/www.migliormenu.it\/gustabacco\/prodotto\/import-placeholder-for-16687\/"},"modified":"2023-04-14T11:09:23","modified_gmt":"2023-04-14T09:09:23","slug":"salento-igt-primitivo-la-signora-2017-morella","status":"publish","type":"product","link":"https:\/\/www.migliormenu.it\/gustabacco\/prodotto\/salento-igt-primitivo-la-signora-2017-morella\/","title":{"rendered":"Salento IGT Primitivo La Signora 2017 Morella"},"content":{"rendered":"<p>L&rsquo;azienda si propone di valorizzare i propri vigneti di &ldquo;antichi alberelli&rdquo;, per ottenere una materia prima di assoluta concentrazione. La serie delle etichette bianche \u00e8 costituita da vini fatti dai migliori vigneti, i pi\u00f9 vecchi e dal carattere particolare. Il risultato \u00e8 l&#039;Old Vines, Primitivo in purezza di rango&nbsp;superiore, ottenuto dalla selezione delle migliori uve del vigneto di oltre 75 anni a cui si aggiunge oggi un nuovo&nbsp;cru&nbsp;La Signora, espressione di uno stile&nbsp;elegante&nbsp;ed allo stesso tempo rappresentativo della tipicit\u00e0 del Primitivo.<\/p>\n<p><strong>Colore:&nbsp;<\/strong>Rosso&nbsp;rubino&nbsp;intenso;<br \/>\n<strong>Profumo:&nbsp;<\/strong>Note fruttate di ciliegia e macchia mediterranea accompagnate da sentori balsamici e di spezie dolci;<br \/>\n<strong>Sapore:&nbsp;<\/strong>Pieno&nbsp;e di buona materia, con evidenti note di mora e ciliegia, ed un finale lungo e attraversato da una buona&nbsp;persistenza&nbsp;tannica e minerale.<\/p>\n","protected":false},"excerpt":{"rendered":"<table border=\"0\" cellpadding=\"0\" cellspacing=\"0\" style=\"width:680px\" width=\"680\">\n<tbody>\n<tr>\n<td style=\"width:151px;height:22px\">\n<p><strong>NOME COMPLETO<\/strong><\/p>\n<\/td>\n<td style=\"width:530px;height:22px\">\n<p>Salento IGT Primitivo La Signora 2017 Morella<\/p>\n<\/td>\n<\/tr>\n<tr>\n<td style=\"width:151px;height:22px\">\n<p><strong>DENOMINAZIONE<\/strong><\/p>\n<\/td>\n<td style=\"width:530px;height:22px\">\n<p>Salento IGT<\/p>\n<\/td>\n<\/tr>\n<tr>\n<td style=\"width:151px;height:22px\">\n<p><strong>ANNATA<\/strong><\/p>\n<\/td>\n<td style=\"width:530px;height:22px\">\n<p>2017<\/p>\n<\/td>\n<\/tr>\n<tr>\n<td style=\"width:151px;height:22px\">\n<p><strong>TIPOLOGIA<\/strong><\/p>\n<\/td>\n<td style=\"width:530px;height:22px\">\n<p>Rosso Fermo<\/p>\n<\/td>\n<\/tr>\n<tr>\n<td style=\"width:151px;height:22px\">\n<p><strong>PAESE<\/strong><\/p>\n<\/td>\n<td style=\"width:530px;height:22px\">\n<p>Italia<\/p>\n<\/td>\n<\/tr>\n<tr>\n<td style=\"width:151px;height:22px\">\n<p><strong>REGIONE<\/strong><\/p>\n<\/td>\n<td style=\"width:530px;height:22px\">\n<p>Puglia<\/p>\n<\/td>\n<\/tr>\n<tr>\n<td style=\"width:151px;height:22px\">\n<p><strong>VITIGNO<\/strong><\/p>\n<\/td>\n<td style=\"width:530px;height:22px\">\n<p>Primitivo 100%<\/p>\n<\/td>\n<\/tr>\n<tr>\n<td style=\"width:151px;height:22px\">\n<p><strong>AFFINAMENTO<\/strong><\/p>\n<\/td>\n<td style=\"width:530px;height:22px\">\n<p>12 mesi in barrique di rovere di Allier; 24 mesi in bottiglia<\/p>\n<\/td>\n<\/tr>\n<tr>\n<td style=\"width:151px;height:22px\">\n<p><strong>FORMATO<\/strong><\/p>\n<\/td>\n<td style=\"width:530px;height:22px\">\n<p>0,75 L<\/p>\n<\/td>\n<\/tr>\n<tr>\n<td style=\"width:151px;height:22px\">\n<p><strong>AROMI<\/strong><\/p>\n<\/td>\n<td style=\"width:530px;height:22px\">\n<p>Ciliegia, macchia mediterranea, spezie dolci, sentori balsamici<\/p>\n<\/td>\n<\/tr>\n<tr>\n<td style=\"width:151px;height:22px\">\n<p><strong>ABBINAMENTO<\/strong><\/p>\n<\/td>\n<td style=\"width:530px;height:22px\">\n<p>Carni rosse, formaggi<\/p>\n<\/td>\n<\/tr>\n<tr>\n<td style=\"width:151px;height:22px\">\n<p><strong>GRADO ALCOLICO<\/strong><\/p>\n<\/td>\n<td style=\"width:530px;height:22px\">\n<p>15,5%<\/p>\n<\/td>\n<\/tr>\n<tr>\n<td style=\"width:151px;height:22px\">\n<p><strong>TEMPERATURA<\/strong><\/p>\n<\/td>\n<td style=\"width:530px;height:22px\">\n<p>16 &ndash; 18 &deg;C<\/p>\n<\/td>\n<\/tr>\n<tr>\n<td style=\"width:151px;height:22px\">\n<p><strong>SOLFITI<\/strong><\/p>\n<\/td>\n<td style=\"width:530px;height:22px\">\n<p>Contiene solfiti<\/p>\n<\/td>\n<\/tr>\n<\/tbody>\n<\/table>\n","protected":false},"featured_media":4109,"comment_status":"open","ping_status":"closed","template":"","meta":[],"yoast_head":"<!-- This site is optimized with the Yoast SEO plugin v15.7 - https:\/\/yoast.com\/wordpress\/plugins\/seo\/ -->\n<title>Salento IGT Primitivo La Signora 2017 Morella - Gustabacco - Menu Online<\/title>\n<meta name=\"robots\" content=\"index, follow, max-snippet:-1, max-image-preview:large, max-video-preview:-1\" \/>\n<link rel=\"canonical\" href=\"https:\/\/www.migliormenu.it\/gustabacco\/prodotto\/salento-igt-primitivo-la-signora-2017-morella\/\" \/>\n<meta property=\"og:locale\" content=\"it_IT\" \/>\n<meta property=\"og:type\" content=\"article\" \/>\n<meta property=\"og:title\" content=\"Salento IGT Primitivo La Signora 2017 Morella - Gustabacco - Menu Online\" \/>\n<meta property=\"og:description\" content=\"NOME COMPLETO      Salento IGT Primitivo La Signora 2017 Morella         DENOMINAZIONE      Salento IGT         ANNATA      2017         TIPOLOGIA      Rosso Fermo         PAESE      Italia         REGIONE      Puglia         VITIGNO      Primitivo 100%         AFFINAMENTO      12 mesi in barrique di rovere di Allier; 24 mesi in bottiglia         FORMATO      0,75 L         AROMI      Ciliegia, macchia mediterranea, spezie dolci, sentori balsamici         ABBINAMENTO      Carni rosse, formaggi         GRADO ALCOLICO      15,5%         TEMPERATURA      16 &ndash; 18 &deg;C         SOLFITI      Contiene solfiti\" \/>\n<meta property=\"og:url\" content=\"https:\/\/www.migliormenu.it\/gustabacco\/prodotto\/salento-igt-primitivo-la-signora-2017-morella\/\" \/>\n<meta property=\"og:site_name\" content=\"Gustabacco - Menu Online\" \/>\n<meta property=\"article:modified_time\" content=\"2023-04-14T09:09:23+00:00\" \/>\n<meta name=\"twitter:card\" content=\"summary_large_image\" \/>\n<meta name=\"twitter:label1\" content=\"Tempo di lettura stimato\">\n\t<meta name=\"twitter:data1\" content=\"1 minuto\">\n<script type=\"application\/ld+json\" class=\"yoast-schema-graph\">{\"@context\":\"https:\/\/schema.org\",\"@graph\":[{\"@type\":\"WebSite\",\"@id\":\"https:\/\/www.migliormenu.it\/gustabacco\/#website\",\"url\":\"https:\/\/www.migliormenu.it\/gustabacco\/\",\"name\":\"Gustabacco - Menu Online\",\"description\":\"Coffee, Food e Drink\",\"potentialAction\":[{\"@type\":\"SearchAction\",\"target\":\"https:\/\/www.migliormenu.it\/gustabacco\/?s={search_term_string}\",\"query-input\":\"required name=search_term_string\"}],\"inLanguage\":\"it-IT\"},{\"@type\":\"ImageObject\",\"@id\":\"https:\/\/www.migliormenu.it\/gustabacco\/prodotto\/salento-igt-primitivo-la-signora-2017-morella\/#primaryimage\",\"inLanguage\":\"it-IT\",\"url\":\"https:\/\/www.migliormenu.it\/gustabacco\/wp-content\/uploads\/2023\/04\/2600.jpg\",\"width\":1180,\"height\":1180},{\"@type\":\"WebPage\",\"@id\":\"https:\/\/www.migliormenu.it\/gustabacco\/prodotto\/salento-igt-primitivo-la-signora-2017-morella\/#webpage\",\"url\":\"https:\/\/www.migliormenu.it\/gustabacco\/prodotto\/salento-igt-primitivo-la-signora-2017-morella\/\",\"name\":\"Salento IGT Primitivo La Signora 2017 Morella - Gustabacco - Menu Online\",\"isPartOf\":{\"@id\":\"https:\/\/www.migliormenu.it\/gustabacco\/#website\"},\"primaryImageOfPage\":{\"@id\":\"https:\/\/www.migliormenu.it\/gustabacco\/prodotto\/salento-igt-primitivo-la-signora-2017-morella\/#primaryimage\"},\"datePublished\":\"2023-04-14T09:09:14+00:00\",\"dateModified\":\"2023-04-14T09:09:23+00:00\",\"inLanguage\":\"it-IT\",\"potentialAction\":[{\"@type\":\"ReadAction\",\"target\":[\"https:\/\/www.migliormenu.it\/gustabacco\/prodotto\/salento-igt-primitivo-la-signora-2017-morella\/\"]}]}]}<\/script>\n<!-- \/ Yoast SEO plugin. -->","_links":{"self":[{"href":"https:\/\/www.migliormenu.it\/gustabacco\/wp-json\/wp\/v2\/product\/5797"}],"collection":[{"href":"https:\/\/www.migliormenu.it\/gustabacco\/wp-json\/wp\/v2\/product"}],"about":[{"href":"https:\/\/www.migliormenu.it\/gustabacco\/wp-json\/wp\/v2\/types\/product"}],"replies":[{"embeddable":true,"href":"https:\/\/www.migliormenu.it\/gustabacco\/wp-json\/wp\/v2\/comments?post=5797"}],"wp:featuredmedia":[{"embeddable":true,"href":"https:\/\/www.migliormenu.it\/gustabacco\/wp-json\/wp\/v2\/media\/4109"}],"wp:attachment":[{"href":"https:\/\/www.migliormenu.it\/gustabacco\/wp-json\/wp\/v2\/media?parent=5797"}],"curies":[{"name":"wp","href":"https:\/\/api.w.org\/{rel}","templated":true}]}}