{"id":5760,"date":"2023-04-14T11:08:57","date_gmt":"2023-04-14T09:08:57","guid":{"rendered":"https:\/\/www.migliormenu.it\/gustabacco\/prodotto\/import-placeholder-for-16571\/"},"modified":"2023-04-14T11:09:04","modified_gmt":"2023-04-14T09:09:04","slug":"corbieres-aoc-chateau-daussieres-2018-domaines-barons-de-rothschild","status":"publish","type":"product","link":"https:\/\/www.migliormenu.it\/gustabacco\/prodotto\/corbieres-aoc-chateau-daussieres-2018-domaines-barons-de-rothschild\/","title":{"rendered":"Corbi\u00e8res AOC Ch\u00e2teau d&#8217;Aussi\u00e8res 2018 Domaines Barons de Rothschild"},"content":{"rendered":"<p>Lo&nbsp;<em>Chateau d&rsquo;Aussi\u00e8res<\/em>&nbsp;\u00e8 una cuv\u00e9e di Syrah, Mourv\u00e8dre, Grenache prodotto dal Domaine d&rsquo;Aussi\u00e8res.<\/p>\n<p>Prodotto con uve selezionate dalle migliori parcelle, questa cuv\u00e9e viene realizzata in piccole quantit\u00e0 per rispettare standard qualitativi elevati. Dopo la fermentazione, il 40% del vino ottenuto viene affinato in botti di rovere per un periodo compreso tra i 12 ei 16 mesi.<\/p>\n<p>Di un bel colore rosso rubino intenso, presenta un naso compatto e un ingresso al palato con note di frutti neri maturi e spezie. Con una struttura tannica ben definita, espressa tra complessit\u00e0 e finezza ricavate dal blend, si lascia apprezzare per un sapiente uso del legno che armonizza il lungo finale.<\/p>\n<p>Vino da bere con salumi e primi piatti saporiti, conferma la sua godibilit\u00e0 con piatti di carne in umido o alla brace.<\/p>\n","protected":false},"excerpt":{"rendered":"<p><strong>NOME COMPLETO&nbsp;<\/strong>Corbi\u00e8res AOC Ch\u00e2teau d&#039;Aussi\u00e8res 2018 Domaines Barons de Rothschild<\/p>\n<p><strong>DENOMINAZIONE <\/strong>Corbi\u00e8res<\/p>\n<p><strong>ANNATA&nbsp;<\/strong>2018<\/p>\n<p><strong>TIPOLOGIA&nbsp;<\/strong>Secco<\/p>\n<p><strong>PAESE&nbsp;<\/strong>Francia<\/p>\n<p><strong>REGIONE <\/strong>Languedoc-Roussillon<\/p>\n<p><strong>VITIGNO&nbsp;<\/strong>Grenache, Mourv\u00e8dre, Syrah<\/p>\n<p><strong>AFFINAMENTO&nbsp;<\/strong>Botte di rovere 12 &ndash; 16 mesi<\/p>\n<p><strong>FORMATO&nbsp;<\/strong>0,75 L<\/p>\n<p><strong>AROMI&nbsp;<\/strong>Ciliegia, mora, pepe, ribes<\/p>\n<p><strong>ABBINAMENTO <\/strong><strong>Rag\u00f9 di carne, arrosti, selvaggina<\/strong><\/p>\n<p><strong>GRADO ALCOLICO&nbsp;<\/strong>13,5 %<\/p>\n<p><strong>TEMPERATURA <\/strong><strong>16 &ndash; 18 &deg;C<\/strong><\/p>\n<p><strong>SOLFITI&nbsp;<\/strong>Contiene solfiti<\/p>\n","protected":false},"featured_media":4013,"comment_status":"open","ping_status":"closed","template":"","meta":[],"yoast_head":"<!-- This site is optimized with the Yoast SEO plugin v15.7 - https:\/\/yoast.com\/wordpress\/plugins\/seo\/ -->\n<title>Corbi\u00e8res AOC Ch\u00e2teau d&#039;Aussi\u00e8res 2018 Domaines Barons de Rothschild - Gustabacco - Menu Online<\/title>\n<meta name=\"robots\" content=\"index, follow, max-snippet:-1, max-image-preview:large, max-video-preview:-1\" \/>\n<link rel=\"canonical\" href=\"https:\/\/www.migliormenu.it\/gustabacco\/prodotto\/corbieres-aoc-chateau-daussieres-2018-domaines-barons-de-rothschild\/\" \/>\n<meta property=\"og:locale\" content=\"it_IT\" \/>\n<meta property=\"og:type\" content=\"article\" \/>\n<meta property=\"og:title\" content=\"Corbi\u00e8res AOC Ch\u00e2teau d&#039;Aussi\u00e8res 2018 Domaines Barons de Rothschild - Gustabacco - Menu Online\" \/>\n<meta property=\"og:description\" content=\"NOME COMPLETO&nbsp;Corbi\u00e8res AOC Ch\u00e2teau d&#039;Aussi\u00e8res 2018 Domaines Barons de Rothschild DENOMINAZIONE Corbi\u00e8res ANNATA&nbsp;2018 TIPOLOGIA&nbsp;Secco PAESE&nbsp;Francia REGIONE Languedoc-Roussillon VITIGNO&nbsp;Grenache, Mourv\u00e8dre, Syrah AFFINAMENTO&nbsp;Botte di rovere 12 &ndash; 16 mesi FORMATO&nbsp;0,75 L AROMI&nbsp;Ciliegia, mora, pepe, ribes ABBINAMENTO Rag\u00f9 di carne, arrosti, selvaggina GRADO ALCOLICO&nbsp;13,5 % TEMPERATURA 16 &ndash; 18 &deg;C SOLFITI&nbsp;Contiene solfiti\" \/>\n<meta property=\"og:url\" content=\"https:\/\/www.migliormenu.it\/gustabacco\/prodotto\/corbieres-aoc-chateau-daussieres-2018-domaines-barons-de-rothschild\/\" \/>\n<meta property=\"og:site_name\" content=\"Gustabacco - Menu Online\" \/>\n<meta property=\"article:modified_time\" content=\"2023-04-14T09:09:04+00:00\" \/>\n<meta name=\"twitter:card\" content=\"summary_large_image\" \/>\n<meta name=\"twitter:label1\" content=\"Tempo di lettura stimato\">\n\t<meta name=\"twitter:data1\" content=\"1 minuto\">\n<script type=\"application\/ld+json\" class=\"yoast-schema-graph\">{\"@context\":\"https:\/\/schema.org\",\"@graph\":[{\"@type\":\"WebSite\",\"@id\":\"https:\/\/www.migliormenu.it\/gustabacco\/#website\",\"url\":\"https:\/\/www.migliormenu.it\/gustabacco\/\",\"name\":\"Gustabacco - Menu Online\",\"description\":\"Coffee, Food e Drink\",\"potentialAction\":[{\"@type\":\"SearchAction\",\"target\":\"https:\/\/www.migliormenu.it\/gustabacco\/?s={search_term_string}\",\"query-input\":\"required name=search_term_string\"}],\"inLanguage\":\"it-IT\"},{\"@type\":\"ImageObject\",\"@id\":\"https:\/\/www.migliormenu.it\/gustabacco\/prodotto\/corbieres-aoc-chateau-daussieres-2018-domaines-barons-de-rothschild\/#primaryimage\",\"inLanguage\":\"it-IT\",\"url\":\"https:\/\/www.migliormenu.it\/gustabacco\/wp-content\/uploads\/2023\/04\/2528.jpg\",\"width\":1180,\"height\":1180},{\"@type\":\"WebPage\",\"@id\":\"https:\/\/www.migliormenu.it\/gustabacco\/prodotto\/corbieres-aoc-chateau-daussieres-2018-domaines-barons-de-rothschild\/#webpage\",\"url\":\"https:\/\/www.migliormenu.it\/gustabacco\/prodotto\/corbieres-aoc-chateau-daussieres-2018-domaines-barons-de-rothschild\/\",\"name\":\"Corbi\\u00e8res AOC Ch\\u00e2teau d'Aussi\\u00e8res 2018 Domaines Barons de Rothschild - Gustabacco - Menu Online\",\"isPartOf\":{\"@id\":\"https:\/\/www.migliormenu.it\/gustabacco\/#website\"},\"primaryImageOfPage\":{\"@id\":\"https:\/\/www.migliormenu.it\/gustabacco\/prodotto\/corbieres-aoc-chateau-daussieres-2018-domaines-barons-de-rothschild\/#primaryimage\"},\"datePublished\":\"2023-04-14T09:08:57+00:00\",\"dateModified\":\"2023-04-14T09:09:04+00:00\",\"inLanguage\":\"it-IT\",\"potentialAction\":[{\"@type\":\"ReadAction\",\"target\":[\"https:\/\/www.migliormenu.it\/gustabacco\/prodotto\/corbieres-aoc-chateau-daussieres-2018-domaines-barons-de-rothschild\/\"]}]}]}<\/script>\n<!-- \/ Yoast SEO plugin. -->","_links":{"self":[{"href":"https:\/\/www.migliormenu.it\/gustabacco\/wp-json\/wp\/v2\/product\/5760"}],"collection":[{"href":"https:\/\/www.migliormenu.it\/gustabacco\/wp-json\/wp\/v2\/product"}],"about":[{"href":"https:\/\/www.migliormenu.it\/gustabacco\/wp-json\/wp\/v2\/types\/product"}],"replies":[{"embeddable":true,"href":"https:\/\/www.migliormenu.it\/gustabacco\/wp-json\/wp\/v2\/comments?post=5760"}],"wp:featuredmedia":[{"embeddable":true,"href":"https:\/\/www.migliormenu.it\/gustabacco\/wp-json\/wp\/v2\/media\/4013"}],"wp:attachment":[{"href":"https:\/\/www.migliormenu.it\/gustabacco\/wp-json\/wp\/v2\/media?parent=5760"}],"curies":[{"name":"wp","href":"https:\/\/api.w.org\/{rel}","templated":true}]}}