{"id":5723,"date":"2023-04-14T11:08:41","date_gmt":"2023-04-14T09:08:41","guid":{"rendered":"https:\/\/www.migliormenu.it\/gustabacco\/prodotto\/import-placeholder-for-15963\/"},"modified":"2023-07-31T01:09:10","modified_gmt":"2023-07-30T23:09:10","slug":"urra-di-mare-sauvignon-2020-mandrarossa","status":"publish","type":"product","link":"https:\/\/www.migliormenu.it\/gustabacco\/prodotto\/urra-di-mare-sauvignon-2020-mandrarossa\/","title":{"rendered":"Urra di Mare Sauvignon 2020 Mandrarossa"},"content":{"rendered":"<p><em>Urra di Mare<\/em>&nbsp;\u00e8 un vino che incarna una nuova espressione del Sauvignon la cui essenza risente delle brezze marine delle coste di Menfi. I vigneti con esposizione sud e sud-ovest sono situati su terreni di medio impasto di natura argillosa.<\/p>\n<p>La vendemmia si svolge durante la seconda settimana di agosto. Viene effettua una breve macerazione a freddo dopodich\u00e9 il mosto fermenta in acciaio a temperatura controllata. Il vino matura in vasche di acciaio per 4 mesi.<\/p>\n<p>Si manifesta alla vista con una tonalit\u00e0 che richiama un colore giallo paglierino con riflessi dorati. Lo spettro olfattivo \u00e8 organizzato intorno a profumi di agrumi, pesca e albicocca, su letto di sentori di menta e basilico. All&#039;assaggio \u00e8 minerale, armonico e fresco, con un finale persistente.<\/p>\n<p>Ideale da abbinare con ostriche e pesce alla griglia, \u00e8 perfetto con un piatto di frutti di mare.<\/p>\n","protected":false},"excerpt":{"rendered":"<p>Nome: Mandrarossa Urra di Mare Sauvignon 2020<\/p>\n<p>Tipologia: Bianco fermo<\/p>\n<p>Classificazione: DOC Sicilia Sauvigon<\/p>\n<p>Anno: 2020<\/p>\n<p>Formato: 0,75 l Standard<\/p>\n<p>Nazione: Italia<\/p>\n<p>Regione: Sicilia<\/p>\n<p>Vitigni: 100% Sauvignon<\/p>\n<p>Vinificazione: Criomacerazione delle uve a 5-8 &deg;C in pressa, fermentazione in acciaio a 16-18 &deg;C.<\/p>\n<p>Affinamento: 3 mesi in serbatoi di acciaio a temperatura controllata (10 &deg;C). Affinamento: 4 mesi in bottiglia.<\/p>\n<p>Grado alcolico: 12,00% in volume<\/p>\n<p>Allergeni: Contiene solfiti<\/p>\n<p>Abbinamento: Aperitivo ideale, ottimo da abbinare ai frutti di mare o al pesce alla griglia.<\/p>\n","protected":false},"featured_media":3798,"comment_status":"open","ping_status":"closed","template":"","meta":[],"yoast_head":"<!-- This site is optimized with the Yoast SEO plugin v15.7 - https:\/\/yoast.com\/wordpress\/plugins\/seo\/ -->\n<title>Urra di Mare Sauvignon 2020 Mandrarossa - Gustabacco - Menu Online<\/title>\n<meta name=\"robots\" content=\"index, follow, max-snippet:-1, max-image-preview:large, max-video-preview:-1\" \/>\n<link rel=\"canonical\" href=\"https:\/\/www.migliormenu.it\/gustabacco\/prodotto\/urra-di-mare-sauvignon-2020-mandrarossa\/\" \/>\n<meta property=\"og:locale\" content=\"it_IT\" \/>\n<meta property=\"og:type\" content=\"article\" \/>\n<meta property=\"og:title\" content=\"Urra di Mare Sauvignon 2020 Mandrarossa - Gustabacco - Menu Online\" \/>\n<meta property=\"og:description\" content=\"Nome: Mandrarossa Urra di Mare Sauvignon 2020 Tipologia: Bianco fermo Classificazione: DOC Sicilia Sauvigon Anno: 2020 Formato: 0,75 l Standard Nazione: Italia Regione: Sicilia Vitigni: 100% Sauvignon Vinificazione: Criomacerazione delle uve a 5-8 &deg;C in pressa, fermentazione in acciaio a 16-18 &deg;C. Affinamento: 3 mesi in serbatoi di acciaio a temperatura controllata (10 &deg;C). Affinamento: 4 mesi in bottiglia. Grado alcolico: 12,00% in volume Allergeni: Contiene solfiti Abbinamento: Aperitivo ideale, ottimo da abbinare ai frutti di mare o al pesce alla griglia.\" \/>\n<meta property=\"og:url\" content=\"https:\/\/www.migliormenu.it\/gustabacco\/prodotto\/urra-di-mare-sauvignon-2020-mandrarossa\/\" \/>\n<meta property=\"og:site_name\" content=\"Gustabacco - Menu Online\" \/>\n<meta property=\"article:modified_time\" content=\"2023-07-30T23:09:10+00:00\" \/>\n<meta name=\"twitter:card\" content=\"summary_large_image\" \/>\n<meta name=\"twitter:label1\" content=\"Tempo di lettura stimato\">\n\t<meta name=\"twitter:data1\" content=\"1 minuto\">\n<script type=\"application\/ld+json\" class=\"yoast-schema-graph\">{\"@context\":\"https:\/\/schema.org\",\"@graph\":[{\"@type\":\"WebSite\",\"@id\":\"https:\/\/www.migliormenu.it\/gustabacco\/#website\",\"url\":\"https:\/\/www.migliormenu.it\/gustabacco\/\",\"name\":\"Gustabacco - Menu Online\",\"description\":\"Coffee, Food e Drink\",\"potentialAction\":[{\"@type\":\"SearchAction\",\"target\":\"https:\/\/www.migliormenu.it\/gustabacco\/?s={search_term_string}\",\"query-input\":\"required name=search_term_string\"}],\"inLanguage\":\"it-IT\"},{\"@type\":\"ImageObject\",\"@id\":\"https:\/\/www.migliormenu.it\/gustabacco\/prodotto\/urra-di-mare-sauvignon-2020-mandrarossa\/#primaryimage\",\"inLanguage\":\"it-IT\",\"url\":\"https:\/\/www.migliormenu.it\/gustabacco\/wp-content\/uploads\/2023\/04\/New-Project-63.jpg\",\"width\":1180,\"height\":1180},{\"@type\":\"WebPage\",\"@id\":\"https:\/\/www.migliormenu.it\/gustabacco\/prodotto\/urra-di-mare-sauvignon-2020-mandrarossa\/#webpage\",\"url\":\"https:\/\/www.migliormenu.it\/gustabacco\/prodotto\/urra-di-mare-sauvignon-2020-mandrarossa\/\",\"name\":\"Urra di Mare Sauvignon 2020 Mandrarossa - Gustabacco - Menu Online\",\"isPartOf\":{\"@id\":\"https:\/\/www.migliormenu.it\/gustabacco\/#website\"},\"primaryImageOfPage\":{\"@id\":\"https:\/\/www.migliormenu.it\/gustabacco\/prodotto\/urra-di-mare-sauvignon-2020-mandrarossa\/#primaryimage\"},\"datePublished\":\"2023-04-14T09:08:41+00:00\",\"dateModified\":\"2023-07-30T23:09:10+00:00\",\"inLanguage\":\"it-IT\",\"potentialAction\":[{\"@type\":\"ReadAction\",\"target\":[\"https:\/\/www.migliormenu.it\/gustabacco\/prodotto\/urra-di-mare-sauvignon-2020-mandrarossa\/\"]}]}]}<\/script>\n<!-- \/ Yoast SEO plugin. -->","_links":{"self":[{"href":"https:\/\/www.migliormenu.it\/gustabacco\/wp-json\/wp\/v2\/product\/5723"}],"collection":[{"href":"https:\/\/www.migliormenu.it\/gustabacco\/wp-json\/wp\/v2\/product"}],"about":[{"href":"https:\/\/www.migliormenu.it\/gustabacco\/wp-json\/wp\/v2\/types\/product"}],"replies":[{"embeddable":true,"href":"https:\/\/www.migliormenu.it\/gustabacco\/wp-json\/wp\/v2\/comments?post=5723"}],"wp:featuredmedia":[{"embeddable":true,"href":"https:\/\/www.migliormenu.it\/gustabacco\/wp-json\/wp\/v2\/media\/3798"}],"wp:attachment":[{"href":"https:\/\/www.migliormenu.it\/gustabacco\/wp-json\/wp\/v2\/media?parent=5723"}],"curies":[{"name":"wp","href":"https:\/\/api.w.org\/{rel}","templated":true}]}}