{"id":5692,"date":"2023-04-14T11:08:27","date_gmt":"2023-04-14T09:08:27","guid":{"rendered":"https:\/\/www.migliormenu.it\/gustabacco\/prodotto\/import-placeholder-for-15665\/"},"modified":"2023-04-14T11:08:31","modified_gmt":"2023-04-14T09:08:31","slug":"tellus-syrah-rosato-falesco-2020","status":"publish","type":"product","link":"https:\/\/www.migliormenu.it\/gustabacco\/prodotto\/tellus-syrah-rosato-falesco-2020\/","title":{"rendered":"Tellus Syrah Rosato Falesco 2020"},"content":{"rendered":"<p>Tellus Syrah Rosato Lazio IGP&nbsp;della&nbsp;Cantina Falasco Famiglia Cotarella&nbsp;\u00e8 un rosato fresco e delicato che conquista al primo sorso e anche a prima vista, grazie alla sua bottiglia allegra e moderna. La cantina Falesco ha iniziato la sua attivit\u00e0 con una piccola vigna a conduzione familiare per poi estendersi su oltre 260 ettari su cui coltiva uve autoctone e internazionali come il Syrah. I vigneti Syrah sono ubicati nell&#039;Alto Lazio, nella zona che va da Montefiascone al Lago di Bolsena, su terreni vulcanico-sedimentari, a circa 300 metri sul livello del mare. Dopo la vendemmia i migliori grappoli sono macerati a freddo per meno di 2 ore e la fermentazione dura 2 settimane in contenitori di acciaio. L&#039;affinamento \u00e8 svolto per alcuni mesi in acciaio e il&nbsp;Tellus Syrah Rosato Lazio IGP&nbsp;\u00e8 subito perfetto da bere. Questo vino non pu\u00f2 non conquistare gli amanti del ros\u00e8, grazie al suo sorso delicato e leggero, perfetto soprattutto durante la stagione estiva.<\/p>\n","protected":false},"excerpt":{"rendered":"<p>Tipologia: Vini Rosati<\/p>\n<p>Provenienza: Lazio<\/p>\n<p>Denominazione: Lazio IGP<\/p>\n<p>Uve: Syrah 100%<\/p>\n<p>Affinamento: in vasca di acciaio<\/p>\n<p>Annata: 2020<\/p>\n<p>Grado Alcolico: 12.5%<\/p>\n<p>Formato: Bottiglia 75 cl<\/p>\n<p>Note: Contiene solfiti<\/p>\n","protected":false},"featured_media":3725,"comment_status":"open","ping_status":"closed","template":"","meta":[],"yoast_head":"<!-- This site is optimized with the Yoast SEO plugin v15.7 - https:\/\/yoast.com\/wordpress\/plugins\/seo\/ -->\n<title>Tellus Syrah Rosato Falesco 2020 - Gustabacco - Menu Online<\/title>\n<meta name=\"robots\" content=\"index, follow, max-snippet:-1, max-image-preview:large, max-video-preview:-1\" \/>\n<link rel=\"canonical\" href=\"https:\/\/www.migliormenu.it\/gustabacco\/prodotto\/tellus-syrah-rosato-falesco-2020\/\" \/>\n<meta property=\"og:locale\" content=\"it_IT\" \/>\n<meta property=\"og:type\" content=\"article\" \/>\n<meta property=\"og:title\" content=\"Tellus Syrah Rosato Falesco 2020 - Gustabacco - Menu Online\" \/>\n<meta property=\"og:description\" content=\"Tipologia: Vini Rosati Provenienza: Lazio Denominazione: Lazio IGP Uve: Syrah 100% Affinamento: in vasca di acciaio Annata: 2020 Grado Alcolico: 12.5% Formato: Bottiglia 75 cl Note: Contiene solfiti\" \/>\n<meta property=\"og:url\" content=\"https:\/\/www.migliormenu.it\/gustabacco\/prodotto\/tellus-syrah-rosato-falesco-2020\/\" \/>\n<meta property=\"og:site_name\" content=\"Gustabacco - Menu Online\" \/>\n<meta property=\"article:modified_time\" content=\"2023-04-14T09:08:31+00:00\" \/>\n<meta name=\"twitter:card\" content=\"summary_large_image\" \/>\n<meta name=\"twitter:label1\" content=\"Tempo di lettura stimato\">\n\t<meta name=\"twitter:data1\" content=\"1 minuto\">\n<script type=\"application\/ld+json\" class=\"yoast-schema-graph\">{\"@context\":\"https:\/\/schema.org\",\"@graph\":[{\"@type\":\"WebSite\",\"@id\":\"https:\/\/www.migliormenu.it\/gustabacco\/#website\",\"url\":\"https:\/\/www.migliormenu.it\/gustabacco\/\",\"name\":\"Gustabacco - Menu Online\",\"description\":\"Coffee, Food e Drink\",\"potentialAction\":[{\"@type\":\"SearchAction\",\"target\":\"https:\/\/www.migliormenu.it\/gustabacco\/?s={search_term_string}\",\"query-input\":\"required name=search_term_string\"}],\"inLanguage\":\"it-IT\"},{\"@type\":\"ImageObject\",\"@id\":\"https:\/\/www.migliormenu.it\/gustabacco\/prodotto\/tellus-syrah-rosato-falesco-2020\/#primaryimage\",\"inLanguage\":\"it-IT\",\"url\":\"https:\/\/www.migliormenu.it\/gustabacco\/wp-content\/uploads\/2023\/04\/New-Project-4-1-1.jpg\",\"width\":1180,\"height\":1180},{\"@type\":\"WebPage\",\"@id\":\"https:\/\/www.migliormenu.it\/gustabacco\/prodotto\/tellus-syrah-rosato-falesco-2020\/#webpage\",\"url\":\"https:\/\/www.migliormenu.it\/gustabacco\/prodotto\/tellus-syrah-rosato-falesco-2020\/\",\"name\":\"Tellus Syrah Rosato Falesco 2020 - Gustabacco - Menu Online\",\"isPartOf\":{\"@id\":\"https:\/\/www.migliormenu.it\/gustabacco\/#website\"},\"primaryImageOfPage\":{\"@id\":\"https:\/\/www.migliormenu.it\/gustabacco\/prodotto\/tellus-syrah-rosato-falesco-2020\/#primaryimage\"},\"datePublished\":\"2023-04-14T09:08:27+00:00\",\"dateModified\":\"2023-04-14T09:08:31+00:00\",\"inLanguage\":\"it-IT\",\"potentialAction\":[{\"@type\":\"ReadAction\",\"target\":[\"https:\/\/www.migliormenu.it\/gustabacco\/prodotto\/tellus-syrah-rosato-falesco-2020\/\"]}]}]}<\/script>\n<!-- \/ Yoast SEO plugin. -->","_links":{"self":[{"href":"https:\/\/www.migliormenu.it\/gustabacco\/wp-json\/wp\/v2\/product\/5692"}],"collection":[{"href":"https:\/\/www.migliormenu.it\/gustabacco\/wp-json\/wp\/v2\/product"}],"about":[{"href":"https:\/\/www.migliormenu.it\/gustabacco\/wp-json\/wp\/v2\/types\/product"}],"replies":[{"embeddable":true,"href":"https:\/\/www.migliormenu.it\/gustabacco\/wp-json\/wp\/v2\/comments?post=5692"}],"wp:featuredmedia":[{"embeddable":true,"href":"https:\/\/www.migliormenu.it\/gustabacco\/wp-json\/wp\/v2\/media\/3725"}],"wp:attachment":[{"href":"https:\/\/www.migliormenu.it\/gustabacco\/wp-json\/wp\/v2\/media?parent=5692"}],"curies":[{"name":"wp","href":"https:\/\/api.w.org\/{rel}","templated":true}]}}