{"id":5685,"date":"2023-04-14T11:08:17","date_gmt":"2023-04-14T09:08:17","guid":{"rendered":"https:\/\/www.migliormenu.it\/gustabacco\/prodotto\/import-placeholder-for-15370\/"},"modified":"2023-04-14T11:08:25","modified_gmt":"2023-04-14T09:08:25","slug":"greco-di-tufo-docg-alexandros-2020-colli-di-lapio","status":"publish","type":"product","link":"https:\/\/www.migliormenu.it\/gustabacco\/prodotto\/greco-di-tufo-docg-alexandros-2020-colli-di-lapio\/","title":{"rendered":"Greco di Tufo DOCG Alexandros 2020 Colli di Lapio"},"content":{"rendered":"<p>Coinvolge al naso con toni di fieno, margherite, pera verde ed erbe aromatiche. Buon corpo, con componente fresco-sapida ben scandita; persiste su sapori citrici. termina il suo viaggio in acciaio per 4 mesi.<\/p>\n<p>Il grappolo \u00e8 medio-piccolo, non particolarmente compatto, di forma piramidale, con ala ben sviluppata. L&#039;acino \u00e8 ellittico, di medie dimensioni, di colore giallo dorato con macchie ambrate sul lato esposto al sole e scarsamente pruinoso. Ha la buccia spessa che gli dona particolare resistenza alla botrytis, consentendo vendemmie molto ritardate e permettendogli, all&#039;occorrenza, di diventare una buona uva da tavola. Matura in genere all&#039;inizio di ottobre.<\/p>\n<p>Le origini antichissime della viticoltura campana sono evidenti nei due metodi di allevamento della vite usati ancora oggi, quello ad alberello, di origine greca, e la tecnica etrusca in cui la vite si fa arrampicare attorno a pali e tronchi di alberi campestri per poi collegare rami e tralci tramite graticci &mdash; chiamati tennecchie, cio\u00e8 tende &mdash; in una specie di pergolato che unisce un albero all&#039;altro, integrando quindi la viticoltura con la vegetazione esistente insieme ad altre coltivazioni.<\/p>\n<p>L&#039;intera regione \u00e8 situata all&#039;interno di un antico teatro vulcanico, di cui oggi il Vesuvio rappresenta il pi\u00f9 importante esempio ancora attivo. Questa peculiarit\u00e0 ha contribuito a determinare una grande variet\u00e0 di suoli, che spaziano dalle rocce piroclastiche e dai tufi del Nord alle sabbie e arenarie del Taburno, ricche di quarzi e marne calcaree, ai calcari della Costiera Amalfitana, alle sabbie argillose dell&#039;Irpinia. Nelle province di Napoli, Salerno e Caserta il clima \u00e8 mite e mediterraneo, mentre in quelle interne di Avellino e Benevento le temperature sono pi\u00f9 rigide man mano che si sale verso l&#039;Appennino, con piogge abbondanti soprattutto in Irpinia.<\/p>\n","protected":false},"excerpt":{"rendered":"<p>Vitigni: Greco di Tufo 100%<\/p>\n<p>Grado alcolico: 13 %<\/p>\n<p>Area produzione: Greco di Tufo DOCG<\/p>\n<p>Anno: 2020<\/p>\n<p>Formato: Bottiglia 0,75 l<\/p>\n<p>Vinificazione: Fermentazione alcolica in serbatoi d&rsquo;acciaio<\/p>\n<p>Affinamento: Alcuni mesi in acciaio<\/p>\n","protected":false},"featured_media":3693,"comment_status":"open","ping_status":"closed","template":"","meta":[],"yoast_head":"<!-- This site is optimized with the Yoast SEO plugin v15.7 - https:\/\/yoast.com\/wordpress\/plugins\/seo\/ -->\n<title>Greco di Tufo DOCG Alexandros 2020 Colli di Lapio - Gustabacco - Menu Online<\/title>\n<meta name=\"robots\" content=\"index, follow, max-snippet:-1, max-image-preview:large, max-video-preview:-1\" \/>\n<link rel=\"canonical\" href=\"https:\/\/www.migliormenu.it\/gustabacco\/prodotto\/greco-di-tufo-docg-alexandros-2020-colli-di-lapio\/\" \/>\n<meta property=\"og:locale\" content=\"it_IT\" \/>\n<meta property=\"og:type\" content=\"article\" \/>\n<meta property=\"og:title\" content=\"Greco di Tufo DOCG Alexandros 2020 Colli di Lapio - Gustabacco - Menu Online\" \/>\n<meta property=\"og:description\" content=\"Vitigni: Greco di Tufo 100% Grado alcolico: 13 % Area produzione: Greco di Tufo DOCG Anno: 2020 Formato: Bottiglia 0,75 l Vinificazione: Fermentazione alcolica in serbatoi d&rsquo;acciaio Affinamento: Alcuni mesi in acciaio\" \/>\n<meta property=\"og:url\" content=\"https:\/\/www.migliormenu.it\/gustabacco\/prodotto\/greco-di-tufo-docg-alexandros-2020-colli-di-lapio\/\" \/>\n<meta property=\"og:site_name\" content=\"Gustabacco - Menu Online\" \/>\n<meta property=\"article:modified_time\" content=\"2023-04-14T09:08:25+00:00\" \/>\n<meta name=\"twitter:card\" content=\"summary_large_image\" \/>\n<meta name=\"twitter:label1\" content=\"Tempo di lettura stimato\">\n\t<meta name=\"twitter:data1\" content=\"1 minuto\">\n<script type=\"application\/ld+json\" class=\"yoast-schema-graph\">{\"@context\":\"https:\/\/schema.org\",\"@graph\":[{\"@type\":\"WebSite\",\"@id\":\"https:\/\/www.migliormenu.it\/gustabacco\/#website\",\"url\":\"https:\/\/www.migliormenu.it\/gustabacco\/\",\"name\":\"Gustabacco - Menu Online\",\"description\":\"Coffee, Food e Drink\",\"potentialAction\":[{\"@type\":\"SearchAction\",\"target\":\"https:\/\/www.migliormenu.it\/gustabacco\/?s={search_term_string}\",\"query-input\":\"required name=search_term_string\"}],\"inLanguage\":\"it-IT\"},{\"@type\":\"ImageObject\",\"@id\":\"https:\/\/www.migliormenu.it\/gustabacco\/prodotto\/greco-di-tufo-docg-alexandros-2020-colli-di-lapio\/#primaryimage\",\"inLanguage\":\"it-IT\",\"url\":\"https:\/\/www.migliormenu.it\/gustabacco\/wp-content\/uploads\/2023\/04\/New-Project-8-2.jpg\",\"width\":1180,\"height\":1180},{\"@type\":\"WebPage\",\"@id\":\"https:\/\/www.migliormenu.it\/gustabacco\/prodotto\/greco-di-tufo-docg-alexandros-2020-colli-di-lapio\/#webpage\",\"url\":\"https:\/\/www.migliormenu.it\/gustabacco\/prodotto\/greco-di-tufo-docg-alexandros-2020-colli-di-lapio\/\",\"name\":\"Greco di Tufo DOCG Alexandros 2020 Colli di Lapio - Gustabacco - Menu Online\",\"isPartOf\":{\"@id\":\"https:\/\/www.migliormenu.it\/gustabacco\/#website\"},\"primaryImageOfPage\":{\"@id\":\"https:\/\/www.migliormenu.it\/gustabacco\/prodotto\/greco-di-tufo-docg-alexandros-2020-colli-di-lapio\/#primaryimage\"},\"datePublished\":\"2023-04-14T09:08:17+00:00\",\"dateModified\":\"2023-04-14T09:08:25+00:00\",\"inLanguage\":\"it-IT\",\"potentialAction\":[{\"@type\":\"ReadAction\",\"target\":[\"https:\/\/www.migliormenu.it\/gustabacco\/prodotto\/greco-di-tufo-docg-alexandros-2020-colli-di-lapio\/\"]}]}]}<\/script>\n<!-- \/ Yoast SEO plugin. -->","_links":{"self":[{"href":"https:\/\/www.migliormenu.it\/gustabacco\/wp-json\/wp\/v2\/product\/5685"}],"collection":[{"href":"https:\/\/www.migliormenu.it\/gustabacco\/wp-json\/wp\/v2\/product"}],"about":[{"href":"https:\/\/www.migliormenu.it\/gustabacco\/wp-json\/wp\/v2\/types\/product"}],"replies":[{"embeddable":true,"href":"https:\/\/www.migliormenu.it\/gustabacco\/wp-json\/wp\/v2\/comments?post=5685"}],"wp:featuredmedia":[{"embeddable":true,"href":"https:\/\/www.migliormenu.it\/gustabacco\/wp-json\/wp\/v2\/media\/3693"}],"wp:attachment":[{"href":"https:\/\/www.migliormenu.it\/gustabacco\/wp-json\/wp\/v2\/media?parent=5685"}],"curies":[{"name":"wp","href":"https:\/\/api.w.org\/{rel}","templated":true}]}}