{"id":5646,"date":"2023-04-14T11:08:01","date_gmt":"2023-04-14T09:08:01","guid":{"rendered":"https:\/\/www.migliormenu.it\/gustabacco\/prodotto\/import-placeholder-for-11083\/"},"modified":"2023-04-14T11:08:10","modified_gmt":"2023-04-14T09:08:10","slug":"beringer-founders-estate-sauvignon-blanc-2018","status":"publish","type":"product","link":"https:\/\/www.migliormenu.it\/gustabacco\/prodotto\/beringer-founders-estate-sauvignon-blanc-2018\/","title":{"rendered":"Beringer Founders Estate Sauvignon Blanc 2018"},"content":{"rendered":"<p>Il California Sauvignon Blanc&nbsp; Founders&#039; Estate della cantina Beringer \u00e8 un ottimo vino bianco , prodotto in California. La storia enologica di questa striscia di terra affacciata sul Pacifico inizia con l&#039;intraprendenza dei fratelli Bering, che ancor oggi sono considerati i pionieri della viticoltura del Nuovo Mondo. La Napa Valley pu\u00f2 essere considerata il paradiso vinicolo americano, in quanto le caratteristiche del terroir sono uniche per clima e suoli. La fama della cantina crebbe nel corso dei secoli fino ad arrivare ad oggi, con moltissimi visitatori attratti dall&#039;architettura della vecchia casa e dalle gallerie, fatte scavare all&#039;epoca dai due fratelli, per fare riposare il loro vino. La vinificazione inizia con la raccolta manuale delle uve che vengono condotte rapidamente in cantina. La pigiatura soffice avviene a temperatura controllata, al fine di tutelare le caratteristiche organolettiche del vitigno. Come tutti gli altri vini della linea &#8220;Founders&#039; Estate&#8221; prodotti dalla cantina Beringer, anche questo California Chardonnay &#8220;Founders&#039; Estate&#8221; \u00e8 stato pensato per essere consumato da giovane. E&#039; gradevolmente aromatico, la frutta tropicale emerge come tipicit\u00e0 varietale del vitigno. Ha un buon tenore alcolico, \u00e8 elegante, non particolarmente strutturato e di facile beva. Il California Sauvignon Blanc Founders&#039; Estate esprime tutta la solarit\u00e0 della terra in cui nasce.<\/p>\n","protected":false},"excerpt":{"rendered":"<p><strong>Tipologia:<\/strong> Vini Bianchi<\/p>\n<p><strong>Provenienza: <\/strong>USA &ndash; California<\/p>\n<p><strong>Denominazione: <\/strong>California Wines<\/p>\n<p><strong>Uve: <\/strong>Sauvignon 100%<\/p>\n<p><strong>Affinamento: <\/strong>in vasca di acciaio e botte di legno<\/p>\n<p><strong>Annata: <\/strong>2018<\/p>\n<p><strong>Grado Alcolico: <\/strong>14.0%<\/p>\n<p><strong>Formato: <\/strong>Bottiglia 75 cl<\/p>\n<p><strong>Note: <\/strong>Contiene solfiti<\/p>\n","protected":false},"featured_media":3481,"comment_status":"open","ping_status":"closed","template":"","meta":[],"yoast_head":"<!-- This site is optimized with the Yoast SEO plugin v15.7 - https:\/\/yoast.com\/wordpress\/plugins\/seo\/ -->\n<title>Beringer Founders Estate Sauvignon Blanc 2018 - Gustabacco - Menu Online<\/title>\n<meta name=\"robots\" content=\"index, follow, max-snippet:-1, max-image-preview:large, max-video-preview:-1\" \/>\n<link rel=\"canonical\" href=\"https:\/\/www.migliormenu.it\/gustabacco\/prodotto\/beringer-founders-estate-sauvignon-blanc-2018\/\" \/>\n<meta property=\"og:locale\" content=\"it_IT\" \/>\n<meta property=\"og:type\" content=\"article\" \/>\n<meta property=\"og:title\" content=\"Beringer Founders Estate Sauvignon Blanc 2018 - Gustabacco - Menu Online\" \/>\n<meta property=\"og:description\" content=\"Tipologia: Vini Bianchi Provenienza: USA &ndash; California Denominazione: California Wines Uve: Sauvignon 100% Affinamento: in vasca di acciaio e botte di legno Annata: 2018 Grado Alcolico: 14.0% Formato: Bottiglia 75 cl Note: Contiene solfiti\" \/>\n<meta property=\"og:url\" content=\"https:\/\/www.migliormenu.it\/gustabacco\/prodotto\/beringer-founders-estate-sauvignon-blanc-2018\/\" \/>\n<meta property=\"og:site_name\" content=\"Gustabacco - Menu Online\" \/>\n<meta property=\"article:modified_time\" content=\"2023-04-14T09:08:10+00:00\" \/>\n<meta name=\"twitter:card\" content=\"summary_large_image\" \/>\n<meta name=\"twitter:label1\" content=\"Tempo di lettura stimato\">\n\t<meta name=\"twitter:data1\" content=\"1 minuto\">\n<script type=\"application\/ld+json\" class=\"yoast-schema-graph\">{\"@context\":\"https:\/\/schema.org\",\"@graph\":[{\"@type\":\"WebSite\",\"@id\":\"https:\/\/www.migliormenu.it\/gustabacco\/#website\",\"url\":\"https:\/\/www.migliormenu.it\/gustabacco\/\",\"name\":\"Gustabacco - Menu Online\",\"description\":\"Coffee, Food e Drink\",\"potentialAction\":[{\"@type\":\"SearchAction\",\"target\":\"https:\/\/www.migliormenu.it\/gustabacco\/?s={search_term_string}\",\"query-input\":\"required name=search_term_string\"}],\"inLanguage\":\"it-IT\"},{\"@type\":\"ImageObject\",\"@id\":\"https:\/\/www.migliormenu.it\/gustabacco\/prodotto\/beringer-founders-estate-sauvignon-blanc-2018\/#primaryimage\",\"inLanguage\":\"it-IT\",\"url\":\"https:\/\/www.migliormenu.it\/gustabacco\/wp-content\/uploads\/2023\/04\/New-Project-2-4.jpg\",\"width\":1180,\"height\":1180},{\"@type\":\"WebPage\",\"@id\":\"https:\/\/www.migliormenu.it\/gustabacco\/prodotto\/beringer-founders-estate-sauvignon-blanc-2018\/#webpage\",\"url\":\"https:\/\/www.migliormenu.it\/gustabacco\/prodotto\/beringer-founders-estate-sauvignon-blanc-2018\/\",\"name\":\"Beringer Founders Estate Sauvignon Blanc 2018 - Gustabacco - Menu Online\",\"isPartOf\":{\"@id\":\"https:\/\/www.migliormenu.it\/gustabacco\/#website\"},\"primaryImageOfPage\":{\"@id\":\"https:\/\/www.migliormenu.it\/gustabacco\/prodotto\/beringer-founders-estate-sauvignon-blanc-2018\/#primaryimage\"},\"datePublished\":\"2023-04-14T09:08:01+00:00\",\"dateModified\":\"2023-04-14T09:08:10+00:00\",\"inLanguage\":\"it-IT\",\"potentialAction\":[{\"@type\":\"ReadAction\",\"target\":[\"https:\/\/www.migliormenu.it\/gustabacco\/prodotto\/beringer-founders-estate-sauvignon-blanc-2018\/\"]}]}]}<\/script>\n<!-- \/ Yoast SEO plugin. -->","_links":{"self":[{"href":"https:\/\/www.migliormenu.it\/gustabacco\/wp-json\/wp\/v2\/product\/5646"}],"collection":[{"href":"https:\/\/www.migliormenu.it\/gustabacco\/wp-json\/wp\/v2\/product"}],"about":[{"href":"https:\/\/www.migliormenu.it\/gustabacco\/wp-json\/wp\/v2\/types\/product"}],"replies":[{"embeddable":true,"href":"https:\/\/www.migliormenu.it\/gustabacco\/wp-json\/wp\/v2\/comments?post=5646"}],"wp:featuredmedia":[{"embeddable":true,"href":"https:\/\/www.migliormenu.it\/gustabacco\/wp-json\/wp\/v2\/media\/3481"}],"wp:attachment":[{"href":"https:\/\/www.migliormenu.it\/gustabacco\/wp-json\/wp\/v2\/media?parent=5646"}],"curies":[{"name":"wp","href":"https:\/\/api.w.org\/{rel}","templated":true}]}}