{"id":5642,"date":"2023-04-14T11:08:01","date_gmt":"2023-04-14T09:08:01","guid":{"rendered":"https:\/\/www.migliormenu.it\/gustabacco\/prodotto\/import-placeholder-for-11045\/"},"modified":"2023-04-14T11:08:08","modified_gmt":"2023-04-14T09:08:08","slug":"marsala-superiore-dolce-doc-vito-curatolo-arini","status":"publish","type":"product","link":"https:\/\/www.migliormenu.it\/gustabacco\/prodotto\/marsala-superiore-dolce-doc-vito-curatolo-arini\/","title":{"rendered":"Marsala Superiore Dolce DOC Vito Curatolo Arini"},"content":{"rendered":"<p>NOTE DEGUSTATIVE<span id=\"phContent_txtNoteDegustative\">Una violenta tempesta fu la causa della nascita del Marsala. Nel 1773 la nave di John Woodhouse, ricco commerciante di Liverpool, fu costretta a riparare a Marsala a causa delle avverse condizioni atmosferiche. Assaggiato il Perpetuum, il vino locale, decise di potarne in patria un grosso quantitativo e per assicurarne la conservazione fino a destino aggiunse dell&rsquo;acquavite: era nato il Marsala. A Woodhouse, seguirono altri imprenditori che industrializzarono la produzione del Marsala riorganizzando i vigneti e modellando per sempre il nostro territorio. Alla fine del 18&deg; secolo il vino siciliano aveva sostituito il Rhum, nelle navi della Marina Reale Britannica e l&rsquo;Ammiraglio Nelson era solito festeggiare le sue vittorie con quello che presto divenne il Victory Wine, il vino della Vittoria.Il Marsala Superiore Sweet DOC \u00e8 dolce, ma non \u00e8 mai stucchevole e presenta una struttura importante, come d&#039;abitudine nei vini liquorosi siciliani. Un&#039;etichetta che risulta l&#039;ideale per chiudere in bellezza una cena informale tra amici.<\/span><\/p>\n<p>DESCRIZIONE<span id=\"phContent_txtDescrizione\">Era il 1875, quando Vito Curatolo Arini, sulla scia del successo ottenuto come viticoltore privato, decise di trasformare la sua attivit\u00e0 in una azienda vitivinicola. Nel mezzo dei vigneti di propriet\u00e0, nella porzione pi\u00f9 occidentale della Sicilia, costru\u00ec quello che, ancora oggi, \u00e8 un impianto enologico all&#039;avanguardia, e inizi\u00f2 a produrre pregiati Marsala, apprezzati e commercializzati, fin da subito, in tutto il mondo. Vito, inoltre, commission\u00f2 ad Ernesto Basile, padre del famoso Liberty Siciliano o Art Nouveau, il disegno dell&rsquo;etichetta del suo primo Marsala; quest&rsquo;etichetta \u00e8 ancora attualmente in uso ed \u00e8 nota per la sua originalit\u00e0 e per la sua eleganza. Nel 1970, poi, avvenne per la cantina Curatolo Arini 1875, un&#039;importante svolta: la famiglia decise, infatti, di aggiungere alla sua produzione una vasta gamma di vini fermi, ottenuti esclusivamente dai vitigni autoctoni siciliani, quali nero d&rsquo;avola, frappato, inzolia e catarratto; questi, che gi\u00e0 nel 1975 avevano conquistato il mercato internazionale, esprimono, tuttora magnificamente, il carattere unico del territorio siciliano. Ogni nuova generazione ha poi contribuito a scrivere un nuovo capitolo della storia dell&#039;azienda, portando cos\u00ec avanti la tradizione vitivinicola di famiglia. L&#039;importante collaborazione poi, stretta nel 2004, con l&#039;esperto vitivinicolo Alberto Antonini, ha dato loro modo di introdurre anche nei migliori ristoranti e nelle migliori enoteche del mondo, i vini monovitigno, consacrandoli al successo. Curatolo Arini interpreta al meglio tutte le qualit\u00e0 dei grandi vini siciliani, e rappresenta il territorio in ogni sua pi\u00f9 sottile sfumatura.<\/span><\/p>\n<p>COLORE: <span id=\"phContent_txtColore\">Ambra intenso.<\/span><\/p>\n<p>PROFUMO: <span id=\"phContent_txtProfumo\">Persistente aroma di frutta secca e uva sultanina.<\/span><\/p>\n<p>ABBINAMENTI: <span id=\"phContent_txtAbbinamenti\">Si accompagna bene ai formaggi stagionati. Ideale con la frutta ed i dolci da forno o soltanto da gustare come vino da meditazione.<\/span><\/p>\n","protected":false},"excerpt":{"rendered":"<table border=\"0\" cellpadding=\"0\" cellspacing=\"0\" style=\"width:680px\" width=\"680\">\n<tbody>\n<tr>\n<td style=\"width:151px;height:22px\">\n<p><strong>NOME COMPLETO<\/strong><\/p>\n<\/td>\n<td style=\"width:530px;height:22px\">\n<p>Marsala Superiore Dolce DOC Vito Curatolo Arini<\/p>\n<\/td>\n<\/tr>\n<tr>\n<td style=\"width:151px;height:22px\">\n<p><strong>DENOMINAZIONE<\/strong><\/p>\n<\/td>\n<td style=\"width:530px;height:22px\">\n<p>Marsala DOC<\/p>\n<\/td>\n<\/tr>\n<tr>\n<td style=\"width:151px;height:22px\">\n<p><strong>TIPOLOGIA<\/strong><\/p>\n<\/td>\n<td style=\"width:530px;height:22px\">\n<p>Liquoroso<\/p>\n<\/td>\n<\/tr>\n<tr>\n<td style=\"width:151px;height:22px\">\n<p><strong>PAESE<\/strong><\/p>\n<\/td>\n<td style=\"width:530px;height:22px\">\n<p>Italia<\/p>\n<\/td>\n<\/tr>\n<tr>\n<td style=\"width:151px;height:22px\">\n<p><strong>REGIONE<\/strong><\/p>\n<\/td>\n<td style=\"width:530px;height:22px\">\n<p>Sicilia<\/p>\n<\/td>\n<\/tr>\n<tr>\n<td style=\"width:151px;height:22px\">\n<p><strong>VITIGNO<\/strong><\/p>\n<\/td>\n<td style=\"width:530px;height:22px\">\n<p>Catarratto, Grillo, Inzolia<\/p>\n<\/td>\n<\/tr>\n<tr>\n<td style=\"width:151px;height:22px\">\n<p><strong>AFFINAMENTO<\/strong><\/p>\n<\/td>\n<td style=\"width:530px;height:22px\">\n<p>5 anni in botti di rovere<\/p>\n<\/td>\n<\/tr>\n<tr>\n<td style=\"width:151px;height:22px\">\n<p><strong>FORMATO<\/strong><\/p>\n<\/td>\n<td style=\"width:530px;height:22px\">\n<p>0,75 L<\/p>\n<\/td>\n<\/tr>\n<tr>\n<td style=\"width:151px;height:22px\">\n<p><strong>AROMI<\/strong><\/p>\n<\/td>\n<td style=\"width:530px;height:22px\">\n<p>Frutta secca<\/p>\n<\/td>\n<\/tr>\n<tr>\n<td style=\"width:151px;height:22px\">\n<p><strong>ABBINAMENTO<\/strong><\/p>\n<\/td>\n<td style=\"width:530px;height:22px\">\n<p>Formaggi stagionati, dessert<\/p>\n<\/td>\n<\/tr>\n<tr>\n<td style=\"width:151px;height:22px\">\n<p><strong>GRADO ALCOLICO<\/strong><\/p>\n<\/td>\n<td style=\"width:530px;height:22px\">\n<p>18%<\/p>\n<\/td>\n<\/tr>\n<tr>\n<td style=\"width:151px;height:22px\">\n<p><strong>TEMPERATURA<\/strong><\/p>\n<\/td>\n<td style=\"width:530px;height:22px\">\n<p>14 -16 &deg;C<\/p>\n<\/td>\n<\/tr>\n<tr>\n<td style=\"width:151px;height:22px\">\n<p><strong>SOLFITI<\/strong><\/p>\n<\/td>\n<td style=\"width:530px;height:22px\">\n<p>Contiene solfiti<\/p>\n<\/td>\n<\/tr>\n<\/tbody>\n<\/table>\n","protected":false},"featured_media":3454,"comment_status":"open","ping_status":"closed","template":"","meta":[],"yoast_head":"<!-- This site is optimized with the Yoast SEO plugin v15.7 - https:\/\/yoast.com\/wordpress\/plugins\/seo\/ -->\n<title>Marsala Superiore Dolce DOC Vito Curatolo Arini - Gustabacco - Menu Online<\/title>\n<meta name=\"robots\" content=\"index, follow, max-snippet:-1, max-image-preview:large, max-video-preview:-1\" \/>\n<link rel=\"canonical\" href=\"https:\/\/www.migliormenu.it\/gustabacco\/prodotto\/marsala-superiore-dolce-doc-vito-curatolo-arini\/\" \/>\n<meta property=\"og:locale\" content=\"it_IT\" \/>\n<meta property=\"og:type\" content=\"article\" \/>\n<meta property=\"og:title\" content=\"Marsala Superiore Dolce DOC Vito Curatolo Arini - Gustabacco - Menu Online\" \/>\n<meta property=\"og:description\" content=\"NOME COMPLETO      Marsala Superiore Dolce DOC Vito Curatolo Arini         DENOMINAZIONE      Marsala DOC         TIPOLOGIA      Liquoroso         PAESE      Italia         REGIONE      Sicilia         VITIGNO      Catarratto, Grillo, Inzolia         AFFINAMENTO      5 anni in botti di rovere         FORMATO      0,75 L         AROMI      Frutta secca         ABBINAMENTO      Formaggi stagionati, dessert         GRADO ALCOLICO      18%         TEMPERATURA      14 -16 &deg;C         SOLFITI      Contiene solfiti\" \/>\n<meta property=\"og:url\" content=\"https:\/\/www.migliormenu.it\/gustabacco\/prodotto\/marsala-superiore-dolce-doc-vito-curatolo-arini\/\" \/>\n<meta property=\"og:site_name\" content=\"Gustabacco - Menu Online\" \/>\n<meta property=\"article:modified_time\" content=\"2023-04-14T09:08:08+00:00\" \/>\n<meta name=\"twitter:card\" content=\"summary_large_image\" \/>\n<meta name=\"twitter:label1\" content=\"Tempo di lettura stimato\">\n\t<meta name=\"twitter:data1\" content=\"2 minuti\">\n<script type=\"application\/ld+json\" class=\"yoast-schema-graph\">{\"@context\":\"https:\/\/schema.org\",\"@graph\":[{\"@type\":\"WebSite\",\"@id\":\"https:\/\/www.migliormenu.it\/gustabacco\/#website\",\"url\":\"https:\/\/www.migliormenu.it\/gustabacco\/\",\"name\":\"Gustabacco - Menu Online\",\"description\":\"Coffee, Food e Drink\",\"potentialAction\":[{\"@type\":\"SearchAction\",\"target\":\"https:\/\/www.migliormenu.it\/gustabacco\/?s={search_term_string}\",\"query-input\":\"required name=search_term_string\"}],\"inLanguage\":\"it-IT\"},{\"@type\":\"ImageObject\",\"@id\":\"https:\/\/www.migliormenu.it\/gustabacco\/prodotto\/marsala-superiore-dolce-doc-vito-curatolo-arini\/#primaryimage\",\"inLanguage\":\"it-IT\",\"url\":\"https:\/\/www.migliormenu.it\/gustabacco\/wp-content\/uploads\/2023\/04\/2631.jpg\",\"width\":1180,\"height\":1180},{\"@type\":\"WebPage\",\"@id\":\"https:\/\/www.migliormenu.it\/gustabacco\/prodotto\/marsala-superiore-dolce-doc-vito-curatolo-arini\/#webpage\",\"url\":\"https:\/\/www.migliormenu.it\/gustabacco\/prodotto\/marsala-superiore-dolce-doc-vito-curatolo-arini\/\",\"name\":\"Marsala Superiore Dolce DOC Vito Curatolo Arini - Gustabacco - Menu Online\",\"isPartOf\":{\"@id\":\"https:\/\/www.migliormenu.it\/gustabacco\/#website\"},\"primaryImageOfPage\":{\"@id\":\"https:\/\/www.migliormenu.it\/gustabacco\/prodotto\/marsala-superiore-dolce-doc-vito-curatolo-arini\/#primaryimage\"},\"datePublished\":\"2023-04-14T09:08:01+00:00\",\"dateModified\":\"2023-04-14T09:08:08+00:00\",\"inLanguage\":\"it-IT\",\"potentialAction\":[{\"@type\":\"ReadAction\",\"target\":[\"https:\/\/www.migliormenu.it\/gustabacco\/prodotto\/marsala-superiore-dolce-doc-vito-curatolo-arini\/\"]}]}]}<\/script>\n<!-- \/ Yoast SEO plugin. -->","_links":{"self":[{"href":"https:\/\/www.migliormenu.it\/gustabacco\/wp-json\/wp\/v2\/product\/5642"}],"collection":[{"href":"https:\/\/www.migliormenu.it\/gustabacco\/wp-json\/wp\/v2\/product"}],"about":[{"href":"https:\/\/www.migliormenu.it\/gustabacco\/wp-json\/wp\/v2\/types\/product"}],"replies":[{"embeddable":true,"href":"https:\/\/www.migliormenu.it\/gustabacco\/wp-json\/wp\/v2\/comments?post=5642"}],"wp:featuredmedia":[{"embeddable":true,"href":"https:\/\/www.migliormenu.it\/gustabacco\/wp-json\/wp\/v2\/media\/3454"}],"wp:attachment":[{"href":"https:\/\/www.migliormenu.it\/gustabacco\/wp-json\/wp\/v2\/media?parent=5642"}],"curies":[{"name":"wp","href":"https:\/\/api.w.org\/{rel}","templated":true}]}}