{"id":5480,"date":"2023-04-14T11:06:27","date_gmt":"2023-04-14T09:06:27","guid":{"rendered":"https:\/\/www.migliormenu.it\/gustabacco\/prodotto\/import-placeholder-for-10161\/"},"modified":"2023-04-14T11:06:38","modified_gmt":"2023-04-14T09:06:38","slug":"talo-primitivo-merlot-salento-igp-2019-san-marzano","status":"publish","type":"product","link":"https:\/\/www.migliormenu.it\/gustabacco\/prodotto\/talo-primitivo-merlot-salento-igp-2019-san-marzano\/","title":{"rendered":"Tal\u00f2 Primitivo Merlot Salento Igp 2019 San Marzano"},"content":{"rendered":"<p>Nata nel 1962 con soli 19 vignaioli, la cantina Cooperativa San Marzano oggi conta oltre 1200 viticoltori ed \u00e8 diventata una delle aziende pi\u00f9 importanti del territorio. L&rsquo;attivit\u00e0 tradizionale in vigna si accompagna ad un lavoro in cantina moderno, che pone attenzione alla precisione tecnica dei vini.<br \/>\nLe vigne sorgono sulle caratteristiche terre rosse della zona di San Marzano (TA) e possono vantare un&#039;et\u00e0 media della pianta di circa 40 anni, con vigneti ad alberello di oltre 60 anni.<br \/>\nCantine San Marzano (in origine chiamata Feudi San Marzano) \u00e8 una delle cantine pi\u00f9 importanti di Puglia e soprattutto \u00e8 una cantina cooperativa che ha indubbiamente contribuito alla rinascita ed alla fama del vino pugliese in Italia e nel mondo. L&rsquo;unione di tanti vignaioli, guidati da una struttura con le idee chiare e che ha deciso di puntare tutto sulla qualit\u00e0 delle uve e sulla bassa produzione, sono stati la chiave di volta della crescita qualitativa. Principi cardine che sono stati fatti propri da tutti i vignaioli pugliesi e che ci permette ora di gustare vitigni autoctoni di qualit\u00e0 superlativa come Negramaro, Primitivo, Bombino nero, Malvasia Nera, Nero di Troia, Susumaniello, Verdeca e Fiano Minutolo.<br \/>\nCantina san Marzano \u00e8 famosa per i suoi vini rossi importanti e di carattere, prodotti da vigne antiche coltivate ad alberello e che fanno affinamento in legno come il Primitivo Sessant&rsquo;anni, il Negroamaro F ed il Collezione 50 (frutto di un blend di uve Primitivo e Negroamaro). Di grande pregio i vini della linea Tal\u00f2, tra i quali spicca il Primitivo di Manduria pi\u00f9 volte premiato con i 3 Bicchieri Gambero Rosso. Pi\u00f9 immediati e con affinamento in solo acciaio sono i vini della line Pumo, tra i quali troviamo tutti gli autoctoni pugliesi (Primitivo, Negramaro, Verdeca e Malvasia Nera) ed anche lo Chardonnay. Vini che fanno della freschezza del frutto la loro bandiera.<\/p>\n","protected":false},"excerpt":{"rendered":"<p>Tal\u00f2 Primitivo Merlot&nbsp;<span class=\"xwhighlight\" data-hasqtip=\"0\">IGT<\/span>&nbsp;\u00e8 il vanto della&nbsp;cantina San Marzano, attiva dal 1962, anno della sua fondazione da parte di famiglie appassionate di viticoltura. Oggi ci troviamo una realt\u00e0 che accomuna pi\u00f9 di 1200 collaboratori della regione&nbsp;Puglia, in una striscia di terra compresa tra lo Ionio e il mare Adriatico.<br \/>\n\u00c8 un&nbsp;rosso fermo,&nbsp;realizzato con un&nbsp;uvaggio&nbsp;composto da&nbsp;50% uve Merlot&nbsp;e&nbsp;50% uve Primitivo.<br \/>\nIl Merlot \u00e8 un&nbsp;<span class=\"xwhighlight\" data-hasqtip=\"1\">vitigno<\/span>&nbsp;dalla bacca nera e pruinosa, molto amata dall&rsquo;uccello del merlo, da cui prende il nome; il&nbsp;<span class=\"xwhighlight\" data-hasqtip=\"2\">vitigno<\/span>&nbsp;Primitivo \u00e8 il nettare DOP prezioso della Manduria, la regione pugliese.<\/p>\n<p><strong>Annata:&nbsp;<\/strong>2019<\/p>\n<p><strong>Gradazione Alcolica:&nbsp;<\/strong>13,5%Vol<\/p>\n<p><strong>Formato:&nbsp;<\/strong>750ml<\/p>\n<p><strong>Vitigni:&nbsp;<\/strong>50%Merlot; 50% Primitivo<\/p>\n<p><strong>Tipologia:&nbsp;<\/strong>Vino Rosso<\/p>\n<p><strong>Regione:&nbsp;<\/strong>Puglia<\/p>\n<p><strong>Temperatura di servizio:&nbsp;<\/strong>16\/18&deg;C<\/p>\n","protected":false},"featured_media":5123,"comment_status":"open","ping_status":"closed","template":"","meta":[],"yoast_head":"<!-- This site is optimized with the Yoast SEO plugin v15.7 - https:\/\/yoast.com\/wordpress\/plugins\/seo\/ -->\n<title>Tal\u00f2 Primitivo Merlot Salento Igp 2019 San Marzano - Gustabacco - Menu Online<\/title>\n<meta name=\"robots\" content=\"index, follow, max-snippet:-1, max-image-preview:large, max-video-preview:-1\" \/>\n<link rel=\"canonical\" href=\"https:\/\/www.migliormenu.it\/gustabacco\/prodotto\/talo-primitivo-merlot-salento-igp-2019-san-marzano\/\" \/>\n<meta property=\"og:locale\" content=\"it_IT\" \/>\n<meta property=\"og:type\" content=\"article\" \/>\n<meta property=\"og:title\" content=\"Tal\u00f2 Primitivo Merlot Salento Igp 2019 San Marzano - Gustabacco - Menu Online\" \/>\n<meta property=\"og:description\" content=\"Tal\u00f2 Primitivo Merlot&nbsp;IGT&nbsp;\u00e8 il vanto della&nbsp;cantina San Marzano, attiva dal 1962, anno della sua fondazione da parte di famiglie appassionate di viticoltura. Oggi ci troviamo una realt\u00e0 che accomuna pi\u00f9 di 1200 collaboratori della regione&nbsp;Puglia, in una striscia di terra compresa tra lo Ionio e il mare Adriatico. \u00c8 un&nbsp;rosso fermo,&nbsp;realizzato con un&nbsp;uvaggio&nbsp;composto da&nbsp;50% uve Merlot&nbsp;e&nbsp;50% uve Primitivo. Il Merlot \u00e8 un&nbsp;vitigno&nbsp;dalla bacca nera e pruinosa, molto amata dall&rsquo;uccello del merlo, da cui prende il nome; il&nbsp;vitigno&nbsp;Primitivo \u00e8 il nettare DOP prezioso della Manduria, la regione pugliese. Annata:&nbsp;2019 Gradazione Alcolica:&nbsp;13,5%Vol Formato:&nbsp;750ml Vitigni:&nbsp;50%Merlot; 50% Primitivo Tipologia:&nbsp;Vino Rosso Regione:&nbsp;Puglia Temperatura di servizio:&nbsp;16\/18&deg;C\" \/>\n<meta property=\"og:url\" content=\"https:\/\/www.migliormenu.it\/gustabacco\/prodotto\/talo-primitivo-merlot-salento-igp-2019-san-marzano\/\" \/>\n<meta property=\"og:site_name\" content=\"Gustabacco - Menu Online\" \/>\n<meta property=\"article:modified_time\" content=\"2023-04-14T09:06:38+00:00\" \/>\n<meta name=\"twitter:card\" content=\"summary_large_image\" \/>\n<meta name=\"twitter:label1\" content=\"Tempo di lettura stimato\">\n\t<meta name=\"twitter:data1\" content=\"2 minuti\">\n<script type=\"application\/ld+json\" class=\"yoast-schema-graph\">{\"@context\":\"https:\/\/schema.org\",\"@graph\":[{\"@type\":\"WebSite\",\"@id\":\"https:\/\/www.migliormenu.it\/gustabacco\/#website\",\"url\":\"https:\/\/www.migliormenu.it\/gustabacco\/\",\"name\":\"Gustabacco - Menu Online\",\"description\":\"Coffee, Food e Drink\",\"potentialAction\":[{\"@type\":\"SearchAction\",\"target\":\"https:\/\/www.migliormenu.it\/gustabacco\/?s={search_term_string}\",\"query-input\":\"required name=search_term_string\"}],\"inLanguage\":\"it-IT\"},{\"@type\":\"ImageObject\",\"@id\":\"https:\/\/www.migliormenu.it\/gustabacco\/prodotto\/talo-primitivo-merlot-salento-igp-2019-san-marzano\/#primaryimage\",\"inLanguage\":\"it-IT\",\"url\":\"https:\/\/www.migliormenu.it\/gustabacco\/wp-content\/uploads\/2023\/04\/san-marzano-talo-primitivo-merlot-1564305-s739.jpg\",\"width\":800,\"height\":800},{\"@type\":\"WebPage\",\"@id\":\"https:\/\/www.migliormenu.it\/gustabacco\/prodotto\/talo-primitivo-merlot-salento-igp-2019-san-marzano\/#webpage\",\"url\":\"https:\/\/www.migliormenu.it\/gustabacco\/prodotto\/talo-primitivo-merlot-salento-igp-2019-san-marzano\/\",\"name\":\"Tal\\u00f2 Primitivo Merlot Salento Igp 2019 San Marzano - Gustabacco - Menu Online\",\"isPartOf\":{\"@id\":\"https:\/\/www.migliormenu.it\/gustabacco\/#website\"},\"primaryImageOfPage\":{\"@id\":\"https:\/\/www.migliormenu.it\/gustabacco\/prodotto\/talo-primitivo-merlot-salento-igp-2019-san-marzano\/#primaryimage\"},\"datePublished\":\"2023-04-14T09:06:27+00:00\",\"dateModified\":\"2023-04-14T09:06:38+00:00\",\"inLanguage\":\"it-IT\",\"potentialAction\":[{\"@type\":\"ReadAction\",\"target\":[\"https:\/\/www.migliormenu.it\/gustabacco\/prodotto\/talo-primitivo-merlot-salento-igp-2019-san-marzano\/\"]}]}]}<\/script>\n<!-- \/ Yoast SEO plugin. -->","_links":{"self":[{"href":"https:\/\/www.migliormenu.it\/gustabacco\/wp-json\/wp\/v2\/product\/5480"}],"collection":[{"href":"https:\/\/www.migliormenu.it\/gustabacco\/wp-json\/wp\/v2\/product"}],"about":[{"href":"https:\/\/www.migliormenu.it\/gustabacco\/wp-json\/wp\/v2\/types\/product"}],"replies":[{"embeddable":true,"href":"https:\/\/www.migliormenu.it\/gustabacco\/wp-json\/wp\/v2\/comments?post=5480"}],"wp:featuredmedia":[{"embeddable":true,"href":"https:\/\/www.migliormenu.it\/gustabacco\/wp-json\/wp\/v2\/media\/5123"}],"wp:attachment":[{"href":"https:\/\/www.migliormenu.it\/gustabacco\/wp-json\/wp\/v2\/media?parent=5480"}],"curies":[{"name":"wp","href":"https:\/\/api.w.org\/{rel}","templated":true}]}}