{"id":5427,"date":"2023-04-14T11:05:44","date_gmt":"2023-04-14T09:05:44","guid":{"rendered":"https:\/\/www.migliormenu.it\/gustabacco\/prodotto\/import-placeholder-for-10035\/"},"modified":"2023-04-14T11:06:12","modified_gmt":"2023-04-14T09:06:12","slug":"barolo-docg-2017-oddero","status":"publish","type":"product","link":"https:\/\/www.migliormenu.it\/gustabacco\/prodotto\/barolo-docg-2017-oddero\/","title":{"rendered":"Barolo Docg 2017 Oddero"},"content":{"rendered":"<div class=\"w\">\n<section class=\"productPage__product-details\">\n<div class=\"productPage__description product-details\">\n<div class=\"lap-and-up__6\">\n<div class=\"toggle-block\">\n<p class=\"toggle-content\" data-toggle-content=\"product-details_perche_ci_piace\">Le uve con cui la cantina Oddero produce il suo Barolo DOCG, provengono da tre vigneti diversi e vengono lasciate fermentare a contatto con le bucce per circa venti giorni. Anche l&rsquo;affinamento in legno, in botti di rovere austriaco e di Slavonia, avviene separatamente e dura ben 30 mesi. Un ulteriore affinamento in bottiglia di sei mesi completa il vino prima della commercializzazione. \u00c8 meraviglioso e ricco di sfumature, ben concretizzato in tutte le sue componenti. \u00c8 d&rsquo;obbligo aspettarlo per almeno due o tre anni, ma se si riuscisse a resistere di pi\u00f9, i vantaggi sarebbero ancora maggiori.<\/p>\n<\/div>\n<\/div>\n<\/div>\n<\/section>\n<\/div>\n<section class=\"productSlider\">\n<div class=\"sectionHeader\">&nbsp;<\/div>\n<\/section>\n","protected":false},"excerpt":{"rendered":"<ul class=\"productPage__attributes\" id=\"product-attribute-specs-table\">\n<li><strong>Annata:&nbsp;<\/strong>2017<\/li>\n<li><strong>Denominazione:&nbsp;<\/strong>Barolo DOCG<\/li>\n<li><strong>Vitigni:&nbsp;<\/strong>nebbiolo 100%<\/li>\n<li><strong>Alcol:&nbsp;<\/strong>14%<\/li>\n<li><strong>Formato:&nbsp;<\/strong>0.75l<\/li>\n<li><strong>Consumo ideale:&nbsp;<\/strong>2023\/2035<\/li>\n<li><strong>Temperatura di servizio:&nbsp;<\/strong>18\/20 &deg;C<\/li>\n<li><strong>Momento per degustarlo:&nbsp;<\/strong>Cena formale<\/li>\n<li><strong>Tipologia:&nbsp;<\/strong>Rosso<\/li>\n<li><strong>Abbinamenti:&nbsp;<\/strong>Secondi di carne rossa, Selvaggina<\/li>\n<\/ul>\n","protected":false},"featured_media":5468,"comment_status":"open","ping_status":"closed","template":"","meta":[],"yoast_head":"<!-- This site is optimized with the Yoast SEO plugin v15.7 - https:\/\/yoast.com\/wordpress\/plugins\/seo\/ -->\n<title>Barolo Docg 2017 Oddero - Gustabacco - Menu Online<\/title>\n<meta name=\"robots\" content=\"index, follow, max-snippet:-1, max-image-preview:large, max-video-preview:-1\" \/>\n<link rel=\"canonical\" href=\"https:\/\/www.migliormenu.it\/gustabacco\/prodotto\/barolo-docg-2017-oddero\/\" \/>\n<meta property=\"og:locale\" content=\"it_IT\" \/>\n<meta property=\"og:type\" content=\"article\" \/>\n<meta property=\"og:title\" content=\"Barolo Docg 2017 Oddero - Gustabacco - Menu Online\" \/>\n<meta property=\"og:description\" content=\"Annata:&nbsp;2017 Denominazione:&nbsp;Barolo DOCG Vitigni:&nbsp;nebbiolo 100% Alcol:&nbsp;14% Formato:&nbsp;0.75l Consumo ideale:&nbsp;2023\/2035 Temperatura di servizio:&nbsp;18\/20 &deg;C Momento per degustarlo:&nbsp;Cena formale Tipologia:&nbsp;Rosso Abbinamenti:&nbsp;Secondi di carne rossa, Selvaggina\" \/>\n<meta property=\"og:url\" content=\"https:\/\/www.migliormenu.it\/gustabacco\/prodotto\/barolo-docg-2017-oddero\/\" \/>\n<meta property=\"og:site_name\" content=\"Gustabacco - Menu Online\" \/>\n<meta property=\"article:modified_time\" content=\"2023-04-14T09:06:12+00:00\" \/>\n<meta name=\"twitter:card\" content=\"summary_large_image\" \/>\n<meta name=\"twitter:label1\" content=\"Tempo di lettura stimato\">\n\t<meta name=\"twitter:data1\" content=\"1 minuto\">\n<script type=\"application\/ld+json\" class=\"yoast-schema-graph\">{\"@context\":\"https:\/\/schema.org\",\"@graph\":[{\"@type\":\"WebSite\",\"@id\":\"https:\/\/www.migliormenu.it\/gustabacco\/#website\",\"url\":\"https:\/\/www.migliormenu.it\/gustabacco\/\",\"name\":\"Gustabacco - Menu Online\",\"description\":\"Coffee, Food e Drink\",\"potentialAction\":[{\"@type\":\"SearchAction\",\"target\":\"https:\/\/www.migliormenu.it\/gustabacco\/?s={search_term_string}\",\"query-input\":\"required name=search_term_string\"}],\"inLanguage\":\"it-IT\"},{\"@type\":\"ImageObject\",\"@id\":\"https:\/\/www.migliormenu.it\/gustabacco\/prodotto\/barolo-docg-2017-oddero\/#primaryimage\",\"inLanguage\":\"it-IT\",\"url\":\"https:\/\/www.migliormenu.it\/gustabacco\/wp-content\/uploads\/2023\/04\/oddero-barolo.jpg\",\"width\":1180,\"height\":1180},{\"@type\":\"WebPage\",\"@id\":\"https:\/\/www.migliormenu.it\/gustabacco\/prodotto\/barolo-docg-2017-oddero\/#webpage\",\"url\":\"https:\/\/www.migliormenu.it\/gustabacco\/prodotto\/barolo-docg-2017-oddero\/\",\"name\":\"Barolo Docg 2017 Oddero - Gustabacco - Menu Online\",\"isPartOf\":{\"@id\":\"https:\/\/www.migliormenu.it\/gustabacco\/#website\"},\"primaryImageOfPage\":{\"@id\":\"https:\/\/www.migliormenu.it\/gustabacco\/prodotto\/barolo-docg-2017-oddero\/#primaryimage\"},\"datePublished\":\"2023-04-14T09:05:44+00:00\",\"dateModified\":\"2023-04-14T09:06:12+00:00\",\"inLanguage\":\"it-IT\",\"potentialAction\":[{\"@type\":\"ReadAction\",\"target\":[\"https:\/\/www.migliormenu.it\/gustabacco\/prodotto\/barolo-docg-2017-oddero\/\"]}]}]}<\/script>\n<!-- \/ Yoast SEO plugin. -->","_links":{"self":[{"href":"https:\/\/www.migliormenu.it\/gustabacco\/wp-json\/wp\/v2\/product\/5427"}],"collection":[{"href":"https:\/\/www.migliormenu.it\/gustabacco\/wp-json\/wp\/v2\/product"}],"about":[{"href":"https:\/\/www.migliormenu.it\/gustabacco\/wp-json\/wp\/v2\/types\/product"}],"replies":[{"embeddable":true,"href":"https:\/\/www.migliormenu.it\/gustabacco\/wp-json\/wp\/v2\/comments?post=5427"}],"wp:featuredmedia":[{"embeddable":true,"href":"https:\/\/www.migliormenu.it\/gustabacco\/wp-json\/wp\/v2\/media\/5468"}],"wp:attachment":[{"href":"https:\/\/www.migliormenu.it\/gustabacco\/wp-json\/wp\/v2\/media?parent=5427"}],"curies":[{"name":"wp","href":"https:\/\/api.w.org\/{rel}","templated":true}]}}