{"id":5389,"date":"2023-04-14T11:05:21","date_gmt":"2023-04-14T09:05:21","guid":{"rendered":"https:\/\/www.migliormenu.it\/gustabacco\/prodotto\/import-placeholder-for-9935\/"},"modified":"2023-04-14T11:05:50","modified_gmt":"2023-04-14T09:05:50","slug":"valpolicella-classico-doc-bonacosta-2019-masi-750ml","status":"publish","type":"product","link":"https:\/\/www.migliormenu.it\/gustabacco\/prodotto\/valpolicella-classico-doc-bonacosta-2019-masi-750ml\/","title":{"rendered":"Valpolicella Classico DOC Bonacosta 2019 Masi 750ml"},"content":{"rendered":"<div class=\"w\">\n<section class=\"productPage__product-details\">\n<div class=\"productPage__description product-details\">\n<div class=\"lap-and-up__6\">\n<div class=\"toggle-block\">\n<p class=\"toggle-content\" data-toggle-content=\"product-details_perche_ci_piace\">Hemingway defin\u00ec il vino Valpolicella Classico &ldquo;cordiale come la casa di un fratello con cui si va d&#039;accordo&rdquo;, e cos\u00ec pu\u00f2 essere proprio definito anche il Valpolicella Classico DOC &ldquo;Bonacosta&rdquo;, prodotto dalla cantina Masi. Matura sei mesi in botti di rovere di Slavonia e Allier, e si completa con un mese di affinamento in bottiglia. Semplice, elegante e fresco, \u00e8 fantastico per impreziosire le pi\u00f9 serene e tranquille convivialit\u00e0 quotidiane.<\/p>\n<\/div>\n<\/div>\n<\/div>\n<\/section>\n<\/div>\n<section class=\"productSlider\">\n<div class=\"sectionHeader\">&nbsp;<\/div>\n<\/section>\n","protected":false},"excerpt":{"rendered":"<ul class=\"productPage__attributes\" id=\"product-attribute-specs-table\">\n<li><strong>Annata:&nbsp;<\/strong>2019<\/li>\n<li><strong>Denominazione:&nbsp;<\/strong>Valpolicella DOC<\/li>\n<li><strong>Vitigni:&nbsp;<\/strong>corvina 70%, rondinella 25%, molinara 5%<\/li>\n<li><strong>Alcol:&nbsp;<\/strong>12.5%<\/li>\n<li><strong>Formato:&nbsp;<\/strong>0.75l<\/li>\n<li><strong>Consumo ideale:&nbsp;<\/strong>2020\/2022<\/li>\n<li><strong>Temperatura di servizio:&nbsp;<\/strong>16\/18 &deg;C<\/li>\n<li><strong>Momento per degustarlo:&nbsp;<\/strong>Pranzo in famiglia<\/li>\n<li><strong>Tipologia:&nbsp;<\/strong>Rosso<\/li>\n<li><strong>Abbinamenti:&nbsp;<\/strong>Primi di terra, Zuppe<\/li>\n<\/ul>\n","protected":false},"featured_media":5434,"comment_status":"open","ping_status":"closed","template":"","meta":[],"yoast_head":"<!-- This site is optimized with the Yoast SEO plugin v15.7 - https:\/\/yoast.com\/wordpress\/plugins\/seo\/ -->\n<title>Valpolicella Classico DOC Bonacosta 2019 Masi 750ml - Gustabacco - Menu Online<\/title>\n<meta name=\"robots\" content=\"index, follow, max-snippet:-1, max-image-preview:large, max-video-preview:-1\" \/>\n<link rel=\"canonical\" href=\"https:\/\/www.migliormenu.it\/gustabacco\/prodotto\/valpolicella-classico-doc-bonacosta-2019-masi-750ml\/\" \/>\n<meta property=\"og:locale\" content=\"it_IT\" \/>\n<meta property=\"og:type\" content=\"article\" \/>\n<meta property=\"og:title\" content=\"Valpolicella Classico DOC Bonacosta 2019 Masi 750ml - Gustabacco - Menu Online\" \/>\n<meta property=\"og:description\" content=\"Annata:&nbsp;2019 Denominazione:&nbsp;Valpolicella DOC Vitigni:&nbsp;corvina 70%, rondinella 25%, molinara 5% Alcol:&nbsp;12.5% Formato:&nbsp;0.75l Consumo ideale:&nbsp;2020\/2022 Temperatura di servizio:&nbsp;16\/18 &deg;C Momento per degustarlo:&nbsp;Pranzo in famiglia Tipologia:&nbsp;Rosso Abbinamenti:&nbsp;Primi di terra, Zuppe\" \/>\n<meta property=\"og:url\" content=\"https:\/\/www.migliormenu.it\/gustabacco\/prodotto\/valpolicella-classico-doc-bonacosta-2019-masi-750ml\/\" \/>\n<meta property=\"og:site_name\" content=\"Gustabacco - Menu Online\" \/>\n<meta property=\"article:modified_time\" content=\"2023-04-14T09:05:50+00:00\" \/>\n<meta name=\"twitter:card\" content=\"summary_large_image\" \/>\n<script type=\"application\/ld+json\" class=\"yoast-schema-graph\">{\"@context\":\"https:\/\/schema.org\",\"@graph\":[{\"@type\":\"WebSite\",\"@id\":\"https:\/\/www.migliormenu.it\/gustabacco\/#website\",\"url\":\"https:\/\/www.migliormenu.it\/gustabacco\/\",\"name\":\"Gustabacco - Menu Online\",\"description\":\"Coffee, Food e Drink\",\"potentialAction\":[{\"@type\":\"SearchAction\",\"target\":\"https:\/\/www.migliormenu.it\/gustabacco\/?s={search_term_string}\",\"query-input\":\"required name=search_term_string\"}],\"inLanguage\":\"it-IT\"},{\"@type\":\"ImageObject\",\"@id\":\"https:\/\/www.migliormenu.it\/gustabacco\/prodotto\/valpolicella-classico-doc-bonacosta-2019-masi-750ml\/#primaryimage\",\"inLanguage\":\"it-IT\",\"url\":\"https:\/\/www.migliormenu.it\/gustabacco\/wp-content\/uploads\/2023\/04\/bonacosta-masi-2019.jpg\",\"width\":1180,\"height\":1180},{\"@type\":\"WebPage\",\"@id\":\"https:\/\/www.migliormenu.it\/gustabacco\/prodotto\/valpolicella-classico-doc-bonacosta-2019-masi-750ml\/#webpage\",\"url\":\"https:\/\/www.migliormenu.it\/gustabacco\/prodotto\/valpolicella-classico-doc-bonacosta-2019-masi-750ml\/\",\"name\":\"Valpolicella Classico DOC Bonacosta 2019 Masi 750ml - Gustabacco - Menu Online\",\"isPartOf\":{\"@id\":\"https:\/\/www.migliormenu.it\/gustabacco\/#website\"},\"primaryImageOfPage\":{\"@id\":\"https:\/\/www.migliormenu.it\/gustabacco\/prodotto\/valpolicella-classico-doc-bonacosta-2019-masi-750ml\/#primaryimage\"},\"datePublished\":\"2023-04-14T09:05:21+00:00\",\"dateModified\":\"2023-04-14T09:05:50+00:00\",\"inLanguage\":\"it-IT\",\"potentialAction\":[{\"@type\":\"ReadAction\",\"target\":[\"https:\/\/www.migliormenu.it\/gustabacco\/prodotto\/valpolicella-classico-doc-bonacosta-2019-masi-750ml\/\"]}]}]}<\/script>\n<!-- \/ Yoast SEO plugin. -->","_links":{"self":[{"href":"https:\/\/www.migliormenu.it\/gustabacco\/wp-json\/wp\/v2\/product\/5389"}],"collection":[{"href":"https:\/\/www.migliormenu.it\/gustabacco\/wp-json\/wp\/v2\/product"}],"about":[{"href":"https:\/\/www.migliormenu.it\/gustabacco\/wp-json\/wp\/v2\/types\/product"}],"replies":[{"embeddable":true,"href":"https:\/\/www.migliormenu.it\/gustabacco\/wp-json\/wp\/v2\/comments?post=5389"}],"wp:featuredmedia":[{"embeddable":true,"href":"https:\/\/www.migliormenu.it\/gustabacco\/wp-json\/wp\/v2\/media\/5434"}],"wp:attachment":[{"href":"https:\/\/www.migliormenu.it\/gustabacco\/wp-json\/wp\/v2\/media?parent=5389"}],"curies":[{"name":"wp","href":"https:\/\/api.w.org\/{rel}","templated":true}]}}