{"id":5280,"date":"2023-04-14T11:04:11","date_gmt":"2023-04-14T09:04:11","guid":{"rendered":"https:\/\/www.migliormenu.it\/gustabacco\/prodotto\/import-placeholder-for-5350\/"},"modified":"2023-04-14T11:04:41","modified_gmt":"2023-04-14T09:04:41","slug":"aglianico-del-vulture-superiore-docg-serpara-2013-re-manfredi","status":"publish","type":"product","link":"https:\/\/www.migliormenu.it\/gustabacco\/prodotto\/aglianico-del-vulture-superiore-docg-serpara-2013-re-manfredi\/","title":{"rendered":"Aglianico del Vulture Superiore DOCG Serpara 2013 Re Manfredi"},"content":{"rendered":"<div class=\"w\">\n<section class=\"productPage__product-details\">\n<div class=\"productPage__description product-details\">\n<div class=\"lap-and-up__6\">\n<div class=\"toggle-block\">\n<p class=\"toggle-content\" data-toggle-content=\"product-details_perche_ci_piace\">Serpara \u00e8 il nome del vigneto pi\u00f9 importante della masseria, rappresentato dal simbolo dell&rsquo;aquila nera imperiale di Svevia il cui nome deriva da &ldquo;luogo delle serpi&rdquo;, cos\u00ec denominato per l&rsquo;eccezionale esposizione che rende il clima assai mite anche nei periodi pi\u00f9 freddi dell&rsquo;anno. L&#039;Aglianico del Vulture DOC &ldquo;Serpara&rdquo; 2010 di Re Manfredi \u00e8 un vino che nasce da un&#039;attenta selezione dei migliori grappoli delle vecchie vigne. Dopo la vendemmia, generalmente effettuata verso la fine del mese di ottobre, avviene la vinificazione e la successiva maturazione in barrique francesi di Allier, botti che grazie alle loro naturali caratteristiche riescono a domare la potenza dell&#039;aglianico rendendolo caldo e vellutato, di grande struttura e finezza.<\/p>\n<\/div>\n<\/div>\n<\/div>\n<\/section>\n<\/div>\n<section class=\"productSlider\">\n<div class=\"sectionHeader\">&nbsp;<\/div>\n<\/section>\n","protected":false},"excerpt":{"rendered":"<ul class=\"productPage__attributes\" id=\"product-attribute-specs-table\">\n<li><strong>Annata:&nbsp;<\/strong>2013<\/li>\n<li><strong>Denominazione:&nbsp;<\/strong>Aglianico del Vulture Superiore DOCG<\/li>\n<li><strong>Vitigni:&nbsp;<\/strong>aglianico<\/li>\n<li><strong>Alcol:&nbsp;<\/strong>13.5%<\/li>\n<li><strong>Formato:&nbsp;<\/strong>0.75l<\/li>\n<li><strong>Consumo ideale:&nbsp;<\/strong>2018\/2022<\/li>\n<li><strong>Temperatura di servizio:&nbsp;<\/strong>16\/18 &deg;C<\/li>\n<li><strong>Momento per degustarlo:&nbsp;<\/strong>Occasioni speciali<\/li>\n<li><strong>Tipologia:&nbsp;<\/strong>Rosso<\/li>\n<li><strong>Abbinamenti:&nbsp;<\/strong>Secondi di terra<\/li>\n<\/ul>\n","protected":false},"featured_media":5321,"comment_status":"open","ping_status":"closed","template":"","meta":[],"yoast_head":"<!-- This site is optimized with the Yoast SEO plugin v15.7 - https:\/\/yoast.com\/wordpress\/plugins\/seo\/ -->\n<title>Aglianico del Vulture Superiore DOCG Serpara 2013 Re Manfredi - Gustabacco - Menu Online<\/title>\n<meta name=\"robots\" content=\"index, follow, max-snippet:-1, max-image-preview:large, max-video-preview:-1\" \/>\n<link rel=\"canonical\" href=\"https:\/\/www.migliormenu.it\/gustabacco\/prodotto\/aglianico-del-vulture-superiore-docg-serpara-2013-re-manfredi\/\" \/>\n<meta property=\"og:locale\" content=\"it_IT\" \/>\n<meta property=\"og:type\" content=\"article\" \/>\n<meta property=\"og:title\" content=\"Aglianico del Vulture Superiore DOCG Serpara 2013 Re Manfredi - Gustabacco - Menu Online\" \/>\n<meta property=\"og:description\" content=\"Annata:&nbsp;2013 Denominazione:&nbsp;Aglianico del Vulture Superiore DOCG Vitigni:&nbsp;aglianico Alcol:&nbsp;13.5% Formato:&nbsp;0.75l Consumo ideale:&nbsp;2018\/2022 Temperatura di servizio:&nbsp;16\/18 &deg;C Momento per degustarlo:&nbsp;Occasioni speciali Tipologia:&nbsp;Rosso Abbinamenti:&nbsp;Secondi di terra\" \/>\n<meta property=\"og:url\" content=\"https:\/\/www.migliormenu.it\/gustabacco\/prodotto\/aglianico-del-vulture-superiore-docg-serpara-2013-re-manfredi\/\" \/>\n<meta property=\"og:site_name\" content=\"Gustabacco - Menu Online\" \/>\n<meta property=\"article:modified_time\" content=\"2023-04-14T09:04:41+00:00\" \/>\n<meta name=\"twitter:card\" content=\"summary_large_image\" \/>\n<meta name=\"twitter:label1\" content=\"Tempo di lettura stimato\">\n\t<meta name=\"twitter:data1\" content=\"1 minuto\">\n<script type=\"application\/ld+json\" class=\"yoast-schema-graph\">{\"@context\":\"https:\/\/schema.org\",\"@graph\":[{\"@type\":\"WebSite\",\"@id\":\"https:\/\/www.migliormenu.it\/gustabacco\/#website\",\"url\":\"https:\/\/www.migliormenu.it\/gustabacco\/\",\"name\":\"Gustabacco - Menu Online\",\"description\":\"Coffee, Food e Drink\",\"potentialAction\":[{\"@type\":\"SearchAction\",\"target\":\"https:\/\/www.migliormenu.it\/gustabacco\/?s={search_term_string}\",\"query-input\":\"required name=search_term_string\"}],\"inLanguage\":\"it-IT\"},{\"@type\":\"ImageObject\",\"@id\":\"https:\/\/www.migliormenu.it\/gustabacco\/prodotto\/aglianico-del-vulture-superiore-docg-serpara-2013-re-manfredi\/#primaryimage\",\"inLanguage\":\"it-IT\",\"url\":\"https:\/\/www.migliormenu.it\/gustabacco\/wp-content\/uploads\/2023\/04\/sarpara-aglianico-del-vulture-re-manfredi-2013.jpg\",\"width\":1180,\"height\":1180},{\"@type\":\"WebPage\",\"@id\":\"https:\/\/www.migliormenu.it\/gustabacco\/prodotto\/aglianico-del-vulture-superiore-docg-serpara-2013-re-manfredi\/#webpage\",\"url\":\"https:\/\/www.migliormenu.it\/gustabacco\/prodotto\/aglianico-del-vulture-superiore-docg-serpara-2013-re-manfredi\/\",\"name\":\"Aglianico del Vulture Superiore DOCG Serpara 2013 Re Manfredi - Gustabacco - Menu Online\",\"isPartOf\":{\"@id\":\"https:\/\/www.migliormenu.it\/gustabacco\/#website\"},\"primaryImageOfPage\":{\"@id\":\"https:\/\/www.migliormenu.it\/gustabacco\/prodotto\/aglianico-del-vulture-superiore-docg-serpara-2013-re-manfredi\/#primaryimage\"},\"datePublished\":\"2023-04-14T09:04:11+00:00\",\"dateModified\":\"2023-04-14T09:04:41+00:00\",\"inLanguage\":\"it-IT\",\"potentialAction\":[{\"@type\":\"ReadAction\",\"target\":[\"https:\/\/www.migliormenu.it\/gustabacco\/prodotto\/aglianico-del-vulture-superiore-docg-serpara-2013-re-manfredi\/\"]}]}]}<\/script>\n<!-- \/ Yoast SEO plugin. -->","_links":{"self":[{"href":"https:\/\/www.migliormenu.it\/gustabacco\/wp-json\/wp\/v2\/product\/5280"}],"collection":[{"href":"https:\/\/www.migliormenu.it\/gustabacco\/wp-json\/wp\/v2\/product"}],"about":[{"href":"https:\/\/www.migliormenu.it\/gustabacco\/wp-json\/wp\/v2\/types\/product"}],"replies":[{"embeddable":true,"href":"https:\/\/www.migliormenu.it\/gustabacco\/wp-json\/wp\/v2\/comments?post=5280"}],"wp:featuredmedia":[{"embeddable":true,"href":"https:\/\/www.migliormenu.it\/gustabacco\/wp-json\/wp\/v2\/media\/5321"}],"wp:attachment":[{"href":"https:\/\/www.migliormenu.it\/gustabacco\/wp-json\/wp\/v2\/media?parent=5280"}],"curies":[{"name":"wp","href":"https:\/\/api.w.org\/{rel}","templated":true}]}}