{"id":5185,"date":"2023-04-14T11:03:24","date_gmt":"2023-04-14T09:03:24","guid":{"rendered":"https:\/\/www.migliormenu.it\/gustabacco\/prodotto\/import-placeholder-for-4725\/"},"modified":"2023-04-14T11:03:32","modified_gmt":"2023-04-14T09:03:32","slug":"bardolino-doc-villa-fontana-2019-tommasi","status":"publish","type":"product","link":"https:\/\/www.migliormenu.it\/gustabacco\/prodotto\/bardolino-doc-villa-fontana-2019-tommasi\/","title":{"rendered":"Bardolino DOC \u201cVilla Fontana\u201d 2019 &#8211; Tommasi"},"content":{"rendered":"<h3>La Bottiglia<\/h3>\n<p>Il territoio di Castelnuovo del Garda, a pochi chilometri di distanza dal Lago, \u00e8 caratterizzato da un clima mite e temperato, perfetto per coltivare le uve di corvina, rondinella e molinara che danno vita al &ldquo;Villa Fontana&rdquo; marchiato Tommasi. Un Bardolino DOC che esprime i caratteri fruttati pi\u00f9 tradizionali della denominazione, le cui uve fermentano e affinano in acciaio per 5 mesi. Un&rsquo;etichetta beverina e semplice, ma mai banale.<\/p>\n<h3>L&#039;Azienda<\/h3>\n<p>Fondata nel 1902 da Giacomo Tommasi, l&rsquo;impresa vitivinicola Tommasi, a oltre un secolo di distanza dalla nascita e con la quarta generazione attiva in azienda, risulta essere una delle realt\u00e0 enologiche pi\u00f9 vivaci e intraprendenti d&rsquo;Italia. Con oltre un milione di bottiglie prodotte annualmente, l&rsquo;azienda propone una gamma di etichette varia e vasta, dimostrandosi tra le migliori ambasciatrici del &#8220;made in Italy&#8221; del vino nel mondo. Per quello che riguarda l&#039;espansione del gruppo aziendale all&#039;interno del territorio lucano, non \u00e8 possibile parlare di Vulture e del suo Aglianico senza citare la pi\u00f9 importante delle aziende della Basilicata, Paternoster. Acquisita nel 2016 da Tommasi, \u00e8 una cantina che in quasi 100 anni di storia ha saputo interpretare il territorio con una chiarezza e con una coerenza uniche. Situata a Barile, si estende su una superficie di circa 20 ettari vitati; nei vigneti, oltre all&#039;uva regina di questa zona, l&#039;aglianico, si coltiva anche un vitigno a bacca bianca, la falangina. I vini che ogni anno escono dalle mura aziendali sono caratterizzati da una personalit\u00e0 sorprendente, squisitamente tradizionali, eleganti e longevi come pochissimi altri. Tra questi spicca uno dei pi\u00f9 grandi vini del Sud, quel Don Anselmo che ha dimostrato tutta la potenza e l&rsquo;equilibrio dei migliori Aglianico del Vulture. Non solo per\u00f2: Paternoster pu\u00f2 vantare una linea produttiva che non lascia niente al caso, capace di valorizzare l&rsquo;aglianico in ogni sua forma, con etichette come &#8220;Synthesi&#8221; e &#8220;Giuv&#8221; che, di anno in anno, si avvicinano alle vette qualitative pi\u00f9 alte dell&#039;intera gamma realizzata. Vini di raro fascino, caldi e meravigliosamente austeri, tutti nati da un&rsquo;agricoltura biologica certificata.<\/p>\n","protected":false},"excerpt":{"rendered":"<div class=\"span6\">\n<div><strong>TIPOLOGIA&nbsp;<\/strong>Vino Rosso<\/div>\n<div><strong>VITIGNO <\/strong>corvina 60%, rondinella 30%, molinara 10%<br \/>\n<strong>DENOMINAZIONE&nbsp;<\/strong>Bardolino Doc<br \/>\n<strong>ANNATA <\/strong>2019<\/div>\n<\/div>\n<div class=\"span6\">\n<div><strong>FORMATO&nbsp;<\/strong>cl.750<br \/>\n<strong>GRADAZIONE <\/strong>12%<\/div>\n<div><strong>ABBINAMENTO<\/strong>Perfetto a tutto pasto, dove accompagna primi e secondi piatti non troppo strutturati. D\u00e0 il meglio di s\u00e9 con una buona pasta alla norma.<\/div>\n<\/div>\n","protected":false},"featured_media":5213,"comment_status":"open","ping_status":"closed","template":"","meta":[],"yoast_head":"<!-- This site is optimized with the Yoast SEO plugin v15.7 - https:\/\/yoast.com\/wordpress\/plugins\/seo\/ -->\n<title>Bardolino DOC \u201cVilla Fontana\u201d 2019 - Tommasi - Gustabacco - Menu Online<\/title>\n<meta name=\"robots\" content=\"index, follow, max-snippet:-1, max-image-preview:large, max-video-preview:-1\" \/>\n<link rel=\"canonical\" href=\"https:\/\/www.migliormenu.it\/gustabacco\/prodotto\/bardolino-doc-villa-fontana-2019-tommasi\/\" \/>\n<meta property=\"og:locale\" content=\"it_IT\" \/>\n<meta property=\"og:type\" content=\"article\" \/>\n<meta property=\"og:title\" content=\"Bardolino DOC \u201cVilla Fontana\u201d 2019 - Tommasi - Gustabacco - Menu Online\" \/>\n<meta property=\"og:description\" content=\"TIPOLOGIA&nbsp;Vino Rosso VITIGNO corvina 60%, rondinella 30%, molinara 10% DENOMINAZIONE&nbsp;Bardolino Doc ANNATA 2019  FORMATO&nbsp;cl.750 GRADAZIONE 12% ABBINAMENTOPerfetto a tutto pasto, dove accompagna primi e secondi piatti non troppo strutturati. D\u00e0 il meglio di s\u00e9 con una buona pasta alla norma.\" \/>\n<meta property=\"og:url\" content=\"https:\/\/www.migliormenu.it\/gustabacco\/prodotto\/bardolino-doc-villa-fontana-2019-tommasi\/\" \/>\n<meta property=\"og:site_name\" content=\"Gustabacco - Menu Online\" \/>\n<meta property=\"article:modified_time\" content=\"2023-04-14T09:03:32+00:00\" \/>\n<meta name=\"twitter:card\" content=\"summary_large_image\" \/>\n<meta name=\"twitter:label1\" content=\"Tempo di lettura stimato\">\n\t<meta name=\"twitter:data1\" content=\"2 minuti\">\n<script type=\"application\/ld+json\" class=\"yoast-schema-graph\">{\"@context\":\"https:\/\/schema.org\",\"@graph\":[{\"@type\":\"WebSite\",\"@id\":\"https:\/\/www.migliormenu.it\/gustabacco\/#website\",\"url\":\"https:\/\/www.migliormenu.it\/gustabacco\/\",\"name\":\"Gustabacco - Menu Online\",\"description\":\"Coffee, Food e Drink\",\"potentialAction\":[{\"@type\":\"SearchAction\",\"target\":\"https:\/\/www.migliormenu.it\/gustabacco\/?s={search_term_string}\",\"query-input\":\"required name=search_term_string\"}],\"inLanguage\":\"it-IT\"},{\"@type\":\"ImageObject\",\"@id\":\"https:\/\/www.migliormenu.it\/gustabacco\/prodotto\/bardolino-doc-villa-fontana-2019-tommasi\/#primaryimage\",\"inLanguage\":\"it-IT\",\"url\":\"https:\/\/www.migliormenu.it\/gustabacco\/wp-content\/uploads\/2023\/04\/Tommasi-Bardolino-2019.jpg\",\"width\":1180,\"height\":1180},{\"@type\":\"WebPage\",\"@id\":\"https:\/\/www.migliormenu.it\/gustabacco\/prodotto\/bardolino-doc-villa-fontana-2019-tommasi\/#webpage\",\"url\":\"https:\/\/www.migliormenu.it\/gustabacco\/prodotto\/bardolino-doc-villa-fontana-2019-tommasi\/\",\"name\":\"Bardolino DOC \\u201cVilla Fontana\\u201d 2019 - Tommasi - Gustabacco - Menu Online\",\"isPartOf\":{\"@id\":\"https:\/\/www.migliormenu.it\/gustabacco\/#website\"},\"primaryImageOfPage\":{\"@id\":\"https:\/\/www.migliormenu.it\/gustabacco\/prodotto\/bardolino-doc-villa-fontana-2019-tommasi\/#primaryimage\"},\"datePublished\":\"2023-04-14T09:03:24+00:00\",\"dateModified\":\"2023-04-14T09:03:32+00:00\",\"inLanguage\":\"it-IT\",\"potentialAction\":[{\"@type\":\"ReadAction\",\"target\":[\"https:\/\/www.migliormenu.it\/gustabacco\/prodotto\/bardolino-doc-villa-fontana-2019-tommasi\/\"]}]}]}<\/script>\n<!-- \/ Yoast SEO plugin. -->","_links":{"self":[{"href":"https:\/\/www.migliormenu.it\/gustabacco\/wp-json\/wp\/v2\/product\/5185"}],"collection":[{"href":"https:\/\/www.migliormenu.it\/gustabacco\/wp-json\/wp\/v2\/product"}],"about":[{"href":"https:\/\/www.migliormenu.it\/gustabacco\/wp-json\/wp\/v2\/types\/product"}],"replies":[{"embeddable":true,"href":"https:\/\/www.migliormenu.it\/gustabacco\/wp-json\/wp\/v2\/comments?post=5185"}],"wp:featuredmedia":[{"embeddable":true,"href":"https:\/\/www.migliormenu.it\/gustabacco\/wp-json\/wp\/v2\/media\/5213"}],"wp:attachment":[{"href":"https:\/\/www.migliormenu.it\/gustabacco\/wp-json\/wp\/v2\/media?parent=5185"}],"curies":[{"name":"wp","href":"https:\/\/api.w.org\/{rel}","templated":true}]}}