{"id":5184,"date":"2023-04-14T11:03:23","date_gmt":"2023-04-14T09:03:23","guid":{"rendered":"https:\/\/www.migliormenu.it\/gustabacco\/prodotto\/import-placeholder-for-4723\/"},"modified":"2023-04-14T11:03:31","modified_gmt":"2023-04-14T09:03:31","slug":"aglianico-del-vulture-doc-giuv-2016-paternoster","status":"publish","type":"product","link":"https:\/\/www.migliormenu.it\/gustabacco\/prodotto\/aglianico-del-vulture-doc-giuv-2016-paternoster\/","title":{"rendered":"Aglianico del Vulture DOC \u201cGiuv\u201d 2016 &#8211; Paternoster"},"content":{"rendered":"<h3>La Bottiglia<\/h3>\n<p>Il nome &ldquo;Giuv&rdquo; deriva dall&rsquo;abbreviazione del soprannome della famiglia Paternoster, un appellativo che \u00e8 stato riservato all&rsquo;ultimo nato in cantina. Un rosso certificato come vino biologico, vinificato in tini di rovere da 50 ettolitri e successivamente lasciato maturare in barrique di rovere francese per circa 12 mesi, periodo a cui segue un ulteriore affinamento in bottiglia di 6 mesi. Un Aglianico del Vulture DOC dinamico, equilibrato e armonico, perfetto per accompagnare una bella cena tra amici.<\/p>\n<h3>L&#039;Azienda<\/h3>\n<p>Fondata nel 1902 da Giacomo Tommasi, l&rsquo;impresa vitivinicola Tommasi, a oltre un secolo di distanza dalla nascita e con la quarta generazione attiva in azienda, risulta essere una delle realt\u00e0 enologiche pi\u00f9 vivaci e intraprendenti d&rsquo;Italia. Con oltre un milione di bottiglie prodotte annualmente, l&rsquo;azienda propone una gamma di etichette varia e vasta, dimostrandosi tra le migliori ambasciatrici del &#8220;made in Italy&#8221; del vino nel mondo. Per quello che riguarda l&#039;espansione del gruppo aziendale all&#039;interno del territorio lucano, non \u00e8 possibile parlare di Vulture e del suo Aglianico senza citare la pi\u00f9 importante delle aziende della Basilicata, Paternoster. Acquisita nel 2016 da Tommasi, \u00e8 una cantina che in quasi 100 anni di storia ha saputo interpretare il territorio con una chiarezza e con una coerenza uniche. Situata a Barile, si estende su una superficie di circa 20 ettari vitati; nei vigneti, oltre all&#039;uva regina di questa zona, l&#039;aglianico, si coltiva anche un vitigno a bacca bianca, la falangina. I vini che ogni anno escono dalle mura aziendali sono caratterizzati da una personalit\u00e0 sorprendente, squisitamente tradizionali, eleganti e longevi come pochissimi altri. Tra questi spicca uno dei pi\u00f9 grandi vini del Sud, quel Don Anselmo che ha dimostrato tutta la potenza e l&rsquo;equilibrio dei migliori Aglianico del Vulture. Non solo per\u00f2: Paternoster pu\u00f2 vantare una linea produttiva che non lascia niente al caso, capace di valorizzare l&rsquo;aglianico in ogni sua forma, con etichette come &#8220;Synthesi&#8221; e &#8220;Giuv&#8221; che, di anno in anno, si avvicinano alle vette qualitative pi\u00f9 alte dell&#039;intera gamma realizzata. Vini di raro fascino, caldi e meravigliosamente austeri, tutti nati da un&rsquo;agricoltura biologica certificata.<\/p>\n","protected":false},"excerpt":{"rendered":"<div class=\"span6\">\n<div><strong>TIPOLOGIA&nbsp;<\/strong>Vino Rosso<\/div>\n<div><strong>VITIGNO <\/strong>Aglianico<br \/>\n<strong>DENOMINAZIONE&nbsp;<\/strong>Aglianico del Vulture doc<br \/>\n<strong>ANNATA <\/strong>2016<\/div>\n<\/div>\n<div class=\"span6\">\n<div><strong>FORMATO&nbsp;<\/strong>cl.750<br \/>\n<strong>GRADAZIONE <\/strong>12%<\/div>\n<div><strong>ABBINAMENTO <\/strong>A tutto pasto, si abbina a insaccati, formaggi, paste al rag\u00f9, carni alla griglia.<\/div>\n<\/div>\n","protected":false},"featured_media":5212,"comment_status":"open","ping_status":"closed","template":"","meta":[],"yoast_head":"<!-- This site is optimized with the Yoast SEO plugin v15.7 - https:\/\/yoast.com\/wordpress\/plugins\/seo\/ -->\n<title>Aglianico del Vulture DOC \u201cGiuv\u201d 2016 - Paternoster - Gustabacco - Menu Online<\/title>\n<meta name=\"robots\" content=\"index, follow, max-snippet:-1, max-image-preview:large, max-video-preview:-1\" \/>\n<link rel=\"canonical\" href=\"https:\/\/www.migliormenu.it\/gustabacco\/prodotto\/aglianico-del-vulture-doc-giuv-2016-paternoster\/\" \/>\n<meta property=\"og:locale\" content=\"it_IT\" \/>\n<meta property=\"og:type\" content=\"article\" \/>\n<meta property=\"og:title\" content=\"Aglianico del Vulture DOC \u201cGiuv\u201d 2016 - Paternoster - Gustabacco - Menu Online\" \/>\n<meta property=\"og:description\" content=\"TIPOLOGIA&nbsp;Vino Rosso VITIGNO Aglianico DENOMINAZIONE&nbsp;Aglianico del Vulture doc ANNATA 2016  FORMATO&nbsp;cl.750 GRADAZIONE 12% ABBINAMENTO A tutto pasto, si abbina a insaccati, formaggi, paste al rag\u00f9, carni alla griglia.\" \/>\n<meta property=\"og:url\" content=\"https:\/\/www.migliormenu.it\/gustabacco\/prodotto\/aglianico-del-vulture-doc-giuv-2016-paternoster\/\" \/>\n<meta property=\"og:site_name\" content=\"Gustabacco - Menu Online\" \/>\n<meta property=\"article:modified_time\" content=\"2023-04-14T09:03:31+00:00\" \/>\n<meta name=\"twitter:card\" content=\"summary_large_image\" \/>\n<meta name=\"twitter:label1\" content=\"Tempo di lettura stimato\">\n\t<meta name=\"twitter:data1\" content=\"2 minuti\">\n<script type=\"application\/ld+json\" class=\"yoast-schema-graph\">{\"@context\":\"https:\/\/schema.org\",\"@graph\":[{\"@type\":\"WebSite\",\"@id\":\"https:\/\/www.migliormenu.it\/gustabacco\/#website\",\"url\":\"https:\/\/www.migliormenu.it\/gustabacco\/\",\"name\":\"Gustabacco - Menu Online\",\"description\":\"Coffee, Food e Drink\",\"potentialAction\":[{\"@type\":\"SearchAction\",\"target\":\"https:\/\/www.migliormenu.it\/gustabacco\/?s={search_term_string}\",\"query-input\":\"required name=search_term_string\"}],\"inLanguage\":\"it-IT\"},{\"@type\":\"ImageObject\",\"@id\":\"https:\/\/www.migliormenu.it\/gustabacco\/prodotto\/aglianico-del-vulture-doc-giuv-2016-paternoster\/#primaryimage\",\"inLanguage\":\"it-IT\",\"url\":\"https:\/\/www.migliormenu.it\/gustabacco\/wp-content\/uploads\/2023\/04\/Paterno-Giuv-2016.jpg\",\"width\":1180,\"height\":1180},{\"@type\":\"WebPage\",\"@id\":\"https:\/\/www.migliormenu.it\/gustabacco\/prodotto\/aglianico-del-vulture-doc-giuv-2016-paternoster\/#webpage\",\"url\":\"https:\/\/www.migliormenu.it\/gustabacco\/prodotto\/aglianico-del-vulture-doc-giuv-2016-paternoster\/\",\"name\":\"Aglianico del Vulture DOC \\u201cGiuv\\u201d 2016 - Paternoster - Gustabacco - Menu Online\",\"isPartOf\":{\"@id\":\"https:\/\/www.migliormenu.it\/gustabacco\/#website\"},\"primaryImageOfPage\":{\"@id\":\"https:\/\/www.migliormenu.it\/gustabacco\/prodotto\/aglianico-del-vulture-doc-giuv-2016-paternoster\/#primaryimage\"},\"datePublished\":\"2023-04-14T09:03:23+00:00\",\"dateModified\":\"2023-04-14T09:03:31+00:00\",\"inLanguage\":\"it-IT\",\"potentialAction\":[{\"@type\":\"ReadAction\",\"target\":[\"https:\/\/www.migliormenu.it\/gustabacco\/prodotto\/aglianico-del-vulture-doc-giuv-2016-paternoster\/\"]}]}]}<\/script>\n<!-- \/ Yoast SEO plugin. -->","_links":{"self":[{"href":"https:\/\/www.migliormenu.it\/gustabacco\/wp-json\/wp\/v2\/product\/5184"}],"collection":[{"href":"https:\/\/www.migliormenu.it\/gustabacco\/wp-json\/wp\/v2\/product"}],"about":[{"href":"https:\/\/www.migliormenu.it\/gustabacco\/wp-json\/wp\/v2\/types\/product"}],"replies":[{"embeddable":true,"href":"https:\/\/www.migliormenu.it\/gustabacco\/wp-json\/wp\/v2\/comments?post=5184"}],"wp:featuredmedia":[{"embeddable":true,"href":"https:\/\/www.migliormenu.it\/gustabacco\/wp-json\/wp\/v2\/media\/5212"}],"wp:attachment":[{"href":"https:\/\/www.migliormenu.it\/gustabacco\/wp-json\/wp\/v2\/media?parent=5184"}],"curies":[{"name":"wp","href":"https:\/\/api.w.org\/{rel}","templated":true}]}}