{"id":5030,"date":"2023-04-14T11:01:52","date_gmt":"2023-04-14T09:01:52","guid":{"rendered":"https:\/\/www.migliormenu.it\/gustabacco\/prodotto\/import-placeholder-for-4010\/"},"modified":"2023-04-14T11:02:19","modified_gmt":"2023-04-14T09:02:19","slug":"valle-de-colchagua-do-cabernet-sauvignon-los-vascos-2020-domaines-barons-de-rothschild","status":"publish","type":"product","link":"https:\/\/www.migliormenu.it\/gustabacco\/prodotto\/valle-de-colchagua-do-cabernet-sauvignon-los-vascos-2020-domaines-barons-de-rothschild\/","title":{"rendered":"Valle de Colchagua DO Cabernet Sauvignon Los Vascos 2020 Domaines Barons de Rothschild"},"content":{"rendered":"<h1>NOTE DI DEGUSTAZIONE<\/h1>\n<p>Rosso rubino intenso. Oltre alle tipiche e varietali note erbacee, per altro fini ed eleganti, al naso arrivano sentori di prugne, ciliegie e piccoli frutti rossi, seguiti da sfumature vanigliate. \u00c8 elegante anche all&rsquo;assaggio, pulito, equilibrato e persistente.<\/p>\n<h1>DESCRIZIONE<\/h1>\n<p>Il Cile Colchagua Cabernet Sauvignon &#8211; Los Vascos \u00e8 un classico tra la produzione vinicola della famosa tenuta cilena. \u00c8 il vino che ha reso famosa l&rsquo;azienda, e si caratterizza per una grande ricchezza di frutto, per aromi freschi e per una struttura morbida e carnosa. Pensato per essere goduto da giovane, \u00e8 piacevolmente speziato.<\/p>\n<h1>PRODUZIONE<\/h1>\n<h4>LOS VASCOS<\/h4>\n<p>La tradizione vinicola della famiglia Rothschild risale alla seconda met\u00e0 del XIX secolo, e al 1868 con esattezza, anno in cui James de Rothschild acquist\u00f2 il famoso Ch\u00e2teau Lafite. Fu per\u00f2 nel 1973 che, dopo pi\u00f9 di un secolo di storia familiare connessa al mondo del vino, il pronipote di James, il barone Edmond de Rothschild, rafforz\u00f2 le propriet\u00e0 aziendali, acquisendo due &ldquo;Crus Bourgeois&rdquo; a Listrac e a Moulis en M\u00e9doc: Ch\u00e2teau Clarke e Ch\u00e2teau Malmaison.<br \/>\nDa allora l&rsquo;ascesa non si \u00e8 pi\u00f9 fermata: restaurando con rigore tutte le strutture e gli edifici, e dando il via a sistematici reimpianti, venne fondata la &ldquo;Compagnie Vinicole Baron Edmond de Rothschild&rdquo; la quale, pur mantenendo una dimensione familiare, ha aperto a modernizzazioni e innovazioni varcando anche i confini francesi, per approdare in Sud Africa, nelle Ande argentine e in Cile.<br \/>\nE proprio in Cile, nel 1750, la famiglia Echenique scelse di emigrare, abbandonando i Paesi Baschi. Fin da subito, nei pressi della cittadina di Peralillo, nella provincia di Colchagua, gli Echenique iniziarono ad allevare vigneti, e a partire dal 1877 anche a esportare in Europa i propri vini. Nel 1988, l&rsquo;azienda vinicola degli Echenique fu acquistata dalla famiglia Rothschild-Lafite, che rinomin\u00f2 la tenuta &ldquo;Los Vascos&rdquo;, in onore dei fondatori baschi, accorpando nello stesso tempo la tenuta ai Domaines Barons de Rothschild-Lafite. I Rothschild-Lafite scelsero di acquistare l&rsquo;azienda cilena, con oltre duemila ettari di cui cinquecento vitati, per motivi ben precisi.<br \/>\nA 130 metri di altitudine e a soli quaranta chilometri dall&rsquo;oceano pacifico, con terreni secchi e calcarei, particolarmente adatti alla coltivazione delle variet\u00e0 bordolesi, e con un sicuro approvvigionamento idrico in caso di fabbisogno, la tenuta &ldquo;Los Vascos&rdquo; riunisce in s\u00e9 tutti i migliori pregi del terroir cileno, il quale, impreziosito dal know-how della vinificazione europea, \u00e8 in grado di garantire oggi la produzione di vini esclusivi e pregiati. Dal Cabernet Sauvignon al Sauvignon Blanc, dallo Chardonnay al &ldquo;Grande Reserve&rdquo;, vini semplicemente eccellenti.<\/p>\n","protected":false},"excerpt":{"rendered":"<table border=\"0\" cellpadding=\"0\" cellspacing=\"0\" style=\"width:680px\" width=\"680\">\n<tbody>\n<tr>\n<td style=\"width:151px;height:22px\">\n<p><strong>NOME COMPLETO<\/strong><\/p>\n<\/td>\n<td style=\"width:530px;height:22px\">\n<p>Valle de Colchagua DO Cabernet Sauvignon Los Vascos 2020 Domaines Barons de Rothschild<\/p>\n<\/td>\n<\/tr>\n<tr>\n<td style=\"width:151px;height:22px\">\n<p><strong>DENOMINAZIONE<\/strong><\/p>\n<\/td>\n<td style=\"width:530px;height:22px\">\n<p>Valle de Colchagua<\/p>\n<\/td>\n<\/tr>\n<tr>\n<td style=\"width:151px;height:22px\">\n<p><strong>ANNATA<\/strong><\/p>\n<\/td>\n<td style=\"width:530px;height:22px\">\n<p>2020<\/p>\n<\/td>\n<\/tr>\n<tr>\n<td style=\"width:151px;height:22px\">\n<p><strong>TIPOLOGIA<\/strong><\/p>\n<\/td>\n<td style=\"width:530px;height:22px\">\n<p>Rosso Secco<\/p>\n<\/td>\n<\/tr>\n<tr>\n<td style=\"width:151px;height:22px\">\n<p><strong>PAESE<\/strong><\/p>\n<\/td>\n<td style=\"width:530px;height:22px\">\n<p>Cile<\/p>\n<\/td>\n<\/tr>\n<tr>\n<td style=\"width:151px;height:22px\">\n<p><strong>REGIONE<\/strong><\/p>\n<\/td>\n<td style=\"width:530px;height:22px\">\n<p>Valle de Colchagua<\/p>\n<\/td>\n<\/tr>\n<tr>\n<td style=\"width:151px;height:22px\">\n<p><strong>VITIGNO<\/strong><\/p>\n<\/td>\n<td style=\"width:530px;height:22px\">\n<p>Cabernet Sauvignon 100%<\/p>\n<\/td>\n<\/tr>\n<tr>\n<td style=\"width:151px;height:22px\">\n<p><strong>FORMATO<\/strong><\/p>\n<\/td>\n<td style=\"width:530px;height:22px\">\n<p>0,75 L<\/p>\n<\/td>\n<\/tr>\n<tr>\n<td style=\"width:151px;height:22px\">\n<p><strong>AROMI<\/strong><\/p>\n<\/td>\n<td style=\"width:530px;height:22px\">\n<p>Ciliegia, prugna, frutti rossi, vaniglia<\/p>\n<\/td>\n<\/tr>\n<tr>\n<td style=\"width:151px;height:22px\">\n<p><strong>ABBINAMENTO<\/strong><\/p>\n<\/td>\n<td style=\"width:530px;height:22px\">\n<p>Carni rosse, pollame nobile<\/p>\n<\/td>\n<\/tr>\n<tr>\n<td style=\"width:151px;height:22px\">\n<p><strong>GRADO ALCOLICO<\/strong><\/p>\n<\/td>\n<td style=\"width:530px;height:22px\">\n<p>14<\/p>\n<\/td>\n<\/tr>\n<tr>\n<td style=\"width:151px;height:22px\">\n<p><strong>TEMPERATURA<\/strong><\/p>\n<\/td>\n<td style=\"width:530px;height:22px\">\n<p>16 &ndash; 18&deg;C<\/p>\n<\/td>\n<\/tr>\n<tr>\n<td style=\"width:151px;height:22px\">\n<p><strong>SOLFITI<\/strong><\/p>\n<\/td>\n<td style=\"width:530px;height:22px\">\n<p>Contiene solfiti<\/p>\n<\/td>\n<\/tr>\n<\/tbody>\n<\/table>\n","protected":false},"featured_media":5073,"comment_status":"open","ping_status":"closed","template":"","meta":[],"yoast_head":"<!-- This site is optimized with the Yoast SEO plugin v15.7 - https:\/\/yoast.com\/wordpress\/plugins\/seo\/ -->\n<title>Valle de Colchagua DO Cabernet Sauvignon Los Vascos 2020 Domaines Barons de Rothschild - Gustabacco - Menu Online<\/title>\n<meta name=\"robots\" content=\"index, follow, max-snippet:-1, max-image-preview:large, max-video-preview:-1\" \/>\n<link rel=\"canonical\" href=\"https:\/\/www.migliormenu.it\/gustabacco\/prodotto\/valle-de-colchagua-do-cabernet-sauvignon-los-vascos-2020-domaines-barons-de-rothschild\/\" \/>\n<meta property=\"og:locale\" content=\"it_IT\" \/>\n<meta property=\"og:type\" content=\"article\" \/>\n<meta property=\"og:title\" content=\"Valle de Colchagua DO Cabernet Sauvignon Los Vascos 2020 Domaines Barons de Rothschild - Gustabacco - Menu Online\" \/>\n<meta property=\"og:description\" content=\"NOME COMPLETO      Valle de Colchagua DO Cabernet Sauvignon Los Vascos 2020 Domaines Barons de Rothschild         DENOMINAZIONE      Valle de Colchagua         ANNATA      2020         TIPOLOGIA      Rosso Secco         PAESE      Cile         REGIONE      Valle de Colchagua         VITIGNO      Cabernet Sauvignon 100%         FORMATO      0,75 L         AROMI      Ciliegia, prugna, frutti rossi, vaniglia         ABBINAMENTO      Carni rosse, pollame nobile         GRADO ALCOLICO      14         TEMPERATURA      16 &ndash; 18&deg;C         SOLFITI      Contiene solfiti\" \/>\n<meta property=\"og:url\" content=\"https:\/\/www.migliormenu.it\/gustabacco\/prodotto\/valle-de-colchagua-do-cabernet-sauvignon-los-vascos-2020-domaines-barons-de-rothschild\/\" \/>\n<meta property=\"og:site_name\" content=\"Gustabacco - Menu Online\" \/>\n<meta property=\"article:modified_time\" content=\"2023-04-14T09:02:19+00:00\" \/>\n<meta name=\"twitter:card\" content=\"summary_large_image\" \/>\n<meta name=\"twitter:label1\" content=\"Tempo di lettura stimato\">\n\t<meta name=\"twitter:data1\" content=\"2 minuti\">\n<script type=\"application\/ld+json\" class=\"yoast-schema-graph\">{\"@context\":\"https:\/\/schema.org\",\"@graph\":[{\"@type\":\"WebSite\",\"@id\":\"https:\/\/www.migliormenu.it\/gustabacco\/#website\",\"url\":\"https:\/\/www.migliormenu.it\/gustabacco\/\",\"name\":\"Gustabacco - Menu Online\",\"description\":\"Coffee, Food e Drink\",\"potentialAction\":[{\"@type\":\"SearchAction\",\"target\":\"https:\/\/www.migliormenu.it\/gustabacco\/?s={search_term_string}\",\"query-input\":\"required name=search_term_string\"}],\"inLanguage\":\"it-IT\"},{\"@type\":\"ImageObject\",\"@id\":\"https:\/\/www.migliormenu.it\/gustabacco\/prodotto\/valle-de-colchagua-do-cabernet-sauvignon-los-vascos-2020-domaines-barons-de-rothschild\/#primaryimage\",\"inLanguage\":\"it-IT\",\"url\":\"https:\/\/www.migliormenu.it\/gustabacco\/wp-content\/uploads\/2023\/04\/2754.jpg\",\"width\":1180,\"height\":1180},{\"@type\":\"WebPage\",\"@id\":\"https:\/\/www.migliormenu.it\/gustabacco\/prodotto\/valle-de-colchagua-do-cabernet-sauvignon-los-vascos-2020-domaines-barons-de-rothschild\/#webpage\",\"url\":\"https:\/\/www.migliormenu.it\/gustabacco\/prodotto\/valle-de-colchagua-do-cabernet-sauvignon-los-vascos-2020-domaines-barons-de-rothschild\/\",\"name\":\"Valle de Colchagua DO Cabernet Sauvignon Los Vascos 2020 Domaines Barons de Rothschild - Gustabacco - Menu Online\",\"isPartOf\":{\"@id\":\"https:\/\/www.migliormenu.it\/gustabacco\/#website\"},\"primaryImageOfPage\":{\"@id\":\"https:\/\/www.migliormenu.it\/gustabacco\/prodotto\/valle-de-colchagua-do-cabernet-sauvignon-los-vascos-2020-domaines-barons-de-rothschild\/#primaryimage\"},\"datePublished\":\"2023-04-14T09:01:52+00:00\",\"dateModified\":\"2023-04-14T09:02:19+00:00\",\"inLanguage\":\"it-IT\",\"potentialAction\":[{\"@type\":\"ReadAction\",\"target\":[\"https:\/\/www.migliormenu.it\/gustabacco\/prodotto\/valle-de-colchagua-do-cabernet-sauvignon-los-vascos-2020-domaines-barons-de-rothschild\/\"]}]}]}<\/script>\n<!-- \/ Yoast SEO plugin. -->","_links":{"self":[{"href":"https:\/\/www.migliormenu.it\/gustabacco\/wp-json\/wp\/v2\/product\/5030"}],"collection":[{"href":"https:\/\/www.migliormenu.it\/gustabacco\/wp-json\/wp\/v2\/product"}],"about":[{"href":"https:\/\/www.migliormenu.it\/gustabacco\/wp-json\/wp\/v2\/types\/product"}],"replies":[{"embeddable":true,"href":"https:\/\/www.migliormenu.it\/gustabacco\/wp-json\/wp\/v2\/comments?post=5030"}],"wp:featuredmedia":[{"embeddable":true,"href":"https:\/\/www.migliormenu.it\/gustabacco\/wp-json\/wp\/v2\/media\/5073"}],"wp:attachment":[{"href":"https:\/\/www.migliormenu.it\/gustabacco\/wp-json\/wp\/v2\/media?parent=5030"}],"curies":[{"name":"wp","href":"https:\/\/api.w.org\/{rel}","templated":true}]}}