{"id":4811,"date":"2023-04-14T11:00:19","date_gmt":"2023-04-14T09:00:19","guid":{"rendered":"https:\/\/www.migliormenu.it\/gustabacco\/prodotto\/import-placeholder-for-2568\/"},"modified":"2023-04-14T11:00:30","modified_gmt":"2023-04-14T09:00:30","slug":"otello-nero-di-lambrusco-frizzante-emilia-igt-ceci","status":"publish","type":"product","link":"https:\/\/www.migliormenu.it\/gustabacco\/prodotto\/otello-nero-di-lambrusco-frizzante-emilia-igt-ceci\/","title":{"rendered":"Otello Nero di Lambrusco Frizzante Emilia Igt Ceci"},"content":{"rendered":"<p>Otello Nero di Lambrusco \u00e8 un vino rosso considerato capolavoro delle Cantine Ceci, ha ridisegnato agli occhi del mondo le potenzialit\u00e0 di un&#039;uva e raggiunge una gradazione alcolica pari al 11%.&nbsp; Otello \u00e8 vino emiliano, con vitigni lambrusco maestri, il pi\u00f9 tradizionale vitigno della provincia di Parma. Vino caratterizzato da un intenso colore rosso rubino con evidenti riflessi violacei, al naso&nbsp;emergono tutte le note fruttate, ragole, more, lamponi. Al palato quasi dolce, sostenuto da una buona acidit\u00e0 e da un&#039;insospettabile tannicit\u00e0. Ricco e leggermente dolce&nbsp;da abbinare ai ricchi piatti della tradizione parmense su tutti, con dei grandi ravioli di zucca.<\/p>\n","protected":false},"excerpt":{"rendered":"<div class=\"span6\">\n<div><strong>TIPOLOGIA&nbsp;<\/strong>Vino Rosso<\/div>\n<div><strong>VITIGNO&nbsp;<\/strong>Lambrusco maestri<\/div>\n<div>\n<div class=\"table__row\">\n<div class=\"grid\">\n<div class=\"grid__item width-7-12 desk-8-12\">\n<div class=\"table__row__element--txt\"><strong>DENOMINAZIONE&nbsp;<a href=\"https:\/\/www.gustabacco.it\/?post_type=product&amp;p=2568\" rel=\"tag\">Cantine Ceci<\/a><\/strong><\/div>\n<div class=\"table__row__element--txt\"><strong>REGIONE <\/strong>Emilia<\/div>\n<div class=\"table__row__element--txt\"><strong>FORMATO&nbsp;<\/strong>750ml<\/div>\n<div class=\"table__row__element--txt\"><strong>GRADAZIONE <\/strong>11%<\/div>\n<\/div>\n<\/div>\n<\/div>\n<\/div>\n<\/div>\n<div class=\"span6\">\n<div><strong>ABBINAMENTO&nbsp;<\/strong>Piatti parmesi, su tutti&nbsp;ravioli di zucca<\/div>\n<\/div>\n","protected":false},"featured_media":4836,"comment_status":"open","ping_status":"closed","template":"","meta":[],"yoast_head":"<!-- This site is optimized with the Yoast SEO plugin v15.7 - https:\/\/yoast.com\/wordpress\/plugins\/seo\/ -->\n<title>Otello Nero di Lambrusco Frizzante Emilia Igt Ceci - Gustabacco - Menu Online<\/title>\n<meta name=\"robots\" content=\"index, follow, max-snippet:-1, max-image-preview:large, max-video-preview:-1\" \/>\n<link rel=\"canonical\" href=\"https:\/\/www.migliormenu.it\/gustabacco\/prodotto\/otello-nero-di-lambrusco-frizzante-emilia-igt-ceci\/\" \/>\n<meta property=\"og:locale\" content=\"it_IT\" \/>\n<meta property=\"og:type\" content=\"article\" \/>\n<meta property=\"og:title\" content=\"Otello Nero di Lambrusco Frizzante Emilia Igt Ceci - Gustabacco - Menu Online\" \/>\n<meta property=\"og:description\" content=\"TIPOLOGIA&nbsp;Vino Rosso VITIGNO&nbsp;Lambrusco maestri   DENOMINAZIONE&nbsp;Cantine Ceci REGIONE Emilia FORMATO&nbsp;750ml GRADAZIONE 11%    ABBINAMENTO&nbsp;Piatti parmesi, su tutti&nbsp;ravioli di zucca\" \/>\n<meta property=\"og:url\" content=\"https:\/\/www.migliormenu.it\/gustabacco\/prodotto\/otello-nero-di-lambrusco-frizzante-emilia-igt-ceci\/\" \/>\n<meta property=\"og:site_name\" content=\"Gustabacco - Menu Online\" \/>\n<meta property=\"article:modified_time\" content=\"2023-04-14T09:00:30+00:00\" \/>\n<meta name=\"twitter:card\" content=\"summary_large_image\" \/>\n<meta name=\"twitter:label1\" content=\"Tempo di lettura stimato\">\n\t<meta name=\"twitter:data1\" content=\"1 minuto\">\n<script type=\"application\/ld+json\" class=\"yoast-schema-graph\">{\"@context\":\"https:\/\/schema.org\",\"@graph\":[{\"@type\":\"WebSite\",\"@id\":\"https:\/\/www.migliormenu.it\/gustabacco\/#website\",\"url\":\"https:\/\/www.migliormenu.it\/gustabacco\/\",\"name\":\"Gustabacco - Menu Online\",\"description\":\"Coffee, Food e Drink\",\"potentialAction\":[{\"@type\":\"SearchAction\",\"target\":\"https:\/\/www.migliormenu.it\/gustabacco\/?s={search_term_string}\",\"query-input\":\"required name=search_term_string\"}],\"inLanguage\":\"it-IT\"},{\"@type\":\"ImageObject\",\"@id\":\"https:\/\/www.migliormenu.it\/gustabacco\/prodotto\/otello-nero-di-lambrusco-frizzante-emilia-igt-ceci\/#primaryimage\",\"inLanguage\":\"it-IT\",\"url\":\"https:\/\/www.migliormenu.it\/gustabacco\/wp-content\/uploads\/2023\/04\/Vino-Rosso-Nero-di-Lambrusco-Frizzante-Otello-Emilia-Igt-Ceci.jpg\",\"width\":1000,\"height\":1000},{\"@type\":\"WebPage\",\"@id\":\"https:\/\/www.migliormenu.it\/gustabacco\/prodotto\/otello-nero-di-lambrusco-frizzante-emilia-igt-ceci\/#webpage\",\"url\":\"https:\/\/www.migliormenu.it\/gustabacco\/prodotto\/otello-nero-di-lambrusco-frizzante-emilia-igt-ceci\/\",\"name\":\"Otello Nero di Lambrusco Frizzante Emilia Igt Ceci - Gustabacco - Menu Online\",\"isPartOf\":{\"@id\":\"https:\/\/www.migliormenu.it\/gustabacco\/#website\"},\"primaryImageOfPage\":{\"@id\":\"https:\/\/www.migliormenu.it\/gustabacco\/prodotto\/otello-nero-di-lambrusco-frizzante-emilia-igt-ceci\/#primaryimage\"},\"datePublished\":\"2023-04-14T09:00:19+00:00\",\"dateModified\":\"2023-04-14T09:00:30+00:00\",\"inLanguage\":\"it-IT\",\"potentialAction\":[{\"@type\":\"ReadAction\",\"target\":[\"https:\/\/www.migliormenu.it\/gustabacco\/prodotto\/otello-nero-di-lambrusco-frizzante-emilia-igt-ceci\/\"]}]}]}<\/script>\n<!-- \/ Yoast SEO plugin. -->","_links":{"self":[{"href":"https:\/\/www.migliormenu.it\/gustabacco\/wp-json\/wp\/v2\/product\/4811"}],"collection":[{"href":"https:\/\/www.migliormenu.it\/gustabacco\/wp-json\/wp\/v2\/product"}],"about":[{"href":"https:\/\/www.migliormenu.it\/gustabacco\/wp-json\/wp\/v2\/types\/product"}],"replies":[{"embeddable":true,"href":"https:\/\/www.migliormenu.it\/gustabacco\/wp-json\/wp\/v2\/comments?post=4811"}],"wp:featuredmedia":[{"embeddable":true,"href":"https:\/\/www.migliormenu.it\/gustabacco\/wp-json\/wp\/v2\/media\/4836"}],"wp:attachment":[{"href":"https:\/\/www.migliormenu.it\/gustabacco\/wp-json\/wp\/v2\/media?parent=4811"}],"curies":[{"name":"wp","href":"https:\/\/api.w.org\/{rel}","templated":true}]}}