{"id":4348,"date":"2023-04-12T16:35:24","date_gmt":"2023-04-12T14:35:24","guid":{"rendered":"https:\/\/www.migliormenu.it\/gustabacco\/prodotto\/import-placeholder-for-17283\/"},"modified":"2023-04-12T16:35:41","modified_gmt":"2023-04-12T14:35:41","slug":"handcrafted-gin-parma-violet-whitley-neill","status":"publish","type":"product","link":"https:\/\/www.migliormenu.it\/gustabacco\/prodotto\/handcrafted-gin-parma-violet-whitley-neill\/","title":{"rendered":"Handcrafted Gin Parma Violet Whitley Neill"},"content":{"rendered":"<p><span style=\"color:#000000\">Perfetto per essere sorseggiato &ldquo;on the rocks&rdquo; con qualche cubetto di ghiaccio, il Gin &ldquo;Parma Violet&rdquo; targato Whitley Neill \u00e8 ottimo anche usato in mixology per dare vita a cocktails e long drinks innovativi. Nato da una distillazione artigianale, che prevede la produzione di piccoli lotti, la sua peculiarit\u00e0 risiede nell&rsquo;aggiunta finale &ndash; una volta conclusasi la fase di distillazione &ndash; di un estratto alla violetta. Un&rsquo;etichetta che \u00e8 un vero e proprio inno all&rsquo;eleganza italiana, nato dalla volont\u00e0 di John di fissare in bottiglia uno dei viaggi pi\u00f9 belli vissuti con sua moglie.<\/span><\/p>\n<p><span style=\"color:#000000\"><strong>NOTE DI DEGUSTAZIONE<\/strong><br \/>\nTrasparente, scorre nel bicchiere con un profilo cristallino. Il naso si apre su note di ginepro lussureggianti, arricchite da sentori floreali di violetta e lievi nuances pi\u00f9 erbacee. Fasciante e armonioso l&rsquo;ingresso al palato, dove si afferma con un sorso tradizionale e classico, in cui si viene avvolti da un leggero gusto di violetta.<\/span><\/p>\n","protected":false},"excerpt":{"rendered":"<table border=\"1\" cellpadding=\"1\" cellspacing=\"1\" style=\"height: 500px\">\n<tbody>\n<tr>\n<td><span style=\"color:#000000\"><strong>NOME COMPLETO<\/strong><\/span><\/td>\n<td><font color=\"#000000\">Handcrafted Gin Parma Violet Whitley Neill<\/font><\/td>\n<\/tr>\n<tr>\n<td><span style=\"color:#000000\"><strong>TIPOLOGIA<\/strong><\/span><\/td>\n<td><span style=\"color:#000000\">Gin<\/span><\/td>\n<\/tr>\n<tr>\n<td><span style=\"color:#000000\"><strong>PAESE<\/strong><\/span><\/td>\n<td><font color=\"#000000\">Regno Unito<\/font><\/td>\n<\/tr>\n<tr>\n<td><span style=\"color:#000000\"><strong>FORMATO<\/strong><\/span><\/td>\n<td><span style=\"color:#000000\">70 cl<\/span><\/td>\n<\/tr>\n<tr>\n<td><span style=\"color:#000000\"><strong>VOL ALCOLICO<\/strong><\/span><\/td>\n<td><span style=\"color:#000000\">43 %<\/span><\/td>\n<\/tr>\n<\/tbody>\n<\/table>\n<p>&nbsp;<\/p>\n","protected":false},"featured_media":4373,"comment_status":"open","ping_status":"closed","template":"","meta":[],"yoast_head":"<!-- This site is optimized with the Yoast SEO plugin v15.7 - https:\/\/yoast.com\/wordpress\/plugins\/seo\/ -->\n<title>Handcrafted Gin Parma Violet Whitley Neill - Gustabacco - Menu Online<\/title>\n<meta name=\"robots\" content=\"index, follow, max-snippet:-1, max-image-preview:large, max-video-preview:-1\" \/>\n<link rel=\"canonical\" href=\"https:\/\/www.migliormenu.it\/gustabacco\/prodotto\/handcrafted-gin-parma-violet-whitley-neill\/\" \/>\n<meta property=\"og:locale\" content=\"it_IT\" \/>\n<meta property=\"og:type\" content=\"article\" \/>\n<meta property=\"og:title\" content=\"Handcrafted Gin Parma Violet Whitley Neill - Gustabacco - Menu Online\" \/>\n<meta property=\"og:description\" content=\"NOME COMPLETO  Handcrafted Gin Parma Violet Whitley Neill     TIPOLOGIA  Gin     PAESE  Regno Unito     FORMATO  70 cl     VOL ALCOLICO  43 %    &nbsp;\" \/>\n<meta property=\"og:url\" content=\"https:\/\/www.migliormenu.it\/gustabacco\/prodotto\/handcrafted-gin-parma-violet-whitley-neill\/\" \/>\n<meta property=\"og:site_name\" content=\"Gustabacco - Menu Online\" \/>\n<meta property=\"article:modified_time\" content=\"2023-04-12T14:35:41+00:00\" \/>\n<meta name=\"twitter:card\" content=\"summary_large_image\" \/>\n<meta name=\"twitter:label1\" content=\"Tempo di lettura stimato\">\n\t<meta name=\"twitter:data1\" content=\"1 minuto\">\n<script type=\"application\/ld+json\" class=\"yoast-schema-graph\">{\"@context\":\"https:\/\/schema.org\",\"@graph\":[{\"@type\":\"WebSite\",\"@id\":\"https:\/\/www.migliormenu.it\/gustabacco\/#website\",\"url\":\"https:\/\/www.migliormenu.it\/gustabacco\/\",\"name\":\"Gustabacco - Menu Online\",\"description\":\"Coffee, Food e Drink\",\"potentialAction\":[{\"@type\":\"SearchAction\",\"target\":\"https:\/\/www.migliormenu.it\/gustabacco\/?s={search_term_string}\",\"query-input\":\"required name=search_term_string\"}],\"inLanguage\":\"it-IT\"},{\"@type\":\"ImageObject\",\"@id\":\"https:\/\/www.migliormenu.it\/gustabacco\/prodotto\/handcrafted-gin-parma-violet-whitley-neill\/#primaryimage\",\"inLanguage\":\"it-IT\",\"url\":\"https:\/\/www.migliormenu.it\/gustabacco\/wp-content\/uploads\/2023\/04\/2941.jpg\",\"width\":1180,\"height\":1180},{\"@type\":\"WebPage\",\"@id\":\"https:\/\/www.migliormenu.it\/gustabacco\/prodotto\/handcrafted-gin-parma-violet-whitley-neill\/#webpage\",\"url\":\"https:\/\/www.migliormenu.it\/gustabacco\/prodotto\/handcrafted-gin-parma-violet-whitley-neill\/\",\"name\":\"Handcrafted Gin Parma Violet Whitley Neill - Gustabacco - Menu Online\",\"isPartOf\":{\"@id\":\"https:\/\/www.migliormenu.it\/gustabacco\/#website\"},\"primaryImageOfPage\":{\"@id\":\"https:\/\/www.migliormenu.it\/gustabacco\/prodotto\/handcrafted-gin-parma-violet-whitley-neill\/#primaryimage\"},\"datePublished\":\"2023-04-12T14:35:24+00:00\",\"dateModified\":\"2023-04-12T14:35:41+00:00\",\"inLanguage\":\"it-IT\",\"potentialAction\":[{\"@type\":\"ReadAction\",\"target\":[\"https:\/\/www.migliormenu.it\/gustabacco\/prodotto\/handcrafted-gin-parma-violet-whitley-neill\/\"]}]}]}<\/script>\n<!-- \/ Yoast SEO plugin. -->","_links":{"self":[{"href":"https:\/\/www.migliormenu.it\/gustabacco\/wp-json\/wp\/v2\/product\/4348"}],"collection":[{"href":"https:\/\/www.migliormenu.it\/gustabacco\/wp-json\/wp\/v2\/product"}],"about":[{"href":"https:\/\/www.migliormenu.it\/gustabacco\/wp-json\/wp\/v2\/types\/product"}],"replies":[{"embeddable":true,"href":"https:\/\/www.migliormenu.it\/gustabacco\/wp-json\/wp\/v2\/comments?post=4348"}],"wp:featuredmedia":[{"embeddable":true,"href":"https:\/\/www.migliormenu.it\/gustabacco\/wp-json\/wp\/v2\/media\/4373"}],"wp:attachment":[{"href":"https:\/\/www.migliormenu.it\/gustabacco\/wp-json\/wp\/v2\/media?parent=4348"}],"curies":[{"name":"wp","href":"https:\/\/api.w.org\/{rel}","templated":true}]}}