{"id":4092,"date":"2023-04-12T16:32:06","date_gmt":"2023-04-12T14:32:06","guid":{"rendered":"https:\/\/www.migliormenu.it\/gustabacco\/prodotto\/import-placeholder-for-16706\/"},"modified":"2023-04-12T16:32:23","modified_gmt":"2023-04-12T14:32:23","slug":"glen-grant-distillery-single-malt-scotch-whisky-2008-gordon-macphail","status":"publish","type":"product","link":"https:\/\/www.migliormenu.it\/gustabacco\/prodotto\/glen-grant-distillery-single-malt-scotch-whisky-2008-gordon-macphail\/","title":{"rendered":"Glen Grant Distillery Single Malt Scotch Whisky 2008 Gordon &amp; Macphail"},"content":{"rendered":"<p>Fondata nel 1840 dai fratelli John e James Grant, si trova a Rothes Morayshire nella regione del whisky dello Speyside. I Grant scelsero un&#039;ottima posizione per costruire la propria distilleria, infatti il torrente Glen Grant forniva sia energia che l&#039;acqua per il mash e nei campi circostanti cresceva un orzo di ottima qualit\u00e0, senza contare che nel 1858 giunse a Rothes anche la ferrovia. La Glen Grant \u00e8 tra i primi cinque pi\u00f9 venduti Single Malt al mondo e leader nel mercato Italiano.<\/p>\n<p><strong>DISTILLAZIONE:<\/strong> Glen Grant &#8211; attiva<br \/>\n<strong>COLORE:<\/strong> Ambra<br \/>\n<strong>PROFUMO:<\/strong> Aromi iniziali di cannella e melassa lasciano spazio a sentori di mele caramellate. Ciliegie nere e marmellata d&rsquo;arance conducono ad intense note di zucchero di canna.<br \/>\n<strong>SAPORE:<\/strong> Il sapore di bacche rosse si combina con quello delle mandorle tostate e del peperoncino. A seguire note di chiodi di garofano, cacao in polvere e quercia. Finale pieno con persistenti note di spezie e pompelmo.<\/p>\n","protected":false},"excerpt":{"rendered":"<table border=\"0\" cellpadding=\"0\" cellspacing=\"0\" style=\"width:680px\" width=\"680\">\n<tbody>\n<tr>\n<td style=\"width:151px;height:22px\">\n<p>NOME COMPLETO<\/p>\n<\/td>\n<td style=\"width:530px;height:22px\">\n<p>Glen Grant Distillery Single Malt Scotch Whisky 2008 Gordon &amp; Macphail<\/p>\n<\/td>\n<\/tr>\n<tr>\n<td style=\"width:151px;height:22px\">\n<p>ANNATA<\/p>\n<\/td>\n<td style=\"width:530px;height:22px\">\n<p>2008<\/p>\n<\/td>\n<\/tr>\n<tr>\n<td style=\"width:151px;height:22px\">\n<p>TIPOLOGIA<\/p>\n<\/td>\n<td style=\"width:530px;height:22px\">\n<p>Whisky<\/p>\n<\/td>\n<\/tr>\n<tr>\n<td style=\"width:151px;height:22px\">\n<p>PAESE<\/p>\n<\/td>\n<td style=\"width:530px;height:22px\">\n<p>Scozia (Regno Unito)<\/p>\n<\/td>\n<\/tr>\n<tr>\n<td style=\"width:151px;height:22px\">\n<p>REGIONE<\/p>\n<\/td>\n<td style=\"width:530px;height:22px\">\n<p>Speyside<\/p>\n<\/td>\n<\/tr>\n<tr>\n<td style=\"width:151px;height:22px\">\n<p>INVECCHIAMENTO<\/p>\n<\/td>\n<td style=\"width:530px;height:22px\">\n<p>12 anni in botti hogshead ex Sherry<\/p>\n<\/td>\n<\/tr>\n<tr>\n<td style=\"width:151px;height:22px\">\n<p>FORMATO<\/p>\n<\/td>\n<td style=\"width:530px;height:22px\">\n<p>0,7 L<\/p>\n<\/td>\n<\/tr>\n<tr>\n<td style=\"width:151px;height:22px\">\n<p>GRADO ALCOLICO<\/p>\n<\/td>\n<td style=\"width:530px;height:22px\">\n<p>57,2%<\/p>\n<\/td>\n<\/tr>\n<\/tbody>\n<\/table>\n","protected":false},"featured_media":4118,"comment_status":"open","ping_status":"closed","template":"","meta":[],"yoast_head":"<!-- This site is optimized with the Yoast SEO plugin v15.7 - https:\/\/yoast.com\/wordpress\/plugins\/seo\/ -->\n<title>Glen Grant Distillery Single Malt Scotch Whisky 2008 Gordon &amp; Macphail - Gustabacco - Menu Online<\/title>\n<meta name=\"robots\" content=\"index, follow, max-snippet:-1, max-image-preview:large, max-video-preview:-1\" \/>\n<link rel=\"canonical\" href=\"https:\/\/www.migliormenu.it\/gustabacco\/prodotto\/glen-grant-distillery-single-malt-scotch-whisky-2008-gordon-macphail\/\" \/>\n<meta property=\"og:locale\" content=\"it_IT\" \/>\n<meta property=\"og:type\" content=\"article\" \/>\n<meta property=\"og:title\" content=\"Glen Grant Distillery Single Malt Scotch Whisky 2008 Gordon &amp; Macphail - Gustabacco - Menu Online\" \/>\n<meta property=\"og:description\" content=\"NOME COMPLETO      Glen Grant Distillery Single Malt Scotch Whisky 2008 Gordon &amp; Macphail         ANNATA      2008         TIPOLOGIA      Whisky         PAESE      Scozia (Regno Unito)         REGIONE      Speyside         INVECCHIAMENTO      12 anni in botti hogshead ex Sherry         FORMATO      0,7 L         GRADO ALCOLICO      57,2%\" \/>\n<meta property=\"og:url\" content=\"https:\/\/www.migliormenu.it\/gustabacco\/prodotto\/glen-grant-distillery-single-malt-scotch-whisky-2008-gordon-macphail\/\" \/>\n<meta property=\"og:site_name\" content=\"Gustabacco - Menu Online\" \/>\n<meta property=\"article:modified_time\" content=\"2023-04-12T14:32:23+00:00\" \/>\n<meta name=\"twitter:card\" content=\"summary_large_image\" \/>\n<meta name=\"twitter:label1\" content=\"Tempo di lettura stimato\">\n\t<meta name=\"twitter:data1\" content=\"1 minuto\">\n<script type=\"application\/ld+json\" class=\"yoast-schema-graph\">{\"@context\":\"https:\/\/schema.org\",\"@graph\":[{\"@type\":\"WebSite\",\"@id\":\"https:\/\/www.migliormenu.it\/gustabacco\/#website\",\"url\":\"https:\/\/www.migliormenu.it\/gustabacco\/\",\"name\":\"Gustabacco - Menu Online\",\"description\":\"Coffee, Food e Drink\",\"potentialAction\":[{\"@type\":\"SearchAction\",\"target\":\"https:\/\/www.migliormenu.it\/gustabacco\/?s={search_term_string}\",\"query-input\":\"required name=search_term_string\"}],\"inLanguage\":\"it-IT\"},{\"@type\":\"ImageObject\",\"@id\":\"https:\/\/www.migliormenu.it\/gustabacco\/prodotto\/glen-grant-distillery-single-malt-scotch-whisky-2008-gordon-macphail\/#primaryimage\",\"inLanguage\":\"it-IT\",\"url\":\"https:\/\/www.migliormenu.it\/gustabacco\/wp-content\/uploads\/2023\/04\/2615.jpg\",\"width\":1180,\"height\":1180},{\"@type\":\"WebPage\",\"@id\":\"https:\/\/www.migliormenu.it\/gustabacco\/prodotto\/glen-grant-distillery-single-malt-scotch-whisky-2008-gordon-macphail\/#webpage\",\"url\":\"https:\/\/www.migliormenu.it\/gustabacco\/prodotto\/glen-grant-distillery-single-malt-scotch-whisky-2008-gordon-macphail\/\",\"name\":\"Glen Grant Distillery Single Malt Scotch Whisky 2008 Gordon &amp; Macphail - Gustabacco - Menu Online\",\"isPartOf\":{\"@id\":\"https:\/\/www.migliormenu.it\/gustabacco\/#website\"},\"primaryImageOfPage\":{\"@id\":\"https:\/\/www.migliormenu.it\/gustabacco\/prodotto\/glen-grant-distillery-single-malt-scotch-whisky-2008-gordon-macphail\/#primaryimage\"},\"datePublished\":\"2023-04-12T14:32:06+00:00\",\"dateModified\":\"2023-04-12T14:32:23+00:00\",\"inLanguage\":\"it-IT\",\"potentialAction\":[{\"@type\":\"ReadAction\",\"target\":[\"https:\/\/www.migliormenu.it\/gustabacco\/prodotto\/glen-grant-distillery-single-malt-scotch-whisky-2008-gordon-macphail\/\"]}]}]}<\/script>\n<!-- \/ Yoast SEO plugin. -->","_links":{"self":[{"href":"https:\/\/www.migliormenu.it\/gustabacco\/wp-json\/wp\/v2\/product\/4092"}],"collection":[{"href":"https:\/\/www.migliormenu.it\/gustabacco\/wp-json\/wp\/v2\/product"}],"about":[{"href":"https:\/\/www.migliormenu.it\/gustabacco\/wp-json\/wp\/v2\/types\/product"}],"replies":[{"embeddable":true,"href":"https:\/\/www.migliormenu.it\/gustabacco\/wp-json\/wp\/v2\/comments?post=4092"}],"wp:featuredmedia":[{"embeddable":true,"href":"https:\/\/www.migliormenu.it\/gustabacco\/wp-json\/wp\/v2\/media\/4118"}],"wp:attachment":[{"href":"https:\/\/www.migliormenu.it\/gustabacco\/wp-json\/wp\/v2\/media?parent=4092"}],"curies":[{"name":"wp","href":"https:\/\/api.w.org\/{rel}","templated":true}]}}