{"id":3466,"date":"2023-04-12T16:25:11","date_gmt":"2023-04-12T14:25:11","guid":{"rendered":"https:\/\/www.migliormenu.it\/gustabacco\/prodotto\/import-placeholder-for-11202\/"},"modified":"2023-04-12T16:25:42","modified_gmt":"2023-04-12T14:25:42","slug":"single-malt-scotch-whisky-12yo-tamdhu","status":"publish","type":"product","link":"https:\/\/www.migliormenu.it\/gustabacco\/prodotto\/single-malt-scotch-whisky-12yo-tamdhu\/","title":{"rendered":"Single Malt Scotch Whisky 12yo Tamdhu"},"content":{"rendered":"<p><span style=\"color:#000000\">Tamdhu \u00e8 una delle rare distillerie in Scozia che tuttora si occupa della trasformazione dell&#039;orzo in malto per la produzione dei propri whisky. Gli straordinari aromi sono dovuti a un leggero uso della torba e alla maturazione in botti di sherry di rovere europeo, molte delle quali di primo riempimento. Perfetto sorseggiato liscio, accompagnato da un bicchiere di acqua fresca a parte, per permettere agli aromi di liberarsi in modo completo. Bello nel design, sar\u00e0 un regalo ideale per intenditori e appassionati.<\/span><\/p>\n<p><span style=\"color:#000000\">Tamdhu, che in lingua gaelica significa piccola collina scura, nasce a fine 800 sulle rive del fiume Spey, uno dei pi\u00f9 lunghi della Scozia, dove si trovano le pi\u00f9 importanti distillerie di malto. Sin dall&rsquo;inizio ha puntato ad una altissima qualit\u00e0, producendo distillati per i pi\u00f9 prestigiosi blend di Scozia e anche un single malt, che per\u00f2 \u00e8 sempre rimasto un prodotto per pochi e selezionati intenditori. Dopo la chiusura nel 2010 la distilleria ha riaperto ed oggi, rinnovata nell&rsquo;immagine, vive un periodo molto fortunato, stimata da un crescente numero di appassionati per la qualit\u00e0 eccezionale dei suoi distillati.<\/span><\/p>\n","protected":false},"excerpt":{"rendered":"<table border=\"1\" cellpadding=\"1\" cellspacing=\"1\" style=\"height: 100px\">\n<tbody>\n<tr>\n<td><span style=\"color:#000000\"><strong>NOME COMPLETO<\/strong><\/span><\/td>\n<td><span style=\"color:#000000\">Single Malt Scotch Whisky 12yo Tamdhu<\/span><\/td>\n<\/tr>\n<tr>\n<td><span style=\"color:#000000\"><strong>TIPOLOGIA<\/strong><\/span><\/td>\n<td><span style=\"color:#000000\">Whisky<\/span><\/td>\n<\/tr>\n<tr>\n<td><span style=\"color:#000000\"><strong>PAESE<\/strong><\/span><\/td>\n<td><span style=\"color:#000000\">Scozia<\/span><\/td>\n<\/tr>\n<tr>\n<td><span style=\"color:#000000\"><strong>REGIONE<\/strong><\/span><\/td>\n<td><span style=\"color:#000000\">Speyside<\/span><\/td>\n<\/tr>\n<tr>\n<td><span style=\"color:#000000\"><strong>FORMATO<\/strong><\/span><\/td>\n<td><span style=\"color:#000000\">70 cl<\/span><\/td>\n<\/tr>\n<tr>\n<td><span style=\"color:#000000\"><strong>AFFINAMENTO<\/strong><\/span><\/td>\n<td><span style=\"color:#000000\">12 anni in botti di primo utilizzo<\/span><\/td>\n<\/tr>\n<tr>\n<td><span style=\"color:#000000\"><strong>VOL ALCOLICO<\/strong><\/span><\/td>\n<td><span style=\"color:#000000\">43 %<\/span><\/td>\n<\/tr>\n<\/tbody>\n<\/table>\n<p>&nbsp;<\/p>\n","protected":false},"featured_media":3509,"comment_status":"open","ping_status":"closed","template":"","meta":[],"yoast_head":"<!-- This site is optimized with the Yoast SEO plugin v15.7 - https:\/\/yoast.com\/wordpress\/plugins\/seo\/ -->\n<title>Single Malt Scotch Whisky 12yo Tamdhu - Gustabacco - Menu Online<\/title>\n<meta name=\"robots\" content=\"index, follow, max-snippet:-1, max-image-preview:large, max-video-preview:-1\" \/>\n<link rel=\"canonical\" href=\"https:\/\/www.migliormenu.it\/gustabacco\/prodotto\/single-malt-scotch-whisky-12yo-tamdhu\/\" \/>\n<meta property=\"og:locale\" content=\"it_IT\" \/>\n<meta property=\"og:type\" content=\"article\" \/>\n<meta property=\"og:title\" content=\"Single Malt Scotch Whisky 12yo Tamdhu - Gustabacco - Menu Online\" \/>\n<meta property=\"og:description\" content=\"NOME COMPLETO  Single Malt Scotch Whisky 12yo Tamdhu     TIPOLOGIA  Whisky     PAESE  Scozia     REGIONE  Speyside     FORMATO  70 cl     AFFINAMENTO  12 anni in botti di primo utilizzo     VOL ALCOLICO  43 %    &nbsp;\" \/>\n<meta property=\"og:url\" content=\"https:\/\/www.migliormenu.it\/gustabacco\/prodotto\/single-malt-scotch-whisky-12yo-tamdhu\/\" \/>\n<meta property=\"og:site_name\" content=\"Gustabacco - Menu Online\" \/>\n<meta property=\"article:modified_time\" content=\"2023-04-12T14:25:42+00:00\" \/>\n<meta name=\"twitter:card\" content=\"summary_large_image\" \/>\n<meta name=\"twitter:label1\" content=\"Tempo di lettura stimato\">\n\t<meta name=\"twitter:data1\" content=\"1 minuto\">\n<script type=\"application\/ld+json\" class=\"yoast-schema-graph\">{\"@context\":\"https:\/\/schema.org\",\"@graph\":[{\"@type\":\"WebSite\",\"@id\":\"https:\/\/www.migliormenu.it\/gustabacco\/#website\",\"url\":\"https:\/\/www.migliormenu.it\/gustabacco\/\",\"name\":\"Gustabacco - Menu Online\",\"description\":\"Coffee, Food e Drink\",\"potentialAction\":[{\"@type\":\"SearchAction\",\"target\":\"https:\/\/www.migliormenu.it\/gustabacco\/?s={search_term_string}\",\"query-input\":\"required name=search_term_string\"}],\"inLanguage\":\"it-IT\"},{\"@type\":\"ImageObject\",\"@id\":\"https:\/\/www.migliormenu.it\/gustabacco\/prodotto\/single-malt-scotch-whisky-12yo-tamdhu\/#primaryimage\",\"inLanguage\":\"it-IT\",\"url\":\"https:\/\/www.migliormenu.it\/gustabacco\/wp-content\/uploads\/2023\/04\/3050.jpg\",\"width\":1180,\"height\":1180},{\"@type\":\"WebPage\",\"@id\":\"https:\/\/www.migliormenu.it\/gustabacco\/prodotto\/single-malt-scotch-whisky-12yo-tamdhu\/#webpage\",\"url\":\"https:\/\/www.migliormenu.it\/gustabacco\/prodotto\/single-malt-scotch-whisky-12yo-tamdhu\/\",\"name\":\"Single Malt Scotch Whisky 12yo Tamdhu - Gustabacco - Menu Online\",\"isPartOf\":{\"@id\":\"https:\/\/www.migliormenu.it\/gustabacco\/#website\"},\"primaryImageOfPage\":{\"@id\":\"https:\/\/www.migliormenu.it\/gustabacco\/prodotto\/single-malt-scotch-whisky-12yo-tamdhu\/#primaryimage\"},\"datePublished\":\"2023-04-12T14:25:11+00:00\",\"dateModified\":\"2023-04-12T14:25:42+00:00\",\"inLanguage\":\"it-IT\",\"potentialAction\":[{\"@type\":\"ReadAction\",\"target\":[\"https:\/\/www.migliormenu.it\/gustabacco\/prodotto\/single-malt-scotch-whisky-12yo-tamdhu\/\"]}]}]}<\/script>\n<!-- \/ Yoast SEO plugin. -->","_links":{"self":[{"href":"https:\/\/www.migliormenu.it\/gustabacco\/wp-json\/wp\/v2\/product\/3466"}],"collection":[{"href":"https:\/\/www.migliormenu.it\/gustabacco\/wp-json\/wp\/v2\/product"}],"about":[{"href":"https:\/\/www.migliormenu.it\/gustabacco\/wp-json\/wp\/v2\/types\/product"}],"replies":[{"embeddable":true,"href":"https:\/\/www.migliormenu.it\/gustabacco\/wp-json\/wp\/v2\/comments?post=3466"}],"wp:featuredmedia":[{"embeddable":true,"href":"https:\/\/www.migliormenu.it\/gustabacco\/wp-json\/wp\/v2\/media\/3509"}],"wp:attachment":[{"href":"https:\/\/www.migliormenu.it\/gustabacco\/wp-json\/wp\/v2\/media?parent=3466"}],"curies":[{"name":"wp","href":"https:\/\/api.w.org\/{rel}","templated":true}]}}