{"id":3424,"date":"2023-04-12T16:24:48","date_gmt":"2023-04-12T14:24:48","guid":{"rendered":"https:\/\/www.migliormenu.it\/gustabacco\/prodotto\/import-placeholder-for-11041\/"},"modified":"2023-04-12T16:25:04","modified_gmt":"2023-04-12T14:25:04","slug":"scapegrace-classic-dry-gin-nuova-zelanda","status":"publish","type":"product","link":"https:\/\/www.migliormenu.it\/gustabacco\/prodotto\/scapegrace-classic-dry-gin-nuova-zelanda\/","title":{"rendered":"Scapegrace Classic Dry Gin Nuova Zelanda"},"content":{"rendered":"<p>Il Gin Dry &rdquo;Classic&rdquo; Scapegrace \u00e8 prodotto in Nuova Zelanda con un&rsquo;accurata selezione di botanicals che provengono da diverse regioni del mondo. \u00c8 un distillato dal&nbsp;<strong>profilo equilibrato e dal gusto morbido<\/strong>, che esprime una notevole intensit\u00e0 e complessit\u00e0 aromatica. Le materie prime di assoluto livello e una grande cura nel processo di distillazione, contribuiscono a creare un&rsquo;etichetta di ottimo livello, dedicata a chi vuole scoprire nuovi orizzonti e nuove interpretazioni di questo storico distillato.<\/p>\n<p>Il &rdquo;Classic&rdquo; Gin Dry Scapegrace nasce da un lungo lavoro di studio e preparazione. I soci della distilleria hanno lavorato per alcuni anni con il maestro Distiller John Fitzpatrick per trovare la giusta miscela di botanicals e mettere a punto le proporzioni esatte, in modo da creare uno stile e un gusto unico e del tutto speciale. La produzione ha un carattere artigianale e il Gin viene distillato in piccoli lotti, utilizzando alambicchi tradizionali Pot Still in rame che risalgono al XIX secolo. Una grande attenzione \u00e8 stata riservata alla qualit\u00e0 di tutti gli ingredienti. Il Gin \u00e8 realizzato partendo&nbsp;<strong>da botaniche internazionali<\/strong>. Oltre alle classiche e immancabili bacche di ginepro, vengono utilizzate molte altre erbe, tra le quali: scorza di limone e arancia, mandarini essiccati, semi di coriandolo, cardamomo, noce moscata, chiodi di garofano, radice di angelica, radice di liquirizia, radice di giaggiolo, cannella e corteccia di cassia. L&rsquo;acqua proviene da sorgenti cristalline e incontaminate delle montagne della Nuova Zelanda e la base alcolica \u00e8 un distillato purissimo di grano.<\/p>\n<p>Il &rdquo;Classic&rdquo; Scapegrace \u00e8 un distillato di grande purezza espressiva, con profumi eleganti e aromi intensi e originali. Si presenta nel bicchiere con un colore trasparente, limpido e cristallino. Il bouquet esprime una&nbsp;<strong>buona complessit\u00e0 e ricchezza aromatica<\/strong>, con il classico profumo di bacche di ginepro, fiori di zagara, scorza d&rsquo;agrumi, mandarino e morbide sfumature di spezie dolci. L&rsquo;ingresso al palato \u00e8 morbido, con una perfetta fusione tra frutto e spezie. Il finale \u00e8 armonioso e persistente.<\/p>\n<div class=\"prodotto__descrizione__content__attributi\">\n<p><span class=\"prodotto__descrizione__content__attributi__title\">Colore<\/span><span class=\"prodotto__descrizione__content__attributi__text\">Limpido e cristallino<\/span><\/p>\n<p><span class=\"prodotto__descrizione__content__attributi__title\">Profumo<\/span><span class=\"prodotto__descrizione__content__attributi__text\">Ricco e intenso, con sentori di ginepro, fiori, spezie dolci e tanti agrumi<\/span><\/p>\n<p><span class=\"prodotto__descrizione__content__attributi__title\">Gusto<\/span><span class=\"prodotto__descrizione__content__attributi__text\">Ampio, fresco e intenso, molto ricco e complesso ma anche morbido e ben bilanciato<\/span><\/p>\n<\/div>\n","protected":false},"excerpt":{"rendered":"<p><strong>METODO <\/strong>London Dry<\/p>\n<p><strong>GRADAZIONE <\/strong>42.2%<\/p>\n<p><strong>PROVENIENZA <\/strong>Auckland, Nuova Zelanda<\/p>\n","protected":false},"featured_media":3452,"comment_status":"open","ping_status":"closed","template":"","meta":[],"yoast_head":"<!-- This site is optimized with the Yoast SEO plugin v15.7 - https:\/\/yoast.com\/wordpress\/plugins\/seo\/ -->\n<title>Scapegrace Classic Dry Gin Nuova Zelanda - Gustabacco - Menu Online<\/title>\n<meta name=\"robots\" content=\"index, follow, max-snippet:-1, max-image-preview:large, max-video-preview:-1\" \/>\n<link rel=\"canonical\" href=\"https:\/\/www.migliormenu.it\/gustabacco\/prodotto\/scapegrace-classic-dry-gin-nuova-zelanda\/\" \/>\n<meta property=\"og:locale\" content=\"it_IT\" \/>\n<meta property=\"og:type\" content=\"article\" \/>\n<meta property=\"og:title\" content=\"Scapegrace Classic Dry Gin Nuova Zelanda - Gustabacco - Menu Online\" \/>\n<meta property=\"og:description\" content=\"METODO London Dry GRADAZIONE 42.2% PROVENIENZA Auckland, Nuova Zelanda\" \/>\n<meta property=\"og:url\" content=\"https:\/\/www.migliormenu.it\/gustabacco\/prodotto\/scapegrace-classic-dry-gin-nuova-zelanda\/\" \/>\n<meta property=\"og:site_name\" content=\"Gustabacco - Menu Online\" \/>\n<meta property=\"article:modified_time\" content=\"2023-04-12T14:25:04+00:00\" \/>\n<meta name=\"twitter:card\" content=\"summary_large_image\" \/>\n<meta name=\"twitter:label1\" content=\"Tempo di lettura stimato\">\n\t<meta name=\"twitter:data1\" content=\"2 minuti\">\n<script type=\"application\/ld+json\" class=\"yoast-schema-graph\">{\"@context\":\"https:\/\/schema.org\",\"@graph\":[{\"@type\":\"WebSite\",\"@id\":\"https:\/\/www.migliormenu.it\/gustabacco\/#website\",\"url\":\"https:\/\/www.migliormenu.it\/gustabacco\/\",\"name\":\"Gustabacco - Menu Online\",\"description\":\"Coffee, Food e Drink\",\"potentialAction\":[{\"@type\":\"SearchAction\",\"target\":\"https:\/\/www.migliormenu.it\/gustabacco\/?s={search_term_string}\",\"query-input\":\"required name=search_term_string\"}],\"inLanguage\":\"it-IT\"},{\"@type\":\"ImageObject\",\"@id\":\"https:\/\/www.migliormenu.it\/gustabacco\/prodotto\/scapegrace-classic-dry-gin-nuova-zelanda\/#primaryimage\",\"inLanguage\":\"it-IT\",\"url\":\"https:\/\/www.migliormenu.it\/gustabacco\/wp-content\/uploads\/2023\/04\/2529.jpg\",\"width\":1180,\"height\":1180},{\"@type\":\"WebPage\",\"@id\":\"https:\/\/www.migliormenu.it\/gustabacco\/prodotto\/scapegrace-classic-dry-gin-nuova-zelanda\/#webpage\",\"url\":\"https:\/\/www.migliormenu.it\/gustabacco\/prodotto\/scapegrace-classic-dry-gin-nuova-zelanda\/\",\"name\":\"Scapegrace Classic Dry Gin Nuova Zelanda - Gustabacco - Menu Online\",\"isPartOf\":{\"@id\":\"https:\/\/www.migliormenu.it\/gustabacco\/#website\"},\"primaryImageOfPage\":{\"@id\":\"https:\/\/www.migliormenu.it\/gustabacco\/prodotto\/scapegrace-classic-dry-gin-nuova-zelanda\/#primaryimage\"},\"datePublished\":\"2023-04-12T14:24:48+00:00\",\"dateModified\":\"2023-04-12T14:25:04+00:00\",\"inLanguage\":\"it-IT\",\"potentialAction\":[{\"@type\":\"ReadAction\",\"target\":[\"https:\/\/www.migliormenu.it\/gustabacco\/prodotto\/scapegrace-classic-dry-gin-nuova-zelanda\/\"]}]}]}<\/script>\n<!-- \/ Yoast SEO plugin. -->","_links":{"self":[{"href":"https:\/\/www.migliormenu.it\/gustabacco\/wp-json\/wp\/v2\/product\/3424"}],"collection":[{"href":"https:\/\/www.migliormenu.it\/gustabacco\/wp-json\/wp\/v2\/product"}],"about":[{"href":"https:\/\/www.migliormenu.it\/gustabacco\/wp-json\/wp\/v2\/types\/product"}],"replies":[{"embeddable":true,"href":"https:\/\/www.migliormenu.it\/gustabacco\/wp-json\/wp\/v2\/comments?post=3424"}],"wp:featuredmedia":[{"embeddable":true,"href":"https:\/\/www.migliormenu.it\/gustabacco\/wp-json\/wp\/v2\/media\/3452"}],"wp:attachment":[{"href":"https:\/\/www.migliormenu.it\/gustabacco\/wp-json\/wp\/v2\/media?parent=3424"}],"curies":[{"name":"wp","href":"https:\/\/api.w.org\/{rel}","templated":true}]}}