{"id":3421,"date":"2023-04-12T16:24:47","date_gmt":"2023-04-12T14:24:47","guid":{"rendered":"https:\/\/www.migliormenu.it\/gustabacco\/prodotto\/import-placeholder-for-11035\/"},"modified":"2023-04-12T16:25:01","modified_gmt":"2023-04-12T14:25:01","slug":"rhum-explorer-belize","status":"publish","type":"product","link":"https:\/\/www.migliormenu.it\/gustabacco\/prodotto\/rhum-explorer-belize\/","title":{"rendered":"Rhum Explorer Belize"},"content":{"rendered":"<p>&nbsp;<\/p>\n<p>Blend di rum tra i 2 ed i 3 anni in botti di ex-Bourbon per bilanciarne la struttura. Successivamente il finish presso Ch\u00e2teau du Breuil in botti ex-Calvados, per esaltare aromi e ammorbidire sapori legnosi portando profondit\u00e0.<\/p>\n<p>Colore ambra brillante, profumo vigoroso con note di spezie e frutta. Al palato offre sentori di frutta candita, caff\u00e8, cannella, vaniglia e banana cotta. Finale evoluto e secco.<\/p>\n<p>NOTE DEGUSTATIVE<span id=\"phContent_txtNoteDegustative\">Travellors Liquors \u00e8 specializzata nella produzione di vecchi rum scuri. Sono distillati da melassa locale fermentata e distillata in un alambicco a tripla colonna e poi invecchiati in botti di rovere carbonizzato.<\/span><\/p>\n<p>DESCRIZIONE<span id=\"phContent_txtDescrizione\">Rum Explorer \u00e8 un progetto internazionale dedito alla selezione di botti esclusive, creato da Ch\u00e2teau du Breuil, azienda di larga fama per la produzione di Calvados di altissima qualit\u00e0. Belize \u00e8 prodotto da Travallers, distilleria dell&rsquo;omonimo paese, famosa per essere un punto di riferimento per i viaggiatori che percorrono la strada per la capitale (Belize city). L&rsquo;azienda fu fondata dal Master Blender Omario Perdomo nei primi anni 50 dello scorso secolo. Produce Rum di melassa di altissima qualit\u00e0, soprattutto invecchiati.<\/span><\/p>\n<p>INVECCHIAMENTO<span id=\"phContent_txtInvecchiamento\">Blend di rum tra i 2 ed i 3 anni in botti di ex-Bourbon per bilanciarne la struttura. Successivamente il finish presso Ch\u00e2teau du Breuil in botti ex-Calvados, per esaltare aromi e ammorbidire sapori legnosi portando profondit\u00e0.<\/span><\/p>\n","protected":false},"excerpt":{"rendered":"<p><strong>Tipologia:<\/strong> <span id=\"phContent_lbTipologia\">Rhum \/ Rum \/ Ron<\/span><\/p>\n<p><strong>Capacit\u00e0:<\/strong> <span id=\"phContent_lbCapacita\">0,7 l<\/span><\/p>\n<p><strong>Nazione:<\/strong> <span id=\"phContent_lbNazione\">Francia<\/span><\/p>\n<p><strong>Gradazione<\/strong>: <span id=\"phContent_lbGradazione\">41 &deg;<\/span><\/p>\n<p><strong>Regione:<\/strong> <span id=\"phContent_lbRegione\">Calvados<\/span><\/p>\n<p><strong>Classificazione<\/strong>: <span id=\"phContent_lbClassificazione\">Rhum<\/span><\/p>\n","protected":false},"featured_media":3449,"comment_status":"open","ping_status":"closed","template":"","meta":[],"yoast_head":"<!-- This site is optimized with the Yoast SEO plugin v15.7 - https:\/\/yoast.com\/wordpress\/plugins\/seo\/ -->\n<title>Rhum Explorer Belize - Gustabacco - Menu Online<\/title>\n<meta name=\"robots\" content=\"index, follow, max-snippet:-1, max-image-preview:large, max-video-preview:-1\" \/>\n<link rel=\"canonical\" href=\"https:\/\/www.migliormenu.it\/gustabacco\/prodotto\/rhum-explorer-belize\/\" \/>\n<meta property=\"og:locale\" content=\"it_IT\" \/>\n<meta property=\"og:type\" content=\"article\" \/>\n<meta property=\"og:title\" content=\"Rhum Explorer Belize - Gustabacco - Menu Online\" \/>\n<meta property=\"og:description\" content=\"Tipologia: Rhum \/ Rum \/ Ron Capacit\u00e0: 0,7 l Nazione: Francia Gradazione: 41 &deg; Regione: Calvados Classificazione: Rhum\" \/>\n<meta property=\"og:url\" content=\"https:\/\/www.migliormenu.it\/gustabacco\/prodotto\/rhum-explorer-belize\/\" \/>\n<meta property=\"og:site_name\" content=\"Gustabacco - Menu Online\" \/>\n<meta property=\"article:modified_time\" content=\"2023-04-12T14:25:01+00:00\" \/>\n<meta name=\"twitter:card\" content=\"summary_large_image\" \/>\n<meta name=\"twitter:label1\" content=\"Tempo di lettura stimato\">\n\t<meta name=\"twitter:data1\" content=\"1 minuto\">\n<script type=\"application\/ld+json\" class=\"yoast-schema-graph\">{\"@context\":\"https:\/\/schema.org\",\"@graph\":[{\"@type\":\"WebSite\",\"@id\":\"https:\/\/www.migliormenu.it\/gustabacco\/#website\",\"url\":\"https:\/\/www.migliormenu.it\/gustabacco\/\",\"name\":\"Gustabacco - Menu Online\",\"description\":\"Coffee, Food e Drink\",\"potentialAction\":[{\"@type\":\"SearchAction\",\"target\":\"https:\/\/www.migliormenu.it\/gustabacco\/?s={search_term_string}\",\"query-input\":\"required name=search_term_string\"}],\"inLanguage\":\"it-IT\"},{\"@type\":\"ImageObject\",\"@id\":\"https:\/\/www.migliormenu.it\/gustabacco\/prodotto\/rhum-explorer-belize\/#primaryimage\",\"inLanguage\":\"it-IT\",\"url\":\"https:\/\/www.migliormenu.it\/gustabacco\/wp-content\/uploads\/2023\/04\/New-Project-8-1-1.jpg\",\"width\":1180,\"height\":1180},{\"@type\":\"WebPage\",\"@id\":\"https:\/\/www.migliormenu.it\/gustabacco\/prodotto\/rhum-explorer-belize\/#webpage\",\"url\":\"https:\/\/www.migliormenu.it\/gustabacco\/prodotto\/rhum-explorer-belize\/\",\"name\":\"Rhum Explorer Belize - Gustabacco - Menu Online\",\"isPartOf\":{\"@id\":\"https:\/\/www.migliormenu.it\/gustabacco\/#website\"},\"primaryImageOfPage\":{\"@id\":\"https:\/\/www.migliormenu.it\/gustabacco\/prodotto\/rhum-explorer-belize\/#primaryimage\"},\"datePublished\":\"2023-04-12T14:24:47+00:00\",\"dateModified\":\"2023-04-12T14:25:01+00:00\",\"inLanguage\":\"it-IT\",\"potentialAction\":[{\"@type\":\"ReadAction\",\"target\":[\"https:\/\/www.migliormenu.it\/gustabacco\/prodotto\/rhum-explorer-belize\/\"]}]}]}<\/script>\n<!-- \/ Yoast SEO plugin. -->","_links":{"self":[{"href":"https:\/\/www.migliormenu.it\/gustabacco\/wp-json\/wp\/v2\/product\/3421"}],"collection":[{"href":"https:\/\/www.migliormenu.it\/gustabacco\/wp-json\/wp\/v2\/product"}],"about":[{"href":"https:\/\/www.migliormenu.it\/gustabacco\/wp-json\/wp\/v2\/types\/product"}],"replies":[{"embeddable":true,"href":"https:\/\/www.migliormenu.it\/gustabacco\/wp-json\/wp\/v2\/comments?post=3421"}],"wp:featuredmedia":[{"embeddable":true,"href":"https:\/\/www.migliormenu.it\/gustabacco\/wp-json\/wp\/v2\/media\/3449"}],"wp:attachment":[{"href":"https:\/\/www.migliormenu.it\/gustabacco\/wp-json\/wp\/v2\/media?parent=3421"}],"curies":[{"name":"wp","href":"https:\/\/api.w.org\/{rel}","templated":true}]}}