{"id":3030,"date":"2023-04-12T16:20:22","date_gmt":"2023-04-12T14:20:22","guid":{"rendered":"https:\/\/www.migliormenu.it\/gustabacco\/prodotto\/import-placeholder-for-4956\/"},"modified":"2023-04-12T16:20:45","modified_gmt":"2023-04-12T14:20:45","slug":"calvados-pays-dauge-originel-lecompte-70cl-40","status":"publish","type":"product","link":"https:\/\/www.migliormenu.it\/gustabacco\/prodotto\/calvados-pays-dauge-originel-lecompte-70cl-40\/","title":{"rendered":"Calvados Pays d&#8217;Auge Originel Lecompte 70cl 40%"},"content":{"rendered":"<h2>LeCompte<\/h2>\n<p>La distilleria Lecompte \u00e8 una della pi\u00f9&nbsp;antiche e tradizionali maison di Calvados, fondata nel lontano 1923 dal commerciante Alexandre Lecompte. Oggi la maison consiste in una&nbsp;piccola fattoria nel cuore del Pays d&rsquo;Auge, immersa tra quei frutteti da cui nascono le migliori mele di tutta la regione. Nelle 8 cantine sotterranee riposano circa 800 piccole botti di rovere, dove riposano e maturano i Calvados.<\/p>\n<p>Lecompt\u00e8 \u00e8 un produttore artigianale, i suoi strumenti sono due alambicchi da 25 ettolitri e botti di quercia da 200-400 litri. Forte di un&rsquo;esperienza di oltre un quarto di secolo, il ma\u00eetre Richard Pr\u00e9vel lavora per conferire ad ogni distillato una personalit\u00e0 e della caratteristiche uniche, ma soprattutto l&rsquo;antico gusto della tradizione. L&rsquo;obiettivo \u00e8 semplice, anche se realizzarlo \u00e8 difficilissimo e richiede grande maestria, talento e ispirazione artistica:&nbsp;raggiungere l&rsquo;equilibrio aromatico perfetto.<\/p>\n<p>Ogni Calvados della maison Lecompte \u00e8 un piccolo capolavoro: &ldquo;il valore di un tesoro consiste nel suo segreto&rdquo; ama ripetere il maitre de chai Richard Pr\u00e9vel e, infatti, ogni bottiglia prodotta conserva questo segreto, frutto della tradizione e del talento. I Calvados di Lecompte maturano in legno da 2 anni fino a pi\u00f9 decenni. Si tratta di grandi e maestose espressioni della Normandia: imperdibili Calvados per gli appassionati e per tutti gli amanti del buon bere.<\/p>\n","protected":false},"excerpt":{"rendered":"<div class=\"prodotto__descrizione__breve formatted-content\">\n<p>Il&nbsp;Calvados&nbsp;&ldquo;Originel&rdquo; di Lecompte \u00e8 un Calvados fresco, fruttato e beverino, invecchiato per 2 anni in botte di rovere. I suoi aromi dolci e fruttati, con spiccate note di mela matura, lo rendono ideale come aperitivo o come protagonista di cocktail di classe<\/p>\n<\/div>\n<div class=\"prodotto__box-acquista\">\n<div class=\"grid prodotto__box-acquista__grid\">\n<div class=\"grid__item tab-11-12\">\n<div class=\"table__row\">\n<div class=\"grid\">\n<div class=\"grid__item width-5-12 desk-4-12\">\n<div class=\"table__row__element--name\"><strong>Prodotto da<\/strong>: <span style=\"font-size: 1rem\">Mele<\/span><\/div>\n<\/div>\n<\/div>\n<\/div>\n<div class=\"table__row\">\n<div class=\"grid\">\n<div class=\"grid__item width-5-12 desk-4-12\">\n<div class=\"table__row__element--name\"><strong>Regione<\/strong>: Normandia<span style=\"font-size: 1rem\"> (Francia)<\/span><\/div>\n<\/div>\n<\/div>\n<\/div>\n<div class=\"table__row\">\n<div class=\"grid\">\n<div class=\"grid__item width-5-12 desk-4-12\">\n<div class=\"table__row__element--name\"><strong>Gradazione<\/strong>: <span style=\"font-size: 1rem\">40.0%<\/span><\/div>\n<\/div>\n<\/div>\n<\/div>\n<div class=\"table__row\">\n<div class=\"grid\">\n<div class=\"grid__item width-5-12 desk-4-12\">\n<div class=\"table__row__element--name\"><strong>Formato<\/strong>: <span style=\"font-size: 1rem\">70 cl &ndash; senza confezione<\/span><\/div>\n<\/div>\n<\/div>\n<\/div>\n<div class=\"table__row\">\n<div class=\"grid\">\n<div class=\"grid__item width-5-12 desk-4-12\">\n<div class=\"table__row__element--name\"><strong>Affinamento<\/strong>: <span style=\"font-size: 1rem\"><span style=\"font-size: 1rem\">2 anni in botti di rovere<\/span><\/span><\/p>\n<p>&nbsp;<\/p>\n<div class=\"table__row\">\n<div class=\"grid\">\n<div class=\"grid__item width-5-12 desk-4-12\">&nbsp;<\/div>\n<\/div>\n<\/div>\n<div class=\"table__row\">\n<div class=\"grid\">\n<div class=\"grid__item width-7-12 desk-8-12\">\n<div class=\"table__row__element--txt\"><strong>Temperatura di servizio<\/strong>: 16-18&deg;C<\/div>\n<\/div>\n<\/div>\n<\/div>\n<\/div>\n<\/div>\n<\/div>\n<\/div>\n<\/div>\n<\/div>\n<\/div>\n","protected":false},"featured_media":3055,"comment_status":"open","ping_status":"closed","template":"","meta":[],"yoast_head":"<!-- This site is optimized with the Yoast SEO plugin v15.7 - https:\/\/yoast.com\/wordpress\/plugins\/seo\/ -->\n<title>Calvados Pays d&#039;Auge Originel Lecompte 70cl 40% - Gustabacco - Menu Online<\/title>\n<meta name=\"robots\" content=\"index, follow, max-snippet:-1, max-image-preview:large, max-video-preview:-1\" \/>\n<link rel=\"canonical\" href=\"https:\/\/www.migliormenu.it\/gustabacco\/prodotto\/calvados-pays-dauge-originel-lecompte-70cl-40\/\" \/>\n<meta property=\"og:locale\" content=\"it_IT\" \/>\n<meta property=\"og:type\" content=\"article\" \/>\n<meta property=\"og:title\" content=\"Calvados Pays d&#039;Auge Originel Lecompte 70cl 40% - Gustabacco - Menu Online\" \/>\n<meta property=\"og:description\" content=\"Il&nbsp;Calvados&nbsp;&ldquo;Originel&rdquo; di Lecompte \u00e8 un Calvados fresco, fruttato e beverino, invecchiato per 2 anni in botte di rovere. I suoi aromi dolci e fruttati, con spiccate note di mela matura, lo rendono ideale come aperitivo o come protagonista di cocktail di classe     Prodotto da: Mele    Regione: Normandia (Francia)    Gradazione: 40.0%    Formato: 70 cl &ndash; senza confezione    Affinamento: 2 anni in botti di rovere &nbsp;  &nbsp;    Temperatura di servizio: 16-18&deg;C\" \/>\n<meta property=\"og:url\" content=\"https:\/\/www.migliormenu.it\/gustabacco\/prodotto\/calvados-pays-dauge-originel-lecompte-70cl-40\/\" \/>\n<meta property=\"og:site_name\" content=\"Gustabacco - Menu Online\" \/>\n<meta property=\"article:modified_time\" content=\"2023-04-12T14:20:45+00:00\" \/>\n<meta name=\"twitter:card\" content=\"summary_large_image\" \/>\n<meta name=\"twitter:label1\" content=\"Tempo di lettura stimato\">\n\t<meta name=\"twitter:data1\" content=\"1 minuto\">\n<script type=\"application\/ld+json\" class=\"yoast-schema-graph\">{\"@context\":\"https:\/\/schema.org\",\"@graph\":[{\"@type\":\"WebSite\",\"@id\":\"https:\/\/www.migliormenu.it\/gustabacco\/#website\",\"url\":\"https:\/\/www.migliormenu.it\/gustabacco\/\",\"name\":\"Gustabacco - Menu Online\",\"description\":\"Coffee, Food e Drink\",\"potentialAction\":[{\"@type\":\"SearchAction\",\"target\":\"https:\/\/www.migliormenu.it\/gustabacco\/?s={search_term_string}\",\"query-input\":\"required name=search_term_string\"}],\"inLanguage\":\"it-IT\"},{\"@type\":\"ImageObject\",\"@id\":\"https:\/\/www.migliormenu.it\/gustabacco\/prodotto\/calvados-pays-dauge-originel-lecompte-70cl-40\/#primaryimage\",\"inLanguage\":\"it-IT\",\"url\":\"https:\/\/www.migliormenu.it\/gustabacco\/wp-content\/uploads\/2023\/04\/lecompte-calvados.jpg\",\"width\":1180,\"height\":1180},{\"@type\":\"WebPage\",\"@id\":\"https:\/\/www.migliormenu.it\/gustabacco\/prodotto\/calvados-pays-dauge-originel-lecompte-70cl-40\/#webpage\",\"url\":\"https:\/\/www.migliormenu.it\/gustabacco\/prodotto\/calvados-pays-dauge-originel-lecompte-70cl-40\/\",\"name\":\"Calvados Pays d'Auge Originel Lecompte 70cl 40% - Gustabacco - Menu Online\",\"isPartOf\":{\"@id\":\"https:\/\/www.migliormenu.it\/gustabacco\/#website\"},\"primaryImageOfPage\":{\"@id\":\"https:\/\/www.migliormenu.it\/gustabacco\/prodotto\/calvados-pays-dauge-originel-lecompte-70cl-40\/#primaryimage\"},\"datePublished\":\"2023-04-12T14:20:22+00:00\",\"dateModified\":\"2023-04-12T14:20:45+00:00\",\"inLanguage\":\"it-IT\",\"potentialAction\":[{\"@type\":\"ReadAction\",\"target\":[\"https:\/\/www.migliormenu.it\/gustabacco\/prodotto\/calvados-pays-dauge-originel-lecompte-70cl-40\/\"]}]}]}<\/script>\n<!-- \/ Yoast SEO plugin. -->","_links":{"self":[{"href":"https:\/\/www.migliormenu.it\/gustabacco\/wp-json\/wp\/v2\/product\/3030"}],"collection":[{"href":"https:\/\/www.migliormenu.it\/gustabacco\/wp-json\/wp\/v2\/product"}],"about":[{"href":"https:\/\/www.migliormenu.it\/gustabacco\/wp-json\/wp\/v2\/types\/product"}],"replies":[{"embeddable":true,"href":"https:\/\/www.migliormenu.it\/gustabacco\/wp-json\/wp\/v2\/comments?post=3030"}],"wp:featuredmedia":[{"embeddable":true,"href":"https:\/\/www.migliormenu.it\/gustabacco\/wp-json\/wp\/v2\/media\/3055"}],"wp:attachment":[{"href":"https:\/\/www.migliormenu.it\/gustabacco\/wp-json\/wp\/v2\/media?parent=3030"}],"curies":[{"name":"wp","href":"https:\/\/api.w.org\/{rel}","templated":true}]}}