{"id":3025,"date":"2023-04-12T16:20:21","date_gmt":"2023-04-12T14:20:21","guid":{"rendered":"https:\/\/www.migliormenu.it\/gustabacco\/prodotto\/import-placeholder-for-4884\/"},"modified":"2023-04-12T16:20:38","modified_gmt":"2023-04-12T14:20:38","slug":"grappa-barrique-poli-riserva-solera-di-famiglia-700ml-in-astuccio-di-legno","status":"publish","type":"product","link":"https:\/\/www.migliormenu.it\/gustabacco\/prodotto\/grappa-barrique-poli-riserva-solera-di-famiglia-700ml-in-astuccio-di-legno\/","title":{"rendered":"Grappa Barrique Poli &#8211; Riserva Solera di Famiglia 700ml In Astuccio di Legno"},"content":{"rendered":"<h2>La Grappa<\/h2>\n<p>La&nbsp;Grappa&nbsp;Barrique Solera di Famiglia di Jacopo Poli \u00e8 una grappa molto ricca e di grande eleganza, invecchiata con Metodo Solera per circa 13 anni in barrique. Al naso emergono profumi complessi e tostati di cacao, caff\u00e9 e vaniglia. Il sorso \u00e8 potente e vellutato, lungo e complesso<\/p>\n<h2>Poli<\/h2>\n<p>Nel cuore del Veneto, a Schiavon, vicino a Bassano del Grappa, la distilleria Jacopo Poli nata nel 1898, \u00e8 considerata la pi\u00f9 famosa distilleria, dato che il Veneto \u00e8 da secoli la regione italiana pi\u00f9 rinomata per ci\u00f2 che riguarda la produzione di acquavite di vinaccia. Il sistema di distillazione adottato dalla distilleria Jacopo Poli \u00e8 fra i pi\u00f9 antichi ancora in funzione. I distillati prodotti, tutti ottenuti da materie prime sane e freschissime, sono artigianali e contraddistinti da una ricercata eleganza. Seguendo rigorosamente e costantemente ogni fase produttiva, arrivano a vedere la luce distillati davvero in grado di accontentare tutti i palati dei pi\u00f9 esigenti amanti del genere.<br \/>\nDalle Grappe ai Distillati di frutta, fino ad arrivare ai liquori, la Jacopo Poli offre una gamma adatta per tutti i gusti, sempre mantenendo allo stesso tempo elevatissimi gli standard qualitativi che propone.<\/p>\n","protected":false},"excerpt":{"rendered":"<p>La Grappa Barrique Poli nasce da una selezione delle vinacce ottenute dai vitigni a bacca rossa tipici della zona circostante Bassano. Il processo di distillazione si sviluppa seguendo metodi rigorosamente artigianali, al termine della quale la Grappa ottenuta viene tagliata in un blend di diverse annate, secondo il tradizionale metodo di Famiglia Solera, che porta quindi ad affinamento finale di 13 anni.<\/p>\n<p><strong>Materia prima<\/strong>: vinaccia da cuv\u00e9e di vitigni rossi tipici della zona<br \/>\n<strong>Distillazione<\/strong>: artigianale, a piccoli lotti, con alambicco in rame con caldaiette a vapore a ciclo discontinuo<br \/>\n<strong>Aroma<\/strong>: legno tostato, vaniglia, cacao e caff\u00e8<br \/>\n<strong>Gusto<\/strong>: persistente, potente e armonico<br \/>\n<strong>Gradazione:<\/strong> 55%<br \/>\n<strong>Formato:<\/strong> 700ml in Astuccio di Legno<br \/>\n<strong>Servizio<\/strong>: in un bicchiere a tulipano, a 18\/20 &deg;C.<\/p>\n","protected":false},"featured_media":3046,"comment_status":"open","ping_status":"closed","template":"","meta":[],"yoast_head":"<!-- This site is optimized with the Yoast SEO plugin v15.7 - https:\/\/yoast.com\/wordpress\/plugins\/seo\/ -->\n<title>Grappa Barrique Poli - Riserva Solera di Famiglia 700ml In Astuccio di Legno - Gustabacco - Menu Online<\/title>\n<meta name=\"robots\" content=\"index, follow, max-snippet:-1, max-image-preview:large, max-video-preview:-1\" \/>\n<link rel=\"canonical\" href=\"https:\/\/www.migliormenu.it\/gustabacco\/prodotto\/grappa-barrique-poli-riserva-solera-di-famiglia-700ml-in-astuccio-di-legno\/\" \/>\n<meta property=\"og:locale\" content=\"it_IT\" \/>\n<meta property=\"og:type\" content=\"article\" \/>\n<meta property=\"og:title\" content=\"Grappa Barrique Poli - Riserva Solera di Famiglia 700ml In Astuccio di Legno - Gustabacco - Menu Online\" \/>\n<meta property=\"og:description\" content=\"La Grappa Barrique Poli nasce da una selezione delle vinacce ottenute dai vitigni a bacca rossa tipici della zona circostante Bassano. Il processo di distillazione si sviluppa seguendo metodi rigorosamente artigianali, al termine della quale la Grappa ottenuta viene tagliata in un blend di diverse annate, secondo il tradizionale metodo di Famiglia Solera, che porta quindi ad affinamento finale di 13 anni. Materia prima: vinaccia da cuv\u00e9e di vitigni rossi tipici della zona Distillazione: artigianale, a piccoli lotti, con alambicco in rame con caldaiette a vapore a ciclo discontinuo Aroma: legno tostato, vaniglia, cacao e caff\u00e8 Gusto: persistente, potente e armonico Gradazione: 55% Formato: 700ml in Astuccio di Legno Servizio: in un bicchiere a tulipano, a 18\/20 &deg;C.\" \/>\n<meta property=\"og:url\" content=\"https:\/\/www.migliormenu.it\/gustabacco\/prodotto\/grappa-barrique-poli-riserva-solera-di-famiglia-700ml-in-astuccio-di-legno\/\" \/>\n<meta property=\"og:site_name\" content=\"Gustabacco - Menu Online\" \/>\n<meta property=\"article:modified_time\" content=\"2023-04-12T14:20:38+00:00\" \/>\n<meta name=\"twitter:card\" content=\"summary_large_image\" \/>\n<meta name=\"twitter:label1\" content=\"Tempo di lettura stimato\">\n\t<meta name=\"twitter:data1\" content=\"1 minuto\">\n<script type=\"application\/ld+json\" class=\"yoast-schema-graph\">{\"@context\":\"https:\/\/schema.org\",\"@graph\":[{\"@type\":\"WebSite\",\"@id\":\"https:\/\/www.migliormenu.it\/gustabacco\/#website\",\"url\":\"https:\/\/www.migliormenu.it\/gustabacco\/\",\"name\":\"Gustabacco - Menu Online\",\"description\":\"Coffee, Food e Drink\",\"potentialAction\":[{\"@type\":\"SearchAction\",\"target\":\"https:\/\/www.migliormenu.it\/gustabacco\/?s={search_term_string}\",\"query-input\":\"required name=search_term_string\"}],\"inLanguage\":\"it-IT\"},{\"@type\":\"ImageObject\",\"@id\":\"https:\/\/www.migliormenu.it\/gustabacco\/prodotto\/grappa-barrique-poli-riserva-solera-di-famiglia-700ml-in-astuccio-di-legno\/#primaryimage\",\"inLanguage\":\"it-IT\",\"url\":\"https:\/\/www.migliormenu.it\/gustabacco\/wp-content\/uploads\/2023\/04\/Poli-Barrique-1.jpg\",\"width\":1180,\"height\":1180},{\"@type\":\"WebPage\",\"@id\":\"https:\/\/www.migliormenu.it\/gustabacco\/prodotto\/grappa-barrique-poli-riserva-solera-di-famiglia-700ml-in-astuccio-di-legno\/#webpage\",\"url\":\"https:\/\/www.migliormenu.it\/gustabacco\/prodotto\/grappa-barrique-poli-riserva-solera-di-famiglia-700ml-in-astuccio-di-legno\/\",\"name\":\"Grappa Barrique Poli - Riserva Solera di Famiglia 700ml In Astuccio di Legno - Gustabacco - Menu Online\",\"isPartOf\":{\"@id\":\"https:\/\/www.migliormenu.it\/gustabacco\/#website\"},\"primaryImageOfPage\":{\"@id\":\"https:\/\/www.migliormenu.it\/gustabacco\/prodotto\/grappa-barrique-poli-riserva-solera-di-famiglia-700ml-in-astuccio-di-legno\/#primaryimage\"},\"datePublished\":\"2023-04-12T14:20:21+00:00\",\"dateModified\":\"2023-04-12T14:20:38+00:00\",\"inLanguage\":\"it-IT\",\"potentialAction\":[{\"@type\":\"ReadAction\",\"target\":[\"https:\/\/www.migliormenu.it\/gustabacco\/prodotto\/grappa-barrique-poli-riserva-solera-di-famiglia-700ml-in-astuccio-di-legno\/\"]}]}]}<\/script>\n<!-- \/ Yoast SEO plugin. -->","_links":{"self":[{"href":"https:\/\/www.migliormenu.it\/gustabacco\/wp-json\/wp\/v2\/product\/3025"}],"collection":[{"href":"https:\/\/www.migliormenu.it\/gustabacco\/wp-json\/wp\/v2\/product"}],"about":[{"href":"https:\/\/www.migliormenu.it\/gustabacco\/wp-json\/wp\/v2\/types\/product"}],"replies":[{"embeddable":true,"href":"https:\/\/www.migliormenu.it\/gustabacco\/wp-json\/wp\/v2\/comments?post=3025"}],"wp:featuredmedia":[{"embeddable":true,"href":"https:\/\/www.migliormenu.it\/gustabacco\/wp-json\/wp\/v2\/media\/3046"}],"wp:attachment":[{"href":"https:\/\/www.migliormenu.it\/gustabacco\/wp-json\/wp\/v2\/media?parent=3025"}],"curies":[{"name":"wp","href":"https:\/\/api.w.org\/{rel}","templated":true}]}}